{"id":550,"date":"2023-02-17T14:13:31","date_gmt":"2023-02-17T13:13:31","guid":{"rendered":"https:\/\/wolt-store.com\/atf\/?page_id=550"},"modified":"2026-01-22T16:28:48","modified_gmt":"2026-01-22T15:28:48","slug":"packaging","status":"publish","type":"page","link":"https:\/\/wolt-store.com\/at\/","title":{"rendered":"Verpackungen"},"content":{"rendered":"\n<div class=\"wp-block-cover alignfull is-light has-custom-content-position is-position-bottom-left is-style-banner\"><video class=\"wp-block-cover__video-background intrinsic-ignore\" autoplay muted loop playsinline src=\"https:\/\/wolt-store.com\/content\/uploads\/sites\/44\/2023\/03\/Untitled.m4v\" style=\"object-position:65% 57%\" data-object-fit=\"cover\" data-object-position=\"65% 57%\"><\/video><span aria-hidden=\"true\" class=\"wp-block-cover__background has-background-dim-0 has-background-dim\"><\/span><div class=\"wp-block-cover__inner-container is-layout-flow wp-block-cover-is-layout-flow\">\n<h1 class=\"wp-block-heading is-style-default has-white-color has-text-color has-link-color has-xlarge-font-size wp-elements-f1b74d4cf8e5c5bb7c0225644754847d\">Mit Wolt Geld sparen bei To-Go-Verpackungen<\/h1>\n\n\n\n<div class=\"wp-block-buttons is-layout-flex wp-block-buttons-is-layout-flex\">\n<div class=\"wp-block-button\"><a class=\"wp-block-button__link has-white-color has-primary-background-color has-text-color has-background wp-element-button\" href=\"https:\/\/wolt-store.com\/at\/produkt-kategori\/packaging\/\">Alle Produkte sehen<\/a><\/div>\n\n\n\n<div class=\"wp-block-button\"><a class=\"wp-block-button__link has-white-color has-black-background-color has-text-color has-background wp-element-button\" href=\"https:\/\/wolt-store.com\/at\/my-account\/#ast-woo-register\">Konto erstellen<\/a><\/div>\n<\/div>\n<\/div><\/div>\n\n\n\n<div class=\"wp-block-uagb-container uagb-block-e1226a46 alignfull uagb-is-root-container\"><div class=\"uagb-container-inner-blocks-wrap\">\n<div class=\"wp-block-uagb-container uagb-block-944e485f\">\n<div class=\"wp-block-uagb-info-box uagb-block-cbff202b uagb-infobox__content-wrap  uagb-infobox-icon-left uagb-infobox-left uagb-infobox-stacked-tablet uagb-infobox-image-valign-middle usp\"><div class=\"uagb-ifb-image-content\"><img decoding=\"async\" src=\"https:\/\/wolt-store.com\/content\/uploads\/sites\/44\/2023\/02\/Frame-3.svg\" alt=\"\" width=\"42\" height=\"45\" loading=\"lazy\" \/><\/div><div class=\"uagb-ifb-content\"><div class=\"uagb-ifb-title-wrap\"><h3 class=\"uagb-ifb-title\">Gratis Versand<\/h3><\/div><\/div><\/div>\n<\/div>\n\n\n\n<div class=\"wp-block-uagb-container uagb-block-270e4b4c\">\n<div class=\"wp-block-uagb-info-box uagb-block-6459e0e8 uagb-infobox__content-wrap  uagb-infobox-icon-left uagb-infobox-left uagb-infobox-stacked-tablet uagb-infobox-image-valign-middle usp\"><div class=\"uagb-ifb-image-content\"><img decoding=\"async\" src=\"https:\/\/wolt-store.com\/content\/uploads\/sites\/44\/2023\/02\/affordability-icon.svg\" alt=\"\" width=\"42\" height=\"42\" loading=\"lazy\" \/><\/div><div class=\"uagb-ifb-content\"><div class=\"uagb-ifb-title-wrap\"><h3 class=\"uagb-ifb-title\">Niedrige Preise<\/h3><\/div><p class=\"uagb-ifb-desc\">Wir haben die Preise auf ein Minimum reduziert<\/p><\/div><\/div>\n<\/div>\n\n\n\n<div class=\"wp-block-uagb-container uagb-block-1b5e24b7\">\n<div class=\"wp-block-uagb-info-box uagb-block-c5b92d47 uagb-infobox__content-wrap  uagb-infobox-icon-left uagb-infobox-left uagb-infobox-stacked-tablet uagb-infobox-image-valign-middle usp\"><div class=\"uagb-ifb-image-content\"><img decoding=\"async\" src=\"https:\/\/wolt-store.com\/content\/uploads\/sites\/44\/2023\/02\/Frame-2.svg\" alt=\"\" width=\"42\" height=\"44\" loading=\"lazy\" \/><\/div><div class=\"uagb-ifb-content\"><div class=\"uagb-ifb-title-wrap\"><h3 class=\"uagb-ifb-title\">Umweltfreundlich<\/h3><\/div><p class=\"uagb-ifb-desc\">N\u00fctzlich f\u00fcr dein Essen<\/p><\/div><\/div>\n<\/div>\n\n\n\n<div class=\"wp-block-uagb-container uagb-block-6e9b5c33\">\n<div class=\"wp-block-uagb-info-box uagb-block-0b167c27 uagb-infobox__content-wrap  uagb-infobox-icon-left uagb-infobox-left uagb-infobox-stacked-tablet uagb-infobox-image-valign-middle usp\"><div class=\"uagb-ifb-image-content\"><img decoding=\"async\" src=\"https:\/\/wolt-store.com\/content\/uploads\/sites\/44\/2023\/02\/Frame.svg\" alt=\"\" width=\"42\" height=\"48\" loading=\"lazy\" \/><\/div><div class=\"uagb-ifb-content\"><div class=\"uagb-ifb-title-wrap\"><h3 class=\"uagb-ifb-title\">Hohe Qualit\u00e4t<\/h3><\/div><p class=\"uagb-ifb-desc\">Von zertifizierten Herstellern<\/p><\/div><\/div>\n<\/div>\n<\/div><\/div>\n\n\n\n<div class=\"wp-block-media-text alignwide has-media-on-the-right is-stacked-on-mobile is-style-default\" style=\"margin-top:0;margin-right:0;margin-bottom:0;margin-left:0;grid-template-columns:auto 51%\"><div class=\"wp-block-media-text__content\">\n<h2 class=\"wp-block-heading has-xlarge-font-size\">Die beste Verpackung ist nicht immer die teuerste<\/h2>\n\n\n\n<p class=\"has-lead-paragraph-font-size\">Als Partner von Wolt hast du Zugang zu einem breiten Angebot an nachhaltigen Verpackungen zu g\u00fcnstigen Preisen. Und wenn du eine Verpackung f\u00fcr mehr als \u20actbv vor \u00d6kosteuer bestellst, erh\u00e4ltst du bundesweit kostenlosen Versand.<\/p>\n\n\n\n<div class=\"wp-block-buttons is-layout-flex wp-block-buttons-is-layout-flex\">\n<div class=\"wp-block-button\"><a class=\"wp-block-button__link wp-element-button\" href=\"https:\/\/wolt-store.com\/at\/produkt-kategori\/packaging\/\">Alle Produkte sehen<\/a><\/div>\n<\/div>\n<\/div><figure class=\"wp-block-media-text__media\"><a href=\"https:\/\/wolt-store.com\/atf\/produkt-kategori\/packaging\/\"><img loading=\"lazy\" decoding=\"async\" width=\"1024\" height=\"683\" src=\"https:\/\/wolt-store.com\/content\/uploads\/sites\/44\/2023\/02\/Italian-food-set-1024x683.jpg\" alt=\"\" class=\"wp-image-629 size-full\" srcset=\"https:\/\/wolt-store.com\/content\/uploads\/sites\/44\/2023\/02\/Italian-food-set-1024x683.jpg 1024w, https:\/\/wolt-store.com\/content\/uploads\/sites\/44\/2023\/02\/Italian-food-set-300x200.jpg 300w, https:\/\/wolt-store.com\/content\/uploads\/sites\/44\/2023\/02\/Italian-food-set-768x512.jpg 768w, https:\/\/wolt-store.com\/content\/uploads\/sites\/44\/2023\/02\/Italian-food-set-1536x1024.jpg 1536w, https:\/\/wolt-store.com\/content\/uploads\/sites\/44\/2023\/02\/Italian-food-set-2048x1366.jpg 2048w, https:\/\/wolt-store.com\/content\/uploads\/sites\/44\/2023\/02\/Italian-food-set-600x400.jpg 600w, https:\/\/wolt-store.com\/content\/uploads\/sites\/44\/2023\/02\/Italian-food-set-64x43.jpg 64w\" sizes=\"auto, (max-width: 1024px) 100vw, 1024px\" \/><\/a><\/figure><\/div>\n\n\n\n<h2 class=\"wp-block-heading has-text-align-center is-style-default uag-hide-desktop uag-hide-tab uag-hide-mob\"><strong>Beliebte kategorien<\/strong><\/h2>\n\n\n\n\n\n<div style=\"height:100px\" aria-hidden=\"true\" class=\"wp-block-spacer is-style-default\"><\/div>\n\n\n\n<h2 class=\"wp-block-heading has-text-align-center\"><strong>Unsere bestseller<\/strong><\/h2>\n\n\n\n<div class=\"woocommerce maksimer-handpicked-products maksimer-product-block align has-4-columns columns-4  slider dots arrows\">\n\n\t<ul class=\"products columns-4\">\n<li class=\"desktop-align-left tablet-align-left mobile-align-left ast-product-gallery-layout-horizontal-slider ast-product-gallery-with-no-image ast-product-tabs-layout-accordion product type-product post-4596 status-publish first instock product_cat-packaging product_cat-bags has-post-thumbnail sold-individually taxable shipping-taxable purchasable product-type-simple\">\n\t<a href=\"https:\/\/wolt-store.com\/at\/term\u00e9k\/sackerl\/\" class=\"woocommerce-LoopProduct-link woocommerce-loop-product__link\"><img loading=\"lazy\" decoding=\"async\" width=\"300\" height=\"200\" src=\"https:\/\/wolt-store.com\/content\/uploads\/sites\/44\/2024\/01\/2-300x200.jpg\" class=\"attachment-woocommerce_thumbnail size-woocommerce_thumbnail\" alt=\"Wolt Papiersackerl 500 St\u00fcck\" srcset=\"https:\/\/wolt-store.com\/content\/uploads\/sites\/44\/2024\/01\/2-300x200.jpg 300w, https:\/\/wolt-store.com\/content\/uploads\/sites\/44\/2024\/01\/2-1024x683.jpg 1024w, https:\/\/wolt-store.com\/content\/uploads\/sites\/44\/2024\/01\/2-768x512.jpg 768w, https:\/\/wolt-store.com\/content\/uploads\/sites\/44\/2024\/01\/2-1536x1024.jpg 1536w, https:\/\/wolt-store.com\/content\/uploads\/sites\/44\/2024\/01\/2-2048x1365.jpg 2048w, https:\/\/wolt-store.com\/content\/uploads\/sites\/44\/2024\/01\/2-600x400.jpg 600w, https:\/\/wolt-store.com\/content\/uploads\/sites\/44\/2024\/01\/2-64x43.jpg 64w\" sizes=\"auto, (max-width: 300px) 100vw, 300px\" \/><h2 class=\"woocommerce-loop-product__title\">Wolt Papiersackerl 500 St\u00fcck<\/h2>\n\t<span class=\"price\"><span class=\"woocommerce-Price-amount amount\"><bdi>39,79&nbsp;<span class=\"woocommerce-Price-currencySymbol\">&euro;<\/span><\/bdi><\/span> <small class=\"woocommerce-price-suffix\">Ohne MwSt<\/small><\/span>\n<\/a><a href=\"\/at\/wp-json\/wp\/v2\/pages\/550?add-to-cart=4596\" aria-describedby=\"woocommerce_loop_add_to_cart_link_describedby_4596\" data-quantity=\"1\" class=\"button product_type_simple add_to_cart_button ajax_add_to_cart \" data-product_id=\"4596\" data-product_sku=\"31320170270009\" aria-label=\"In den Warenkorb legen: \u201eWolt Papiersackerl 500 St\u00fcck\u201c\" rel=\"nofollow\" data-success_message=\"\u201eWolt Papiersackerl 500 St\u00fcck\u201c wurde deinem Warenkorb hinzugef\u00fcgt\" role=\"button\">In den Warenkorb<\/a>\t<span id=\"woocommerce_loop_add_to_cart_link_describedby_4596\" class=\"screen-reader-text\">\n\t\t\t<\/span>\n<\/li>\n<\/ul>\n\n<\/div>\n\n\n\n<div class=\"wp-block-media-text alignwide is-stacked-on-mobile is-vertically-aligned-center is-style-default\" style=\"margin-top:0;margin-right:0;margin-bottom:0;margin-left:0;grid-template-columns:48% auto\"><figure class=\"wp-block-media-text__media\"><a href=\"https:\/\/wolt-store.com\/atf\/produkt-kategori\/packaging\/\"><img loading=\"lazy\" decoding=\"async\" width=\"1024\" height=\"683\" src=\"https:\/\/wolt-store.com\/content\/uploads\/sites\/44\/2023\/03\/staying-in-1N8A8817-1024x683.jpeg\" alt=\"\" class=\"wp-image-1426 size-full\" srcset=\"https:\/\/wolt-store.com\/content\/uploads\/sites\/44\/2023\/03\/staying-in-1N8A8817-1024x683.jpeg 1024w, https:\/\/wolt-store.com\/content\/uploads\/sites\/44\/2023\/03\/staying-in-1N8A8817-300x200.jpeg 300w, https:\/\/wolt-store.com\/content\/uploads\/sites\/44\/2023\/03\/staying-in-1N8A8817-768x512.jpeg 768w, https:\/\/wolt-store.com\/content\/uploads\/sites\/44\/2023\/03\/staying-in-1N8A8817-1536x1024.jpeg 1536w, https:\/\/wolt-store.com\/content\/uploads\/sites\/44\/2023\/03\/staying-in-1N8A8817-2048x1365.jpeg 2048w, https:\/\/wolt-store.com\/content\/uploads\/sites\/44\/2023\/03\/staying-in-1N8A8817-600x400.jpeg 600w, https:\/\/wolt-store.com\/content\/uploads\/sites\/44\/2023\/03\/staying-in-1N8A8817-64x43.jpeg 64w\" sizes=\"auto, (max-width: 1024px) 100vw, 1024px\" \/><\/a><\/figure><div class=\"wp-block-media-text__content\">\n<h2 class=\"wp-block-heading has-xlarge-font-size\">Wolt &amp; nachhaltigkeit<\/h2>\n\n\n\n<p class=\"has-lead-paragraph-font-size\">Wolt hat das Ziel, St\u00e4dte lebenswerter zu gestalten. Aus diesem Grund bieten wir allen unseren Restaurantpartnern jetzt umweltfreundliche Verpackungen an. Es liegt in all unserem Interesse, unsere St\u00e4dte nachhaltiger zu gestalten, und jetzt hast du die M\u00f6glichkeit, selbst einen kleinen positiven Beitrag zu leisten.<\/p>\n\n\n\n<div class=\"wp-block-buttons is-layout-flex wp-block-buttons-is-layout-flex\">\n<div class=\"wp-block-button\"><a class=\"wp-block-button__link wp-element-button\" href=\"https:\/\/wolt-store.com\/at\/sustainable-packaging\/\">Mehr Infos<\/a><\/div>\n<\/div>\n<\/div><\/div>\n\n\n\n<h2 class=\"wp-block-heading has-text-align-center editorskit-no-desktop editorskit-no-tablet editorskit-no-mobile\"><strong>Unsere Partner<\/strong><\/h2>\n\n\n\n\n\n<figure class=\"wp-block-gallery has-nested-images columns-6 is-cropped editorskit-no-desktop editorskit-no-tablet editorskit-no-mobile wp-block-gallery-1 is-layout-flex wp-block-gallery-is-layout-flex\">\n<figure class=\"wp-block-image size-large is-style-editorskit-rounded\"><img loading=\"lazy\" decoding=\"async\" width=\"648\" height=\"324\" data-id=\"726\" src=\"https:\/\/wolt-store.com\/content\/uploads\/sites\/44\/2023\/02\/logo-2-1.png\" alt=\"\" class=\"wp-image-726\" srcset=\"https:\/\/wolt-store.com\/content\/uploads\/sites\/44\/2023\/02\/logo-2-1.png 648w, https:\/\/wolt-store.com\/content\/uploads\/sites\/44\/2023\/02\/logo-2-1-300x150.png 300w, https:\/\/wolt-store.com\/content\/uploads\/sites\/44\/2023\/02\/logo-2-1-600x300.png 600w, https:\/\/wolt-store.com\/content\/uploads\/sites\/44\/2023\/02\/logo-2-1-64x32.png 64w\" sizes=\"auto, (max-width: 648px) 100vw, 648px\" \/><\/figure>\n\n\n\n<figure class=\"wp-block-image size-large\"><img loading=\"lazy\" decoding=\"async\" width=\"648\" height=\"324\" data-id=\"727\" src=\"https:\/\/wolt-store.com\/content\/uploads\/sites\/44\/2023\/02\/logo-4-1.png\" alt=\"\" class=\"wp-image-727\" srcset=\"https:\/\/wolt-store.com\/content\/uploads\/sites\/44\/2023\/02\/logo-4-1.png 648w, https:\/\/wolt-store.com\/content\/uploads\/sites\/44\/2023\/02\/logo-4-1-300x150.png 300w, https:\/\/wolt-store.com\/content\/uploads\/sites\/44\/2023\/02\/logo-4-1-600x300.png 600w, https:\/\/wolt-store.com\/content\/uploads\/sites\/44\/2023\/02\/logo-4-1-64x32.png 64w\" sizes=\"auto, (max-width: 648px) 100vw, 648px\" \/><\/figure>\n\n\n\n<figure class=\"wp-block-image size-large\"><img loading=\"lazy\" decoding=\"async\" width=\"648\" height=\"324\" data-id=\"728\" src=\"https:\/\/wolt-store.com\/content\/uploads\/sites\/44\/2023\/02\/logo-3.png\" alt=\"\" class=\"wp-image-728\" srcset=\"https:\/\/wolt-store.com\/content\/uploads\/sites\/44\/2023\/02\/logo-3.png 648w, https:\/\/wolt-store.com\/content\/uploads\/sites\/44\/2023\/02\/logo-3-300x150.png 300w, https:\/\/wolt-store.com\/content\/uploads\/sites\/44\/2023\/02\/logo-3-600x300.png 600w, https:\/\/wolt-store.com\/content\/uploads\/sites\/44\/2023\/02\/logo-3-64x32.png 64w\" sizes=\"auto, (max-width: 648px) 100vw, 648px\" \/><\/figure>\n\n\n\n<figure class=\"wp-block-image size-large\"><img loading=\"lazy\" decoding=\"async\" width=\"648\" height=\"324\" data-id=\"729\" src=\"https:\/\/wolt-store.com\/content\/uploads\/sites\/44\/2023\/02\/logo-4.png\" alt=\"\" class=\"wp-image-729\" srcset=\"https:\/\/wolt-store.com\/content\/uploads\/sites\/44\/2023\/02\/logo-4.png 648w, https:\/\/wolt-store.com\/content\/uploads\/sites\/44\/2023\/02\/logo-4-300x150.png 300w, https:\/\/wolt-store.com\/content\/uploads\/sites\/44\/2023\/02\/logo-4-600x300.png 600w, https:\/\/wolt-store.com\/content\/uploads\/sites\/44\/2023\/02\/logo-4-64x32.png 64w\" sizes=\"auto, (max-width: 648px) 100vw, 648px\" \/><\/figure>\n\n\n\n<figure class=\"wp-block-image size-large\"><img loading=\"lazy\" decoding=\"async\" width=\"648\" height=\"324\" data-id=\"730\" src=\"https:\/\/wolt-store.com\/content\/uploads\/sites\/44\/2023\/02\/logo-1.png\" alt=\"\" class=\"wp-image-730\" srcset=\"https:\/\/wolt-store.com\/content\/uploads\/sites\/44\/2023\/02\/logo-1.png 648w, https:\/\/wolt-store.com\/content\/uploads\/sites\/44\/2023\/02\/logo-1-300x150.png 300w, https:\/\/wolt-store.com\/content\/uploads\/sites\/44\/2023\/02\/logo-1-600x300.png 600w, https:\/\/wolt-store.com\/content\/uploads\/sites\/44\/2023\/02\/logo-1-64x32.png 64w\" sizes=\"auto, (max-width: 648px) 100vw, 648px\" \/><\/figure>\n\n\n\n<figure class=\"wp-block-image size-large\"><img loading=\"lazy\" decoding=\"async\" width=\"648\" height=\"324\" data-id=\"731\" src=\"https:\/\/wolt-store.com\/content\/uploads\/sites\/44\/2023\/02\/logo-2.png\" alt=\"\" class=\"wp-image-731\" srcset=\"https:\/\/wolt-store.com\/content\/uploads\/sites\/44\/2023\/02\/logo-2.png 648w, https:\/\/wolt-store.com\/content\/uploads\/sites\/44\/2023\/02\/logo-2-300x150.png 300w, https:\/\/wolt-store.com\/content\/uploads\/sites\/44\/2023\/02\/logo-2-600x300.png 600w, https:\/\/wolt-store.com\/content\/uploads\/sites\/44\/2023\/02\/logo-2-64x32.png 64w\" sizes=\"auto, (max-width: 648px) 100vw, 648px\" \/><\/figure>\n<\/figure>\n\n\n\n<h2 class=\"wp-block-heading has-text-align-center\"><strong>aktuelles<\/strong><\/h2>\n\n\n\n<div class=\"wp-block-query is-content-justification-center is-layout-constrained wp-block-query-is-layout-constrained\"><ul class=\"columns-3 wp-block-post-template is-layout-grid wp-container-core-post-template-is-layout-f39bca43 wp-block-post-template-is-layout-grid\"><li class=\"wp-block-post post-747 post type-post status-publish format-standard has-post-thumbnail hentry category-aktuelles\">\n<div style=\"font-size:12px;font-style:normal;font-weight:600;text-decoration:none\" class=\"taxonomy-category wp-block-post-terms has-text-color has-white-color has-background has-black-background-color\"><a href=\"https:\/\/wolt-store.com\/at\/category\/aktuelles\/\" rel=\"tag\">Aktuelles<\/a><\/div>\n\n<figure style=\"margin-bottom:20px;\" class=\"wp-block-post-featured-image\"><img loading=\"lazy\" decoding=\"async\" width=\"480\" height=\"360\" src=\"https:\/\/wolt-store.com\/content\/uploads\/sites\/44\/2023\/02\/Sustainability-at-Wolt-480x360.png\" class=\"attachment-post-thumbnail size-post-thumbnail wp-post-image\" alt=\"\" style=\"border-radius:14px;object-fit:cover;\" \/><\/figure>\n\n<div class=\"wp-block-post-excerpt\"><p class=\"wp-block-post-excerpt__excerpt\">Als Unternehmen mit nordischen Wurzeln war Nachhaltigkeit von Anfang an Teil unserer DNA. Wolt wurde mit dem Ziel gegr\u00fcndet, St\u00e4dte zu einem lebenswerteren Ort zu machen. F\u00fcr uns bedeutet dies, dass wir sorgf\u00e4ltig \u00fcber die Auswirkungen unseres Handelns auf die Menschen und die Welt um uns herum nachdenken und unseren Einfluss nutzen, um einen positiven<\/p><p class=\"wp-block-post-excerpt__more-text\"><a class=\"wp-block-post-excerpt__more-link\" href=\"https:\/\/wolt-store.com\/at\/another-news-heading\/\"><strong><a href=\"https:\/\/wolt-store.com\/at\/news-heading\/\">Mehr lesen<\/a><\/strong><\/a><\/p><\/div>\n<\/li><li class=\"wp-block-post post-745 post type-post status-publish format-standard has-post-thumbnail hentry category-aktuelles\">\n<div style=\"font-size:12px;font-style:normal;font-weight:600;text-decoration:none\" class=\"taxonomy-category wp-block-post-terms has-text-color has-white-color has-background has-black-background-color\"><a href=\"https:\/\/wolt-store.com\/at\/category\/aktuelles\/\" rel=\"tag\">Aktuelles<\/a><\/div>\n\n<figure style=\"margin-bottom:20px;\" class=\"wp-block-post-featured-image\"><img loading=\"lazy\" decoding=\"async\" width=\"480\" height=\"360\" src=\"https:\/\/wolt-store.com\/content\/uploads\/sites\/44\/2023\/02\/EN_Aug22_woltconcept3_image_na_1200x628_1_zerodelivery-courier-480x360.png\" class=\"attachment-post-thumbnail size-post-thumbnail wp-post-image\" alt=\"\" style=\"border-radius:14px;object-fit:cover;\" \/><\/figure>\n\n<div class=\"wp-block-post-excerpt\"><p class=\"wp-block-post-excerpt__excerpt\">Wolt+ ist unser neues Abonnement, mit dem du Zugang zu einem attraktiven Segment von Wolt-Nutzern mit hohen Ausgaben hast. Kurz gesagt: Wolt+-Abonnenten zahlen 3 % mehr pro Monat und erhalten im Gegenzug eine unbegrenzte Anzahl kostenloser Lieferungen von Wolt+ teilnehmenden Restaurants in einem Umkreis von 4km. Wolt+-Abonnenten bestellen h\u00e4ufiger als der Durchschnittsnutzer und probieren h\u00e4ufiger<\/p><p class=\"wp-block-post-excerpt__more-text\"><a class=\"wp-block-post-excerpt__more-link\" href=\"https:\/\/wolt-store.com\/at\/news-heading-2\/\"><strong><a href=\"https:\/\/wolt-store.com\/at\/news-heading\/\">Mehr lesen<\/a><\/strong><\/a><\/p><\/div>\n<\/li><li class=\"wp-block-post post-739 post type-post status-publish format-standard has-post-thumbnail hentry category-aktuelles\">\n<div style=\"font-size:12px;font-style:normal;font-weight:600;text-decoration:none\" class=\"taxonomy-category wp-block-post-terms has-text-color has-white-color has-background has-black-background-color\"><a href=\"https:\/\/wolt-store.com\/at\/category\/aktuelles\/\" rel=\"tag\">Aktuelles<\/a><\/div>\n\n<figure style=\"margin-bottom:20px;\" class=\"wp-block-post-featured-image\"><img loading=\"lazy\" decoding=\"async\" width=\"480\" height=\"360\" src=\"https:\/\/wolt-store.com\/content\/uploads\/sites\/44\/2023\/02\/Wolt-Drive-480x360.png\" class=\"attachment-post-thumbnail size-post-thumbnail wp-post-image\" alt=\"\" style=\"border-radius:14px;object-fit:cover;\" \/><\/figure>\n\n<div class=\"wp-block-post-excerpt\"><p class=\"wp-block-post-excerpt__excerpt\">Wolt Drive ist dein zuverl\u00e4ssiger Partner f\u00fcr schnelle und zuverl\u00e4ssige Lieferungen auf der letzten Meile. Deine Kunden geben die Bestellung \u00fcber deine App oder deinen Webshop auf \u2013 und halten sie in weniger als einer Stunde in den H\u00e4nden. Mit der Nutzung des Wolt Drive-Dienstes ist keine Provision verbunden. Den Merchant wird lediglich eine Liefergeb\u00fchr<\/p><p class=\"wp-block-post-excerpt__more-text\"><a class=\"wp-block-post-excerpt__more-link\" href=\"https:\/\/wolt-store.com\/at\/news-heading\/\"><strong><a href=\"https:\/\/wolt-store.com\/at\/news-heading\/\">Mehr lesen<\/a><\/strong><\/a><\/p><\/div>\n<\/li><\/ul><\/div>\n\n\n\n<p><\/p>\n","protected":false},"excerpt":{"rendered":"<p>Beliebte kategorien Unsere bestseller Unsere Partner Lorem ipsum dolor sit amet, consectetur adipiscing Lorem ipsum dolor sit amet, consectetur adipiscing elit. Etiam risus nulla, rhoncus at justo at, accumsan fermentum arcu. Donec gravida tristique commodo. Maecenas ornare in magna in maximus. ipsum dolor sit Firstname lastname Lorem ipsum dolor sit amet, consectetur adipiscing Lorem ipsum [&hellip;]<\/p>\n","protected":false},"author":1,"featured_media":0,"parent":0,"menu_order":0,"comment_status":"closed","ping_status":"closed","template":"","meta":{"_acf_changed":false,"_uag_custom_page_level_css":"","_editorskit_title_hidden":false,"_editorskit_reading_time":1,"_editorskit_is_block_options_detached":false,"_editorskit_block_options_position":"{}","site-sidebar-layout":"default","site-content-layout":"","ast-site-content-layout":"default","site-content-style":"default","site-sidebar-style":"default","ast-global-header-display":"","ast-banner-title-visibility":"","ast-main-header-display":"","ast-hfb-above-header-display":"","ast-hfb-below-header-display":"","ast-hfb-mobile-header-display":"","site-post-title":"disabled","ast-breadcrumbs-content":"","ast-featured-img":"","footer-sml-layout":"","ast-disable-related-posts":"","theme-transparent-header-meta":"","adv-header-id-meta":"","stick-header-meta":"","header-above-stick-meta":"","header-main-stick-meta":"","header-below-stick-meta":"","astra-migrate-meta-layouts":"set","ast-page-background-enabled":"default","ast-page-background-meta":{"desktop":{"background-color":"var(--ast-global-color-4)","background-image":"","background-repeat":"repeat","background-position":"center center","background-size":"auto","background-attachment":"scroll","background-type":"","background-media":"","overlay-type":"","overlay-color":"","overlay-opacity":"","overlay-gradient":""},"tablet":{"background-color":"","background-image":"","background-repeat":"repeat","background-position":"center center","background-size":"auto","background-attachment":"scroll","background-type":"","background-media":"","overlay-type":"","overlay-color":"","overlay-opacity":"","overlay-gradient":""},"mobile":{"background-color":"","background-image":"","background-repeat":"repeat","background-position":"center center","background-size":"auto","background-attachment":"scroll","background-type":"","background-media":"","overlay-type":"","overlay-color":"","overlay-opacity":"","overlay-gradient":""}},"ast-content-background-meta":{"desktop":{"background-color":"var(--ast-global-color-5)","background-image":"","background-repeat":"repeat","background-position":"center center","background-size":"auto","background-attachment":"scroll","background-type":"","background-media":"","overlay-type":"","overlay-color":"","overlay-opacity":"","overlay-gradient":""},"tablet":{"background-color":"var(--ast-global-color-5)","background-image":"","background-repeat":"repeat","background-position":"center center","background-size":"auto","background-attachment":"scroll","background-type":"","background-media":"","overlay-type":"","overlay-color":"","overlay-opacity":"","overlay-gradient":""},"mobile":{"background-color":"var(--ast-global-color-5)","background-image":"","background-repeat":"repeat","background-position":"center center","background-size":"auto","background-attachment":"scroll","background-type":"","background-media":"","overlay-type":"","overlay-color":"","overlay-opacity":"","overlay-gradient":""}},"footnotes":""},"class_list":["post-550","page","type-page","status-publish","hentry"],"acf":[],"uagb_featured_image_src":{"full":false,"thumbnail":false,"medium":false,"medium_large":false,"large":false,"1536x1536":false,"2048x2048":false,"post-thumbnail":false,"gform-image-choice-sm":false,"gform-image-choice-md":false,"gform-image-choice-lg":false,"woocommerce_thumbnail":false,"woocommerce_single":false,"woocommerce_gallery_thumbnail":false,"dgwt-wcas-product-suggestion":false},"uagb_author_info":{"display_name":"maksimer","author_link":"https:\/\/wolt-store.com\/at\/author\/maksimer\/"},"uagb_comment_info":0,"uagb_excerpt":"Beliebte kategorien Unsere bestseller Unsere Partner Lorem ipsum dolor sit amet, consectetur adipiscing Lorem ipsum dolor sit amet, consectetur adipiscing elit. Etiam risus nulla, rhoncus at justo at, accumsan fermentum arcu. Donec gravida tristique commodo. Maecenas ornare in magna in maximus. ipsum dolor sit Firstname lastname Lorem ipsum dolor sit amet, consectetur adipiscing Lorem ipsum&hellip;","_links":{"self":[{"href":"https:\/\/wolt-store.com\/at\/wp-json\/wp\/v2\/pages\/550","targetHints":{"allow":["GET"]}}],"collection":[{"href":"https:\/\/wolt-store.com\/at\/wp-json\/wp\/v2\/pages"}],"about":[{"href":"https:\/\/wolt-store.com\/at\/wp-json\/wp\/v2\/types\/page"}],"author":[{"embeddable":true,"href":"https:\/\/wolt-store.com\/at\/wp-json\/wp\/v2\/users\/1"}],"replies":[{"embeddable":true,"href":"https:\/\/wolt-store.com\/at\/wp-json\/wp\/v2\/comments?post=550"}],"version-history":[{"count":3,"href":"https:\/\/wolt-store.com\/at\/wp-json\/wp\/v2\/pages\/550\/revisions"}],"predecessor-version":[{"id":10349,"href":"https:\/\/wolt-store.com\/at\/wp-json\/wp\/v2\/pages\/550\/revisions\/10349"}],"wp:attachment":[{"href":"https:\/\/wolt-store.com\/at\/wp-json\/wp\/v2\/media?parent=550"}],"curies":[{"name":"wp","href":"https:\/\/api.w.org\/{rel}","templated":true}]}}