{"id":2958,"date":"2023-08-24T07:15:09","date_gmt":"2023-08-24T05:15:09","guid":{"rendered":"https:\/\/wolt-store.com\/dk\/?post_type=product&#038;p=2958"},"modified":"2026-04-04T07:14:05","modified_gmt":"2026-04-04T05:14:05","slug":"laag-til-60l-beholder-l50xb27xh57-5cm-plast-graa","status":"publish","type":"product","link":"https:\/\/wolt-store.com\/dk\/produkt\/laag-til-60l-beholder-l50xb27xh57-5cm-plast-graa\/","title":{"rendered":"L\u00e5g til 60L beholder L50xB27xH57.5cm. Plast Gr\u00e5"},"content":{"rendered":"","protected":false},"excerpt":{"rendered":"<p>L\u00e5g til 60L beholder L50xB27xH57.5cm. Plast Gr\u00e5,stk<\/p>\n","protected":false},"featured_media":12803,"template":"","meta":{"_acf_changed":false,"_uag_custom_page_level_css":"","_editorskit_title_hidden":false,"_editorskit_reading_time":0,"_editorskit_is_block_options_detached":false,"_editorskit_block_options_position":"{}","site-sidebar-layout":"default","site-content-layout":"","ast-site-content-layout":"default","site-content-style":"default","site-sidebar-style":"default","ast-global-header-display":"","ast-banner-title-visibility":"","ast-main-header-display":"","ast-hfb-above-header-display":"","ast-hfb-below-header-display":"","ast-hfb-mobile-header-display":"","site-post-title":"","ast-breadcrumbs-content":"","ast-featured-img":"","footer-sml-layout":"","ast-disable-related-posts":"","theme-transparent-header-meta":"","adv-header-id-meta":"","stick-header-meta":"","header-above-stick-meta":"","header-main-stick-meta":"","header-below-stick-meta":"","astra-migrate-meta-layouts":"default","ast-page-background-enabled":"default","ast-page-background-meta":{"desktop":{"background-color":"var(--ast-global-color-4)","background-image":"","background-repeat":"repeat","background-position":"center center","background-size":"auto","background-attachment":"scroll","background-type":"","background-media":"","overlay-type":"","overlay-color":"","overlay-opacity":"","overlay-gradient":""},"tablet":{"background-color":"","background-image":"","background-repeat":"repeat","background-position":"center center","background-size":"auto","background-attachment":"scroll","background-type":"","background-media":"","overlay-type":"","overlay-color":"","overlay-opacity":"","overlay-gradient":""},"mobile":{"background-color":"","background-image":"","background-repeat":"repeat","background-position":"center center","background-size":"auto","background-attachment":"scroll","background-type":"","background-media":"","overlay-type":"","overlay-color":"","overlay-opacity":"","overlay-gradient":""}},"ast-content-background-meta":{"desktop":{"background-color":"var(--ast-global-color-5)","background-image":"","background-repeat":"repeat","background-position":"center center","background-size":"auto","background-attachment":"scroll","background-type":"","background-media":"","overlay-type":"","overlay-color":"","overlay-opacity":"","overlay-gradient":""},"tablet":{"background-color":"var(--ast-global-color-5)","background-image":"","background-repeat":"repeat","background-position":"center center","background-size":"auto","background-attachment":"scroll","background-type":"","background-media":"","overlay-type":"","overlay-color":"","overlay-opacity":"","overlay-gradient":""},"mobile":{"background-color":"var(--ast-global-color-5)","background-image":"","background-repeat":"repeat","background-position":"center center","background-size":"auto","background-attachment":"scroll","background-type":"","background-media":"","overlay-type":"","overlay-color":"","overlay-opacity":"","overlay-gradient":""}}},"product_brand":[],"product_cat":[105,412],"product_tag":[],"class_list":{"0":"post-2958","1":"product","2":"type-product","3":"status-publish","4":"has-post-thumbnail","6":"product_cat-packaging","7":"product_cat-disposal","8":"pa_color-graa","9":"pa_contentunit-stk","10":"pa_country-pl","11":"pa_material-plast-pp-polypropylen","12":"pa_material-plast-pp-polypropylen-rent","13":"pa_symbols-a02","14":"pa_symbols-o01","15":"pa_symbols-o02","16":"pa_symbols-o05","17":"desktop-align-left","18":"tablet-align-left","19":"mobile-align-left","20":"ast-product-gallery-layout-horizontal-slider","21":"ast-product-gallery-with-no-image","22":"ast-product-tabs-layout-accordion","24":"first","25":"instock","26":"taxable","27":"shipping-taxable","28":"purchasable","29":"product-type-simple"},"bundled_by":[],"bundle_stock_status":"instock","bundle_stock_quantity":12,"bundle_virtual":false,"bundle_layout":"","bundle_add_to_cart_form_location":"","bundle_editable_in_cart":false,"bundle_sold_individually_context":"","bundle_item_grouping":"","bundle_min_size":"","bundle_max_size":"","bundle_price":[],"bundled_items":[],"bundle_sell_ids":[],"group_of_quantity":0,"min_quantity":0,"max_quantity":"","exclude_order_quantity_value_rules":"no","exclude_category_quantity_rules":"no","combine_variations":"no","acf":[],"uagb_featured_image_src":{"full":["https:\/\/wolt-store.com\/dk\/wp-content\/uploads\/sites\/2\/2023\/08\/128100-2.jpg",380,380,false],"thumbnail":["https:\/\/wolt-store.com\/dk\/wp-content\/uploads\/sites\/2\/2023\/08\/128100-2-150x150.jpg",150,150,true],"medium":["https:\/\/wolt-store.com\/dk\/wp-content\/uploads\/sites\/2\/2023\/08\/128100-2-300x300.jpg",300,300,true],"medium_large":["https:\/\/wolt-store.com\/dk\/wp-content\/uploads\/sites\/2\/2023\/08\/128100-2.jpg",380,380,false],"large":["https:\/\/wolt-store.com\/dk\/wp-content\/uploads\/sites\/2\/2023\/08\/128100-2.jpg",380,380,false],"1536x1536":["https:\/\/wolt-store.com\/dk\/wp-content\/uploads\/sites\/2\/2023\/08\/128100-2.jpg",380,380,false],"2048x2048":["https:\/\/wolt-store.com\/dk\/wp-content\/uploads\/sites\/2\/2023\/08\/128100-2.jpg",380,380,false],"post-thumbnail":["https:\/\/wolt-store.com\/dk\/wp-content\/uploads\/sites\/2\/2023\/08\/128100-2-380x360.jpg",380,360,true],"gform-image-choice-sm":["https:\/\/wolt-store.com\/dk\/wp-content\/uploads\/sites\/2\/2023\/08\/128100-2.jpg",300,300,false],"gform-image-choice-md":["https:\/\/wolt-store.com\/dk\/wp-content\/uploads\/sites\/2\/2023\/08\/128100-2.jpg",380,380,false],"gform-image-choice-lg":["https:\/\/wolt-store.com\/dk\/wp-content\/uploads\/sites\/2\/2023\/08\/128100-2.jpg",380,380,false],"woocommerce_thumbnail":["https:\/\/wolt-store.com\/dk\/wp-content\/uploads\/sites\/2\/2023\/08\/128100-2-300x300.jpg",300,300,true],"woocommerce_single":["https:\/\/wolt-store.com\/dk\/wp-content\/uploads\/sites\/2\/2023\/08\/128100-2.jpg",380,380,false],"woocommerce_gallery_thumbnail":["https:\/\/wolt-store.com\/dk\/wp-content\/uploads\/sites\/2\/2023\/08\/128100-2-250x250.jpg",250,250,true],"dgwt-wcas-product-suggestion":["https:\/\/wolt-store.com\/dk\/wp-content\/uploads\/sites\/2\/2023\/08\/128100-2-64x64.jpg",64,64,true]},"uagb_author_info":{"display_name":"maksimer","author_link":"https:\/\/wolt-store.com\/dk\/author\/"},"uagb_comment_info":0,"uagb_excerpt":"L\u00e5g til 60L beholder L50xB27xH57.5cm. Plast Gr\u00e5,stk","_links":{"self":[{"href":"https:\/\/wolt-store.com\/dk\/wp-json\/wp\/v2\/product\/2958","targetHints":{"allow":["GET"]}}],"collection":[{"href":"https:\/\/wolt-store.com\/dk\/wp-json\/wp\/v2\/product"}],"about":[{"href":"https:\/\/wolt-store.com\/dk\/wp-json\/wp\/v2\/types\/product"}],"wp:featuredmedia":[{"embeddable":true,"href":"https:\/\/wolt-store.com\/dk\/wp-json\/wp\/v2\/media\/12803"}],"wp:attachment":[{"href":"https:\/\/wolt-store.com\/dk\/wp-json\/wp\/v2\/media?parent=2958"}],"wp:term":[{"taxonomy":"product_brand","embeddable":true,"href":"https:\/\/wolt-store.com\/dk\/wp-json\/wp\/v2\/product_brand?post=2958"},{"taxonomy":"product_cat","embeddable":true,"href":"https:\/\/wolt-store.com\/dk\/wp-json\/wp\/v2\/product_cat?post=2958"},{"taxonomy":"product_tag","embeddable":true,"href":"https:\/\/wolt-store.com\/dk\/wp-json\/wp\/v2\/product_tag?post=2958"}],"curies":[{"name":"wp","href":"https:\/\/api.w.org\/{rel}","templated":true}]}}