{"id":3109,"date":"2023-08-24T07:24:14","date_gmt":"2023-08-24T05:24:14","guid":{"rendered":"https:\/\/wolt-store.com\/dk\/?post_type=product&#038;p=3109"},"modified":"2026-04-04T07:22:47","modified_gmt":"2026-04-04T05:22:47","slug":"rengoeringsklud-tork-allround-w8-30x38-cm-blaa","status":"publish","type":"product","link":"https:\/\/wolt-store.com\/dk\/produkt\/rengoeringsklud-tork-allround-w8-30x38-cm-blaa\/","title":{"rendered":"Reng\u00f8ringsklud Tork Allround W8 30x38cm Bl\u00e5"},"content":{"rendered":"","protected":false},"excerpt":{"rendered":"<p>Reng\u00f8ringsklud Tork Allround W8 30x38cm Bl\u00e5,8 pk x 40 stk\/krt<\/p>\n","protected":false},"featured_media":4684,"template":"","meta":{"_acf_changed":false,"_uag_custom_page_level_css":"","_editorskit_title_hidden":false,"_editorskit_reading_time":0,"_editorskit_is_block_options_detached":false,"_editorskit_block_options_position":"{}","site-sidebar-layout":"default","site-content-layout":"","ast-site-content-layout":"default","site-content-style":"default","site-sidebar-style":"default","ast-global-header-display":"","ast-banner-title-visibility":"","ast-main-header-display":"","ast-hfb-above-header-display":"","ast-hfb-below-header-display":"","ast-hfb-mobile-header-display":"","site-post-title":"","ast-breadcrumbs-content":"","ast-featured-img":"","footer-sml-layout":"","ast-disable-related-posts":"","theme-transparent-header-meta":"","adv-header-id-meta":"","stick-header-meta":"","header-above-stick-meta":"","header-main-stick-meta":"","header-below-stick-meta":"","astra-migrate-meta-layouts":"default","ast-page-background-enabled":"default","ast-page-background-meta":{"desktop":{"background-color":"var(--ast-global-color-4)","background-image":"","background-repeat":"repeat","background-position":"center center","background-size":"auto","background-attachment":"scroll","background-type":"","background-media":"","overlay-type":"","overlay-color":"","overlay-opacity":"","overlay-gradient":""},"tablet":{"background-color":"","background-image":"","background-repeat":"repeat","background-position":"center center","background-size":"auto","background-attachment":"scroll","background-type":"","background-media":"","overlay-type":"","overlay-color":"","overlay-opacity":"","overlay-gradient":""},"mobile":{"background-color":"","background-image":"","background-repeat":"repeat","background-position":"center center","background-size":"auto","background-attachment":"scroll","background-type":"","background-media":"","overlay-type":"","overlay-color":"","overlay-opacity":"","overlay-gradient":""}},"ast-content-background-meta":{"desktop":{"background-color":"var(--ast-global-color-5)","background-image":"","background-repeat":"repeat","background-position":"center center","background-size":"auto","background-attachment":"scroll","background-type":"","background-media":"","overlay-type":"","overlay-color":"","overlay-opacity":"","overlay-gradient":""},"tablet":{"background-color":"var(--ast-global-color-5)","background-image":"","background-repeat":"repeat","background-position":"center center","background-size":"auto","background-attachment":"scroll","background-type":"","background-media":"","overlay-type":"","overlay-color":"","overlay-opacity":"","overlay-gradient":""},"mobile":{"background-color":"var(--ast-global-color-5)","background-image":"","background-repeat":"repeat","background-position":"center center","background-size":"auto","background-attachment":"scroll","background-type":"","background-media":"","overlay-type":"","overlay-color":"","overlay-opacity":"","overlay-gradient":""}}},"product_brand":[],"product_cat":[105,409,446],"product_tag":[],"class_list":{"0":"post-3109","1":"product","2":"type-product","3":"status-publish","4":"has-post-thumbnail","6":"product_cat-packaging","7":"product_cat-cleaning","8":"product_cat-catering","9":"pa_color-blaa","10":"pa_contentunit-stk","11":"pa_country-de","12":"pa_material-tekstil","13":"pa_symbols-a02","14":"pa_symbols-m22","15":"desktop-align-left","16":"tablet-align-left","17":"mobile-align-left","18":"ast-product-gallery-layout-horizontal-slider","19":"ast-product-gallery-with-no-image","20":"ast-product-tabs-layout-accordion","22":"first","23":"instock","24":"taxable","25":"shipping-taxable","26":"purchasable","27":"product-type-simple"},"bundled_by":[],"bundle_stock_status":"instock","bundle_stock_quantity":64,"bundle_virtual":false,"bundle_layout":"","bundle_add_to_cart_form_location":"","bundle_editable_in_cart":false,"bundle_sold_individually_context":"","bundle_item_grouping":"","bundle_min_size":"","bundle_max_size":"","bundle_price":[],"bundled_items":[],"bundle_sell_ids":[],"group_of_quantity":0,"min_quantity":0,"max_quantity":"","exclude_order_quantity_value_rules":"no","exclude_category_quantity_rules":"no","combine_variations":"no","acf":[],"uagb_featured_image_src":{"full":["https:\/\/wolt-store.com\/dk\/wp-content\/uploads\/sites\/2\/2023\/08\/9174-1.jpg",380,380,false],"thumbnail":["https:\/\/wolt-store.com\/dk\/wp-content\/uploads\/sites\/2\/2023\/08\/9174-1-150x150.jpg",150,150,true],"medium":["https:\/\/wolt-store.com\/dk\/wp-content\/uploads\/sites\/2\/2023\/08\/9174-1-300x300.jpg",300,300,true],"medium_large":["https:\/\/wolt-store.com\/dk\/wp-content\/uploads\/sites\/2\/2023\/08\/9174-1.jpg",380,380,false],"large":["https:\/\/wolt-store.com\/dk\/wp-content\/uploads\/sites\/2\/2023\/08\/9174-1.jpg",380,380,false],"1536x1536":["https:\/\/wolt-store.com\/dk\/wp-content\/uploads\/sites\/2\/2023\/08\/9174-1.jpg",380,380,false],"2048x2048":["https:\/\/wolt-store.com\/dk\/wp-content\/uploads\/sites\/2\/2023\/08\/9174-1.jpg",380,380,false],"post-thumbnail":["https:\/\/wolt-store.com\/dk\/wp-content\/uploads\/sites\/2\/2023\/08\/9174-1-380x360.jpg",380,360,true],"gform-image-choice-sm":["https:\/\/wolt-store.com\/dk\/wp-content\/uploads\/sites\/2\/2023\/08\/9174-1.jpg",300,300,false],"gform-image-choice-md":["https:\/\/wolt-store.com\/dk\/wp-content\/uploads\/sites\/2\/2023\/08\/9174-1.jpg",380,380,false],"gform-image-choice-lg":["https:\/\/wolt-store.com\/dk\/wp-content\/uploads\/sites\/2\/2023\/08\/9174-1.jpg",380,380,false],"woocommerce_thumbnail":["https:\/\/wolt-store.com\/dk\/wp-content\/uploads\/sites\/2\/2023\/08\/9174-1-300x300.jpg",300,300,true],"woocommerce_single":["https:\/\/wolt-store.com\/dk\/wp-content\/uploads\/sites\/2\/2023\/08\/9174-1.jpg",380,380,false],"woocommerce_gallery_thumbnail":["https:\/\/wolt-store.com\/dk\/wp-content\/uploads\/sites\/2\/2023\/08\/9174-1-300x300.jpg",250,250,true],"dgwt-wcas-product-suggestion":["https:\/\/wolt-store.com\/dk\/wp-content\/uploads\/sites\/2\/2023\/08\/9174-1-64x64.jpg",64,64,true]},"uagb_author_info":{"display_name":"maksimer","author_link":"https:\/\/wolt-store.com\/dk\/author\/"},"uagb_comment_info":0,"uagb_excerpt":"Reng\u00f8ringsklud Tork Allround W8 30x38cm Bl\u00e5,8 pk x 40 stk\/krt","_links":{"self":[{"href":"https:\/\/wolt-store.com\/dk\/wp-json\/wp\/v2\/product\/3109","targetHints":{"allow":["GET"]}}],"collection":[{"href":"https:\/\/wolt-store.com\/dk\/wp-json\/wp\/v2\/product"}],"about":[{"href":"https:\/\/wolt-store.com\/dk\/wp-json\/wp\/v2\/types\/product"}],"wp:featuredmedia":[{"embeddable":true,"href":"https:\/\/wolt-store.com\/dk\/wp-json\/wp\/v2\/media\/4684"}],"wp:attachment":[{"href":"https:\/\/wolt-store.com\/dk\/wp-json\/wp\/v2\/media?parent=3109"}],"wp:term":[{"taxonomy":"product_brand","embeddable":true,"href":"https:\/\/wolt-store.com\/dk\/wp-json\/wp\/v2\/product_brand?post=3109"},{"taxonomy":"product_cat","embeddable":true,"href":"https:\/\/wolt-store.com\/dk\/wp-json\/wp\/v2\/product_cat?post=3109"},{"taxonomy":"product_tag","embeddable":true,"href":"https:\/\/wolt-store.com\/dk\/wp-json\/wp\/v2\/product_tag?post=3109"}],"curies":[{"name":"wp","href":"https:\/\/api.w.org\/{rel}","templated":true}]}}