{"id":99,"date":"2023-03-14T11:59:45","date_gmt":"2023-03-14T10:59:45","guid":{"rendered":"https:\/\/wolt-store.com\/dk\/product\/plastlag-catersource-o80-mm-hoj-med-drikkehul-sort-til-kaffebaeger\/"},"modified":"2026-04-04T07:09:37","modified_gmt":"2026-04-04T05:09:37","slug":"plastlaag-catersource-oe80-mm-hoej-med-drikkehul-sort-til-kaffebaeger","status":"publish","type":"product","link":"https:\/\/wolt-store.com\/dk\/produkt\/plastlaag-catersource-oe80-mm-hoej-med-drikkehul-sort-til-kaffebaeger\/","title":{"rendered":"Drikkel\u00e5g Plast \u00d880xH20mm Til Kaffeb\u00e6ger Sort Catersource"},"content":{"rendered":"","protected":false},"excerpt":{"rendered":"<p>Drikkel\u00e5g Plast \u00d880xH20mm Til Kaffeb\u00e6ger Sort Catersource,10 ps x 100 stk\/krt<\/p>\n","protected":false},"featured_media":2486,"template":"","meta":{"_acf_changed":false,"_uag_custom_page_level_css":"","_editorskit_title_hidden":false,"_editorskit_reading_time":0,"_editorskit_is_block_options_detached":false,"_editorskit_block_options_position":"{}","site-sidebar-layout":"default","site-content-layout":"default","ast-site-content-layout":"default","site-content-style":"default","site-sidebar-style":"default","ast-global-header-display":"","ast-banner-title-visibility":"","ast-main-header-display":"","ast-hfb-above-header-display":"","ast-hfb-below-header-display":"","ast-hfb-mobile-header-display":"","site-post-title":"","ast-breadcrumbs-content":"","ast-featured-img":"","footer-sml-layout":"","ast-disable-related-posts":"","theme-transparent-header-meta":"default","adv-header-id-meta":"","stick-header-meta":"","header-above-stick-meta":"","header-main-stick-meta":"","header-below-stick-meta":"","astra-migrate-meta-layouts":"default","ast-page-background-enabled":"default","ast-page-background-meta":{"desktop":{"background-color":"var(--ast-global-color-4)","background-image":"","background-repeat":"repeat","background-position":"center center","background-size":"auto","background-attachment":"scroll","background-type":"","background-media":"","overlay-type":"","overlay-color":"","overlay-opacity":"","overlay-gradient":""},"tablet":{"background-color":"","background-image":"","background-repeat":"repeat","background-position":"center center","background-size":"auto","background-attachment":"scroll","background-type":"","background-media":"","overlay-type":"","overlay-color":"","overlay-opacity":"","overlay-gradient":""},"mobile":{"background-color":"","background-image":"","background-repeat":"repeat","background-position":"center center","background-size":"auto","background-attachment":"scroll","background-type":"","background-media":"","overlay-type":"","overlay-color":"","overlay-opacity":"","overlay-gradient":""}},"ast-content-background-meta":{"desktop":{"background-color":"var(--ast-global-color-5)","background-image":"","background-repeat":"repeat","background-position":"center center","background-size":"auto","background-attachment":"scroll","background-type":"","background-media":"","overlay-type":"","overlay-color":"","overlay-opacity":"","overlay-gradient":""},"tablet":{"background-color":"var(--ast-global-color-5)","background-image":"","background-repeat":"repeat","background-position":"center center","background-size":"auto","background-attachment":"scroll","background-type":"","background-media":"","overlay-type":"","overlay-color":"","overlay-opacity":"","overlay-gradient":""},"mobile":{"background-color":"var(--ast-global-color-5)","background-image":"","background-repeat":"repeat","background-position":"center center","background-size":"auto","background-attachment":"scroll","background-type":"","background-media":"","overlay-type":"","overlay-color":"","overlay-opacity":"","overlay-gradient":""}}},"product_brand":[],"product_cat":[105,152],"product_tag":[],"class_list":{"0":"post-99","1":"product","2":"type-product","3":"status-publish","4":"has-post-thumbnail","6":"product_cat-packaging","7":"product_cat-cups-lids","8":"pa_color-sort","9":"pa_contentunit-stk","10":"pa_country-tr","11":"pa_material-plast-hips-high-impact-polystyren","12":"pa_symbols-a02","13":"pa_symbols-g06","14":"pa_symbols-o01","15":"pa_symbols-o05","16":"desktop-align-left","17":"tablet-align-left","18":"mobile-align-left","19":"ast-product-gallery-layout-horizontal-slider","20":"ast-product-gallery-with-no-image","21":"ast-product-tabs-layout-accordion","23":"first","24":"instock","25":"taxable","26":"shipping-taxable","27":"purchasable","28":"product-type-simple"},"bundled_by":[],"bundle_stock_status":"instock","bundle_stock_quantity":422,"bundle_virtual":false,"bundle_layout":"","bundle_add_to_cart_form_location":"","bundle_editable_in_cart":false,"bundle_sold_individually_context":"","bundle_item_grouping":"","bundle_min_size":"","bundle_max_size":"","bundle_price":[],"bundled_items":[],"bundle_sell_ids":[],"group_of_quantity":0,"min_quantity":0,"max_quantity":"","exclude_order_quantity_value_rules":"no","exclude_category_quantity_rules":"no","combine_variations":"no","acf":[],"uagb_featured_image_src":{"full":["https:\/\/wolt-store.com\/dk\/wp-content\/uploads\/sites\/2\/2023\/03\/110104-1.jpg",1500,1500,false],"thumbnail":["https:\/\/wolt-store.com\/dk\/wp-content\/uploads\/sites\/2\/2023\/03\/110104-1-150x150.jpg",150,150,true],"medium":["https:\/\/wolt-store.com\/dk\/wp-content\/uploads\/sites\/2\/2023\/03\/110104-1-300x300.jpg",300,300,true],"medium_large":["https:\/\/wolt-store.com\/dk\/wp-content\/uploads\/sites\/2\/2023\/03\/110104-1-768x768.jpg",768,768,true],"large":["https:\/\/wolt-store.com\/dk\/wp-content\/uploads\/sites\/2\/2023\/03\/110104-1-1024x1024.jpg",1024,1024,true],"1536x1536":["https:\/\/wolt-store.com\/dk\/wp-content\/uploads\/sites\/2\/2023\/03\/110104-1.jpg",1500,1500,false],"2048x2048":["https:\/\/wolt-store.com\/dk\/wp-content\/uploads\/sites\/2\/2023\/03\/110104-1.jpg",1500,1500,false],"post-thumbnail":["https:\/\/wolt-store.com\/dk\/wp-content\/uploads\/sites\/2\/2023\/03\/110104-1-480x360.jpg",480,360,true],"gform-image-choice-sm":["https:\/\/wolt-store.com\/dk\/wp-content\/uploads\/sites\/2\/2023\/03\/110104-1.jpg",300,300,false],"gform-image-choice-md":["https:\/\/wolt-store.com\/dk\/wp-content\/uploads\/sites\/2\/2023\/03\/110104-1.jpg",400,400,false],"gform-image-choice-lg":["https:\/\/wolt-store.com\/dk\/wp-content\/uploads\/sites\/2\/2023\/03\/110104-1.jpg",600,600,false],"woocommerce_thumbnail":["https:\/\/wolt-store.com\/dk\/wp-content\/uploads\/sites\/2\/2023\/03\/110104-1-300x300.jpg",300,300,true],"woocommerce_single":["https:\/\/wolt-store.com\/dk\/wp-content\/uploads\/sites\/2\/2023\/03\/110104-1-600x600.jpg",600,600,true],"woocommerce_gallery_thumbnail":["https:\/\/wolt-store.com\/dk\/wp-content\/uploads\/sites\/2\/2023\/03\/110104-1-300x300.jpg",250,250,true],"dgwt-wcas-product-suggestion":["https:\/\/wolt-store.com\/dk\/wp-content\/uploads\/sites\/2\/2023\/03\/110104-1-64x64.jpg",64,64,true]},"uagb_author_info":{"display_name":"maksimer","author_link":"https:\/\/wolt-store.com\/dk\/author\/"},"uagb_comment_info":0,"uagb_excerpt":"Drikkel\u00e5g Plast \u00d880xH20mm Til Kaffeb\u00e6ger Sort Catersource,10 ps x 100 stk\/krt","_links":{"self":[{"href":"https:\/\/wolt-store.com\/dk\/wp-json\/wp\/v2\/product\/99","targetHints":{"allow":["GET"]}}],"collection":[{"href":"https:\/\/wolt-store.com\/dk\/wp-json\/wp\/v2\/product"}],"about":[{"href":"https:\/\/wolt-store.com\/dk\/wp-json\/wp\/v2\/types\/product"}],"wp:featuredmedia":[{"embeddable":true,"href":"https:\/\/wolt-store.com\/dk\/wp-json\/wp\/v2\/media\/2486"}],"wp:attachment":[{"href":"https:\/\/wolt-store.com\/dk\/wp-json\/wp\/v2\/media?parent=99"}],"wp:term":[{"taxonomy":"product_brand","embeddable":true,"href":"https:\/\/wolt-store.com\/dk\/wp-json\/wp\/v2\/product_brand?post=99"},{"taxonomy":"product_cat","embeddable":true,"href":"https:\/\/wolt-store.com\/dk\/wp-json\/wp\/v2\/product_cat?post=99"},{"taxonomy":"product_tag","embeddable":true,"href":"https:\/\/wolt-store.com\/dk\/wp-json\/wp\/v2\/product_tag?post=99"}],"curies":[{"name":"wp","href":"https:\/\/api.w.org\/{rel}","templated":true}]}}