{"id":3888,"date":"2023-10-06T16:59:37","date_gmt":"2023-10-06T14:59:37","guid":{"rendered":"https:\/\/wolt-store.com\/hu\/?post_type=product&#038;p=3888"},"modified":"2026-05-10T13:04:21","modified_gmt":"2026-05-10T11:04:21","slug":"sushi-talca-190-x-134-x-20-mm-pet-fekete-coveris-pl-teto-23600014","status":"publish","type":"product","link":"https:\/\/wolt-store.com\/hu\/term\u00e9k\/sushi-talca-190-x-134-x-20-mm-pet-fekete-coveris-pl-teto-23600014\/","title":{"rendered":"Sushi t\u00e1lca &#8211; 190x134x20 mm &#8211; PET fekete (Coveris PL) (tet\u0151: 23600014)"},"content":{"rendered":"","protected":false},"excerpt":{"rendered":"<p>Sushi t\u00e1lca &#8211; 190x134x20 mm &#8211; PET fekete (Coveris PL) (tet\u0151: 23600014),450 darab\/karton<\/p>\n","protected":false},"featured_media":2912,"template":"","meta":{"_acf_changed":false,"_uag_custom_page_level_css":"","_editorskit_title_hidden":false,"_editorskit_reading_time":0,"_editorskit_is_block_options_detached":false,"_editorskit_block_options_position":"{}","site-sidebar-layout":"default","site-content-layout":"","ast-site-content-layout":"default","site-content-style":"default","site-sidebar-style":"default","ast-global-header-display":"","ast-banner-title-visibility":"","ast-main-header-display":"","ast-hfb-above-header-display":"","ast-hfb-below-header-display":"","ast-hfb-mobile-header-display":"","site-post-title":"","ast-breadcrumbs-content":"","ast-featured-img":"","footer-sml-layout":"","ast-disable-related-posts":"","theme-transparent-header-meta":"","adv-header-id-meta":"","stick-header-meta":"","header-above-stick-meta":"","header-main-stick-meta":"","header-below-stick-meta":"","astra-migrate-meta-layouts":"default","ast-page-background-enabled":"default","ast-page-background-meta":{"desktop":{"background-color":"var(--ast-global-color-4)","background-image":"","background-repeat":"repeat","background-position":"center center","background-size":"auto","background-attachment":"scroll","background-type":"","background-media":"","overlay-type":"","overlay-color":"","overlay-opacity":"","overlay-gradient":""},"tablet":{"background-color":"","background-image":"","background-repeat":"repeat","background-position":"center center","background-size":"auto","background-attachment":"scroll","background-type":"","background-media":"","overlay-type":"","overlay-color":"","overlay-opacity":"","overlay-gradient":""},"mobile":{"background-color":"","background-image":"","background-repeat":"repeat","background-position":"center center","background-size":"auto","background-attachment":"scroll","background-type":"","background-media":"","overlay-type":"","overlay-color":"","overlay-opacity":"","overlay-gradient":""}},"ast-content-background-meta":{"desktop":{"background-color":"var(--ast-global-color-5)","background-image":"","background-repeat":"repeat","background-position":"center center","background-size":"auto","background-attachment":"scroll","background-type":"","background-media":"","overlay-type":"","overlay-color":"","overlay-opacity":"","overlay-gradient":""},"tablet":{"background-color":"var(--ast-global-color-5)","background-image":"","background-repeat":"repeat","background-position":"center center","background-size":"auto","background-attachment":"scroll","background-type":"","background-media":"","overlay-type":"","overlay-color":"","overlay-opacity":"","overlay-gradient":""},"mobile":{"background-color":"var(--ast-global-color-5)","background-image":"","background-repeat":"repeat","background-position":"center center","background-size":"auto","background-attachment":"scroll","background-type":"","background-media":"","overlay-type":"","overlay-color":"","overlay-opacity":"","overlay-gradient":""}}},"product_brand":[],"product_cat":[105,148],"product_tag":[],"class_list":{"0":"post-3888","1":"product","2":"type-product","3":"status-publish","4":"has-post-thumbnail","6":"product_cat-csomagolas","7":"product_cat-sushi","8":"pa_color-fekete","9":"pa_contentunit-db","10":"pa_country-pl","11":"pa_material-plastic-pet-polyethylene-terephthalate","12":"pa_symbols-a02","13":"pa_symbols-g01","14":"desktop-align-left","15":"tablet-align-left","16":"mobile-align-left","17":"ast-product-gallery-layout-horizontal-slider","18":"ast-product-gallery-with-no-image","19":"ast-product-tabs-layout-accordion","21":"first","22":"instock","23":"taxable","24":"shipping-taxable","25":"purchasable","26":"product-type-simple"},"bundled_by":[],"bundle_stock_status":"instock","bundle_stock_quantity":2,"bundle_virtual":false,"bundle_layout":"","bundle_add_to_cart_form_location":"","bundle_editable_in_cart":false,"bundle_sold_individually_context":"","bundle_item_grouping":"","bundle_min_size":"","bundle_max_size":"","bundle_price":[],"bundled_items":[],"bundle_sell_ids":[],"acf":[],"yoast_head":"<!-- This site is optimized with the Yoast SEO plugin v26.8 - https:\/\/yoast.com\/product\/yoast-seo-wordpress\/ -->\n<title>Sushi t\u00e1lca - 190x134x20 mm - PET fekete (Coveris PL) (tet\u0151: 23600014) | Wolt Hungary<\/title>\n<meta name=\"robots\" content=\"index, follow, max-snippet:-1, max-image-preview:large, max-video-preview:-1\" \/>\n<link rel=\"canonical\" href=\"https:\/\/wolt-store.com\/hu\/term\u00e9k\/sushi-talca-190-x-134-x-20-mm-pet-fekete-coveris-pl-teto-23600014\/\" \/>\n<meta property=\"og:locale\" content=\"hu_HU\" \/>\n<meta property=\"og:type\" content=\"article\" \/>\n<meta property=\"og:title\" content=\"Sushi t\u00e1lca - 190x134x20 mm - PET fekete (Coveris PL) (tet\u0151: 23600014) | Wolt Hungary\" \/>\n<meta property=\"og:description\" content=\"Sushi t\u00e1lca - 190x134x20 mm - PET fekete (Coveris PL) (tet\u0151: 23600014),450 darab\/karton\" \/>\n<meta property=\"og:url\" content=\"https:\/\/wolt-store.com\/hu\/term\u00e9k\/sushi-talca-190-x-134-x-20-mm-pet-fekete-coveris-pl-teto-23600014\/\" \/>\n<meta property=\"og:site_name\" content=\"Wolt Hungary\" \/>\n<meta property=\"article:modified_time\" content=\"2026-05-10T11:04:21+00:00\" \/>\n<meta property=\"og:image\" content=\"https:\/\/wolt-store.com\/hu\/wp-content\/uploads\/sites\/10\/2023\/06\/23600013.jpg\" \/>\n\t<meta property=\"og:image:width\" content=\"2000\" \/>\n\t<meta property=\"og:image:height\" content=\"2000\" \/>\n\t<meta property=\"og:image:type\" content=\"image\/jpeg\" \/>\n<meta name=\"twitter:card\" content=\"summary_large_image\" \/>\n<script type=\"application\/ld+json\" class=\"yoast-schema-graph\">{\"@context\":\"https:\/\/schema.org\",\"@graph\":[{\"@type\":\"WebPage\",\"@id\":\"https:\/\/wolt-store.com\/hu\/term\u00e9k\/sushi-talca-190-x-134-x-20-mm-pet-fekete-coveris-pl-teto-23600014\/\",\"url\":\"https:\/\/wolt-store.com\/hu\/term\u00e9k\/sushi-talca-190-x-134-x-20-mm-pet-fekete-coveris-pl-teto-23600014\/\",\"name\":\"Sushi t\u00e1lca - 190x134x20 mm - PET fekete (Coveris PL) (tet\u0151: 23600014) | Wolt Hungary\",\"isPartOf\":{\"@id\":\"https:\/\/wolt-store.com\/hu\/#website\"},\"primaryImageOfPage\":{\"@id\":\"https:\/\/wolt-store.com\/hu\/term\u00e9k\/sushi-talca-190-x-134-x-20-mm-pet-fekete-coveris-pl-teto-23600014\/#primaryimage\"},\"image\":{\"@id\":\"https:\/\/wolt-store.com\/hu\/term\u00e9k\/sushi-talca-190-x-134-x-20-mm-pet-fekete-coveris-pl-teto-23600014\/#primaryimage\"},\"thumbnailUrl\":\"https:\/\/wolt-store.com\/content\/uploads\/sites\/10\/2023\/06\/23600013.jpg\",\"datePublished\":\"2023-10-06T14:59:37+00:00\",\"dateModified\":\"2026-05-10T11:04:21+00:00\",\"breadcrumb\":{\"@id\":\"https:\/\/wolt-store.com\/hu\/term\u00e9k\/sushi-talca-190-x-134-x-20-mm-pet-fekete-coveris-pl-teto-23600014\/#breadcrumb\"},\"inLanguage\":\"hu\",\"potentialAction\":[{\"@type\":\"ReadAction\",\"target\":[\"https:\/\/wolt-store.com\/hu\/term\u00e9k\/sushi-talca-190-x-134-x-20-mm-pet-fekete-coveris-pl-teto-23600014\/\"]}]},{\"@type\":\"ImageObject\",\"inLanguage\":\"hu\",\"@id\":\"https:\/\/wolt-store.com\/hu\/term\u00e9k\/sushi-talca-190-x-134-x-20-mm-pet-fekete-coveris-pl-teto-23600014\/#primaryimage\",\"url\":\"https:\/\/wolt-store.com\/content\/uploads\/sites\/10\/2023\/06\/23600013.jpg\",\"contentUrl\":\"https:\/\/wolt-store.com\/content\/uploads\/sites\/10\/2023\/06\/23600013.jpg\",\"width\":2000,\"height\":2000},{\"@type\":\"BreadcrumbList\",\"@id\":\"https:\/\/wolt-store.com\/hu\/term\u00e9k\/sushi-talca-190-x-134-x-20-mm-pet-fekete-coveris-pl-teto-23600014\/#breadcrumb\",\"itemListElement\":[{\"@type\":\"ListItem\",\"position\":1,\"name\":\"Home\",\"item\":\"https:\/\/wolt-store.com\/hu\/\"},{\"@type\":\"ListItem\",\"position\":2,\"name\":\"\u00dczlet\",\"item\":\"https:\/\/wolt-store.com\/hu\/uzlet\/\"},{\"@type\":\"ListItem\",\"position\":3,\"name\":\"Sushi t\u00e1lca &#8211; 190x134x20 mm &#8211; PET fekete (Coveris PL) (tet\u0151: 23600014)\"}]},{\"@type\":\"WebSite\",\"@id\":\"https:\/\/wolt-store.com\/hu\/#website\",\"url\":\"https:\/\/wolt-store.com\/hu\/\",\"name\":\"Wolt \u00c9ttermi Csomagol\u00f3anyag Webshop\",\"description\":\"Gyors, megb\u00edzhat\u00f3 \u00e9s olcs\u00f3 \u00e9ttermi csomagol\u00f3anyag-rendel\u00e9s kisz\u00e1ll\u00edt\u00e1shoz, helyben fogyaszt\u00e1shoz a Wolt-t\u00f3l.\",\"publisher\":{\"@id\":\"https:\/\/wolt-store.com\/hu\/#organization\"},\"alternateName\":\"Wolt Vend\u00e9gl\u00e1t\u00f3ipari Csomagol\u00f3anyag Webshop\",\"potentialAction\":[{\"@type\":\"SearchAction\",\"target\":{\"@type\":\"EntryPoint\",\"urlTemplate\":\"https:\/\/wolt-store.com\/hu\/?s={search_term_string}\"},\"query-input\":{\"@type\":\"PropertyValueSpecification\",\"valueRequired\":true,\"valueName\":\"search_term_string\"}}],\"inLanguage\":\"hu\"},{\"@type\":\"Organization\",\"@id\":\"https:\/\/wolt-store.com\/hu\/#organization\",\"name\":\"Wolt \u00c9ttermi Csomagol\u00f3anyag Webshop\",\"alternateName\":\"Wolt \u00c9ttermi Csomagol\u00f3anyag Webshop\",\"url\":\"https:\/\/wolt-store.com\/hu\/\",\"logo\":{\"@type\":\"ImageObject\",\"inLanguage\":\"hu\",\"@id\":\"https:\/\/wolt-store.com\/hu\/#\/schema\/logo\/image\/\",\"url\":\"https:\/\/wolt-store.com\/content\/uploads\/sites\/10\/2023\/02\/wolt-logo.svg\",\"contentUrl\":\"https:\/\/wolt-store.com\/content\/uploads\/sites\/10\/2023\/02\/wolt-logo.svg\",\"caption\":\"Wolt \u00c9ttermi Csomagol\u00f3anyag Webshop\"},\"image\":{\"@id\":\"https:\/\/wolt-store.com\/hu\/#\/schema\/logo\/image\/\"}}]}<\/script>\n<!-- \/ Yoast SEO plugin. -->","yoast_head_json":{"title":"Sushi t\u00e1lca - 190x134x20 mm - PET fekete (Coveris PL) (tet\u0151: 23600014) | Wolt Hungary","robots":{"index":"index","follow":"follow","max-snippet":"max-snippet:-1","max-image-preview":"max-image-preview:large","max-video-preview":"max-video-preview:-1"},"canonical":"https:\/\/wolt-store.com\/hu\/term\u00e9k\/sushi-talca-190-x-134-x-20-mm-pet-fekete-coveris-pl-teto-23600014\/","og_locale":"hu_HU","og_type":"article","og_title":"Sushi t\u00e1lca - 190x134x20 mm - PET fekete (Coveris PL) (tet\u0151: 23600014) | Wolt Hungary","og_description":"Sushi t\u00e1lca - 190x134x20 mm - PET fekete (Coveris PL) (tet\u0151: 23600014),450 darab\/karton","og_url":"https:\/\/wolt-store.com\/hu\/term\u00e9k\/sushi-talca-190-x-134-x-20-mm-pet-fekete-coveris-pl-teto-23600014\/","og_site_name":"Wolt Hungary","article_modified_time":"2026-05-10T11:04:21+00:00","og_image":[{"width":2000,"height":2000,"url":"https:\/\/wolt-store.com\/hu\/wp-content\/uploads\/sites\/10\/2023\/06\/23600013.jpg","type":"image\/jpeg"}],"twitter_card":"summary_large_image","schema":{"@context":"https:\/\/schema.org","@graph":[{"@type":"WebPage","@id":"https:\/\/wolt-store.com\/hu\/term\u00e9k\/sushi-talca-190-x-134-x-20-mm-pet-fekete-coveris-pl-teto-23600014\/","url":"https:\/\/wolt-store.com\/hu\/term\u00e9k\/sushi-talca-190-x-134-x-20-mm-pet-fekete-coveris-pl-teto-23600014\/","name":"Sushi t\u00e1lca - 190x134x20 mm - PET fekete (Coveris PL) (tet\u0151: 23600014) | Wolt Hungary","isPartOf":{"@id":"https:\/\/wolt-store.com\/hu\/#website"},"primaryImageOfPage":{"@id":"https:\/\/wolt-store.com\/hu\/term\u00e9k\/sushi-talca-190-x-134-x-20-mm-pet-fekete-coveris-pl-teto-23600014\/#primaryimage"},"image":{"@id":"https:\/\/wolt-store.com\/hu\/term\u00e9k\/sushi-talca-190-x-134-x-20-mm-pet-fekete-coveris-pl-teto-23600014\/#primaryimage"},"thumbnailUrl":"https:\/\/wolt-store.com\/content\/uploads\/sites\/10\/2023\/06\/23600013.jpg","datePublished":"2023-10-06T14:59:37+00:00","dateModified":"2026-05-10T11:04:21+00:00","breadcrumb":{"@id":"https:\/\/wolt-store.com\/hu\/term\u00e9k\/sushi-talca-190-x-134-x-20-mm-pet-fekete-coveris-pl-teto-23600014\/#breadcrumb"},"inLanguage":"hu","potentialAction":[{"@type":"ReadAction","target":["https:\/\/wolt-store.com\/hu\/term\u00e9k\/sushi-talca-190-x-134-x-20-mm-pet-fekete-coveris-pl-teto-23600014\/"]}]},{"@type":"ImageObject","inLanguage":"hu","@id":"https:\/\/wolt-store.com\/hu\/term\u00e9k\/sushi-talca-190-x-134-x-20-mm-pet-fekete-coveris-pl-teto-23600014\/#primaryimage","url":"https:\/\/wolt-store.com\/content\/uploads\/sites\/10\/2023\/06\/23600013.jpg","contentUrl":"https:\/\/wolt-store.com\/content\/uploads\/sites\/10\/2023\/06\/23600013.jpg","width":2000,"height":2000},{"@type":"BreadcrumbList","@id":"https:\/\/wolt-store.com\/hu\/term\u00e9k\/sushi-talca-190-x-134-x-20-mm-pet-fekete-coveris-pl-teto-23600014\/#breadcrumb","itemListElement":[{"@type":"ListItem","position":1,"name":"Home","item":"https:\/\/wolt-store.com\/hu\/"},{"@type":"ListItem","position":2,"name":"\u00dczlet","item":"https:\/\/wolt-store.com\/hu\/uzlet\/"},{"@type":"ListItem","position":3,"name":"Sushi t\u00e1lca &#8211; 190x134x20 mm &#8211; PET fekete (Coveris PL) (tet\u0151: 23600014)"}]},{"@type":"WebSite","@id":"https:\/\/wolt-store.com\/hu\/#website","url":"https:\/\/wolt-store.com\/hu\/","name":"Wolt \u00c9ttermi Csomagol\u00f3anyag Webshop","description":"Gyors, megb\u00edzhat\u00f3 \u00e9s olcs\u00f3 \u00e9ttermi csomagol\u00f3anyag-rendel\u00e9s kisz\u00e1ll\u00edt\u00e1shoz, helyben fogyaszt\u00e1shoz a Wolt-t\u00f3l.","publisher":{"@id":"https:\/\/wolt-store.com\/hu\/#organization"},"alternateName":"Wolt Vend\u00e9gl\u00e1t\u00f3ipari Csomagol\u00f3anyag Webshop","potentialAction":[{"@type":"SearchAction","target":{"@type":"EntryPoint","urlTemplate":"https:\/\/wolt-store.com\/hu\/?s={search_term_string}"},"query-input":{"@type":"PropertyValueSpecification","valueRequired":true,"valueName":"search_term_string"}}],"inLanguage":"hu"},{"@type":"Organization","@id":"https:\/\/wolt-store.com\/hu\/#organization","name":"Wolt \u00c9ttermi Csomagol\u00f3anyag Webshop","alternateName":"Wolt \u00c9ttermi Csomagol\u00f3anyag Webshop","url":"https:\/\/wolt-store.com\/hu\/","logo":{"@type":"ImageObject","inLanguage":"hu","@id":"https:\/\/wolt-store.com\/hu\/#\/schema\/logo\/image\/","url":"https:\/\/wolt-store.com\/content\/uploads\/sites\/10\/2023\/02\/wolt-logo.svg","contentUrl":"https:\/\/wolt-store.com\/content\/uploads\/sites\/10\/2023\/02\/wolt-logo.svg","caption":"Wolt \u00c9ttermi Csomagol\u00f3anyag Webshop"},"image":{"@id":"https:\/\/wolt-store.com\/hu\/#\/schema\/logo\/image\/"}}]}},"uagb_featured_image_src":{"full":["https:\/\/wolt-store.com\/content\/uploads\/sites\/10\/2023\/06\/23600013.jpg",2000,2000,false],"thumbnail":["https:\/\/wolt-store.com\/content\/uploads\/sites\/10\/2023\/06\/23600013-150x150.jpg",150,150,true],"medium":["https:\/\/wolt-store.com\/content\/uploads\/sites\/10\/2023\/06\/23600013-300x300.jpg",300,300,true],"medium_large":["https:\/\/wolt-store.com\/content\/uploads\/sites\/10\/2023\/06\/23600013-768x768.jpg",768,768,true],"large":["https:\/\/wolt-store.com\/content\/uploads\/sites\/10\/2023\/06\/23600013-1024x1024.jpg",1024,1024,true],"1536x1536":["https:\/\/wolt-store.com\/content\/uploads\/sites\/10\/2023\/06\/23600013-1536x1536.jpg",1536,1536,true],"2048x2048":["https:\/\/wolt-store.com\/content\/uploads\/sites\/10\/2023\/06\/23600013.jpg",2000,2000,false],"post-thumbnail":["https:\/\/wolt-store.com\/content\/uploads\/sites\/10\/2023\/06\/23600013-480x360.jpg",480,360,true],"gform-image-choice-sm":["https:\/\/wolt-store.com\/content\/uploads\/sites\/10\/2023\/06\/23600013.jpg",300,300,false],"gform-image-choice-md":["https:\/\/wolt-store.com\/content\/uploads\/sites\/10\/2023\/06\/23600013.jpg",400,400,false],"gform-image-choice-lg":["https:\/\/wolt-store.com\/content\/uploads\/sites\/10\/2023\/06\/23600013.jpg",600,600,false],"woocommerce_thumbnail":["https:\/\/wolt-store.com\/content\/uploads\/sites\/10\/2023\/06\/23600013-300x300.jpg",300,300,true],"woocommerce_single":["https:\/\/wolt-store.com\/content\/uploads\/sites\/10\/2023\/06\/23600013-600x600.jpg",600,600,true],"woocommerce_gallery_thumbnail":["https:\/\/wolt-store.com\/content\/uploads\/sites\/10\/2023\/06\/23600013-300x300.jpg",250,250,true],"dgwt-wcas-product-suggestion":["https:\/\/wolt-store.com\/content\/uploads\/sites\/10\/2023\/06\/23600013-64x64.jpg",64,64,true]},"uagb_author_info":{"display_name":"maksimer","author_link":"https:\/\/wolt-store.com\/hu\/author\/"},"uagb_comment_info":0,"uagb_excerpt":"Sushi t\u00e1lca - 190x134x20 mm - PET fekete (Coveris PL) (tet\u0151: 23600014),450 darab\/karton","_links":{"self":[{"href":"https:\/\/wolt-store.com\/hu\/wp-json\/wp\/v2\/product\/3888","targetHints":{"allow":["GET"]}}],"collection":[{"href":"https:\/\/wolt-store.com\/hu\/wp-json\/wp\/v2\/product"}],"about":[{"href":"https:\/\/wolt-store.com\/hu\/wp-json\/wp\/v2\/types\/product"}],"wp:featuredmedia":[{"embeddable":true,"href":"https:\/\/wolt-store.com\/hu\/wp-json\/wp\/v2\/media\/2912"}],"wp:attachment":[{"href":"https:\/\/wolt-store.com\/hu\/wp-json\/wp\/v2\/media?parent=3888"}],"wp:term":[{"taxonomy":"product_brand","embeddable":true,"href":"https:\/\/wolt-store.com\/hu\/wp-json\/wp\/v2\/product_brand?post=3888"},{"taxonomy":"product_cat","embeddable":true,"href":"https:\/\/wolt-store.com\/hu\/wp-json\/wp\/v2\/product_cat?post=3888"},{"taxonomy":"product_tag","embeddable":true,"href":"https:\/\/wolt-store.com\/hu\/wp-json\/wp\/v2\/product_tag?post=3888"}],"curies":[{"name":"wp","href":"https:\/\/api.w.org\/{rel}","templated":true}]}}