{"id":1439,"date":"2023-03-14T13:52:01","date_gmt":"2023-03-14T12:52:01","guid":{"rendered":"https:\/\/wolt-store.com\/pl\/?page_id=1439"},"modified":"2024-09-05T13:09:56","modified_gmt":"2024-09-05T11:09:56","slug":"sustainable-packaging","status":"publish","type":"page","link":"https:\/\/wolt-store.com\/pl\/sustainable-packaging\/","title":{"rendered":"Zr\u00f3wnowa\u017cone opakowania"},"content":{"rendered":"\n<div style=\"height:15px\" aria-hidden=\"true\" class=\"wp-block-spacer\"><\/div>\n\n\n\n<h2 class=\"wp-block-heading has-text-align-center\">Zr\u00f3wnowa\u017cone opakowania<\/h2>\n\n\n\n<p>Nasz\u0105 misj\u0105 w Wolt zawsze by\u0142o czynienie miast lepszymi miejscami do \u017cycia, a to oznacza podejmowanie wysi\u0142k\u00f3w w celu zmniejszenia ilo\u015bci odpad\u00f3w tam, gdzie to mo\u017cliwe.<\/p>\n\n\n\n<p>Obecnie opakowania jednorazowego u\u017cytku stanowi\u0105 wi\u0119kszo\u015b\u0107 naszych zam\u00f3wie\u0144, a to oznacza, \u017ce mamy wiele do zrobienia, aby spe\u0142ni\u0107 nasz\u0105 obietnic\u0119. Ci\u0119\u017cko pracujemy nad wprowadzeniem i wspieraniem program\u00f3w opakowa\u0144 wielokrotnego u\u017cytku wsz\u0119dzie tam, gdzie to mo\u017cliwe, ale dop\u00f3ki programy te nie osi\u0105gn\u0105 skali, a nawet gdy to nast\u0105pi, zawsze b\u0119dziemy musieli u\u017cywa\u0107 niewielkiej ilo\u015bci pojemnik\u00f3w jednorazowych.<\/p>\n\n\n\n<p>Jako pierwsi przyznajemy, \u017ce nasze rozwi\u0105zanie nie jest idealne i \u017ce gdyby\u015bmy mieli magiczn\u0105 r\u00f3\u017cd\u017ck\u0119, prawdopodobnie w og\u00f3le nie u\u017cywaliby\u015bmy opakowa\u0144. Ale jedzenie pad-thai palcami te\u017c nie jest realistyczne, wi\u0119c rozpocz\u0119li\u015bmy t\u0119 podr\u00f3\u017c z przekonaniem, \u017ce zajmie to troch\u0119 czasu i \u017ce musimy zacz\u0105\u0107 ju\u017c teraz. Ekologiczne opakowania s\u0105 g\u0142\u00f3wnym filarem naszej Woltowej dzia\u0142alno\u015bci i jednym z obszar\u00f3w, co do kt\u00f3rych podchodzimy z ekscytacj\u0105.<\/p>\n\n\n\n<div style=\"height:25px\" aria-hidden=\"true\" class=\"wp-block-spacer\"><\/div>\n\n\n\n<p class=\"has-text-align-center has-large-font-size\"><\/p>\n\n\n\n<div class=\"wp-block-cover alignfull is-light is-style-default is-layout-flow wp-block-cover-is-layout-flow\" style=\"min-height:587px;aspect-ratio:unset;\"><span aria-hidden=\"true\" class=\"wp-block-cover__background has-background-dim-0 has-background-dim\"><\/span><img loading=\"lazy\" decoding=\"async\" width=\"1920\" height=\"1231\" class=\"wp-block-cover__image-background wp-image-1814\" alt=\"\" src=\"https:\/\/wolt-store.com\/content\/uploads\/sites\/25\/2023\/04\/shutterstock_1686280732__1_.webp\" style=\"object-position:50% 80%\" data-object-fit=\"cover\" data-object-position=\"50% 80%\" srcset=\"https:\/\/wolt-store.com\/content\/uploads\/sites\/25\/2023\/04\/shutterstock_1686280732__1_.webp 1920w, https:\/\/wolt-store.com\/content\/uploads\/sites\/25\/2023\/04\/shutterstock_1686280732__1_-300x192.webp 300w, https:\/\/wolt-store.com\/content\/uploads\/sites\/25\/2023\/04\/shutterstock_1686280732__1_-1024x657.webp 1024w, https:\/\/wolt-store.com\/content\/uploads\/sites\/25\/2023\/04\/shutterstock_1686280732__1_-768x492.webp 768w, https:\/\/wolt-store.com\/content\/uploads\/sites\/25\/2023\/04\/shutterstock_1686280732__1_-1536x985.webp 1536w, https:\/\/wolt-store.com\/content\/uploads\/sites\/25\/2023\/04\/shutterstock_1686280732__1_-600x385.webp 600w, https:\/\/wolt-store.com\/content\/uploads\/sites\/25\/2023\/04\/shutterstock_1686280732__1_-64x41.webp 64w\" sizes=\"auto, (max-width: 1920px) 100vw, 1920px\" \/><div class=\"wp-block-cover__inner-container\"><\/div><\/div>\n\n\n\n<h2 class=\"wp-block-heading has-text-align-center\"><strong>Czym dok\u0142adnie jest zr\u00f3wnowa\u017cone opakowanie?<\/strong><\/h2>\n\n\n\n<p class=\"has-text-align-center\" style=\"margin-top:var(--wp--preset--spacing--60);margin-right:var(--wp--preset--spacing--60);margin-bottom:var(--wp--preset--spacing--60);margin-left:var(--wp--preset--spacing--60)\"><br>To skomplikowane. Tak naprawd\u0119 nie ma oficjalnej definicji tego, co jest zr\u00f3wnowa\u017cone, a co nie, a rzeczywisto\u015b\u0107 jest taka, \u017ce to, jak ekologiczny jest pojemnik, zale\u017cy od wielu czynnik\u00f3w. Wa\u017cne s\u0105 takie kwestie jak miejsce i spos\u00f3b jego wykonania, materia\u0142y, z kt\u00f3rych jest wykonany, spos\u00f3b jego u\u017cytkowania i to, co si\u0119 z nim dzieje, gdy jest usuwany. Istniej\u0105 jednak pewne kluczowe elementy, kt\u00f3re sprawiaj\u0105, \u017ce opakowania s\u0105 lepsze.<br><br>Dlatego w Wolt uwa\u017camy, \u017ce opakowanie mo\u017ce by\u0107 uznane za \u201ezr\u00f3wnowa\u017cone\u201d, je\u015bli spe\u0142nia minimum jeden z trzech poni\u017cszych scenariuszy:<\/p>\n\n\n\n<figure class=\"wp-block-gallery has-nested-images columns-default is-cropped uag-masonry uagb-block-07767d9b wp-block-gallery-1 is-layout-flex wp-block-gallery-is-layout-flex\">\n<figure class=\"wp-block-image size-full\"><img loading=\"lazy\" decoding=\"async\" width=\"728\" height=\"546\" data-id=\"1839\" src=\"https:\/\/wolt-store.com\/content\/uploads\/sites\/25\/2023\/04\/image-edited.webp\" alt=\"\" class=\"wp-image-1839\" srcset=\"https:\/\/wolt-store.com\/content\/uploads\/sites\/25\/2023\/04\/image-edited.webp 728w, https:\/\/wolt-store.com\/content\/uploads\/sites\/25\/2023\/04\/image-edited-300x225.webp 300w, https:\/\/wolt-store.com\/content\/uploads\/sites\/25\/2023\/04\/image-edited-480x360.webp 480w, https:\/\/wolt-store.com\/content\/uploads\/sites\/25\/2023\/04\/image-edited-600x450.webp 600w, https:\/\/wolt-store.com\/content\/uploads\/sites\/25\/2023\/04\/image-edited-64x48.webp 64w\" sizes=\"auto, (max-width: 728px) 100vw, 728px\" \/><figcaption class=\"wp-element-caption\"><strong>Jest opakowaniem wielokrotnego u\u017cytku<\/strong><\/figcaption><\/figure>\n\n\n\n<figure class=\"wp-block-image size-full\"><img loading=\"lazy\" decoding=\"async\" width=\"639\" height=\"479\" data-id=\"1841\" src=\"https:\/\/wolt-store.com\/content\/uploads\/sites\/25\/2023\/04\/image-1-edited.webp\" alt=\"\" class=\"wp-image-1841\" srcset=\"https:\/\/wolt-store.com\/content\/uploads\/sites\/25\/2023\/04\/image-1-edited.webp 639w, https:\/\/wolt-store.com\/content\/uploads\/sites\/25\/2023\/04\/image-1-edited-300x225.webp 300w, https:\/\/wolt-store.com\/content\/uploads\/sites\/25\/2023\/04\/image-1-edited-480x360.webp 480w, https:\/\/wolt-store.com\/content\/uploads\/sites\/25\/2023\/04\/image-1-edited-600x450.webp 600w, https:\/\/wolt-store.com\/content\/uploads\/sites\/25\/2023\/04\/image-1-edited-64x48.webp 64w\" sizes=\"auto, (max-width: 639px) 100vw, 639px\" \/><figcaption class=\"wp-element-caption\"><strong>Nadaje si\u0119 do recyklingu<br><\/strong><\/figcaption><\/figure>\n\n\n\n<figure class=\"wp-block-image size-large is-style-default\"><img decoding=\"async\" src=\"https:\/\/images.ctfassets.net\/23u853certza\/2tyUxzDZQq6KFb2aE0kKgy\/4e684c6e6d917abe27d2c14b0f2b2a7a\/Bamboo_forest_Taiwan.jpg?w=1200&amp;q=75&amp;fm=webp\" alt=\"\" \/><figcaption class=\"wp-element-caption\"><strong>Pochodzi z odnawialnych i odpowiedzialnych \u017ar\u00f3de\u0142 energi<\/strong>i<\/figcaption><\/figure>\n<\/figure>\n\n\n\n<p class=\"has-text-align-center\" style=\"margin-top:var(--wp--preset--spacing--60);margin-right:var(--wp--preset--spacing--60);margin-bottom:var(--wp--preset--spacing--60);margin-left:var(--wp--preset--spacing--60);padding-top:0;padding-right:0;padding-bottom:0;padding-left:0\">Chocia\u017c w pe\u0142ni wierzymy, \u017ce produkty powlekane &#8211; np. opakowania papierowe z cienk\u0105 warstw\u0105 pow\u0142oki wewn\u0105trz &#8211; s\u0105 przydatne, poniewa\u017c pomagaj\u0105 zapobiega\u0107 wyciekaniu sk\u0142adnik\u00f3w i sos\u00f3w przez opakowania, nauka o tym, czy produkty te s\u0105 rzeczywi\u015bcie bardziej ekologiczne, jest wci\u0105\u017c nieco rozmyta. Istnieje wiele r\u00f3\u017cnych rodzaj\u00f3w pow\u0142ok &#8211; niekt\u00f3re oparte na tworzywach sztucznych, a inne biodegradowalne, ale ostatecznie produkty powlekane musz\u0105 by\u0107 wyrzucane do \u015bmieci i nie mog\u0105 by\u0107 poddane recyklingowi. W oparciu o te informacje uwa\u017camy, \u017ce produkty powlekane nie powinny by\u0107 uwzgl\u0119dniane w naszej definicji \u201ezr\u00f3wnowa\u017conych opakowa\u0144\u201d.<\/p>\n\n\n\n<div class=\"wp-block-media-text alignwide has-media-on-the-right is-stacked-on-mobile is-style-default has-primary-background-color has-background\" style=\"margin-top:var(--wp--preset--spacing--30);margin-right:var(--wp--preset--spacing--30);margin-bottom:var(--wp--preset--spacing--30);margin-left:var(--wp--preset--spacing--30);padding-top:var(--wp--preset--spacing--50);padding-right:var(--wp--preset--spacing--50);padding-bottom:var(--wp--preset--spacing--50);padding-left:var(--wp--preset--spacing--50)\"><div class=\"wp-block-media-text__content\">\n<h2 class=\"wp-block-heading\">Pom\u00f3\u017c nam zamkn\u0105\u0107 obieg dzi\u0119ki opakowaniom wielokrotnego u\u017cytku ju\u017c dzi\u015b<\/h2>\n\n\n\n<p>Opakowania wielokrotnego u\u017cytku &#8211; pojemniki, kt\u00f3re mo\u017cna ponownie wykorzysta\u0107 co najmniej 50 razy &#8211; mog\u0105 by\u0107 jednoro\u017ccem \u015bwiata opakowa\u0144. Poniewa\u017c codziennie pojawiaj\u0105 si\u0119 nowe programy i przepisy prawne, nawi\u0105zali\u015bmy wsp\u00f3\u0142prac\u0119 z dostawcami zr\u00f3wnowa\u017conych opakowa\u0144, aby pom\u00f3c naszym partnerom restauracyjnym znale\u017a\u0107 opakowania odpowiednie dla nich. Poniewa\u017c ekologiczna przysz\u0142o\u015b\u0107 to przysz\u0142o\u015b\u0107 w obiegu zamkni\u0119tym.<\/p>\n\n\n\n<p>Dowiedz si\u0119 wi\u0119cej o niekt\u00f3rych z naszych globalnych partner\u00f3w poni\u017cej.<\/p>\n<\/div><figure class=\"wp-block-media-text__media\"><img loading=\"lazy\" decoding=\"async\" width=\"740\" height=\"494\" src=\"https:\/\/wolt-store.com\/content\/uploads\/sites\/25\/2023\/04\/29db73_bdfcb0e694ad4675bc73fa5cc04acf09mv2.webp\" alt=\"\" class=\"wp-image-1857 size-full\" srcset=\"https:\/\/wolt-store.com\/content\/uploads\/sites\/25\/2023\/04\/29db73_bdfcb0e694ad4675bc73fa5cc04acf09mv2.webp 740w, https:\/\/wolt-store.com\/content\/uploads\/sites\/25\/2023\/04\/29db73_bdfcb0e694ad4675bc73fa5cc04acf09mv2-300x200.webp 300w, https:\/\/wolt-store.com\/content\/uploads\/sites\/25\/2023\/04\/29db73_bdfcb0e694ad4675bc73fa5cc04acf09mv2-600x401.webp 600w, https:\/\/wolt-store.com\/content\/uploads\/sites\/25\/2023\/04\/29db73_bdfcb0e694ad4675bc73fa5cc04acf09mv2-64x43.webp 64w\" sizes=\"auto, (max-width: 740px) 100vw, 740px\" \/><\/figure><\/div>\n\n\n\n<figure class=\"wp-block-gallery has-nested-images columns-5 uag-masonry uagb-block-c7507368 wp-block-gallery-2 is-layout-flex wp-block-gallery-is-layout-flex\">\n<figure class=\"wp-block-image size-full\"><img loading=\"lazy\" decoding=\"async\" width=\"331\" height=\"152\" data-id=\"1881\" src=\"https:\/\/wolt-store.com\/content\/uploads\/sites\/25\/2023\/04\/download.png\" alt=\"\" class=\"wp-image-1881\" srcset=\"https:\/\/wolt-store.com\/content\/uploads\/sites\/25\/2023\/04\/download.png 331w, https:\/\/wolt-store.com\/content\/uploads\/sites\/25\/2023\/04\/download-300x138.png 300w, https:\/\/wolt-store.com\/content\/uploads\/sites\/25\/2023\/04\/download-64x29.png 64w\" sizes=\"auto, (max-width: 331px) 100vw, 331px\" \/><\/figure>\n\n\n\n<figure class=\"wp-block-image size-large\"><img loading=\"lazy\" decoding=\"async\" width=\"1024\" height=\"547\" data-id=\"1883\" src=\"https:\/\/wolt-store.com\/content\/uploads\/sites\/25\/2023\/04\/OPA_Logo__1_-1024x547.png\" alt=\"\" class=\"wp-image-1883\" srcset=\"https:\/\/wolt-store.com\/content\/uploads\/sites\/25\/2023\/04\/OPA_Logo__1_-1024x547.png 1024w, https:\/\/wolt-store.com\/content\/uploads\/sites\/25\/2023\/04\/OPA_Logo__1_-300x160.png 300w, https:\/\/wolt-store.com\/content\/uploads\/sites\/25\/2023\/04\/OPA_Logo__1_-768x410.png 768w, https:\/\/wolt-store.com\/content\/uploads\/sites\/25\/2023\/04\/OPA_Logo__1_-1536x820.png 1536w, https:\/\/wolt-store.com\/content\/uploads\/sites\/25\/2023\/04\/OPA_Logo__1_-2048x1094.png 2048w, https:\/\/wolt-store.com\/content\/uploads\/sites\/25\/2023\/04\/OPA_Logo__1_-600x320.png 600w, https:\/\/wolt-store.com\/content\/uploads\/sites\/25\/2023\/04\/OPA_Logo__1_-64x34.png 64w\" sizes=\"auto, (max-width: 1024px) 100vw, 1024px\" \/><\/figure>\n\n\n\n<figure class=\"wp-block-image size-large is-style-default\"><img loading=\"lazy\" decoding=\"async\" width=\"1024\" height=\"372\" data-id=\"1890\" src=\"https:\/\/wolt-store.com\/content\/uploads\/sites\/25\/2023\/04\/logo_musta-1024x372.png\" alt=\"\" class=\"wp-image-1890\" srcset=\"https:\/\/wolt-store.com\/content\/uploads\/sites\/25\/2023\/04\/logo_musta-1024x372.png 1024w, https:\/\/wolt-store.com\/content\/uploads\/sites\/25\/2023\/04\/logo_musta-300x109.png 300w, https:\/\/wolt-store.com\/content\/uploads\/sites\/25\/2023\/04\/logo_musta-768x279.png 768w, https:\/\/wolt-store.com\/content\/uploads\/sites\/25\/2023\/04\/logo_musta-1536x557.png 1536w, https:\/\/wolt-store.com\/content\/uploads\/sites\/25\/2023\/04\/logo_musta-2048x743.png 2048w, https:\/\/wolt-store.com\/content\/uploads\/sites\/25\/2023\/04\/logo_musta-600x218.png 600w, https:\/\/wolt-store.com\/content\/uploads\/sites\/25\/2023\/04\/logo_musta-64x23.png 64w\" sizes=\"auto, (max-width: 1024px) 100vw, 1024px\" \/><\/figure>\n\n\n\n<figure class=\"wp-block-image size-full\"><img loading=\"lazy\" decoding=\"async\" width=\"400\" height=\"225\" data-id=\"1887\" src=\"https:\/\/wolt-store.com\/content\/uploads\/sites\/25\/2023\/04\/logo_megloo__1_-edited.png\" alt=\"\" class=\"wp-image-1887\" srcset=\"https:\/\/wolt-store.com\/content\/uploads\/sites\/25\/2023\/04\/logo_megloo__1_-edited.png 400w, https:\/\/wolt-store.com\/content\/uploads\/sites\/25\/2023\/04\/logo_megloo__1_-edited-300x169.png 300w, https:\/\/wolt-store.com\/content\/uploads\/sites\/25\/2023\/04\/logo_megloo__1_-edited-64x36.png 64w\" sizes=\"auto, (max-width: 400px) 100vw, 400px\" \/><\/figure>\n\n\n\n<figure class=\"wp-block-image size-full\"><img loading=\"lazy\" decoding=\"async\" width=\"400\" height=\"200\" data-id=\"1889\" src=\"https:\/\/wolt-store.com\/content\/uploads\/sites\/25\/2023\/04\/New_Loop_Logo__1_.png\" alt=\"\" class=\"wp-image-1889\" srcset=\"https:\/\/wolt-store.com\/content\/uploads\/sites\/25\/2023\/04\/New_Loop_Logo__1_.png 400w, https:\/\/wolt-store.com\/content\/uploads\/sites\/25\/2023\/04\/New_Loop_Logo__1_-300x150.png 300w, https:\/\/wolt-store.com\/content\/uploads\/sites\/25\/2023\/04\/New_Loop_Logo__1_-64x32.png 64w\" sizes=\"auto, (max-width: 400px) 100vw, 400px\" \/><\/figure>\n<\/figure>\n","protected":false},"excerpt":{"rendered":"<p>Zr\u00f3wnowa\u017cone opakowania Nasz\u0105 misj\u0105 w Wolt zawsze by\u0142o czynienie miast lepszymi miejscami do \u017cycia, a to oznacza podejmowanie wysi\u0142k\u00f3w w celu zmniejszenia ilo\u015bci odpad\u00f3w tam, gdzie to mo\u017cliwe. Obecnie opakowania jednorazowego u\u017cytku stanowi\u0105 wi\u0119kszo\u015b\u0107 naszych zam\u00f3wie\u0144, a to oznacza, \u017ce mamy wiele do zrobienia, aby spe\u0142ni\u0107 nasz\u0105 obietnic\u0119. Ci\u0119\u017cko pracujemy nad wprowadzeniem i wspieraniem program\u00f3w [&hellip;]<\/p>\n","protected":false},"author":4,"featured_media":0,"parent":0,"menu_order":0,"comment_status":"closed","ping_status":"closed","template":"","meta":{"_acf_changed":false,"_uag_custom_page_level_css":"","_editorskit_title_hidden":false,"_editorskit_reading_time":0,"_editorskit_is_block_options_detached":false,"_editorskit_block_options_position":"{}","site-sidebar-layout":"default","site-content-layout":"","ast-site-content-layout":"default","site-content-style":"default","site-sidebar-style":"default","ast-global-header-display":"","ast-banner-title-visibility":"","ast-main-header-display":"","ast-hfb-above-header-display":"","ast-hfb-below-header-display":"","ast-hfb-mobile-header-display":"","site-post-title":"disabled","ast-breadcrumbs-content":"","ast-featured-img":"","footer-sml-layout":"","ast-disable-related-posts":"","theme-transparent-header-meta":"","adv-header-id-meta":"","stick-header-meta":"","header-above-stick-meta":"","header-main-stick-meta":"","header-below-stick-meta":"","astra-migrate-meta-layouts":"set","ast-page-background-enabled":"default","ast-page-background-meta":{"desktop":{"background-color":"var(--ast-global-color-4)","background-image":"","background-repeat":"repeat","background-position":"center center","background-size":"auto","background-attachment":"scroll","background-type":"","background-media":"","overlay-type":"","overlay-color":"","overlay-opacity":"","overlay-gradient":""},"tablet":{"background-color":"","background-image":"","background-repeat":"repeat","background-position":"center center","background-size":"auto","background-attachment":"scroll","background-type":"","background-media":"","overlay-type":"","overlay-color":"","overlay-opacity":"","overlay-gradient":""},"mobile":{"background-color":"","background-image":"","background-repeat":"repeat","background-position":"center center","background-size":"auto","background-attachment":"scroll","background-type":"","background-media":"","overlay-type":"","overlay-color":"","overlay-opacity":"","overlay-gradient":""}},"ast-content-background-meta":{"desktop":{"background-color":"var(--ast-global-color-5)","background-image":"","background-repeat":"repeat","background-position":"center center","background-size":"auto","background-attachment":"scroll","background-type":"","background-media":"","overlay-type":"","overlay-color":"","overlay-opacity":"","overlay-gradient":""},"tablet":{"background-color":"var(--ast-global-color-5)","background-image":"","background-repeat":"repeat","background-position":"center center","background-size":"auto","background-attachment":"scroll","background-type":"","background-media":"","overlay-type":"","overlay-color":"","overlay-opacity":"","overlay-gradient":""},"mobile":{"background-color":"var(--ast-global-color-5)","background-image":"","background-repeat":"repeat","background-position":"center center","background-size":"auto","background-attachment":"scroll","background-type":"","background-media":"","overlay-type":"","overlay-color":"","overlay-opacity":"","overlay-gradient":""}},"footnotes":""},"class_list":["post-1439","page","type-page","status-publish","hentry"],"acf":[],"uagb_featured_image_src":{"full":false,"thumbnail":false,"medium":false,"medium_large":false,"large":false,"1536x1536":false,"2048x2048":false,"post-thumbnail":false,"gform-image-choice-sm":false,"gform-image-choice-md":false,"gform-image-choice-lg":false,"woocommerce_thumbnail":false,"woocommerce_single":false,"woocommerce_gallery_thumbnail":false,"dgwt-wcas-product-suggestion":false},"uagb_author_info":{"display_name":"christianmathy","author_link":"https:\/\/wolt-store.com\/pl\/author\/christianmathy\/"},"uagb_comment_info":0,"uagb_excerpt":"Zr\u00f3wnowa\u017cone opakowania Nasz\u0105 misj\u0105 w Wolt zawsze by\u0142o czynienie miast lepszymi miejscami do \u017cycia, a to oznacza podejmowanie wysi\u0142k\u00f3w w celu zmniejszenia ilo\u015bci odpad\u00f3w tam, gdzie to mo\u017cliwe. Obecnie opakowania jednorazowego u\u017cytku stanowi\u0105 wi\u0119kszo\u015b\u0107 naszych zam\u00f3wie\u0144, a to oznacza, \u017ce mamy wiele do zrobienia, aby spe\u0142ni\u0107 nasz\u0105 obietnic\u0119. Ci\u0119\u017cko pracujemy nad wprowadzeniem i wspieraniem program\u00f3w&hellip;","_links":{"self":[{"href":"https:\/\/wolt-store.com\/pl\/wp-json\/wp\/v2\/pages\/1439","targetHints":{"allow":["GET"]}}],"collection":[{"href":"https:\/\/wolt-store.com\/pl\/wp-json\/wp\/v2\/pages"}],"about":[{"href":"https:\/\/wolt-store.com\/pl\/wp-json\/wp\/v2\/types\/page"}],"author":[{"embeddable":true,"href":"https:\/\/wolt-store.com\/pl\/wp-json\/wp\/v2\/users\/4"}],"replies":[{"embeddable":true,"href":"https:\/\/wolt-store.com\/pl\/wp-json\/wp\/v2\/comments?post=1439"}],"version-history":[{"count":3,"href":"https:\/\/wolt-store.com\/pl\/wp-json\/wp\/v2\/pages\/1439\/revisions"}],"predecessor-version":[{"id":2801,"href":"https:\/\/wolt-store.com\/pl\/wp-json\/wp\/v2\/pages\/1439\/revisions\/2801"}],"wp:attachment":[{"href":"https:\/\/wolt-store.com\/pl\/wp-json\/wp\/v2\/media?parent=1439"}],"curies":[{"name":"wp","href":"https:\/\/api.w.org\/{rel}","templated":true}]}}