{"id":337,"date":"2023-02-15T07:54:50","date_gmt":"2023-02-15T07:54:50","guid":{"rendered":"https:\/\/wolt-store.com\/pl\/?page_id=337"},"modified":"2024-03-25T15:52:53","modified_gmt":"2024-03-25T14:52:53","slug":"faq","status":"publish","type":"page","link":"https:\/\/wolt-store.com\/pl\/faq\/","title":{"rendered":"FAQ"},"content":{"rendered":"\n<p class=\"has-text-align-justify\"><strong>Co je\u015bli produktu nie ma w magazynie?<\/strong><br>Istniej\u0105 dwa powody, dla kt\u00f3rych produkt mo\u017ce by\u0107 niedost\u0119pny: <br>1. Produkty zosta\u0142 wycofany i zostanie zast\u0105piony podobnym produktem. <br>2. Produkt jest aktualnie wyprzedany i czekamy na uzupe\u0142nienie magazynu. Je\u015bli nie mo\u017cesz znale\u017a\u0107 po\u017c\u0105danego produktu lub odpowiedniej alternatywy, skontaktuj si\u0119 z nami, a my postaramy si\u0119 pom\u00f3c z Twoim zam\u00f3wieniem.<\/p>\n\n\n\n<p class=\"has-text-align-justify\"><strong>Ile czasu trzeba czeka\u0107 na przesy\u0142k\u0119?<br><\/strong>Standardowy czas wysy\u0142ki wynosi od 3 do 5 dni. Wi\u0119cej szczeg\u00f3\u0142\u00f3w znajdziesz w naszych warunkach wysy\u0142ki.<\/p>\n\n\n\n<p class=\"has-text-align-justify\"><strong>Jak otrzyma\u0107 faktur\u0119?<\/strong><br>Faktur\u0119 otrzymasz automatycznie drog\u0105 e-mailow\u0105. Gdy tylko towar zostanie wys\u0142any, otrzymasz powiadomienie o wysy\u0142ce poczt\u0105. Twoja faktura zostanie za\u0142\u0105czona do wiadomo\u015bci w formacie PDF.<\/p>\n\n\n\n<p class=\"has-text-align-justify\"><strong>Co zrobi\u0107, je\u015bli zapomnia\u0142em danych logowania?<br><\/strong>Je\u015bli zapomnia\u0142e\u015b has\u0142a, przejd\u017a do sekcji logowania na stronie internetowej, gdzie klikaj\u0105c opcj\u0119: &#8220;Nie pami\u0119tasz has\u0142a?&#8221; pozwoli Ci na przywr\u00f3cenie konta.<br>Po wprowadzeniu nazwy u\u017cytkownika lub adresu e-mail otrzymasz wiadomo\u015b\u0107 e-mail, kt\u00f3ra przeprowadzi Ci\u0119 przez proces ustawiania nowego has\u0142a.<\/p>\n\n\n\n<p class=\"has-text-align-justify\"><strong>Czy mog\u0119 anulowa\u0107\/zmodyfikowa\u0107 swoje zam\u00f3wienie?<\/strong><br>Niestety nie mo\u017cemy anulowa\u0107\/modyfikowa\u0107 Twojego zam\u00f3wienia po jego z\u0142o\u017ceniu. Powodem tego jest fakt, \u017ce jako Wolt sami nie realizujemy zam\u00f3wie\u0144. Zam\u00f3wienie trafia w czasie rzeczywistym do firmy, kt\u00f3ra natychmiast realizuje zam\u00f3wienie. W ten spos\u00f3b mo\u017cemy Ci bardzo szybk\u0105 dostaw\u0119, ale z drugiej strony nie mo\u017cemy pozwoli\u0107 na anulowanie zam\u00f3wienia, poniewa\u017c zam\u00f3wienie mo\u017ce by\u0107 ju\u017c odebrane i zapakowane u naszego dostawcy.<\/p>\n\n\n\n<p class=\"has-text-align-justify\"><strong>Jakie metody p\u0142atno\u015bci akceptujecie?<br><\/strong>Za zam\u00f3wienie mo\u017cesz zap\u0142aci\u0107 kart\u0105 kredytow\u0105. Akceptowane s\u0105 nast\u0119puj\u0105ce karty: Visa, Mastercard, American Express.<\/p>\n\n\n\n<p class=\"has-text-align-justify\"><strong>Czy mog\u0119 zwr\u00f3ci\u0107 moje zam\u00f3wienie?<br><\/strong>Zwrot zam\u00f3wienia mo\u017cesz zrobi\u0107 bezp\u0142atnie poprzez link:<br><a href=\"https:\/\/szybkiezwroty.pl\/pl\/wolt\" class=\"ek-link\">https:\/\/szybkiezwroty.pl\/pl\/wolt<\/a><br>Zwrot pieni\u0119dzy otrzymasz w ten sam spos\u00f3b jak op\u0142aci\u0142e\u015b\/op\u0142aci\u0142a\u015b zam\u00f3wienie.<\/p>\n\n\n\n<p><strong>Co zrobi\u0107 je\u015bli nie spodobaj\u0105 mi si\u0119 produkty, kt\u00f3re otrzyma\u0142em?<br><\/strong>W Wolt staramy si\u0119 oferowa\u0107 naszym partnerom najlepsze do\u015bwiadczenia, zw\u0142aszcza je\u015bli chodzi o sam produkt. Rozumiemy jednak, \u017ce mo\u017ce zaistnie\u0107 sytuacja, w kt\u00f3rej nie spodoba Ci si\u0119 otrzymane zam\u00f3wienie. Wystarczy, \u017ce zwr\u00f3cisz do nas sprz\u0119t poprzez link:<br><a href=\"https:\/\/szybkiezwroty.pl\/pl\/wolt\" class=\"ek-link\">https:\/\/szybkiezwroty.pl\/pl\/wolt<\/a><br>Zwrot pieni\u0119dzy otrzymasz w ten sam spos\u00f3b jak op\u0142aci\u0142e\u015b\/op\u0142aci\u0142a\u015b zam\u00f3wienie.<\/p>\n\n\n\n<p><\/p>\n","protected":false},"excerpt":{"rendered":"<p>Co je\u015bli produktu nie ma w magazynie?Istniej\u0105 dwa powody, dla kt\u00f3rych produkt mo\u017ce by\u0107 niedost\u0119pny: 1. Produkty zosta\u0142 wycofany i zostanie zast\u0105piony podobnym produktem. 2. Produkt jest aktualnie wyprzedany i czekamy na uzupe\u0142nienie magazynu. Je\u015bli nie mo\u017cesz znale\u017a\u0107 po\u017c\u0105danego produktu lub odpowiedniej alternatywy, skontaktuj si\u0119 z nami, a my postaramy si\u0119 pom\u00f3c z Twoim zam\u00f3wieniem. [&hellip;]<\/p>\n","protected":false},"author":1,"featured_media":0,"parent":0,"menu_order":0,"comment_status":"closed","ping_status":"closed","template":"","meta":{"_acf_changed":false,"_uag_custom_page_level_css":"","_editorskit_title_hidden":false,"_editorskit_reading_time":0,"_editorskit_is_block_options_detached":false,"_editorskit_block_options_position":"{}","site-sidebar-layout":"default","site-content-layout":"","ast-site-content-layout":"default","site-content-style":"default","site-sidebar-style":"default","ast-global-header-display":"","ast-banner-title-visibility":"","ast-main-header-display":"","ast-hfb-above-header-display":"","ast-hfb-below-header-display":"","ast-hfb-mobile-header-display":"","site-post-title":"","ast-breadcrumbs-content":"","ast-featured-img":"","footer-sml-layout":"","ast-disable-related-posts":"","theme-transparent-header-meta":"","adv-header-id-meta":"","stick-header-meta":"","header-above-stick-meta":"","header-main-stick-meta":"","header-below-stick-meta":"","astra-migrate-meta-layouts":"set","ast-page-background-enabled":"default","ast-page-background-meta":{"desktop":{"background-color":"var(--ast-global-color-4)","background-image":"","background-repeat":"repeat","background-position":"center center","background-size":"auto","background-attachment":"scroll","background-type":"","background-media":"","overlay-type":"","overlay-color":"","overlay-opacity":"","overlay-gradient":""},"tablet":{"background-color":"","background-image":"","background-repeat":"repeat","background-position":"center center","background-size":"auto","background-attachment":"scroll","background-type":"","background-media":"","overlay-type":"","overlay-color":"","overlay-opacity":"","overlay-gradient":""},"mobile":{"background-color":"","background-image":"","background-repeat":"repeat","background-position":"center center","background-size":"auto","background-attachment":"scroll","background-type":"","background-media":"","overlay-type":"","overlay-color":"","overlay-opacity":"","overlay-gradient":""}},"ast-content-background-meta":{"desktop":{"background-color":"var(--ast-global-color-5)","background-image":"","background-repeat":"repeat","background-position":"center center","background-size":"auto","background-attachment":"scroll","background-type":"","background-media":"","overlay-type":"","overlay-color":"","overlay-opacity":"","overlay-gradient":""},"tablet":{"background-color":"var(--ast-global-color-5)","background-image":"","background-repeat":"repeat","background-position":"center center","background-size":"auto","background-attachment":"scroll","background-type":"","background-media":"","overlay-type":"","overlay-color":"","overlay-opacity":"","overlay-gradient":""},"mobile":{"background-color":"var(--ast-global-color-5)","background-image":"","background-repeat":"repeat","background-position":"center center","background-size":"auto","background-attachment":"scroll","background-type":"","background-media":"","overlay-type":"","overlay-color":"","overlay-opacity":"","overlay-gradient":""}},"footnotes":""},"class_list":["post-337","page","type-page","status-publish","hentry"],"acf":[],"uagb_featured_image_src":{"full":false,"thumbnail":false,"medium":false,"medium_large":false,"large":false,"1536x1536":false,"2048x2048":false,"post-thumbnail":false,"gform-image-choice-sm":false,"gform-image-choice-md":false,"gform-image-choice-lg":false,"woocommerce_thumbnail":false,"woocommerce_single":false,"woocommerce_gallery_thumbnail":false,"dgwt-wcas-product-suggestion":false},"uagb_author_info":{"display_name":"maksimer","author_link":"https:\/\/wolt-store.com\/pl\/author\/maksimer\/"},"uagb_comment_info":0,"uagb_excerpt":"Co je\u015bli produktu nie ma w magazynie?Istniej\u0105 dwa powody, dla kt\u00f3rych produkt mo\u017ce by\u0107 niedost\u0119pny: 1. Produkty zosta\u0142 wycofany i zostanie zast\u0105piony podobnym produktem. 2. Produkt jest aktualnie wyprzedany i czekamy na uzupe\u0142nienie magazynu. Je\u015bli nie mo\u017cesz znale\u017a\u0107 po\u017c\u0105danego produktu lub odpowiedniej alternatywy, skontaktuj si\u0119 z nami, a my postaramy si\u0119 pom\u00f3c z Twoim zam\u00f3wieniem.&hellip;","_links":{"self":[{"href":"https:\/\/wolt-store.com\/pl\/wp-json\/wp\/v2\/pages\/337","targetHints":{"allow":["GET"]}}],"collection":[{"href":"https:\/\/wolt-store.com\/pl\/wp-json\/wp\/v2\/pages"}],"about":[{"href":"https:\/\/wolt-store.com\/pl\/wp-json\/wp\/v2\/types\/page"}],"author":[{"embeddable":true,"href":"https:\/\/wolt-store.com\/pl\/wp-json\/wp\/v2\/users\/1"}],"replies":[{"embeddable":true,"href":"https:\/\/wolt-store.com\/pl\/wp-json\/wp\/v2\/comments?post=337"}],"version-history":[{"count":2,"href":"https:\/\/wolt-store.com\/pl\/wp-json\/wp\/v2\/pages\/337\/revisions"}],"predecessor-version":[{"id":2287,"href":"https:\/\/wolt-store.com\/pl\/wp-json\/wp\/v2\/pages\/337\/revisions\/2287"}],"wp:attachment":[{"href":"https:\/\/wolt-store.com\/pl\/wp-json\/wp\/v2\/media?parent=337"}],"curies":[{"name":"wp","href":"https:\/\/api.w.org\/{rel}","templated":true}]}}