{"id":339,"date":"2023-02-15T07:54:56","date_gmt":"2023-02-15T07:54:56","guid":{"rendered":"https:\/\/wolt-store.com\/pl\/?page_id=339"},"modified":"2024-03-22T16:25:57","modified_gmt":"2024-03-22T15:25:57","slug":"contact","status":"publish","type":"page","link":"https:\/\/wolt-store.com\/pl\/contact\/","title":{"rendered":"Kontakt"},"content":{"rendered":"\n<p><strong>SKONTAKTUJ SI\u0118 Z NAMI<\/strong><\/p>\n\n\n\n<p>Jeste\u015bmy tutaj, aby Ci pom\u00f3c w ka\u017cdy mo\u017cliwy spos\u00f3b. Niezale\u017cnie od tego, czy masz pytania dotycz\u0105ce naszych produkt\u00f3w, potrzebujesz pomocy przy zam\u00f3wieniu, czy masz sugestie dotycz\u0105ce poprawy komfortu zakup\u00f3w to nasz zesp\u00f3\u0142 ch\u0119tnie Ci pomo\u017ce. \ud83d\ude00 <\/p>\n\n\n\n<p><strong>Mo\u017cesz si\u0119 z nami skontaktowa\u0107 za po\u015brednictwem e-maila:<br>partnerspoland@wolt.com<\/strong><\/p>\n\n\n\n<p><\/p>\n\n\n\n<p>Dzi\u0119kujemy za wybranie nas jako zaufanego \u017ar\u00f3d\u0142a sprz\u0119tu kurierskiego Wolt!<\/p>\n\n\n\n<p><em>Na wszystkie zapytania staramy si\u0119 odpowiada\u0107 48 godzin w dni robocze. <\/em><\/p>\n","protected":false},"excerpt":{"rendered":"<p>SKONTAKTUJ SI\u0118 Z NAMI Jeste\u015bmy tutaj, aby Ci pom\u00f3c w ka\u017cdy mo\u017cliwy spos\u00f3b. Niezale\u017cnie od tego, czy masz pytania dotycz\u0105ce naszych produkt\u00f3w, potrzebujesz pomocy przy zam\u00f3wieniu, czy masz sugestie dotycz\u0105ce poprawy komfortu zakup\u00f3w to nasz zesp\u00f3\u0142 ch\u0119tnie Ci pomo\u017ce. \ud83d\ude00 Mo\u017cesz si\u0119 z nami skontaktowa\u0107 za po\u015brednictwem e-maila:partnerspoland@wolt.com Dzi\u0119kujemy za wybranie nas jako zaufanego \u017ar\u00f3d\u0142a [&hellip;]<\/p>\n","protected":false},"author":1,"featured_media":0,"parent":0,"menu_order":0,"comment_status":"closed","ping_status":"closed","template":"","meta":{"_acf_changed":false,"_uag_custom_page_level_css":"","_editorskit_title_hidden":false,"_editorskit_reading_time":0,"_editorskit_is_block_options_detached":false,"_editorskit_block_options_position":"{}","site-sidebar-layout":"default","site-content-layout":"","ast-site-content-layout":"default","site-content-style":"default","site-sidebar-style":"default","ast-global-header-display":"","ast-banner-title-visibility":"","ast-main-header-display":"","ast-hfb-above-header-display":"","ast-hfb-below-header-display":"","ast-hfb-mobile-header-display":"","site-post-title":"","ast-breadcrumbs-content":"","ast-featured-img":"","footer-sml-layout":"","ast-disable-related-posts":"","theme-transparent-header-meta":"","adv-header-id-meta":"","stick-header-meta":"","header-above-stick-meta":"","header-main-stick-meta":"","header-below-stick-meta":"","astra-migrate-meta-layouts":"set","ast-page-background-enabled":"default","ast-page-background-meta":{"desktop":{"background-color":"var(--ast-global-color-4)","background-image":"","background-repeat":"repeat","background-position":"center center","background-size":"auto","background-attachment":"scroll","background-type":"","background-media":"","overlay-type":"","overlay-color":"","overlay-opacity":"","overlay-gradient":""},"tablet":{"background-color":"","background-image":"","background-repeat":"repeat","background-position":"center center","background-size":"auto","background-attachment":"scroll","background-type":"","background-media":"","overlay-type":"","overlay-color":"","overlay-opacity":"","overlay-gradient":""},"mobile":{"background-color":"","background-image":"","background-repeat":"repeat","background-position":"center center","background-size":"auto","background-attachment":"scroll","background-type":"","background-media":"","overlay-type":"","overlay-color":"","overlay-opacity":"","overlay-gradient":""}},"ast-content-background-meta":{"desktop":{"background-color":"var(--ast-global-color-5)","background-image":"","background-repeat":"repeat","background-position":"center center","background-size":"auto","background-attachment":"scroll","background-type":"","background-media":"","overlay-type":"","overlay-color":"","overlay-opacity":"","overlay-gradient":""},"tablet":{"background-color":"var(--ast-global-color-5)","background-image":"","background-repeat":"repeat","background-position":"center center","background-size":"auto","background-attachment":"scroll","background-type":"","background-media":"","overlay-type":"","overlay-color":"","overlay-opacity":"","overlay-gradient":""},"mobile":{"background-color":"var(--ast-global-color-5)","background-image":"","background-repeat":"repeat","background-position":"center center","background-size":"auto","background-attachment":"scroll","background-type":"","background-media":"","overlay-type":"","overlay-color":"","overlay-opacity":"","overlay-gradient":""}},"footnotes":""},"class_list":["post-339","page","type-page","status-publish","hentry"],"acf":[],"uagb_featured_image_src":{"full":false,"thumbnail":false,"medium":false,"medium_large":false,"large":false,"1536x1536":false,"2048x2048":false,"post-thumbnail":false,"gform-image-choice-sm":false,"gform-image-choice-md":false,"gform-image-choice-lg":false,"woocommerce_thumbnail":false,"woocommerce_single":false,"woocommerce_gallery_thumbnail":false,"dgwt-wcas-product-suggestion":false},"uagb_author_info":{"display_name":"maksimer","author_link":"https:\/\/wolt-store.com\/pl\/author\/maksimer\/"},"uagb_comment_info":0,"uagb_excerpt":"SKONTAKTUJ SI\u0118 Z NAMI Jeste\u015bmy tutaj, aby Ci pom\u00f3c w ka\u017cdy mo\u017cliwy spos\u00f3b. Niezale\u017cnie od tego, czy masz pytania dotycz\u0105ce naszych produkt\u00f3w, potrzebujesz pomocy przy zam\u00f3wieniu, czy masz sugestie dotycz\u0105ce poprawy komfortu zakup\u00f3w to nasz zesp\u00f3\u0142 ch\u0119tnie Ci pomo\u017ce. \ud83d\ude00 Mo\u017cesz si\u0119 z nami skontaktowa\u0107 za po\u015brednictwem e-maila:partnerspoland@wolt.com Dzi\u0119kujemy za wybranie nas jako zaufanego \u017ar\u00f3d\u0142a&hellip;","_links":{"self":[{"href":"https:\/\/wolt-store.com\/pl\/wp-json\/wp\/v2\/pages\/339","targetHints":{"allow":["GET"]}}],"collection":[{"href":"https:\/\/wolt-store.com\/pl\/wp-json\/wp\/v2\/pages"}],"about":[{"href":"https:\/\/wolt-store.com\/pl\/wp-json\/wp\/v2\/types\/page"}],"author":[{"embeddable":true,"href":"https:\/\/wolt-store.com\/pl\/wp-json\/wp\/v2\/users\/1"}],"replies":[{"embeddable":true,"href":"https:\/\/wolt-store.com\/pl\/wp-json\/wp\/v2\/comments?post=339"}],"version-history":[{"count":4,"href":"https:\/\/wolt-store.com\/pl\/wp-json\/wp\/v2\/pages\/339\/revisions"}],"predecessor-version":[{"id":3210,"href":"https:\/\/wolt-store.com\/pl\/wp-json\/wp\/v2\/pages\/339\/revisions\/3210"}],"wp:attachment":[{"href":"https:\/\/wolt-store.com\/pl\/wp-json\/wp\/v2\/media?parent=339"}],"curies":[{"name":"wp","href":"https:\/\/api.w.org\/{rel}","templated":true}]}}