{"id":2389,"date":"2024-07-17T10:15:28","date_gmt":"2024-07-17T08:15:28","guid":{"rendered":"https:\/\/wolt-store.com\/pl\/produkt\/talerz-z-trzciny-cukrowej-okragly-trojdzielny-fi-26-cm-paczka-50-szt\/"},"modified":"2026-04-27T09:46:22","modified_gmt":"2026-04-27T07:46:22","slug":"talerz-z-trzciny-cukrowej-okragly-trojdzielny-fi-26-cm-paczka-50-szt","status":"publish","type":"product","link":"https:\/\/wolt-store.com\/pl\/produkt\/talerz-z-trzciny-cukrowej-okragly-trojdzielny-fi-26-cm-paczka-50-szt\/","title":{"rendered":"Talerz z trzciny cukrowej, okr\u0105g\u0142y, tr\u00f3jdzielny, fi 26 cm (paczka 50 szt.)"},"content":{"rendered":"<p><span style=\"font-family: arial, helvetica, sans-serif;font-size: 10pt\"><strong>Okr\u0105g\u0142y, tr\u00f3jdzielny talerz, wykonany w 100% z trzciny cukrowej<\/strong> w kolorze bia\u0142ym o \u015brednicy 26 cm.<\/span><\/p>\n<p><span style=\"font-family: arial, helvetica, sans-serif;font-size: 10pt\">Talerz stworzony do serwowania da\u0144 obiadowych. Dzi\u0119ki temu, \u017ce posiada podzia\u0142 na 3, produkty z Twojego posi\u0142ku nie zmieszaj\u0105 si\u0119 &#8211; pieczone ziemniaki, sma\u017cony kotlet oraz sur\u00f3wka &#8211; ka\u017cde z nich ma swoje miejsce. Talerz sprawdzi si\u0119 zar\u00f3wno w restauracjach, food truckach i cateringach, jak i piknikach czy przy grillu ze znajomymi. Warto doda\u0107, \u017ce <strong>talerz jest bardziej wytrzyma\u0142y od swojego papierowego odpowiednika.<\/strong>\u00a0<\/span><\/p>\n<p><span style=\"font-family: arial, helvetica, sans-serif;font-size: 10pt\">Produkt wykonany z trzciny cukrowej, jest <strong>w pe\u0142ni biodegradowalny i przyjazny \u015brodowisku<\/strong>. <strong>Odporny jest na wysokie i niskie temperatury<\/strong> &#8211; spokojnie mo\u017cna podgrzewa\u0107 potrawy na talerzu w mikrofali oraz mrozi\u0107 w zamra\u017calniku. <strong>Trzcina jest bezwonna<\/strong>, dzi\u0119ki czemu dania nie zmieniaj\u0105 swojego zapachu ani smaku.\u00a0Produkt ten <strong>nie przecieka i jest odporny na t\u0142uszcz<\/strong>.\u00a0Ponadto jest <strong>sztywny i wygodny w u\u017cyciu<\/strong>.<\/span><\/p>\n<p><span style=\"font-family: arial, helvetica, sans-serif;font-size: 10pt\">Zgodnie z Dyrektyw\u0105 Unijn\u0105 dot. SUP (Single Use Plastic) talerz jest zwolniony z dodatkowej op\u0142aty.<\/span><\/p>\n<p>\u00a0<\/p>\n<div class=\"table-responsive\"><\/div>\n","protected":false},"excerpt":{"rendered":"<p>Paczka 50 sztuk<br \/>\nKod produktu: 3227<\/p>\n","protected":false},"featured_media":2452,"template":"","meta":{"_acf_changed":false,"_uag_custom_page_level_css":"","_editorskit_title_hidden":false,"_editorskit_reading_time":0,"_editorskit_is_block_options_detached":false,"_editorskit_block_options_position":"{}","site-sidebar-layout":"default","site-content-layout":"","ast-site-content-layout":"default","site-content-style":"default","site-sidebar-style":"default","ast-global-header-display":"","ast-banner-title-visibility":"","ast-main-header-display":"","ast-hfb-above-header-display":"","ast-hfb-below-header-display":"","ast-hfb-mobile-header-display":"","site-post-title":"","ast-breadcrumbs-content":"","ast-featured-img":"","footer-sml-layout":"","ast-disable-related-posts":"","theme-transparent-header-meta":"default","adv-header-id-meta":"","stick-header-meta":"","header-above-stick-meta":"","header-main-stick-meta":"","header-below-stick-meta":"","astra-migrate-meta-layouts":"set","ast-page-background-enabled":"default","ast-page-background-meta":{"desktop":{"background-color":"var(--ast-global-color-4)","background-image":"","background-repeat":"repeat","background-position":"center center","background-size":"auto","background-attachment":"scroll","background-type":"","background-media":"","overlay-type":"","overlay-color":"","overlay-opacity":"","overlay-gradient":""},"tablet":{"background-color":"","background-image":"","background-repeat":"repeat","background-position":"center center","background-size":"auto","background-attachment":"scroll","background-type":"","background-media":"","overlay-type":"","overlay-color":"","overlay-opacity":"","overlay-gradient":""},"mobile":{"background-color":"","background-image":"","background-repeat":"repeat","background-position":"center center","background-size":"auto","background-attachment":"scroll","background-type":"","background-media":"","overlay-type":"","overlay-color":"","overlay-opacity":"","overlay-gradient":""}},"ast-content-background-meta":{"desktop":{"background-color":"var(--ast-global-color-5)","background-image":"","background-repeat":"repeat","background-position":"center center","background-size":"auto","background-attachment":"scroll","background-type":"","background-media":"","overlay-type":"","overlay-color":"","overlay-opacity":"","overlay-gradient":""},"tablet":{"background-color":"var(--ast-global-color-5)","background-image":"","background-repeat":"repeat","background-position":"center center","background-size":"auto","background-attachment":"scroll","background-type":"","background-media":"","overlay-type":"","overlay-color":"","overlay-opacity":"","overlay-gradient":""},"mobile":{"background-color":"var(--ast-global-color-5)","background-image":"","background-repeat":"repeat","background-position":"center center","background-size":"auto","background-attachment":"scroll","background-type":"","background-media":"","overlay-type":"","overlay-color":"","overlay-opacity":"","overlay-gradient":""}}},"product_brand":[],"product_cat":[525],"product_tag":[],"class_list":{"0":"post-2389","1":"product","2":"type-product","3":"status-publish","4":"has-post-thumbnail","6":"product_cat-akcesoria-gastronomiczne","7":"pa_contentunit-szt","8":"desktop-align-left","9":"tablet-align-left","10":"mobile-align-left","11":"ast-product-gallery-layout-horizontal-slider","12":"ast-product-gallery-with-no-image","13":"ast-product-tabs-layout-accordion","15":"first","16":"instock","17":"taxable","18":"shipping-taxable","19":"purchasable","20":"product-type-simple"},"bundled_by":[],"bundle_stock_status":"instock","bundle_stock_quantity":55,"bundle_virtual":false,"bundle_layout":"","bundle_add_to_cart_form_location":"","bundle_editable_in_cart":false,"bundle_sold_individually_context":"","bundle_item_grouping":"","bundle_min_size":"","bundle_max_size":"","bundle_price":[],"bundled_items":[],"bundle_sell_ids":[],"acf":[],"uagb_featured_image_src":{"full":["https:\/\/wolt-store.com\/content\/uploads\/sites\/25\/2024\/07\/1721210446268938281160.jpg",2000,1442,false],"thumbnail":["https:\/\/wolt-store.com\/content\/uploads\/sites\/25\/2024\/07\/1721210446268938281160-150x150.jpg",150,150,true],"medium":["https:\/\/wolt-store.com\/content\/uploads\/sites\/25\/2024\/07\/1721210446268938281160-300x216.jpg",300,216,true],"medium_large":["https:\/\/wolt-store.com\/content\/uploads\/sites\/25\/2024\/07\/1721210446268938281160-768x554.jpg",768,554,true],"large":["https:\/\/wolt-store.com\/content\/uploads\/sites\/25\/2024\/07\/1721210446268938281160-1024x738.jpg",1024,738,true],"1536x1536":["https:\/\/wolt-store.com\/content\/uploads\/sites\/25\/2024\/07\/1721210446268938281160-1536x1107.jpg",1536,1107,true],"2048x2048":["https:\/\/wolt-store.com\/content\/uploads\/sites\/25\/2024\/07\/1721210446268938281160.jpg",2000,1442,false],"post-thumbnail":["https:\/\/wolt-store.com\/content\/uploads\/sites\/25\/2024\/07\/1721210446268938281160-480x360.jpg",480,360,true],"gform-image-choice-sm":["https:\/\/wolt-store.com\/content\/uploads\/sites\/25\/2024\/07\/1721210446268938281160.jpg",300,216,false],"gform-image-choice-md":["https:\/\/wolt-store.com\/content\/uploads\/sites\/25\/2024\/07\/1721210446268938281160.jpg",400,288,false],"gform-image-choice-lg":["https:\/\/wolt-store.com\/content\/uploads\/sites\/25\/2024\/07\/1721210446268938281160.jpg",600,433,false],"woocommerce_thumbnail":["https:\/\/wolt-store.com\/content\/uploads\/sites\/25\/2024\/07\/1721210446268938281160-300x216.jpg",300,216,true],"woocommerce_single":["https:\/\/wolt-store.com\/content\/uploads\/sites\/25\/2024\/07\/1721210446268938281160-600x433.jpg",600,433,true],"woocommerce_gallery_thumbnail":["https:\/\/wolt-store.com\/content\/uploads\/sites\/25\/2024\/07\/1721210446268938281160-250x250.jpg",250,250,true],"dgwt-wcas-product-suggestion":["https:\/\/wolt-store.com\/content\/uploads\/sites\/25\/2024\/07\/1721210446268938281160-64x46.jpg",64,46,true]},"uagb_author_info":{"display_name":"maksimer","author_link":"https:\/\/wolt-store.com\/pl\/author\/"},"uagb_comment_info":0,"uagb_excerpt":"Paczka 50 sztuk Kod produktu: 3227","_links":{"self":[{"href":"https:\/\/wolt-store.com\/pl\/wp-json\/wp\/v2\/product\/2389","targetHints":{"allow":["GET"]}}],"collection":[{"href":"https:\/\/wolt-store.com\/pl\/wp-json\/wp\/v2\/product"}],"about":[{"href":"https:\/\/wolt-store.com\/pl\/wp-json\/wp\/v2\/types\/product"}],"wp:featuredmedia":[{"embeddable":true,"href":"https:\/\/wolt-store.com\/pl\/wp-json\/wp\/v2\/media\/2452"}],"wp:attachment":[{"href":"https:\/\/wolt-store.com\/pl\/wp-json\/wp\/v2\/media?parent=2389"}],"wp:term":[{"taxonomy":"product_brand","embeddable":true,"href":"https:\/\/wolt-store.com\/pl\/wp-json\/wp\/v2\/product_brand?post=2389"},{"taxonomy":"product_cat","embeddable":true,"href":"https:\/\/wolt-store.com\/pl\/wp-json\/wp\/v2\/product_cat?post=2389"},{"taxonomy":"product_tag","embeddable":true,"href":"https:\/\/wolt-store.com\/pl\/wp-json\/wp\/v2\/product_tag?post=2389"}],"curies":[{"name":"wp","href":"https:\/\/api.w.org\/{rel}","templated":true}]}}