{"id":2393,"date":"2024-07-17T10:15:54","date_gmt":"2024-07-17T08:15:54","guid":{"rendered":"https:\/\/wolt-store.com\/pl\/produkt\/opakowanie-z-trzciny-cukrowej-z-pokrywka-185-x-131-x-66-cm-500-ml-paczka-50-szt\/"},"modified":"2026-05-07T20:46:13","modified_gmt":"2026-05-07T18:46:13","slug":"opakowanie-z-trzciny-cukrowej-z-pokrywka-185-x-131-x-66-cm-500-ml-paczka-50-szt","status":"publish","type":"product","link":"https:\/\/wolt-store.com\/pl\/produkt\/opakowanie-z-trzciny-cukrowej-z-pokrywka-185-x-131-x-66-cm-500-ml-paczka-50-szt\/","title":{"rendered":"Opakowanie z trzciny cukrowej z pokrywk\u0105, 18,5 x 13,1 x 6,6 cm, 500 ml (paczka 50 szt.)"},"content":{"rendered":"<div class=\"table-responsive\">\n<p><span style=\"font-family: arial, helvetica, sans-serif;font-size: 10pt\"><span style=\"font-weight: 400\">Jednodzielny <\/span><strong>pojemnik z wbudowan\u0105 pokrywk\u0105<\/strong><span style=\"font-weight: 400\"> wykonany z trzciny cukrowej w kolorze bia\u0142ym o pojemno\u015bci 500 ml oraz o wymiarach 18,5 cm x 13,1 cm x 6,6 cm.<\/span><\/span><\/p>\n<p><span style=\"font-family: arial, helvetica, sans-serif;font-size: 10pt\"><span style=\"font-weight: 400\">Je\u017celi poszukujesz <\/span><strong>opakowania na niewielk\u0105 porcj\u0119<\/strong><span style=\"font-weight: 400\"> obiadow\u0105 lub na lunch to \u015bwietnie si\u0119 sk\u0142ada &#8211; ten pojemnik jest idealny na pyszn\u0105 porcj\u0119 makaronu, sa\u0142atk\u0119 czy fast food. Niestraszne s\u0105 mu potrawy z sosem. \u015awietnie sprawdzi si\u0119 r\u00f3wnie\u017c na kawa\u0142ek ciasta. <\/span><strong>Posiada wbudowan\u0105 pokrywk\u0119<\/strong><span style=\"font-weight: 400\">, dzi\u0119ki czemu mo\u017cesz spokojnie pojemnik <\/span><strong>transportowa\u0107<\/strong><span style=\"font-weight: 400\">. <\/span><strong>Ma wiele zalet<\/strong><span style=\"font-weight: 400\">, dlatego polecany jest dla firm cateringowych, restauracji i bar\u00f3w oferuj\u0105cych dania <\/span><strong>na wynos<\/strong><span style=\"font-weight: 400\"> oraz typu fast food.<\/span><\/span><\/p>\n<p><span style=\"font-family: arial, helvetica, sans-serif;font-size: 10pt\"><strong>Wykonany jest w 100% z trzciny cukrowej<\/strong><span style=\"font-weight: 400\"> &#8211; jest to <\/span><strong>niezwykle trwa\u0142y materia\u0142 i co bardzo wa\u017cne &#8211; ca\u0142kowicie ekologiczny<\/strong><span style=\"font-weight: 400\">. Pojemnik ma <\/span><strong>doskona\u0142e w\u0142a\u015bciwo\u015bci termiczne<\/strong><span style=\"font-weight: 400\"> &#8211; mo\u017cesz w nim mrozi\u0107 potrawy oraz je podgrzewa\u0107 w mikrofal\u00f3wce, wytrzymuje temperatury w zakresie -15 &#8211; <\/span><span style=\"font-weight: 400\">220\u00b0C<\/span><span style=\"font-weight: 400\">. Potrawy serwowane w tym pojemniku <\/span><strong>zachowuj\u0105 d\u0142u\u017cej \u015bwie\u017co\u015b\u0107<\/strong><span style=\"font-weight: 400\">, poniewa\u017c pude\u0142ko <\/span><strong>nie zatrzymuje pary<\/strong><span style=\"font-weight: 400\">.\u00a0<\/span><\/span><\/p>\n<p><span style=\"font-family: arial, helvetica, sans-serif;font-size: 10pt\"><span style=\"font-weight: 400\">Wybieraj\u0105c pojemnik z trzciny cukrowej <\/span><strong>dbasz o nasze \u015brodowisko<\/strong><span style=\"font-weight: 400\">, bo to \u015bwietna alternatywa dla styropianu i plastiku. Produkt <\/span><strong>nie podlega op\u0142acie SUP<\/strong><span style=\"font-weight: 400\"> (Single Use Plastic).<\/span><\/span><\/p>\n<\/div>\n<div class=\"table-responsive\">\u00a0<\/div>\n<div class=\"table-responsive\"><\/div>\n","protected":false},"excerpt":{"rendered":"<p>Paczka 50 sztuk<br \/>\nKod produktu: B001<\/p>\n","protected":false},"featured_media":2474,"template":"","meta":{"_acf_changed":false,"_uag_custom_page_level_css":"","_editorskit_title_hidden":false,"_editorskit_reading_time":0,"_editorskit_is_block_options_detached":false,"_editorskit_block_options_position":"{}","site-sidebar-layout":"default","site-content-layout":"","ast-site-content-layout":"default","site-content-style":"default","site-sidebar-style":"default","ast-global-header-display":"","ast-banner-title-visibility":"","ast-main-header-display":"","ast-hfb-above-header-display":"","ast-hfb-below-header-display":"","ast-hfb-mobile-header-display":"","site-post-title":"","ast-breadcrumbs-content":"","ast-featured-img":"","footer-sml-layout":"","ast-disable-related-posts":"","theme-transparent-header-meta":"","adv-header-id-meta":"","stick-header-meta":"","header-above-stick-meta":"","header-main-stick-meta":"","header-below-stick-meta":"","astra-migrate-meta-layouts":"default","ast-page-background-enabled":"default","ast-page-background-meta":{"desktop":{"background-color":"var(--ast-global-color-4)","background-image":"","background-repeat":"repeat","background-position":"center center","background-size":"auto","background-attachment":"scroll","background-type":"","background-media":"","overlay-type":"","overlay-color":"","overlay-opacity":"","overlay-gradient":""},"tablet":{"background-color":"","background-image":"","background-repeat":"repeat","background-position":"center center","background-size":"auto","background-attachment":"scroll","background-type":"","background-media":"","overlay-type":"","overlay-color":"","overlay-opacity":"","overlay-gradient":""},"mobile":{"background-color":"","background-image":"","background-repeat":"repeat","background-position":"center center","background-size":"auto","background-attachment":"scroll","background-type":"","background-media":"","overlay-type":"","overlay-color":"","overlay-opacity":"","overlay-gradient":""}},"ast-content-background-meta":{"desktop":{"background-color":"var(--ast-global-color-5)","background-image":"","background-repeat":"repeat","background-position":"center center","background-size":"auto","background-attachment":"scroll","background-type":"","background-media":"","overlay-type":"","overlay-color":"","overlay-opacity":"","overlay-gradient":""},"tablet":{"background-color":"var(--ast-global-color-5)","background-image":"","background-repeat":"repeat","background-position":"center center","background-size":"auto","background-attachment":"scroll","background-type":"","background-media":"","overlay-type":"","overlay-color":"","overlay-opacity":"","overlay-gradient":""},"mobile":{"background-color":"var(--ast-global-color-5)","background-image":"","background-repeat":"repeat","background-position":"center center","background-size":"auto","background-attachment":"scroll","background-type":"","background-media":"","overlay-type":"","overlay-color":"","overlay-opacity":"","overlay-gradient":""}}},"product_brand":[],"product_cat":[140],"product_tag":[],"class_list":{"0":"post-2393","1":"product","2":"type-product","3":"status-publish","4":"has-post-thumbnail","6":"product_cat-pojemniki","7":"pa_contentunit-szt","8":"desktop-align-left","9":"tablet-align-left","10":"mobile-align-left","11":"ast-product-gallery-layout-horizontal-slider","12":"ast-product-gallery-with-no-image","13":"ast-product-tabs-layout-accordion","15":"first","16":"instock","17":"taxable","18":"shipping-taxable","19":"purchasable","20":"product-type-simple"},"bundled_by":[],"bundle_stock_status":"instock","bundle_stock_quantity":75,"bundle_virtual":false,"bundle_layout":"","bundle_add_to_cart_form_location":"","bundle_editable_in_cart":false,"bundle_sold_individually_context":"","bundle_item_grouping":"","bundle_min_size":"","bundle_max_size":"","bundle_price":[],"bundled_items":[],"bundle_sell_ids":[],"acf":[],"uagb_featured_image_src":{"full":["https:\/\/wolt-store.com\/content\/uploads\/sites\/25\/2024\/07\/172121054848826623713.jpg",2000,1499,false],"thumbnail":["https:\/\/wolt-store.com\/content\/uploads\/sites\/25\/2024\/07\/172121054848826623713-150x150.jpg",150,150,true],"medium":["https:\/\/wolt-store.com\/content\/uploads\/sites\/25\/2024\/07\/172121054848826623713-300x225.jpg",300,225,true],"medium_large":["https:\/\/wolt-store.com\/content\/uploads\/sites\/25\/2024\/07\/172121054848826623713-768x576.jpg",768,576,true],"large":["https:\/\/wolt-store.com\/content\/uploads\/sites\/25\/2024\/07\/172121054848826623713-1024x767.jpg",1024,767,true],"1536x1536":["https:\/\/wolt-store.com\/content\/uploads\/sites\/25\/2024\/07\/172121054848826623713-1536x1151.jpg",1536,1151,true],"2048x2048":["https:\/\/wolt-store.com\/content\/uploads\/sites\/25\/2024\/07\/172121054848826623713.jpg",2000,1499,false],"post-thumbnail":["https:\/\/wolt-store.com\/content\/uploads\/sites\/25\/2024\/07\/172121054848826623713-480x360.jpg",480,360,true],"gform-image-choice-sm":["https:\/\/wolt-store.com\/content\/uploads\/sites\/25\/2024\/07\/172121054848826623713.jpg",300,225,false],"gform-image-choice-md":["https:\/\/wolt-store.com\/content\/uploads\/sites\/25\/2024\/07\/172121054848826623713.jpg",400,300,false],"gform-image-choice-lg":["https:\/\/wolt-store.com\/content\/uploads\/sites\/25\/2024\/07\/172121054848826623713.jpg",600,450,false],"woocommerce_thumbnail":["https:\/\/wolt-store.com\/content\/uploads\/sites\/25\/2024\/07\/172121054848826623713-300x225.jpg",300,225,true],"woocommerce_single":["https:\/\/wolt-store.com\/content\/uploads\/sites\/25\/2024\/07\/172121054848826623713-600x450.jpg",600,450,true],"woocommerce_gallery_thumbnail":["https:\/\/wolt-store.com\/content\/uploads\/sites\/25\/2024\/07\/172121054848826623713-250x250.jpg",250,250,true],"dgwt-wcas-product-suggestion":["https:\/\/wolt-store.com\/content\/uploads\/sites\/25\/2024\/07\/172121054848826623713-64x48.jpg",64,48,true]},"uagb_author_info":{"display_name":"maksimer","author_link":"https:\/\/wolt-store.com\/pl\/author\/"},"uagb_comment_info":0,"uagb_excerpt":"Paczka 50 sztuk Kod produktu: B001","_links":{"self":[{"href":"https:\/\/wolt-store.com\/pl\/wp-json\/wp\/v2\/product\/2393","targetHints":{"allow":["GET"]}}],"collection":[{"href":"https:\/\/wolt-store.com\/pl\/wp-json\/wp\/v2\/product"}],"about":[{"href":"https:\/\/wolt-store.com\/pl\/wp-json\/wp\/v2\/types\/product"}],"wp:featuredmedia":[{"embeddable":true,"href":"https:\/\/wolt-store.com\/pl\/wp-json\/wp\/v2\/media\/2474"}],"wp:attachment":[{"href":"https:\/\/wolt-store.com\/pl\/wp-json\/wp\/v2\/media?parent=2393"}],"wp:term":[{"taxonomy":"product_brand","embeddable":true,"href":"https:\/\/wolt-store.com\/pl\/wp-json\/wp\/v2\/product_brand?post=2393"},{"taxonomy":"product_cat","embeddable":true,"href":"https:\/\/wolt-store.com\/pl\/wp-json\/wp\/v2\/product_cat?post=2393"},{"taxonomy":"product_tag","embeddable":true,"href":"https:\/\/wolt-store.com\/pl\/wp-json\/wp\/v2\/product_tag?post=2393"}],"curies":[{"name":"wp","href":"https:\/\/api.w.org\/{rel}","templated":true}]}}