{"id":2398,"date":"2024-07-17T10:16:27","date_gmt":"2024-07-17T08:16:27","guid":{"rendered":"https:\/\/wolt-store.com\/pl\/produkt\/miseczka-dressingowa-z-trzciny-cukrowej-fi-60-mm-60-ml-paczka-50-szt\/"},"modified":"2026-04-28T14:36:09","modified_gmt":"2026-04-28T12:36:09","slug":"miseczka-dressingowa-z-trzciny-cukrowej-fi-60-mm-60-ml-paczka-50-szt","status":"publish","type":"product","link":"https:\/\/wolt-store.com\/pl\/produkt\/miseczka-dressingowa-z-trzciny-cukrowej-fi-60-mm-60-ml-paczka-50-szt\/","title":{"rendered":"Miseczka dressingowa z trzciny cukrowej, fi 60 mm, 60 ml (paczka 50 szt.)"},"content":{"rendered":"<p id=\"isPasted\" dir=\"ltr\" style=\"line-height: 1.38;margin-top: 0pt;margin-bottom: 0pt\"><span style=\"font-size: 10pt;font-family: arial, helvetica, sans-serif;color: #000000;background-color: transparent;font-weight: bold;font-style: normal;font-variant: normal;text-decoration: none;vertical-align: baseline;white-space: pre-wrap\">Miseczka dressingowa wykonana z trzciny cukrowej<\/span><span style=\"font-size: 10pt;font-family: arial, helvetica, sans-serif;color: #000000;background-color: transparent;font-weight: 400;font-style: normal;font-variant: normal;text-decoration: none;vertical-align: baseline;white-space: pre-wrap\">\u00a0o pojemno\u015bci 60 ml oraz \u015brednicy 60 mm w kolorze bia\u0142ym.<\/span><\/p>\n<p dir=\"ltr\" style=\"line-height: 1.38;margin-top: 0pt;margin-bottom: 0pt\">\u00a0<\/p>\n<p dir=\"ltr\" style=\"line-height: 1.38;margin-top: 0pt;margin-bottom: 0pt\"><span style=\"font-size: 10pt;font-family: arial, helvetica, sans-serif;color: #000000;background-color: transparent;font-weight: 400;font-style: normal;font-variant: normal;text-decoration: none;vertical-align: baseline;white-space: pre-wrap\">Szukasz sposobu na\u00a0<\/span><span style=\"font-size: 10pt;font-family: arial, helvetica, sans-serif;color: #000000;background-color: transparent;font-weight: bold;font-style: normal;font-variant: normal;text-decoration: none;vertical-align: baseline;white-space: pre-wrap\">bezpieczny transport sos\u00f3w<\/span><span style=\"font-size: 10pt;font-family: arial, helvetica, sans-serif;color: #000000;background-color: transparent;font-weight: 400;font-style: normal;font-variant: normal;text-decoration: none;vertical-align: baseline;white-space: pre-wrap\">? Ta miseczka jest do tego niezb\u0119dna!\u00a0<\/span><span style=\"font-size: 10pt;font-family: arial, helvetica, sans-serif;color: #000000;background-color: transparent;font-weight: bold;font-style: normal;font-variant: normal;text-decoration: none;vertical-align: baseline;white-space: pre-wrap\">Trwa\u0142y materia\u0142 zapewnia szczelno\u015b\u0107<\/span><span style=\"font-size: 10pt;font-family: arial, helvetica, sans-serif;color: #000000;background-color: transparent;font-weight: 400;font-style: normal;font-variant: normal;text-decoration: none;vertical-align: baseline;white-space: pre-wrap\">\u00a0i pomaga zachowa\u0107 \u015bwie\u017co\u015b\u0107 produktu na d\u0142u\u017cej, a w dodatku jest ca\u0142kowicie\u00a0<\/span><span style=\"font-size: 10pt;font-family: arial, helvetica, sans-serif;color: #000000;background-color: transparent;font-weight: bold;font-style: normal;font-variant: normal;text-decoration: none;vertical-align: baseline;white-space: pre-wrap\">neutralny smakowo<\/span><span style=\"font-size: 10pt;font-family: arial, helvetica, sans-serif;color: #000000;background-color: transparent;font-weight: 400;font-style: normal;font-variant: normal;text-decoration: none;vertical-align: baseline;white-space: pre-wrap\">.\u00a0<\/span><span style=\"font-size: 10pt;font-family: arial, helvetica, sans-serif;color: #000000;background-color: transparent;font-weight: bold;font-style: normal;font-variant: normal;text-decoration: none;vertical-align: baseline;white-space: pre-wrap\">Cechuje si\u0119 doskona\u0142\u0105 wytrzyma\u0142o\u015bci\u0105 temperaturow\u0105 (od -25\u00b0C do 200\u00b0C)<\/span><span style=\"font-size: 10pt;font-family: arial, helvetica, sans-serif;color: #000000;background-color: transparent;font-weight: 400;font-style: normal;font-variant: normal;text-decoration: none;vertical-align: baseline;white-space: pre-wrap\">. \u00a0Doskona\u0142y wyb\u00f3r dla lokali oferuj\u0105cych dania na wynos, ale nie tylko! Swoje zastosowanie znajdzie r\u00f3wnie\u017c w pude\u0142ku na lunch zabieranym do pracy oraz w domowym zaciszu.<\/span><\/p>\n<p dir=\"ltr\" style=\"line-height: 1.38;margin-top: 0pt;margin-bottom: 0pt\">\u00a0<\/p>\n<p dir=\"ltr\" style=\"line-height: 1.38;margin-top: 0pt;margin-bottom: 0pt\"><span style=\"font-size: 10pt;font-family: arial, helvetica, sans-serif;color: #000000;background-color: transparent;font-weight: bold;font-style: normal;font-variant: normal;text-decoration: none;vertical-align: baseline;white-space: pre-wrap\">Wykonana w 100% z trzciny cukrowej<\/span><span style=\"font-size: 10pt;font-family: arial, helvetica, sans-serif;color: #000000;background-color: transparent;font-weight: 400;font-style: normal;font-variant: normal;text-decoration: none;vertical-align: baseline;white-space: pre-wrap\">, co sprawia, \u017ce jest ca\u0142kowicie\u00a0<\/span><span style=\"font-size: 10pt;font-family: arial, helvetica, sans-serif;color: #000000;background-color: transparent;font-weight: bold;font-style: normal;font-variant: normal;text-decoration: none;vertical-align: baseline;white-space: pre-wrap\">biodegradowalna<\/span><span style=\"font-size: 10pt;font-family: arial, helvetica, sans-serif;color: #000000;background-color: transparent;font-weight: 400;font-style: normal;font-variant: normal;text-decoration: none;vertical-align: baseline;white-space: pre-wrap\">. Wybieraj\u0105c ten produkt, wspierasz zr\u00f3wnowa\u017cone rozwi\u0105zania. Zadbajmy wsp\u00f3lnie o \u015brodowisko!<\/span><\/p>\n<p dir=\"ltr\" style=\"line-height: 1.38;margin-top: 0pt;margin-bottom: 0pt\">\u00a0<\/p>\n<p dir=\"ltr\" style=\"line-height: 1.38;margin-top: 0pt;margin-bottom: 0pt\"><span style=\"font-size: 10pt;font-family: arial, helvetica, sans-serif;color: #000000;background-color: transparent;font-weight: bold;font-style: normal;font-variant: normal;text-decoration: none;vertical-align: baseline;white-space: pre-wrap\">Nie zapomnij o pasuj\u0105cych pokrywkach<\/span><span style=\"font-size: 10pt;font-family: arial, helvetica, sans-serif;color: #000000;background-color: transparent;font-weight: 400;font-style: normal;font-variant: normal;text-decoration: none;vertical-align: baseline;white-space: pre-wrap\">\u00a0&#8211; znajdziesz je w produktach powi\u0105zanych!<\/span><\/p>\n<p dir=\"ltr\" style=\"line-height: 1.38;margin-top: 0pt;margin-bottom: 0pt\">\u00a0<\/p>\n<p dir=\"ltr\" style=\"line-height: 1.38;margin-top: 0pt;margin-bottom: 0pt\"><span style=\"font-size: 10pt;font-family: arial, helvetica, sans-serif;color: #000000;background-color: transparent;font-weight: 400;font-style: normal;font-variant: normal;text-decoration: none;vertical-align: baseline;white-space: pre-wrap\">Produkt\u00a0<\/span><span style=\"font-size: 10pt;font-family: arial, helvetica, sans-serif;color: #000000;background-color: transparent;font-weight: bold;font-style: normal;font-variant: normal;text-decoration: none;vertical-align: baseline;white-space: pre-wrap\">nie podlega op\u0142acie SUP (Single Use Plastic), <\/span><span style=\"font-size: 10pt;font-family: arial, helvetica, sans-serif\">poniewa\u017c zosta\u0142a wykonana z ekologicznych i naturalnych materia\u0142\u00f3w<\/span><span style=\"font-size: 10pt;font-family: arial, helvetica, sans-serif;color: #000000;background-color: transparent;font-weight: 400;font-style: normal;font-variant: normal;text-decoration: none;vertical-align: baseline;white-space: pre-wrap\">.<\/span><\/p>\n<p dir=\"ltr\" style=\"line-height: 1.38;margin-top: 0pt;margin-bottom: 0pt\">\u00a0<\/p>\n","protected":false},"excerpt":{"rendered":"<p>Paczka 50 sztuk<br \/>\nKod produktu: 83439<br \/>\n\u00a0<br \/>\n\u00a0<\/p>\n","protected":false},"featured_media":2463,"template":"","meta":{"_acf_changed":false,"_uag_custom_page_level_css":"","_editorskit_title_hidden":false,"_editorskit_reading_time":0,"_editorskit_is_block_options_detached":false,"_editorskit_block_options_position":"{}","site-sidebar-layout":"default","site-content-layout":"","ast-site-content-layout":"default","site-content-style":"default","site-sidebar-style":"default","ast-global-header-display":"","ast-banner-title-visibility":"","ast-main-header-display":"","ast-hfb-above-header-display":"","ast-hfb-below-header-display":"","ast-hfb-mobile-header-display":"","site-post-title":"","ast-breadcrumbs-content":"","ast-featured-img":"","footer-sml-layout":"","ast-disable-related-posts":"","theme-transparent-header-meta":"","adv-header-id-meta":"","stick-header-meta":"","header-above-stick-meta":"","header-main-stick-meta":"","header-below-stick-meta":"","astra-migrate-meta-layouts":"default","ast-page-background-enabled":"default","ast-page-background-meta":{"desktop":{"background-color":"var(--ast-global-color-4)","background-image":"","background-repeat":"repeat","background-position":"center center","background-size":"auto","background-attachment":"scroll","background-type":"","background-media":"","overlay-type":"","overlay-color":"","overlay-opacity":"","overlay-gradient":""},"tablet":{"background-color":"","background-image":"","background-repeat":"repeat","background-position":"center center","background-size":"auto","background-attachment":"scroll","background-type":"","background-media":"","overlay-type":"","overlay-color":"","overlay-opacity":"","overlay-gradient":""},"mobile":{"background-color":"","background-image":"","background-repeat":"repeat","background-position":"center center","background-size":"auto","background-attachment":"scroll","background-type":"","background-media":"","overlay-type":"","overlay-color":"","overlay-opacity":"","overlay-gradient":""}},"ast-content-background-meta":{"desktop":{"background-color":"var(--ast-global-color-5)","background-image":"","background-repeat":"repeat","background-position":"center center","background-size":"auto","background-attachment":"scroll","background-type":"","background-media":"","overlay-type":"","overlay-color":"","overlay-opacity":"","overlay-gradient":""},"tablet":{"background-color":"var(--ast-global-color-5)","background-image":"","background-repeat":"repeat","background-position":"center center","background-size":"auto","background-attachment":"scroll","background-type":"","background-media":"","overlay-type":"","overlay-color":"","overlay-opacity":"","overlay-gradient":""},"mobile":{"background-color":"var(--ast-global-color-5)","background-image":"","background-repeat":"repeat","background-position":"center center","background-size":"auto","background-attachment":"scroll","background-type":"","background-media":"","overlay-type":"","overlay-color":"","overlay-opacity":"","overlay-gradient":""}}},"product_brand":[],"product_cat":[526],"product_tag":[],"class_list":{"0":"post-2398","1":"product","2":"type-product","3":"status-publish","4":"has-post-thumbnail","6":"product_cat-opakowania","7":"pa_contentunit-szt","8":"desktop-align-left","9":"tablet-align-left","10":"mobile-align-left","11":"ast-product-gallery-layout-horizontal-slider","12":"ast-product-gallery-with-no-image","13":"ast-product-tabs-layout-accordion","15":"first","16":"instock","17":"taxable","18":"shipping-taxable","19":"purchasable","20":"product-type-simple"},"bundled_by":[],"bundle_stock_status":"instock","bundle_stock_quantity":221,"bundle_virtual":false,"bundle_layout":"","bundle_add_to_cart_form_location":"","bundle_editable_in_cart":false,"bundle_sold_individually_context":"","bundle_item_grouping":"","bundle_min_size":"","bundle_max_size":"","bundle_price":[],"bundled_items":[],"bundle_sell_ids":[],"acf":[],"uagb_featured_image_src":{"full":["https:\/\/wolt-store.com\/content\/uploads\/sites\/25\/2024\/07\/1721210492195342143940.jpg",500,500,false],"thumbnail":["https:\/\/wolt-store.com\/content\/uploads\/sites\/25\/2024\/07\/1721210492195342143940-150x150.jpg",150,150,true],"medium":["https:\/\/wolt-store.com\/content\/uploads\/sites\/25\/2024\/07\/1721210492195342143940-300x300.jpg",300,300,true],"medium_large":["https:\/\/wolt-store.com\/content\/uploads\/sites\/25\/2024\/07\/1721210492195342143940.jpg",500,500,false],"large":["https:\/\/wolt-store.com\/content\/uploads\/sites\/25\/2024\/07\/1721210492195342143940.jpg",500,500,false],"1536x1536":["https:\/\/wolt-store.com\/content\/uploads\/sites\/25\/2024\/07\/1721210492195342143940.jpg",500,500,false],"2048x2048":["https:\/\/wolt-store.com\/content\/uploads\/sites\/25\/2024\/07\/1721210492195342143940.jpg",500,500,false],"post-thumbnail":["https:\/\/wolt-store.com\/content\/uploads\/sites\/25\/2024\/07\/1721210492195342143940-480x360.jpg",480,360,true],"gform-image-choice-sm":["https:\/\/wolt-store.com\/content\/uploads\/sites\/25\/2024\/07\/1721210492195342143940.jpg",300,300,false],"gform-image-choice-md":["https:\/\/wolt-store.com\/content\/uploads\/sites\/25\/2024\/07\/1721210492195342143940.jpg",400,400,false],"gform-image-choice-lg":["https:\/\/wolt-store.com\/content\/uploads\/sites\/25\/2024\/07\/1721210492195342143940.jpg",500,500,false],"woocommerce_thumbnail":["https:\/\/wolt-store.com\/content\/uploads\/sites\/25\/2024\/07\/1721210492195342143940-300x300.jpg",300,300,true],"woocommerce_single":["https:\/\/wolt-store.com\/content\/uploads\/sites\/25\/2024\/07\/1721210492195342143940.jpg",500,500,false],"woocommerce_gallery_thumbnail":["https:\/\/wolt-store.com\/content\/uploads\/sites\/25\/2024\/07\/1721210492195342143940-250x250.jpg",250,250,true],"dgwt-wcas-product-suggestion":["https:\/\/wolt-store.com\/content\/uploads\/sites\/25\/2024\/07\/1721210492195342143940-64x64.jpg",64,64,true]},"uagb_author_info":{"display_name":"maksimer","author_link":"https:\/\/wolt-store.com\/pl\/author\/"},"uagb_comment_info":0,"uagb_excerpt":"Paczka 50 sztuk Kod produktu: 83439 \u00a0 \u00a0","_links":{"self":[{"href":"https:\/\/wolt-store.com\/pl\/wp-json\/wp\/v2\/product\/2398","targetHints":{"allow":["GET"]}}],"collection":[{"href":"https:\/\/wolt-store.com\/pl\/wp-json\/wp\/v2\/product"}],"about":[{"href":"https:\/\/wolt-store.com\/pl\/wp-json\/wp\/v2\/types\/product"}],"wp:featuredmedia":[{"embeddable":true,"href":"https:\/\/wolt-store.com\/pl\/wp-json\/wp\/v2\/media\/2463"}],"wp:attachment":[{"href":"https:\/\/wolt-store.com\/pl\/wp-json\/wp\/v2\/media?parent=2398"}],"wp:term":[{"taxonomy":"product_brand","embeddable":true,"href":"https:\/\/wolt-store.com\/pl\/wp-json\/wp\/v2\/product_brand?post=2398"},{"taxonomy":"product_cat","embeddable":true,"href":"https:\/\/wolt-store.com\/pl\/wp-json\/wp\/v2\/product_cat?post=2398"},{"taxonomy":"product_tag","embeddable":true,"href":"https:\/\/wolt-store.com\/pl\/wp-json\/wp\/v2\/product_tag?post=2398"}],"curies":[{"name":"wp","href":"https:\/\/api.w.org\/{rel}","templated":true}]}}