{"id":2403,"date":"2024-07-17T10:16:58","date_gmt":"2024-07-17T08:16:58","guid":{"rendered":"https:\/\/wolt-store.com\/pl\/produkt\/torba-papierowa-biala-32-x-22-x-25-cm-paczka-50-szt\/"},"modified":"2026-05-05T15:56:19","modified_gmt":"2026-05-05T13:56:19","slug":"torba-papierowa-biala-32-x-22-x-25-cm-paczka-50-szt","status":"publish","type":"product","link":"https:\/\/wolt-store.com\/pl\/produkt\/torba-papierowa-biala-32-x-22-x-25-cm-paczka-50-szt\/","title":{"rendered":"Torba papierowa, bia\u0142a &#8211; 32 x 22 x 25 cm (paczka 50 szt.)"},"content":{"rendered":"<p><span style=\"font-family: arial, helvetica, sans-serif;font-size: 10pt\"><strong>Wytrzyma\u0142a torba<\/strong> wykonana z papieru z recyklingu w kolorze bia\u0142ym, o wymiarach 32x22x25 cm.<\/span><\/p>\n<p><span style=\"font-family: arial, helvetica, sans-serif;font-size: 10pt\"><strong>Popularna torba<\/strong> w bran\u017cy gastronomicznej, spo\u017cywczej czy kosmetycznej. Najcz\u0119\u015bciej u\u017cywana przez kurier\u00f3w dowo\u017c\u0105cych jedzenie na wynos. Wi\u0119c nie zwlekaj, lecz wyposa\u017c si\u0119 w <strong>najlepsze torby na rynku<\/strong>. Co najwa\u017cniejsze &#8211; <strong>torby s\u0105 wielokrotnego u\u017cytku<\/strong>. S\u0105 <strong>bardzo wytrzyma\u0142e<\/strong>, wi\u0119c \u015bmia\u0142o u\u017cywaj ich ponownie np. na zakupy, obierki kuchenne, a nawet no\u015b w niej laptopa! <strong>Posiada proste, wewn\u0119trzne uchwyty<\/strong> zapewniaj\u0105c torbie <strong>ud\u017awig do 10 kg<\/strong>. Ekologiczna alternatywa dla toreb plastikowych. <strong>Gramatura papieru: 80 g\/m2. <\/strong><\/span><\/p>\n<p><span style=\"font-family: arial, helvetica, sans-serif;font-size: 10pt\">Wszystkie nasze torby posiadaj\u0105 <strong>certyfikat FSC<\/strong>. Zadbajmy razem o nasz\u0105 planet\u0119! <\/span><br \/><span style=\"font-family: arial, helvetica, sans-serif;font-size: 10pt\">FSC &#8211; Forest Stewardship Council AC to mi\u0119dzynarodowa organizacja non-profit, promuj\u0105ca odpowiedzialne zarz\u0105dzanie \u015bwiatowymi lasami poprzez certyfikacj\u0119 drewna.<\/span><\/p>\n<p><span style=\"font-family: arial, helvetica, sans-serif;font-size: 10pt\">Produkt zwolniony z op\u0142aty SUP. <\/span><\/p>\n","protected":false},"excerpt":{"rendered":"<p>Paczka 50 sztuk<br \/>\nKod produktu: W15CARRB<\/p>\n","protected":false},"featured_media":2489,"template":"","meta":{"_acf_changed":false,"_uag_custom_page_level_css":"","_editorskit_title_hidden":false,"_editorskit_reading_time":0,"_editorskit_is_block_options_detached":false,"_editorskit_block_options_position":"{}","site-sidebar-layout":"default","site-content-layout":"","ast-site-content-layout":"default","site-content-style":"default","site-sidebar-style":"default","ast-global-header-display":"","ast-banner-title-visibility":"","ast-main-header-display":"","ast-hfb-above-header-display":"","ast-hfb-below-header-display":"","ast-hfb-mobile-header-display":"","site-post-title":"","ast-breadcrumbs-content":"","ast-featured-img":"","footer-sml-layout":"","ast-disable-related-posts":"","theme-transparent-header-meta":"","adv-header-id-meta":"","stick-header-meta":"","header-above-stick-meta":"","header-main-stick-meta":"","header-below-stick-meta":"","astra-migrate-meta-layouts":"default","ast-page-background-enabled":"default","ast-page-background-meta":{"desktop":{"background-color":"var(--ast-global-color-4)","background-image":"","background-repeat":"repeat","background-position":"center center","background-size":"auto","background-attachment":"scroll","background-type":"","background-media":"","overlay-type":"","overlay-color":"","overlay-opacity":"","overlay-gradient":""},"tablet":{"background-color":"","background-image":"","background-repeat":"repeat","background-position":"center center","background-size":"auto","background-attachment":"scroll","background-type":"","background-media":"","overlay-type":"","overlay-color":"","overlay-opacity":"","overlay-gradient":""},"mobile":{"background-color":"","background-image":"","background-repeat":"repeat","background-position":"center center","background-size":"auto","background-attachment":"scroll","background-type":"","background-media":"","overlay-type":"","overlay-color":"","overlay-opacity":"","overlay-gradient":""}},"ast-content-background-meta":{"desktop":{"background-color":"var(--ast-global-color-5)","background-image":"","background-repeat":"repeat","background-position":"center center","background-size":"auto","background-attachment":"scroll","background-type":"","background-media":"","overlay-type":"","overlay-color":"","overlay-opacity":"","overlay-gradient":""},"tablet":{"background-color":"var(--ast-global-color-5)","background-image":"","background-repeat":"repeat","background-position":"center center","background-size":"auto","background-attachment":"scroll","background-type":"","background-media":"","overlay-type":"","overlay-color":"","overlay-opacity":"","overlay-gradient":""},"mobile":{"background-color":"var(--ast-global-color-5)","background-image":"","background-repeat":"repeat","background-position":"center center","background-size":"auto","background-attachment":"scroll","background-type":"","background-media":"","overlay-type":"","overlay-color":"","overlay-opacity":"","overlay-gradient":""}}},"product_brand":[],"product_cat":[139],"product_tag":[],"class_list":{"0":"post-2403","1":"product","2":"type-product","3":"status-publish","4":"has-post-thumbnail","6":"product_cat-torby","7":"pa_contentunit-szt","8":"desktop-align-left","9":"tablet-align-left","10":"mobile-align-left","11":"ast-product-gallery-layout-horizontal-slider","12":"ast-product-gallery-with-no-image","13":"ast-product-tabs-layout-accordion","15":"first","16":"instock","17":"taxable","18":"shipping-taxable","19":"purchasable","20":"product-type-simple"},"bundled_by":[],"bundle_stock_status":"instock","bundle_stock_quantity":119,"bundle_virtual":false,"bundle_layout":"","bundle_add_to_cart_form_location":"","bundle_editable_in_cart":false,"bundle_sold_individually_context":"","bundle_item_grouping":"","bundle_min_size":"","bundle_max_size":"","bundle_price":[],"bundled_items":[],"bundle_sell_ids":[],"acf":[],"uagb_featured_image_src":{"full":["https:\/\/wolt-store.com\/content\/uploads\/sites\/25\/2024\/07\/172121063682156056054.png",800,800,false],"thumbnail":["https:\/\/wolt-store.com\/content\/uploads\/sites\/25\/2024\/07\/172121063682156056054-150x150.png",150,150,true],"medium":["https:\/\/wolt-store.com\/content\/uploads\/sites\/25\/2024\/07\/172121063682156056054-300x300.png",300,300,true],"medium_large":["https:\/\/wolt-store.com\/content\/uploads\/sites\/25\/2024\/07\/172121063682156056054-768x768.png",768,768,true],"large":["https:\/\/wolt-store.com\/content\/uploads\/sites\/25\/2024\/07\/172121063682156056054.png",800,800,false],"1536x1536":["https:\/\/wolt-store.com\/content\/uploads\/sites\/25\/2024\/07\/172121063682156056054.png",800,800,false],"2048x2048":["https:\/\/wolt-store.com\/content\/uploads\/sites\/25\/2024\/07\/172121063682156056054.png",800,800,false],"post-thumbnail":["https:\/\/wolt-store.com\/content\/uploads\/sites\/25\/2024\/07\/172121063682156056054-480x360.png",480,360,true],"gform-image-choice-sm":["https:\/\/wolt-store.com\/content\/uploads\/sites\/25\/2024\/07\/172121063682156056054.png",300,300,false],"gform-image-choice-md":["https:\/\/wolt-store.com\/content\/uploads\/sites\/25\/2024\/07\/172121063682156056054.png",400,400,false],"gform-image-choice-lg":["https:\/\/wolt-store.com\/content\/uploads\/sites\/25\/2024\/07\/172121063682156056054.png",600,600,false],"woocommerce_thumbnail":["https:\/\/wolt-store.com\/content\/uploads\/sites\/25\/2024\/07\/172121063682156056054-300x300.png",300,300,true],"woocommerce_single":["https:\/\/wolt-store.com\/content\/uploads\/sites\/25\/2024\/07\/172121063682156056054-600x600.png",600,600,true],"woocommerce_gallery_thumbnail":["https:\/\/wolt-store.com\/content\/uploads\/sites\/25\/2024\/07\/172121063682156056054-250x250.png",250,250,true],"dgwt-wcas-product-suggestion":["https:\/\/wolt-store.com\/content\/uploads\/sites\/25\/2024\/07\/172121063682156056054-64x64.png",64,64,true]},"uagb_author_info":{"display_name":"maksimer","author_link":"https:\/\/wolt-store.com\/pl\/author\/"},"uagb_comment_info":0,"uagb_excerpt":"Paczka 50 sztuk Kod produktu: W15CARRB","_links":{"self":[{"href":"https:\/\/wolt-store.com\/pl\/wp-json\/wp\/v2\/product\/2403","targetHints":{"allow":["GET"]}}],"collection":[{"href":"https:\/\/wolt-store.com\/pl\/wp-json\/wp\/v2\/product"}],"about":[{"href":"https:\/\/wolt-store.com\/pl\/wp-json\/wp\/v2\/types\/product"}],"wp:featuredmedia":[{"embeddable":true,"href":"https:\/\/wolt-store.com\/pl\/wp-json\/wp\/v2\/media\/2489"}],"wp:attachment":[{"href":"https:\/\/wolt-store.com\/pl\/wp-json\/wp\/v2\/media?parent=2403"}],"wp:term":[{"taxonomy":"product_brand","embeddable":true,"href":"https:\/\/wolt-store.com\/pl\/wp-json\/wp\/v2\/product_brand?post=2403"},{"taxonomy":"product_cat","embeddable":true,"href":"https:\/\/wolt-store.com\/pl\/wp-json\/wp\/v2\/product_cat?post=2403"},{"taxonomy":"product_tag","embeddable":true,"href":"https:\/\/wolt-store.com\/pl\/wp-json\/wp\/v2\/product_tag?post=2403"}],"curies":[{"name":"wp","href":"https:\/\/api.w.org\/{rel}","templated":true}]}}