{"id":2405,"date":"2024-07-17T10:17:11","date_gmt":"2024-07-17T08:17:11","guid":{"rendered":"https:\/\/wolt-store.com\/pl\/produkt\/torebka-faldowa-kraft-40-x-20-x-8-cm-paczka-1000-szt\/"},"modified":"2026-05-07T12:36:14","modified_gmt":"2026-05-07T10:36:14","slug":"torebka-faldowa-kraft-40-x-20-x-8-cm-paczka-1000-szt","status":"publish","type":"product","link":"https:\/\/wolt-store.com\/pl\/produkt\/torebka-faldowa-kraft-40-x-20-x-8-cm-paczka-1000-szt\/","title":{"rendered":"Torebka fa\u0142dowa, kraft &#8211; 20 x 8 x 40 cm (paczka 1000 szt.)"},"content":{"rendered":"<div class=\"col-sm-9\">\n<div id=\"user_ZH_div_mainpanel\">\n<div id=\"user_dnn_ctr415_Main_ctl00_ctl12_pnlUpdate\">\n<article id=\"user_product-details\">\n<div id=\"user_product-parameters\">\n<div class=\"row\">\n<div class=\"col-md-12\">\n<div class=\"table-responsive\"><span style=\"font-family: arial, helvetica, sans-serif;font-size: 10pt\">Br\u0105zowa <strong>papierowa torebka fa\u0142dowa<\/strong> o wymiarach 20 cm x 8 cm x 40 cm.<\/span><\/div>\n<p><span style=\"font-family: arial, helvetica, sans-serif;font-size: 10pt\"><strong>To \u015bwietny produkt na r\u00f3\u017cne gor\u0105ce i zimne wypieki<\/strong>. Je\u015bli prowadzisz cukierni\u0119, piekarni\u0119, kawiarni\u0119, foodtrucka czy sklep to ta torebka fa\u0142dowa nada si\u0119 do zapakowania r\u00f3\u017cnorodnych produkt\u00f3w takich jak bochenek chleba, bagietka, ciabatta, bu\u0142ki, ciastka, paluszki oraz inne s\u0142odkie i pikantne wyroby cukiernicze. Torebka powinna znale\u017a\u0107 si\u0119 tak\u017ce w ka\u017cdym domowym zaciszu, gdzie spakujesz pyszn\u0105 kanapk\u0119 <strong>na wynos<\/strong>.<\/span><\/p>\n<p><span style=\"font-family: arial, helvetica, sans-serif;font-size: 10pt\">Niebielona torebka fa\u0142dowa <strong>o gramaturze 32\/45 g\/m2 wykonana ze 100% papieru<\/strong>. <strong>Jest to \u015bwietna alternatywa dla \u015brodowiska<\/strong> &#8211; ca\u0142kowicie rezygnujesz z woreczk\u00f3w foliowych. Zu\u017cyte torebki nadadz\u0105 si\u0119 do recyklingu. Nie u\u017cywaj torebek w mikrofali!<\/span><\/p>\n<p><span style=\"font-family: arial, helvetica, sans-serif;font-size: 10pt\">Produkt jest zwolniony z op\u0142aty dodatkowej SUP (Single Use Plastic), poniewa\u017c nie zawiera \u017cadnych tworzyw sztucznych.<\/span><\/p>\n<p><span style=\"font-family: arial, helvetica, sans-serif;font-size: 10pt\">PS. W naszej ofercie znajdziesz bogaty wyb\u00f3r rozmiar\u00f3w torebek fa\u0142dowych.<\/span><\/p>\n<div>\u00a0<\/div>\n<\/div>\n<\/div>\n<\/div>\n<\/article>\n<\/div>\n<\/div>\n<\/div>\n","protected":false},"excerpt":{"rendered":"<p>Paczka 1000 sztuk<br \/>\nKod produktu: 18641<\/p>\n","protected":false},"featured_media":2447,"template":"","meta":{"_acf_changed":false,"_uag_custom_page_level_css":"","_editorskit_title_hidden":false,"_editorskit_reading_time":0,"_editorskit_is_block_options_detached":false,"_editorskit_block_options_position":"{}","site-sidebar-layout":"default","site-content-layout":"","ast-site-content-layout":"default","site-content-style":"default","site-sidebar-style":"default","ast-global-header-display":"","ast-banner-title-visibility":"","ast-main-header-display":"","ast-hfb-above-header-display":"","ast-hfb-below-header-display":"","ast-hfb-mobile-header-display":"","site-post-title":"","ast-breadcrumbs-content":"","ast-featured-img":"","footer-sml-layout":"","ast-disable-related-posts":"","theme-transparent-header-meta":"","adv-header-id-meta":"","stick-header-meta":"","header-above-stick-meta":"","header-main-stick-meta":"","header-below-stick-meta":"","astra-migrate-meta-layouts":"default","ast-page-background-enabled":"default","ast-page-background-meta":{"desktop":{"background-color":"var(--ast-global-color-4)","background-image":"","background-repeat":"repeat","background-position":"center center","background-size":"auto","background-attachment":"scroll","background-type":"","background-media":"","overlay-type":"","overlay-color":"","overlay-opacity":"","overlay-gradient":""},"tablet":{"background-color":"","background-image":"","background-repeat":"repeat","background-position":"center center","background-size":"auto","background-attachment":"scroll","background-type":"","background-media":"","overlay-type":"","overlay-color":"","overlay-opacity":"","overlay-gradient":""},"mobile":{"background-color":"","background-image":"","background-repeat":"repeat","background-position":"center center","background-size":"auto","background-attachment":"scroll","background-type":"","background-media":"","overlay-type":"","overlay-color":"","overlay-opacity":"","overlay-gradient":""}},"ast-content-background-meta":{"desktop":{"background-color":"var(--ast-global-color-5)","background-image":"","background-repeat":"repeat","background-position":"center center","background-size":"auto","background-attachment":"scroll","background-type":"","background-media":"","overlay-type":"","overlay-color":"","overlay-opacity":"","overlay-gradient":""},"tablet":{"background-color":"var(--ast-global-color-5)","background-image":"","background-repeat":"repeat","background-position":"center center","background-size":"auto","background-attachment":"scroll","background-type":"","background-media":"","overlay-type":"","overlay-color":"","overlay-opacity":"","overlay-gradient":""},"mobile":{"background-color":"var(--ast-global-color-5)","background-image":"","background-repeat":"repeat","background-position":"center center","background-size":"auto","background-attachment":"scroll","background-type":"","background-media":"","overlay-type":"","overlay-color":"","overlay-opacity":"","overlay-gradient":""}}},"product_brand":[],"product_cat":[139],"product_tag":[],"class_list":{"0":"post-2405","1":"product","2":"type-product","3":"status-publish","4":"has-post-thumbnail","6":"product_cat-torby","7":"pa_contentunit-szt","8":"desktop-align-left","9":"tablet-align-left","10":"mobile-align-left","11":"ast-product-gallery-layout-horizontal-slider","12":"ast-product-gallery-with-no-image","13":"ast-product-tabs-layout-accordion","15":"first","16":"instock","17":"taxable","18":"shipping-taxable","19":"purchasable","20":"product-type-simple"},"bundled_by":[],"bundle_stock_status":"instock","bundle_stock_quantity":4,"bundle_virtual":false,"bundle_layout":"","bundle_add_to_cart_form_location":"","bundle_editable_in_cart":false,"bundle_sold_individually_context":"","bundle_item_grouping":"","bundle_min_size":"","bundle_max_size":"","bundle_price":[],"bundled_items":[],"bundle_sell_ids":[],"acf":[],"uagb_featured_image_src":{"full":["https:\/\/wolt-store.com\/content\/uploads\/sites\/25\/2024\/07\/172121039798159266469.png",1213,791,false],"thumbnail":["https:\/\/wolt-store.com\/content\/uploads\/sites\/25\/2024\/07\/172121039798159266469-150x150.png",150,150,true],"medium":["https:\/\/wolt-store.com\/content\/uploads\/sites\/25\/2024\/07\/172121039798159266469-300x196.png",300,196,true],"medium_large":["https:\/\/wolt-store.com\/content\/uploads\/sites\/25\/2024\/07\/172121039798159266469-768x501.png",768,501,true],"large":["https:\/\/wolt-store.com\/content\/uploads\/sites\/25\/2024\/07\/172121039798159266469-1024x668.png",1024,668,true],"1536x1536":["https:\/\/wolt-store.com\/content\/uploads\/sites\/25\/2024\/07\/172121039798159266469.png",1213,791,false],"2048x2048":["https:\/\/wolt-store.com\/content\/uploads\/sites\/25\/2024\/07\/172121039798159266469.png",1213,791,false],"post-thumbnail":["https:\/\/wolt-store.com\/content\/uploads\/sites\/25\/2024\/07\/172121039798159266469-480x360.png",480,360,true],"gform-image-choice-sm":["https:\/\/wolt-store.com\/content\/uploads\/sites\/25\/2024\/07\/172121039798159266469.png",300,196,false],"gform-image-choice-md":["https:\/\/wolt-store.com\/content\/uploads\/sites\/25\/2024\/07\/172121039798159266469.png",400,261,false],"gform-image-choice-lg":["https:\/\/wolt-store.com\/content\/uploads\/sites\/25\/2024\/07\/172121039798159266469.png",600,391,false],"woocommerce_thumbnail":["https:\/\/wolt-store.com\/content\/uploads\/sites\/25\/2024\/07\/172121039798159266469-300x196.png",300,196,true],"woocommerce_single":["https:\/\/wolt-store.com\/content\/uploads\/sites\/25\/2024\/07\/172121039798159266469-600x391.png",600,391,true],"woocommerce_gallery_thumbnail":["https:\/\/wolt-store.com\/content\/uploads\/sites\/25\/2024\/07\/172121039798159266469-250x250.png",250,250,true],"dgwt-wcas-product-suggestion":["https:\/\/wolt-store.com\/content\/uploads\/sites\/25\/2024\/07\/172121039798159266469-64x42.png",64,42,true]},"uagb_author_info":{"display_name":"maksimer","author_link":"https:\/\/wolt-store.com\/pl\/author\/"},"uagb_comment_info":0,"uagb_excerpt":"Paczka 1000 sztuk Kod produktu: 18641","_links":{"self":[{"href":"https:\/\/wolt-store.com\/pl\/wp-json\/wp\/v2\/product\/2405","targetHints":{"allow":["GET"]}}],"collection":[{"href":"https:\/\/wolt-store.com\/pl\/wp-json\/wp\/v2\/product"}],"about":[{"href":"https:\/\/wolt-store.com\/pl\/wp-json\/wp\/v2\/types\/product"}],"wp:featuredmedia":[{"embeddable":true,"href":"https:\/\/wolt-store.com\/pl\/wp-json\/wp\/v2\/media\/2447"}],"wp:attachment":[{"href":"https:\/\/wolt-store.com\/pl\/wp-json\/wp\/v2\/media?parent=2405"}],"wp:term":[{"taxonomy":"product_brand","embeddable":true,"href":"https:\/\/wolt-store.com\/pl\/wp-json\/wp\/v2\/product_brand?post=2405"},{"taxonomy":"product_cat","embeddable":true,"href":"https:\/\/wolt-store.com\/pl\/wp-json\/wp\/v2\/product_cat?post=2405"},{"taxonomy":"product_tag","embeddable":true,"href":"https:\/\/wolt-store.com\/pl\/wp-json\/wp\/v2\/product_tag?post=2405"}],"curies":[{"name":"wp","href":"https:\/\/api.w.org\/{rel}","templated":true}]}}