{"id":2408,"date":"2024-07-17T10:17:29","date_gmt":"2024-07-17T08:17:29","guid":{"rendered":"https:\/\/wolt-store.com\/pl\/produkt\/pojemnik-do-zgrzewania-227-x-178-x-45-cm-paczka-50-szt\/"},"modified":"2026-02-25T17:48:21","modified_gmt":"2026-02-25T16:48:21","slug":"pojemnik-do-zgrzewania-227-x-178-x-45-cm-paczka-50-szt","status":"publish","type":"product","link":"https:\/\/wolt-store.com\/pl\/produkt\/pojemnik-do-zgrzewania-227-x-178-x-45-cm-paczka-50-szt\/","title":{"rendered":"Pojemnik do zgrzewania 22,7 x 17,8 x 4,5 cm (paczka 50 szt.)"},"content":{"rendered":"<div class=\"table-responsive\">\n<div class=\"table-responsive\">\n<div class=\"v1table-responsive\">\n<div id=\"v1description\" class=\"v1data v1item v1content\">\n<div class=\"v1product v1attribute v1description\">\n<div class=\"v1value\"><span style=\"font-family: arial, helvetica, sans-serif;font-size: 10pt\"><strong>Pojemnik prostok\u0105tny wykonany z trzciny cukrowej<\/strong> <strong>w kolorze naturalnego br\u0105zu<\/strong> o wymiarach 22,7 x 17,8 x 4,5 cm. <\/span><\/p>\n<p><span style=\"font-family: arial, helvetica, sans-serif;font-size: 10pt\">\u015awietnie si\u0119 sprawdzi <strong>do ciep\u0142ych i zimnych posi\u0142k\u00f3w<\/strong>. Trwa\u0142y materia\u0142 <strong>odporny na t\u0142uszcz i wod\u0119<\/strong>, wi\u0119c danie z sosem to \u017caden problem.\u00a0Produkt stworzony\u00a0<strong>do zgrzewania<\/strong>. Materia\u0142, kt\u00f3ry <strong>charakteryzuje si\u0119 idealnymi w\u0142a\u015bciwo\u015bciami termicznymi<\/strong> jest niezb\u0119dny w lokalach gastronomicznych oraz przydatny w dietach pude\u0142kowych.<\/span><\/p>\n<p><span style=\"font-family: arial, helvetica, sans-serif;font-size: 10pt\">Wykonany z trzciny cukrowej, co sprawia, \u017ce jest <strong>ca\u0142kowicie ekologiczny<\/strong> &#8211; \u015bwietna alternatywa dla \u015brodowiska. <strong>Poznaj jego wytrzyma\u0142o\u015b\u0107<\/strong> &#8211; \u015bmia\u0142o podgrzewaj na nim dania w mikrofal\u00f3wce, wytrzyma r\u00f3wnie\u017c niskie temperatury w zamra\u017calniku.<\/span><\/p>\n<p><span style=\"font-family: arial, helvetica, sans-serif;font-size: 10pt\">Produkt ten jest w pe\u0142ni naturalny, dzi\u0119ki czemu nie podlega op\u0142acie SUP (Single Use Plastic). Naczynia jednorazowe wykonane z trzciny cukrowej zyskuj\u0105 ogromn\u0105 popularno\u015b\u0107 na ca\u0142ym \u015bwiecie.<\/span><\/div>\n<\/div>\n<\/div>\n<\/div>\n<\/div>\n<\/div>\n","protected":false},"excerpt":{"rendered":"<p>Paczka 50 sztuk<br \/>\nKod produktu: PZ1<br \/>\n\u00a0<br \/>\nBia\u0142e pojemniki (w tej samej cenie) dost\u0119pne na zam\u00f3wienie!<\/p>\n","protected":false},"featured_media":2484,"template":"","meta":{"_acf_changed":false,"_uag_custom_page_level_css":"","_editorskit_title_hidden":false,"_editorskit_reading_time":0,"_editorskit_is_block_options_detached":false,"_editorskit_block_options_position":"{}","site-sidebar-layout":"default","site-content-layout":"","ast-site-content-layout":"default","site-content-style":"default","site-sidebar-style":"default","ast-global-header-display":"","ast-banner-title-visibility":"","ast-main-header-display":"","ast-hfb-above-header-display":"","ast-hfb-below-header-display":"","ast-hfb-mobile-header-display":"","site-post-title":"","ast-breadcrumbs-content":"","ast-featured-img":"","footer-sml-layout":"","ast-disable-related-posts":"","theme-transparent-header-meta":"","adv-header-id-meta":"","stick-header-meta":"","header-above-stick-meta":"","header-main-stick-meta":"","header-below-stick-meta":"","astra-migrate-meta-layouts":"default","ast-page-background-enabled":"default","ast-page-background-meta":{"desktop":{"background-color":"var(--ast-global-color-4)","background-image":"","background-repeat":"repeat","background-position":"center center","background-size":"auto","background-attachment":"scroll","background-type":"","background-media":"","overlay-type":"","overlay-color":"","overlay-opacity":"","overlay-gradient":""},"tablet":{"background-color":"","background-image":"","background-repeat":"repeat","background-position":"center center","background-size":"auto","background-attachment":"scroll","background-type":"","background-media":"","overlay-type":"","overlay-color":"","overlay-opacity":"","overlay-gradient":""},"mobile":{"background-color":"","background-image":"","background-repeat":"repeat","background-position":"center center","background-size":"auto","background-attachment":"scroll","background-type":"","background-media":"","overlay-type":"","overlay-color":"","overlay-opacity":"","overlay-gradient":""}},"ast-content-background-meta":{"desktop":{"background-color":"var(--ast-global-color-5)","background-image":"","background-repeat":"repeat","background-position":"center center","background-size":"auto","background-attachment":"scroll","background-type":"","background-media":"","overlay-type":"","overlay-color":"","overlay-opacity":"","overlay-gradient":""},"tablet":{"background-color":"var(--ast-global-color-5)","background-image":"","background-repeat":"repeat","background-position":"center center","background-size":"auto","background-attachment":"scroll","background-type":"","background-media":"","overlay-type":"","overlay-color":"","overlay-opacity":"","overlay-gradient":""},"mobile":{"background-color":"var(--ast-global-color-5)","background-image":"","background-repeat":"repeat","background-position":"center center","background-size":"auto","background-attachment":"scroll","background-type":"","background-media":"","overlay-type":"","overlay-color":"","overlay-opacity":"","overlay-gradient":""}}},"product_brand":[],"product_cat":[526],"product_tag":[],"class_list":{"0":"post-2408","1":"product","2":"type-product","3":"status-publish","4":"has-post-thumbnail","6":"product_cat-opakowania","7":"pa_contentunit-szt","8":"desktop-align-left","9":"tablet-align-left","10":"mobile-align-left","11":"ast-product-gallery-layout-horizontal-slider","12":"ast-product-gallery-with-no-image","13":"ast-product-tabs-layout-accordion","15":"first","16":"instock","17":"taxable","18":"shipping-taxable","19":"purchasable","20":"product-type-simple"},"bundled_by":[],"bundle_stock_status":"instock","bundle_stock_quantity":195,"bundle_virtual":false,"bundle_layout":"","bundle_add_to_cart_form_location":"","bundle_editable_in_cart":false,"bundle_sold_individually_context":"","bundle_item_grouping":"","bundle_min_size":"","bundle_max_size":"","bundle_price":[],"bundled_items":[],"bundle_sell_ids":[],"acf":[],"uagb_featured_image_src":{"full":["https:\/\/wolt-store.com\/content\/uploads\/sites\/25\/2024\/07\/1721210612809442172695.jpg",1600,1200,false],"thumbnail":["https:\/\/wolt-store.com\/content\/uploads\/sites\/25\/2024\/07\/1721210612809442172695-150x150.jpg",150,150,true],"medium":["https:\/\/wolt-store.com\/content\/uploads\/sites\/25\/2024\/07\/1721210612809442172695-300x225.jpg",300,225,true],"medium_large":["https:\/\/wolt-store.com\/content\/uploads\/sites\/25\/2024\/07\/1721210612809442172695-768x576.jpg",768,576,true],"large":["https:\/\/wolt-store.com\/content\/uploads\/sites\/25\/2024\/07\/1721210612809442172695-1024x768.jpg",1024,768,true],"1536x1536":["https:\/\/wolt-store.com\/content\/uploads\/sites\/25\/2024\/07\/1721210612809442172695-1536x1152.jpg",1536,1152,true],"2048x2048":["https:\/\/wolt-store.com\/content\/uploads\/sites\/25\/2024\/07\/1721210612809442172695.jpg",1600,1200,false],"post-thumbnail":["https:\/\/wolt-store.com\/content\/uploads\/sites\/25\/2024\/07\/1721210612809442172695-480x360.jpg",480,360,true],"gform-image-choice-sm":["https:\/\/wolt-store.com\/content\/uploads\/sites\/25\/2024\/07\/1721210612809442172695.jpg",300,225,false],"gform-image-choice-md":["https:\/\/wolt-store.com\/content\/uploads\/sites\/25\/2024\/07\/1721210612809442172695.jpg",400,300,false],"gform-image-choice-lg":["https:\/\/wolt-store.com\/content\/uploads\/sites\/25\/2024\/07\/1721210612809442172695.jpg",600,450,false],"woocommerce_thumbnail":["https:\/\/wolt-store.com\/content\/uploads\/sites\/25\/2024\/07\/1721210612809442172695-300x225.jpg",300,225,true],"woocommerce_single":["https:\/\/wolt-store.com\/content\/uploads\/sites\/25\/2024\/07\/1721210612809442172695-600x450.jpg",600,450,true],"woocommerce_gallery_thumbnail":["https:\/\/wolt-store.com\/content\/uploads\/sites\/25\/2024\/07\/1721210612809442172695-250x250.jpg",250,250,true],"dgwt-wcas-product-suggestion":["https:\/\/wolt-store.com\/content\/uploads\/sites\/25\/2024\/07\/1721210612809442172695-64x48.jpg",64,48,true]},"uagb_author_info":{"display_name":"maksimer","author_link":"https:\/\/wolt-store.com\/pl\/author\/"},"uagb_comment_info":0,"uagb_excerpt":"Paczka 50 sztuk Kod produktu: PZ1 \u00a0 Bia\u0142e pojemniki (w tej samej cenie) dost\u0119pne na zam\u00f3wienie!","_links":{"self":[{"href":"https:\/\/wolt-store.com\/pl\/wp-json\/wp\/v2\/product\/2408","targetHints":{"allow":["GET"]}}],"collection":[{"href":"https:\/\/wolt-store.com\/pl\/wp-json\/wp\/v2\/product"}],"about":[{"href":"https:\/\/wolt-store.com\/pl\/wp-json\/wp\/v2\/types\/product"}],"wp:featuredmedia":[{"embeddable":true,"href":"https:\/\/wolt-store.com\/pl\/wp-json\/wp\/v2\/media\/2484"}],"wp:attachment":[{"href":"https:\/\/wolt-store.com\/pl\/wp-json\/wp\/v2\/media?parent=2408"}],"wp:term":[{"taxonomy":"product_brand","embeddable":true,"href":"https:\/\/wolt-store.com\/pl\/wp-json\/wp\/v2\/product_brand?post=2408"},{"taxonomy":"product_cat","embeddable":true,"href":"https:\/\/wolt-store.com\/pl\/wp-json\/wp\/v2\/product_cat?post=2408"},{"taxonomy":"product_tag","embeddable":true,"href":"https:\/\/wolt-store.com\/pl\/wp-json\/wp\/v2\/product_tag?post=2408"}],"curies":[{"name":"wp","href":"https:\/\/api.w.org\/{rel}","templated":true}]}}