{"id":2419,"date":"2024-07-17T10:18:38","date_gmt":"2024-07-17T08:18:38","guid":{"rendered":"https:\/\/wolt-store.com\/pl\/produkt\/pudelko-papierowe-z-oknem-23-x-15-x-5-cm-paczka-50-szt\/"},"modified":"2026-04-17T13:16:28","modified_gmt":"2026-04-17T11:16:28","slug":"pudelko-papierowe-z-oknem-23-x-15-x-5-cm-paczka-50-szt","status":"publish","type":"product","link":"https:\/\/wolt-store.com\/pl\/produkt\/pudelko-papierowe-z-oknem-23-x-15-x-5-cm-paczka-50-szt\/","title":{"rendered":"Pude\u0142ko papierowe z oknem &#8211; 23 x 15 x 5 cm (paczka 50 szt.)"},"content":{"rendered":"<p id=\"isPasted\"><strong><span style=\"font-size: 10pt;font-family: arial, helvetica, sans-serif\">Pude\u0142ko papierowe z oknem<\/span><\/strong><span style=\"font-size: 10pt;font-family: arial, helvetica, sans-serif\"> o wymiarach <strong>23 x 15 x 5 cm<\/strong> to praktyczne i eleganckie rozwi\u0105zanie do pakowania ciast, ciasteczek, sushi czy innych wypiek\u00f3w. <\/span><\/p>\n<p><span style=\"font-size: 10pt;font-family: arial, helvetica, sans-serif\">\u015awietnie sprawdzi si\u0119 w cukierni, piekarni, kawiarni lub cateringu na wynos.&nbsp;<\/span><span style=\"font-size: 10pt;font-family: arial, helvetica, sans-serif\">Dzi\u0119ki przezroczystemu okienku Twoje wyroby b\u0119d\u0105 nie tylko <strong>bezpieczne<\/strong>, ale te\u017c <strong>doskonale&nbsp;<\/strong><strong>wyeksponowane <\/strong>bez utraty swojej \u015bwie\u017co\u015bci, ciesz\u0105c nie tylko wzrok klienta, ale i jego kubki smakowe.&nbsp;<strong>Sztywna struktura<\/strong> dobrze trzyma form\u0119 i zachowuje tekstur\u0119 pude\u0142ka, a dzi\u0119ki ekobarierze <strong>nie musisz&nbsp;<\/strong><strong>martwi\u0107 si\u0119 o przesi\u0105kni\u0119cie opakowania t\u0142uszczem czy wod\u0105<\/strong>.<\/span><\/p>\n<p><span style=\"font-size: 10pt;font-family: arial, helvetica, sans-serif\">To rozwi\u0105zanie nie tylko <strong>estetyczne, ale i przyjazne \u015brodowisku<\/strong> \u2013 pude\u0142ko wykonane zosta\u0142o z papieru nadaj\u0105cego si\u0119 do recyklingu, spe\u0142nia normy EN 13432 oraz ASTM 6400. Natomiast okienko jest zrobione z <strong>polipropylenu (PP)<\/strong>.<\/span><\/p>\n<p><span style=\"font-size: 10pt;font-family: arial, helvetica, sans-serif\"><strong>Idealny wyb\u00f3r, je\u015bli zale\u017cy Ci na stylowym pakowaniu i eko podej\u015bciu!<\/strong><\/span><\/p>\n<p dir=\"ltr\" style=\"line-height:1.2;margin-top:0pt;margin-bottom:0pt\" id=\"isPasted\"><span style=\"font-size: 10pt;font-family: arial, helvetica, sans-serif;background-color: transparent;font-weight: 400;font-style: normal;font-variant: normal;text-decoration: none;vertical-align: baseline;white-space: pre-wrap\">Zgodnie z Dyrektyw\u0105 Unijn\u0105 dot. produkt\u00f3w plastikowych, produkt<\/span><span style=\"font-size: 10pt;font-family: arial, helvetica, sans-serif;background-color: transparent;font-weight: 700;font-style: normal;font-variant: normal;text-decoration: none;vertical-align: baseline;white-space: pre-wrap\"> podlega <a href=\"https:\/\/cantino.pl\/pl\/blog\/Oplata-SUP-jak-ja-naliczac\/51\">op\u0142acie SUP<\/a><\/span><span style=\"font-size: 10pt;font-family: arial, helvetica, sans-serif;background-color: transparent;font-weight: 400;font-style: normal;font-variant: normal;text-decoration: none;vertical-align: baseline;white-space: pre-wrap\"><a href=\"https:\/\/cantino.pl\/pl\/blog\/Oplata-SUP-jak-ja-naliczac\/51\">&nbsp;<\/a><\/span><span style=\"font-size: 10pt;font-family: arial, helvetica, sans-serif;background-color: transparent;font-weight: 700;font-style: normal;font-variant: normal;text-decoration: none;vertical-align: baseline;white-space: pre-wrap\"><a href=\"https:\/\/cantino.pl\/pl\/blog\/Oplata-SUP-jak-ja-naliczac\/51\">(Single Use Plastic)<\/a><\/span><span style=\"font-size: 10pt;font-family: arial, helvetica, sans-serif;background-color: transparent;font-weight: 400;font-style: normal;font-variant: normal;text-decoration: none;vertical-align: baseline;white-space: pre-wrap\">.<\/span><\/p>\n<div class=\"table-responsive\">\n<table id=\"user_table1\" border=\"0\" width=\"100%\" cellpadding=\"2\">\n<tbody>\n<tr style=\"height: 35px\">\n<td style=\"height: 35px\"><span style=\"font-size: 10px;font-family: arial, helvetica, sans-serif\"><br \/><\/span><\/td>\n<td style=\"height: 35px\"><span style=\"font-size: 10px;font-family: arial, helvetica, sans-serif\"><br \/><\/span><\/td>\n<\/tr>\n<\/tbody>\n<\/table>\n<\/div>\n","protected":false},"excerpt":{"rendered":"<p>Paczka 50 sztuk<br \/>\nKod produktu: PP230X150X50<\/p>\n","protected":false},"featured_media":2483,"template":"","meta":{"_acf_changed":false,"_uag_custom_page_level_css":"","_editorskit_title_hidden":false,"_editorskit_reading_time":0,"_editorskit_is_block_options_detached":false,"_editorskit_block_options_position":"{}","site-sidebar-layout":"default","site-content-layout":"","ast-site-content-layout":"default","site-content-style":"default","site-sidebar-style":"default","ast-global-header-display":"","ast-banner-title-visibility":"","ast-main-header-display":"","ast-hfb-above-header-display":"","ast-hfb-below-header-display":"","ast-hfb-mobile-header-display":"","site-post-title":"","ast-breadcrumbs-content":"","ast-featured-img":"","footer-sml-layout":"","ast-disable-related-posts":"","theme-transparent-header-meta":"","adv-header-id-meta":"","stick-header-meta":"","header-above-stick-meta":"","header-main-stick-meta":"","header-below-stick-meta":"","astra-migrate-meta-layouts":"default","ast-page-background-enabled":"default","ast-page-background-meta":{"desktop":{"background-color":"var(--ast-global-color-4)","background-image":"","background-repeat":"repeat","background-position":"center center","background-size":"auto","background-attachment":"scroll","background-type":"","background-media":"","overlay-type":"","overlay-color":"","overlay-opacity":"","overlay-gradient":""},"tablet":{"background-color":"","background-image":"","background-repeat":"repeat","background-position":"center center","background-size":"auto","background-attachment":"scroll","background-type":"","background-media":"","overlay-type":"","overlay-color":"","overlay-opacity":"","overlay-gradient":""},"mobile":{"background-color":"","background-image":"","background-repeat":"repeat","background-position":"center center","background-size":"auto","background-attachment":"scroll","background-type":"","background-media":"","overlay-type":"","overlay-color":"","overlay-opacity":"","overlay-gradient":""}},"ast-content-background-meta":{"desktop":{"background-color":"var(--ast-global-color-5)","background-image":"","background-repeat":"repeat","background-position":"center center","background-size":"auto","background-attachment":"scroll","background-type":"","background-media":"","overlay-type":"","overlay-color":"","overlay-opacity":"","overlay-gradient":""},"tablet":{"background-color":"var(--ast-global-color-5)","background-image":"","background-repeat":"repeat","background-position":"center center","background-size":"auto","background-attachment":"scroll","background-type":"","background-media":"","overlay-type":"","overlay-color":"","overlay-opacity":"","overlay-gradient":""},"mobile":{"background-color":"var(--ast-global-color-5)","background-image":"","background-repeat":"repeat","background-position":"center center","background-size":"auto","background-attachment":"scroll","background-type":"","background-media":"","overlay-type":"","overlay-color":"","overlay-opacity":"","overlay-gradient":""}}},"product_brand":[],"product_cat":[140],"product_tag":[],"class_list":{"0":"post-2419","1":"product","2":"type-product","3":"status-publish","4":"has-post-thumbnail","6":"product_cat-pojemniki","7":"pa_contentunit-szt","8":"desktop-align-left","9":"tablet-align-left","10":"mobile-align-left","11":"ast-product-gallery-layout-horizontal-slider","12":"ast-product-gallery-with-no-image","13":"ast-product-tabs-layout-accordion","15":"first","16":"instock","17":"taxable","18":"shipping-taxable","19":"purchasable","20":"product-type-simple"},"bundled_by":[],"bundle_stock_status":"instock","bundle_stock_quantity":211,"bundle_virtual":false,"bundle_layout":"","bundle_add_to_cart_form_location":"","bundle_editable_in_cart":false,"bundle_sold_individually_context":"","bundle_item_grouping":"","bundle_min_size":"","bundle_max_size":"","bundle_price":[],"bundled_items":[],"bundle_sell_ids":[],"acf":[],"uagb_featured_image_src":{"full":["https:\/\/wolt-store.com\/content\/uploads\/sites\/25\/2024\/07\/1721210608410955175514.png",577,433,false],"thumbnail":["https:\/\/wolt-store.com\/content\/uploads\/sites\/25\/2024\/07\/1721210608410955175514-150x150.png",150,150,true],"medium":["https:\/\/wolt-store.com\/content\/uploads\/sites\/25\/2024\/07\/1721210608410955175514-300x225.png",300,225,true],"medium_large":["https:\/\/wolt-store.com\/content\/uploads\/sites\/25\/2024\/07\/1721210608410955175514.png",577,433,false],"large":["https:\/\/wolt-store.com\/content\/uploads\/sites\/25\/2024\/07\/1721210608410955175514.png",577,433,false],"1536x1536":["https:\/\/wolt-store.com\/content\/uploads\/sites\/25\/2024\/07\/1721210608410955175514.png",577,433,false],"2048x2048":["https:\/\/wolt-store.com\/content\/uploads\/sites\/25\/2024\/07\/1721210608410955175514.png",577,433,false],"post-thumbnail":["https:\/\/wolt-store.com\/content\/uploads\/sites\/25\/2024\/07\/1721210608410955175514-480x360.png",480,360,true],"gform-image-choice-sm":["https:\/\/wolt-store.com\/content\/uploads\/sites\/25\/2024\/07\/1721210608410955175514.png",300,225,false],"gform-image-choice-md":["https:\/\/wolt-store.com\/content\/uploads\/sites\/25\/2024\/07\/1721210608410955175514.png",400,300,false],"gform-image-choice-lg":["https:\/\/wolt-store.com\/content\/uploads\/sites\/25\/2024\/07\/1721210608410955175514.png",577,433,false],"woocommerce_thumbnail":["https:\/\/wolt-store.com\/content\/uploads\/sites\/25\/2024\/07\/1721210608410955175514-300x225.png",300,225,true],"woocommerce_single":["https:\/\/wolt-store.com\/content\/uploads\/sites\/25\/2024\/07\/1721210608410955175514.png",577,433,false],"woocommerce_gallery_thumbnail":["https:\/\/wolt-store.com\/content\/uploads\/sites\/25\/2024\/07\/1721210608410955175514-250x250.png",250,250,true],"dgwt-wcas-product-suggestion":["https:\/\/wolt-store.com\/content\/uploads\/sites\/25\/2024\/07\/1721210608410955175514-64x48.png",64,48,true]},"uagb_author_info":{"display_name":"maksimer","author_link":"https:\/\/wolt-store.com\/pl\/author\/"},"uagb_comment_info":0,"uagb_excerpt":"Paczka 50 sztuk Kod produktu: PP230X150X50","_links":{"self":[{"href":"https:\/\/wolt-store.com\/pl\/wp-json\/wp\/v2\/product\/2419","targetHints":{"allow":["GET"]}}],"collection":[{"href":"https:\/\/wolt-store.com\/pl\/wp-json\/wp\/v2\/product"}],"about":[{"href":"https:\/\/wolt-store.com\/pl\/wp-json\/wp\/v2\/types\/product"}],"wp:featuredmedia":[{"embeddable":true,"href":"https:\/\/wolt-store.com\/pl\/wp-json\/wp\/v2\/media\/2483"}],"wp:attachment":[{"href":"https:\/\/wolt-store.com\/pl\/wp-json\/wp\/v2\/media?parent=2419"}],"wp:term":[{"taxonomy":"product_brand","embeddable":true,"href":"https:\/\/wolt-store.com\/pl\/wp-json\/wp\/v2\/product_brand?post=2419"},{"taxonomy":"product_cat","embeddable":true,"href":"https:\/\/wolt-store.com\/pl\/wp-json\/wp\/v2\/product_cat?post=2419"},{"taxonomy":"product_tag","embeddable":true,"href":"https:\/\/wolt-store.com\/pl\/wp-json\/wp\/v2\/product_tag?post=2419"}],"curies":[{"name":"wp","href":"https:\/\/api.w.org\/{rel}","templated":true}]}}