{"id":2425,"date":"2024-07-17T10:19:20","date_gmt":"2024-07-17T08:19:20","guid":{"rendered":"https:\/\/wolt-store.com\/pl\/produkt\/pojemnik-dressingowy-z-przykrywka-30-ml-208-cm-x-613-cm-x-875-cm-paczka-100-szt\/"},"modified":"2026-05-04T12:11:19","modified_gmt":"2026-05-04T10:11:19","slug":"pojemnik-dressingowy-z-przykrywka-30-ml-208-cm-x-613-cm-x-875-cm-paczka-100-szt","status":"publish","type":"product","link":"https:\/\/wolt-store.com\/pl\/produkt\/pojemnik-dressingowy-z-przykrywka-30-ml-208-cm-x-613-cm-x-875-cm-paczka-100-szt\/","title":{"rendered":"Pojemnik dressingowy z przykrywk\u0105, 30 ml, 2,08 cm x 6,13 cm x 8,75 cm (paczka 100 szt.)"},"content":{"rendered":"<p dir=\"ltr\" style=\"line-height:1.38;margin-top:0pt;margin-bottom:0pt\" id=\"isPasted\"><span style=\"font-size: 10pt;font-family: arial, helvetica, sans-serif;background-color: transparent;font-weight: 700;font-style: normal;font-variant: normal;text-decoration: none;vertical-align: baseline;white-space: pre-wrap\">Transparentny pojemnik dressingowy z pokrywk\u0105<\/span><span style=\"font-size: 10pt;font-family: arial, helvetica, sans-serif;background-color: transparent;font-weight: 400;font-style: normal;font-variant: normal;text-decoration: none;vertical-align: baseline;white-space: pre-wrap\">&nbsp;wykonany z PETu o wymiarach 2,08 x 6,13 x 8,75 cm i pojemno\u015bci 30 ml.<\/span><\/p>\n<p><span style=\"font-size: 10pt;font-family: arial, helvetica, sans-serif\"><br \/><\/span><\/p>\n<p dir=\"ltr\" style=\"line-height:1.38;margin-top:0pt;margin-bottom:0pt\"><span style=\"font-size: 10pt;font-family: arial, helvetica, sans-serif;background-color: transparent;font-weight: 400;font-style: normal;font-variant: normal;text-decoration: none;vertical-align: baseline;white-space: pre-wrap\">Szukasz sposobu na&nbsp;<\/span><span style=\"font-size: 10pt;font-family: arial, helvetica, sans-serif;background-color: transparent;font-weight: 700;font-style: normal;font-variant: normal;text-decoration: none;vertical-align: baseline;white-space: pre-wrap\">bezpieczny transport sos\u00f3w<\/span><span style=\"font-size: 10pt;font-family: arial, helvetica, sans-serif;background-color: transparent;font-weight: 400;font-style: normal;font-variant: normal;text-decoration: none;vertical-align: baseline;white-space: pre-wrap\">? Ten pojemnik jest do tego niezb\u0119dny! Trwa\u0142y materia\u0142 pomaga zachowa\u0107 \u015bwie\u017co\u015b\u0107 produktu na d\u0142u\u017cej. Cechuje si\u0119 doskona\u0142\u0105&nbsp;<\/span><span style=\"font-size: 10pt;font-family: arial, helvetica, sans-serif;background-color: transparent;font-weight: 700;font-style: normal;font-variant: normal;text-decoration: none;vertical-align: baseline;white-space: pre-wrap\">wytrzyma\u0142o\u015bci\u0105 temperaturow\u0105 (od -5\u00b0C do 70\u00b0C)<span style=\"background-color: transparent;font-weight: 400;font-style: normal;font-variant: normal;text-decoration: none;vertical-align: baseline;white-space: pre-wrap\" id=\"isPasted\">, a wbudowana pokrywka zapewnia szczelno\u015b\u0107 podczas dostaw.<\/span><\/span><span style=\"font-size: 10pt;font-family: arial, helvetica, sans-serif;background-color: transparent;font-weight: 400;font-style: normal;font-variant: normal;text-decoration: none;vertical-align: baseline;white-space: pre-wrap\">&nbsp;\u015awietny wyb\u00f3r dla lokali oferuj\u0105cych dania na wynos, ale nie tylko! Swoje zastosowanie znajdzie r\u00f3wnie\u017c w pude\u0142ku na lunch zabieranym do pracy oraz w domowym zaciszu.<\/span><\/p>\n<p><span style=\"font-size: 10pt;font-family: arial, helvetica, sans-serif\"><br \/><\/span><\/p>\n<p dir=\"ltr\" style=\"line-height:1.38;margin-top:0pt;margin-bottom:0pt\"><span style=\"font-size: 10pt;font-family: arial, helvetica, sans-serif;background-color: transparent;font-weight: 700;font-style: normal;font-variant: normal;text-decoration: none;vertical-align: baseline;white-space: pre-wrap\">Wykonany z PETu (politereftalan etylenu)<\/span><span style=\"font-size: 10pt;font-family: arial, helvetica, sans-serif;background-color: transparent;font-weight: 400;font-style: normal;font-variant: normal;text-decoration: none;vertical-align: baseline;white-space: pre-wrap\">. Po zu\u017cyciu wyrzu\u0107 opakowanie do \u017c\u00f3\u0142tego pojemnika i daj mu drugie \u017cycie dzi\u0119ki recyklingowi!<\/span><\/p>\n<p><span style=\"font-size: 10pt;font-family: arial, helvetica, sans-serif\"><br \/><\/span><\/p>\n<p dir=\"ltr\" style=\"line-height:1.2;margin-top:0pt;margin-bottom:0pt\"><span style=\"font-size: 10pt;font-family: arial, helvetica, sans-serif;background-color: transparent;font-weight: 400;font-style: normal;font-variant: normal;text-decoration: none;vertical-align: baseline;white-space: pre-wrap\">Zgodnie z Dyrektyw\u0105 Unijn\u0105 dot. produkt\u00f3w plastikowych, produkt&nbsp;<\/span><span style=\"font-size: 10pt;font-family: arial, helvetica, sans-serif;background-color: transparent;font-weight: 700;font-style: normal;font-variant: normal;text-decoration: none;vertical-align: baseline;white-space: pre-wrap\">podlega op\u0142acie SUP<\/span><span style=\"font-size: 10pt;font-family: arial, helvetica, sans-serif;background-color: transparent;font-weight: 400;font-style: normal;font-variant: normal;text-decoration: none;vertical-align: baseline;white-space: pre-wrap\">&nbsp;<\/span><span style=\"font-size: 10pt;font-family: arial, helvetica, sans-serif;background-color: transparent;font-weight: 700;font-style: normal;font-variant: normal;text-decoration: none;vertical-align: baseline;white-space: pre-wrap\">(Single Use Plastic)<\/span><span style=\"font-size: 10pt;font-family: arial, helvetica, sans-serif;background-color: transparent;font-weight: 400;font-style: normal;font-variant: normal;text-decoration: none;vertical-align: baseline;white-space: pre-wrap\">.<\/span><\/p>\n","protected":false},"excerpt":{"rendered":"<p>Paczka 100 sztuk<br \/>\nKod produktu: 45582<\/p>\n","protected":false},"featured_media":2457,"template":"","meta":{"_acf_changed":false,"_uag_custom_page_level_css":"","_editorskit_title_hidden":false,"_editorskit_reading_time":0,"_editorskit_is_block_options_detached":false,"_editorskit_block_options_position":"{}","site-sidebar-layout":"default","site-content-layout":"","ast-site-content-layout":"default","site-content-style":"default","site-sidebar-style":"default","ast-global-header-display":"","ast-banner-title-visibility":"","ast-main-header-display":"","ast-hfb-above-header-display":"","ast-hfb-below-header-display":"","ast-hfb-mobile-header-display":"","site-post-title":"","ast-breadcrumbs-content":"","ast-featured-img":"","footer-sml-layout":"","ast-disable-related-posts":"","theme-transparent-header-meta":"","adv-header-id-meta":"","stick-header-meta":"","header-above-stick-meta":"","header-main-stick-meta":"","header-below-stick-meta":"","astra-migrate-meta-layouts":"default","ast-page-background-enabled":"default","ast-page-background-meta":{"desktop":{"background-color":"var(--ast-global-color-4)","background-image":"","background-repeat":"repeat","background-position":"center center","background-size":"auto","background-attachment":"scroll","background-type":"","background-media":"","overlay-type":"","overlay-color":"","overlay-opacity":"","overlay-gradient":""},"tablet":{"background-color":"","background-image":"","background-repeat":"repeat","background-position":"center center","background-size":"auto","background-attachment":"scroll","background-type":"","background-media":"","overlay-type":"","overlay-color":"","overlay-opacity":"","overlay-gradient":""},"mobile":{"background-color":"","background-image":"","background-repeat":"repeat","background-position":"center center","background-size":"auto","background-attachment":"scroll","background-type":"","background-media":"","overlay-type":"","overlay-color":"","overlay-opacity":"","overlay-gradient":""}},"ast-content-background-meta":{"desktop":{"background-color":"var(--ast-global-color-5)","background-image":"","background-repeat":"repeat","background-position":"center center","background-size":"auto","background-attachment":"scroll","background-type":"","background-media":"","overlay-type":"","overlay-color":"","overlay-opacity":"","overlay-gradient":""},"tablet":{"background-color":"var(--ast-global-color-5)","background-image":"","background-repeat":"repeat","background-position":"center center","background-size":"auto","background-attachment":"scroll","background-type":"","background-media":"","overlay-type":"","overlay-color":"","overlay-opacity":"","overlay-gradient":""},"mobile":{"background-color":"var(--ast-global-color-5)","background-image":"","background-repeat":"repeat","background-position":"center center","background-size":"auto","background-attachment":"scroll","background-type":"","background-media":"","overlay-type":"","overlay-color":"","overlay-opacity":"","overlay-gradient":""}}},"product_brand":[],"product_cat":[140],"product_tag":[],"class_list":{"0":"post-2425","1":"product","2":"type-product","3":"status-publish","4":"has-post-thumbnail","6":"product_cat-pojemniki","7":"pa_contentunit-szt","8":"desktop-align-left","9":"tablet-align-left","10":"mobile-align-left","11":"ast-product-gallery-layout-horizontal-slider","12":"ast-product-gallery-with-no-image","13":"ast-product-tabs-layout-accordion","15":"first","16":"instock","17":"taxable","18":"shipping-taxable","19":"purchasable","20":"product-type-simple"},"bundled_by":[],"bundle_stock_status":"instock","bundle_stock_quantity":288,"bundle_virtual":false,"bundle_layout":"","bundle_add_to_cart_form_location":"","bundle_editable_in_cart":false,"bundle_sold_individually_context":"","bundle_item_grouping":"","bundle_min_size":"","bundle_max_size":"","bundle_price":[],"bundled_items":[],"bundle_sell_ids":[],"acf":[],"uagb_featured_image_src":{"full":["https:\/\/wolt-store.com\/content\/uploads\/sites\/25\/2024\/07\/172121046712242207313.jpg",500,500,false],"thumbnail":["https:\/\/wolt-store.com\/content\/uploads\/sites\/25\/2024\/07\/172121046712242207313-150x150.jpg",150,150,true],"medium":["https:\/\/wolt-store.com\/content\/uploads\/sites\/25\/2024\/07\/172121046712242207313-300x300.jpg",300,300,true],"medium_large":["https:\/\/wolt-store.com\/content\/uploads\/sites\/25\/2024\/07\/172121046712242207313.jpg",500,500,false],"large":["https:\/\/wolt-store.com\/content\/uploads\/sites\/25\/2024\/07\/172121046712242207313.jpg",500,500,false],"1536x1536":["https:\/\/wolt-store.com\/content\/uploads\/sites\/25\/2024\/07\/172121046712242207313.jpg",500,500,false],"2048x2048":["https:\/\/wolt-store.com\/content\/uploads\/sites\/25\/2024\/07\/172121046712242207313.jpg",500,500,false],"post-thumbnail":["https:\/\/wolt-store.com\/content\/uploads\/sites\/25\/2024\/07\/172121046712242207313-480x360.jpg",480,360,true],"gform-image-choice-sm":["https:\/\/wolt-store.com\/content\/uploads\/sites\/25\/2024\/07\/172121046712242207313.jpg",300,300,false],"gform-image-choice-md":["https:\/\/wolt-store.com\/content\/uploads\/sites\/25\/2024\/07\/172121046712242207313.jpg",400,400,false],"gform-image-choice-lg":["https:\/\/wolt-store.com\/content\/uploads\/sites\/25\/2024\/07\/172121046712242207313.jpg",500,500,false],"woocommerce_thumbnail":["https:\/\/wolt-store.com\/content\/uploads\/sites\/25\/2024\/07\/172121046712242207313-300x300.jpg",300,300,true],"woocommerce_single":["https:\/\/wolt-store.com\/content\/uploads\/sites\/25\/2024\/07\/172121046712242207313.jpg",500,500,false],"woocommerce_gallery_thumbnail":["https:\/\/wolt-store.com\/content\/uploads\/sites\/25\/2024\/07\/172121046712242207313-250x250.jpg",250,250,true],"dgwt-wcas-product-suggestion":["https:\/\/wolt-store.com\/content\/uploads\/sites\/25\/2024\/07\/172121046712242207313-64x64.jpg",64,64,true]},"uagb_author_info":{"display_name":"maksimer","author_link":"https:\/\/wolt-store.com\/pl\/author\/"},"uagb_comment_info":0,"uagb_excerpt":"Paczka 100 sztuk Kod produktu: 45582","_links":{"self":[{"href":"https:\/\/wolt-store.com\/pl\/wp-json\/wp\/v2\/product\/2425","targetHints":{"allow":["GET"]}}],"collection":[{"href":"https:\/\/wolt-store.com\/pl\/wp-json\/wp\/v2\/product"}],"about":[{"href":"https:\/\/wolt-store.com\/pl\/wp-json\/wp\/v2\/types\/product"}],"wp:featuredmedia":[{"embeddable":true,"href":"https:\/\/wolt-store.com\/pl\/wp-json\/wp\/v2\/media\/2457"}],"wp:attachment":[{"href":"https:\/\/wolt-store.com\/pl\/wp-json\/wp\/v2\/media?parent=2425"}],"wp:term":[{"taxonomy":"product_brand","embeddable":true,"href":"https:\/\/wolt-store.com\/pl\/wp-json\/wp\/v2\/product_brand?post=2425"},{"taxonomy":"product_cat","embeddable":true,"href":"https:\/\/wolt-store.com\/pl\/wp-json\/wp\/v2\/product_cat?post=2425"},{"taxonomy":"product_tag","embeddable":true,"href":"https:\/\/wolt-store.com\/pl\/wp-json\/wp\/v2\/product_tag?post=2425"}],"curies":[{"name":"wp","href":"https:\/\/api.w.org\/{rel}","templated":true}]}}