{"id":2430,"date":"2024-07-17T10:19:57","date_gmt":"2024-07-17T08:19:57","guid":{"rendered":"https:\/\/wolt-store.com\/pl\/produkt\/folia-do-zgrzewania-200-m-x-185-cm-paczka-1-szt\/"},"modified":"2026-05-07T16:48:14","modified_gmt":"2026-05-07T14:48:14","slug":"folia-do-zgrzewania-200-m-x-185-cm-paczka-1-szt","status":"publish","type":"product","link":"https:\/\/wolt-store.com\/pl\/produkt\/folia-do-zgrzewania-200-m-x-185-cm-paczka-1-szt\/","title":{"rendered":"Folia do zgrzewania 200 m x 18,5 cm (paczka 1 szt.)"},"content":{"rendered":"<div class=\"table-responsive\">\n<div class=\"table-responsive\">\n<div class=\"table-responsive\"><span style=\"font-family: arial, helvetica, sans-serif;font-size: 10pt\"><strong>Folia PET\/PE do zgrzewu<\/strong>\u00a0o wymiarach 200 m x 18,5 cm oraz grubo\u015bci 45 mikron\u00f3w.<\/span><\/div>\n<div class=\"table-responsive\"><span style=\"font-family: arial, helvetica, sans-serif;font-size: 10pt\">\u00a0<\/span><\/div>\n<div class=\"table-responsive\"><span style=\"font-family: arial, helvetica, sans-serif;font-size: 10pt\"><strong>Ta folia to niezb\u0119dny produkt<\/strong>\u00a0do wykorzystania w cateringu dietetycznym lub daniach na wynos. Zgrzewanie posi\u0142k\u00f3w czy r\u00f3\u017cnych innych produkt\u00f3w \u017cywno\u015bciowych w pojemnikach zyska\u0142o ogromn\u0105 popularno\u015b\u0107 w bran\u017cy gastronomicznej. Folia\u00a0<strong>chroni zapakowane posi\u0142ki przed czynnikami zewn\u0119trznymi<\/strong>, jednocze\u015bnie\u00a0<strong>nie zmieniaj\u0105c ich w\u0142a\u015bciwo\u015bci smakowych i zapachowych<\/strong>.\u00a0<strong>Szczelnie zamyka \u017cywno\u015b\u0107<\/strong>, a jej transparentno\u015b\u0107 sprawia, \u017ce widzisz co znajduje si\u0119 w \u015brodku. Od dzi\u015b ka\u017cdy posi\u0142ek zabierzesz ze sob\u0105 do pracy czy w plener.<\/span><\/div>\n<div class=\"table-responsive\"><span style=\"font-family: arial, helvetica, sans-serif;font-size: 10pt\">\u00a0<\/span><\/div>\n<div class=\"table-responsive\"><span style=\"font-family: arial, helvetica, sans-serif;font-size: 10pt\">Wykonana z materia\u0142u PET\/PE.\u00a0<strong>Ma ogromne zalety<\/strong>\u00a0jak\u00a0<strong>\u0142atwo\u015b\u0107 odrywania<\/strong>\u00a0(easy peel) od pojemnika cateringowego,\u00a0<strong>jest wytrzyma\u0142a<\/strong>\u00a0na wszelkie uszkodzenia jak np. przebicia, a tak\u017ce\u00a0<strong>chroni przed utrat\u0105 wilgoci<\/strong>.\u00a0Mo\u017ce by\u0107 zgrzewana sama do siebie lub do opakowa\u0144 z tworzyw sztucznych PET i PP. W przypadku u\u017cycia jej do zgrzania np. pojemnika z trzciny cukrowej nale\u017cy zgrzewa\u0107 j\u0105 d\u0142u\u017cej oraz w wy\u017cszej temperaturze.<\/span><\/div>\n<div class=\"table-responsive\"><span style=\"font-family: arial, helvetica, sans-serif;font-size: 10pt\">\u00a0<\/span><\/div>\n<div class=\"table-responsive\"><span style=\"font-family: arial, helvetica, sans-serif;font-size: 10pt\"><strong>WA\u017bNE:<\/strong>\u00a0przed podgrzaniem posi\u0142ku w mikrofali nale\u017cy zdj\u0105\u0107 foli\u0119!<\/span><\/div>\n<\/div>\n<div class=\"table-responsive\">\u00a0<\/div>\n<\/div>\n","protected":false},"excerpt":{"rendered":"<p>Paczka: 1 sztuka<br \/>\nKod produktu: 59187<\/p>\n","protected":false},"featured_media":2460,"template":"","meta":{"_acf_changed":false,"_uag_custom_page_level_css":"","_editorskit_title_hidden":false,"_editorskit_reading_time":0,"_editorskit_is_block_options_detached":false,"_editorskit_block_options_position":"{}","site-sidebar-layout":"default","site-content-layout":"","ast-site-content-layout":"default","site-content-style":"default","site-sidebar-style":"default","ast-global-header-display":"","ast-banner-title-visibility":"","ast-main-header-display":"","ast-hfb-above-header-display":"","ast-hfb-below-header-display":"","ast-hfb-mobile-header-display":"","site-post-title":"","ast-breadcrumbs-content":"","ast-featured-img":"","footer-sml-layout":"","ast-disable-related-posts":"","theme-transparent-header-meta":"","adv-header-id-meta":"","stick-header-meta":"","header-above-stick-meta":"","header-main-stick-meta":"","header-below-stick-meta":"","astra-migrate-meta-layouts":"default","ast-page-background-enabled":"default","ast-page-background-meta":{"desktop":{"background-color":"var(--ast-global-color-4)","background-image":"","background-repeat":"repeat","background-position":"center center","background-size":"auto","background-attachment":"scroll","background-type":"","background-media":"","overlay-type":"","overlay-color":"","overlay-opacity":"","overlay-gradient":""},"tablet":{"background-color":"","background-image":"","background-repeat":"repeat","background-position":"center center","background-size":"auto","background-attachment":"scroll","background-type":"","background-media":"","overlay-type":"","overlay-color":"","overlay-opacity":"","overlay-gradient":""},"mobile":{"background-color":"","background-image":"","background-repeat":"repeat","background-position":"center center","background-size":"auto","background-attachment":"scroll","background-type":"","background-media":"","overlay-type":"","overlay-color":"","overlay-opacity":"","overlay-gradient":""}},"ast-content-background-meta":{"desktop":{"background-color":"var(--ast-global-color-5)","background-image":"","background-repeat":"repeat","background-position":"center center","background-size":"auto","background-attachment":"scroll","background-type":"","background-media":"","overlay-type":"","overlay-color":"","overlay-opacity":"","overlay-gradient":""},"tablet":{"background-color":"var(--ast-global-color-5)","background-image":"","background-repeat":"repeat","background-position":"center center","background-size":"auto","background-attachment":"scroll","background-type":"","background-media":"","overlay-type":"","overlay-color":"","overlay-opacity":"","overlay-gradient":""},"mobile":{"background-color":"var(--ast-global-color-5)","background-image":"","background-repeat":"repeat","background-position":"center center","background-size":"auto","background-attachment":"scroll","background-type":"","background-media":"","overlay-type":"","overlay-color":"","overlay-opacity":"","overlay-gradient":""}}},"product_brand":[],"product_cat":[525,531],"product_tag":[],"class_list":{"0":"post-2430","1":"product","2":"type-product","3":"status-publish","4":"has-post-thumbnail","6":"product_cat-akcesoria-gastronomiczne","7":"product_cat-folie","8":"pa_contentunit-szt","9":"desktop-align-left","10":"tablet-align-left","11":"mobile-align-left","12":"ast-product-gallery-layout-horizontal-slider","13":"ast-product-gallery-with-no-image","14":"ast-product-tabs-layout-accordion","16":"first","17":"instock","18":"taxable","19":"shipping-taxable","20":"purchasable","21":"product-type-simple"},"bundled_by":[],"bundle_stock_status":"instock","bundle_stock_quantity":8,"bundle_virtual":false,"bundle_layout":"","bundle_add_to_cart_form_location":"","bundle_editable_in_cart":false,"bundle_sold_individually_context":"","bundle_item_grouping":"","bundle_min_size":"","bundle_max_size":"","bundle_price":[],"bundled_items":[],"bundle_sell_ids":[],"acf":[],"uagb_featured_image_src":{"full":["https:\/\/wolt-store.com\/content\/uploads\/sites\/25\/2024\/07\/1721210477260292158978.png",700,700,false],"thumbnail":["https:\/\/wolt-store.com\/content\/uploads\/sites\/25\/2024\/07\/1721210477260292158978-150x150.png",150,150,true],"medium":["https:\/\/wolt-store.com\/content\/uploads\/sites\/25\/2024\/07\/1721210477260292158978-300x300.png",300,300,true],"medium_large":["https:\/\/wolt-store.com\/content\/uploads\/sites\/25\/2024\/07\/1721210477260292158978.png",700,700,false],"large":["https:\/\/wolt-store.com\/content\/uploads\/sites\/25\/2024\/07\/1721210477260292158978.png",700,700,false],"1536x1536":["https:\/\/wolt-store.com\/content\/uploads\/sites\/25\/2024\/07\/1721210477260292158978.png",700,700,false],"2048x2048":["https:\/\/wolt-store.com\/content\/uploads\/sites\/25\/2024\/07\/1721210477260292158978.png",700,700,false],"post-thumbnail":["https:\/\/wolt-store.com\/content\/uploads\/sites\/25\/2024\/07\/1721210477260292158978-480x360.png",480,360,true],"gform-image-choice-sm":["https:\/\/wolt-store.com\/content\/uploads\/sites\/25\/2024\/07\/1721210477260292158978.png",300,300,false],"gform-image-choice-md":["https:\/\/wolt-store.com\/content\/uploads\/sites\/25\/2024\/07\/1721210477260292158978.png",400,400,false],"gform-image-choice-lg":["https:\/\/wolt-store.com\/content\/uploads\/sites\/25\/2024\/07\/1721210477260292158978.png",600,600,false],"woocommerce_thumbnail":["https:\/\/wolt-store.com\/content\/uploads\/sites\/25\/2024\/07\/1721210477260292158978-300x300.png",300,300,true],"woocommerce_single":["https:\/\/wolt-store.com\/content\/uploads\/sites\/25\/2024\/07\/1721210477260292158978-600x600.png",600,600,true],"woocommerce_gallery_thumbnail":["https:\/\/wolt-store.com\/content\/uploads\/sites\/25\/2024\/07\/1721210477260292158978-250x250.png",250,250,true],"dgwt-wcas-product-suggestion":["https:\/\/wolt-store.com\/content\/uploads\/sites\/25\/2024\/07\/1721210477260292158978-64x64.png",64,64,true]},"uagb_author_info":{"display_name":"maksimer","author_link":"https:\/\/wolt-store.com\/pl\/author\/"},"uagb_comment_info":0,"uagb_excerpt":"Paczka: 1 sztuka Kod produktu: 59187","_links":{"self":[{"href":"https:\/\/wolt-store.com\/pl\/wp-json\/wp\/v2\/product\/2430","targetHints":{"allow":["GET"]}}],"collection":[{"href":"https:\/\/wolt-store.com\/pl\/wp-json\/wp\/v2\/product"}],"about":[{"href":"https:\/\/wolt-store.com\/pl\/wp-json\/wp\/v2\/types\/product"}],"wp:featuredmedia":[{"embeddable":true,"href":"https:\/\/wolt-store.com\/pl\/wp-json\/wp\/v2\/media\/2460"}],"wp:attachment":[{"href":"https:\/\/wolt-store.com\/pl\/wp-json\/wp\/v2\/media?parent=2430"}],"wp:term":[{"taxonomy":"product_brand","embeddable":true,"href":"https:\/\/wolt-store.com\/pl\/wp-json\/wp\/v2\/product_brand?post=2430"},{"taxonomy":"product_cat","embeddable":true,"href":"https:\/\/wolt-store.com\/pl\/wp-json\/wp\/v2\/product_cat?post=2430"},{"taxonomy":"product_tag","embeddable":true,"href":"https:\/\/wolt-store.com\/pl\/wp-json\/wp\/v2\/product_tag?post=2430"}],"curies":[{"name":"wp","href":"https:\/\/api.w.org\/{rel}","templated":true}]}}