{"id":2435,"date":"2024-07-17T10:20:37","date_gmt":"2024-07-17T08:20:37","guid":{"rendered":"https:\/\/wolt-store.com\/pl\/produkt\/pojemnik-czarny-t-2-do-zgrzewu-2-komory-227x178x40-mm-premium-z-pp-paczka-50-szt\/"},"modified":"2026-05-06T14:31:36","modified_gmt":"2026-05-06T12:31:36","slug":"pojemnik-czarny-t-2-do-zgrzewu-2-komory-227x178x40-mm-premium-z-pp-paczka-50-szt","status":"publish","type":"product","link":"https:\/\/wolt-store.com\/pl\/produkt\/pojemnik-czarny-t-2-do-zgrzewu-2-komory-227x178x40-mm-premium-z-pp-paczka-50-szt\/","title":{"rendered":"Pojemnik czarny T-2 do zgrzewu, 2 komory, 227x178x40 mm PREMIUM z PP (paczka 50 szt.)"},"content":{"rendered":"<div class=\"table-responsive\">\n<div class=\"table-responsive\">\n<div class=\"table-responsive\"><span style=\"font-family: arial, helvetica, sans-serif;font-size: 10pt\"><strong>Dwudzielny pojemnik wykonany z PP,<\/strong>\u00a0w kolorze czarnym o wymiarach 227 x 178 x 40 mm.<\/span><\/div>\n<div class=\"table-responsive\">\u00a0<\/div>\n<div class=\"table-responsive\"><span style=\"font-family: arial, helvetica, sans-serif;font-size: 10pt\">Pojemnik, kt\u00f3ry jest\u00a0<strong>niezwykle funkcjonalny<\/strong>! Dzi\u0119ki temu, \u017ce jest\u00a0<strong>wykonany ze wzmocnionego PP<\/strong>\u00a0(polipropylen),\u00a0<strong>nie odkszta\u0142ci si\u0119<\/strong>\u00a0po zgrzewie. Ale UWAGA! Pojemnik tak\u017ce \u015bwietnie wykorzystasz bez pomocy zgrzewarki, dzi\u0119ki\u00a0<strong>dedykowanej pokrywce<\/strong>. Idealnie nada si\u0119 do ka\u017cdego cateringu czy serwowania przek\u0105sek w zaciszu domowym. Dwie komory pozwol\u0105 Ci roz\u0142o\u017cy\u0107 posi\u0142ek tak, \u017ce produkty si\u0119 ze sob\u0105 nie zmieszaj\u0105. \u015amia\u0142o mo\u017cesz zabra\u0107 swoje danie\u00a0<strong>na wynos!<\/strong><\/span><\/div>\n<div class=\"table-responsive\">\u00a0<\/div>\n<div class=\"table-responsive\"><span style=\"font-family: arial, helvetica, sans-serif;font-size: 10pt\">Kolejna ogromna cecha tego pojemnika to\u00a0<strong>jego wytrzyma\u0142o\u015b\u0107<\/strong>\u00a0&#8211; dania w nim mo\u017cna podgrzewa\u0107 w mikrofal\u00f3wce oraz zamra\u017ca\u0107.<\/span><\/div>\n<div class=\"table-responsive\">\u00a0<\/div>\n<div class=\"table-responsive\"><span style=\"font-family: arial, helvetica, sans-serif;font-size: 10pt\"><strong>Nie zapomnij o pokrywce<\/strong>\u00a0\u2013 znajdziesz j\u0105 w produktach powi\u0105zanych. Pokrywki do tego pojemnika sprzedajemy osobno! Pomo\u017ce Ci ona uk\u0142ada\u0107 pojemniki jedna na drugiej, co u\u0142atwi r\u00f3wnie\u017c transport.<\/span><\/div>\n<div class=\"table-responsive\">\u00a0<\/div>\n<div class=\"table-responsive\"><span style=\"font-family: arial, helvetica, sans-serif;font-size: 10pt\">Pojemnik jest zwolniony z dodatkowej op\u0142aty SUP &#8211;\u00a0<strong>jego kolejna zaleta to wielokrotno\u015b\u0107 u\u017cytkowania.<\/strong><\/span><\/div>\n<\/div>\n<\/div>\n","protected":false},"excerpt":{"rendered":"<p>Paczka 50 sztuk<br \/>\nKod produktu: A3433<br \/>\n\u00a0<br \/>\n\u00a0<\/p>\n","protected":false},"featured_media":2470,"template":"","meta":{"_acf_changed":false,"_uag_custom_page_level_css":"","_editorskit_title_hidden":false,"_editorskit_reading_time":0,"_editorskit_is_block_options_detached":false,"_editorskit_block_options_position":"{}","site-sidebar-layout":"default","site-content-layout":"","ast-site-content-layout":"default","site-content-style":"default","site-sidebar-style":"default","ast-global-header-display":"","ast-banner-title-visibility":"","ast-main-header-display":"","ast-hfb-above-header-display":"","ast-hfb-below-header-display":"","ast-hfb-mobile-header-display":"","site-post-title":"","ast-breadcrumbs-content":"","ast-featured-img":"","footer-sml-layout":"","ast-disable-related-posts":"","theme-transparent-header-meta":"","adv-header-id-meta":"","stick-header-meta":"","header-above-stick-meta":"","header-main-stick-meta":"","header-below-stick-meta":"","astra-migrate-meta-layouts":"default","ast-page-background-enabled":"default","ast-page-background-meta":{"desktop":{"background-color":"var(--ast-global-color-4)","background-image":"","background-repeat":"repeat","background-position":"center center","background-size":"auto","background-attachment":"scroll","background-type":"","background-media":"","overlay-type":"","overlay-color":"","overlay-opacity":"","overlay-gradient":""},"tablet":{"background-color":"","background-image":"","background-repeat":"repeat","background-position":"center center","background-size":"auto","background-attachment":"scroll","background-type":"","background-media":"","overlay-type":"","overlay-color":"","overlay-opacity":"","overlay-gradient":""},"mobile":{"background-color":"","background-image":"","background-repeat":"repeat","background-position":"center center","background-size":"auto","background-attachment":"scroll","background-type":"","background-media":"","overlay-type":"","overlay-color":"","overlay-opacity":"","overlay-gradient":""}},"ast-content-background-meta":{"desktop":{"background-color":"var(--ast-global-color-5)","background-image":"","background-repeat":"repeat","background-position":"center center","background-size":"auto","background-attachment":"scroll","background-type":"","background-media":"","overlay-type":"","overlay-color":"","overlay-opacity":"","overlay-gradient":""},"tablet":{"background-color":"var(--ast-global-color-5)","background-image":"","background-repeat":"repeat","background-position":"center center","background-size":"auto","background-attachment":"scroll","background-type":"","background-media":"","overlay-type":"","overlay-color":"","overlay-opacity":"","overlay-gradient":""},"mobile":{"background-color":"var(--ast-global-color-5)","background-image":"","background-repeat":"repeat","background-position":"center center","background-size":"auto","background-attachment":"scroll","background-type":"","background-media":"","overlay-type":"","overlay-color":"","overlay-opacity":"","overlay-gradient":""}}},"product_brand":[],"product_cat":[140],"product_tag":[],"class_list":{"0":"post-2435","1":"product","2":"type-product","3":"status-publish","4":"has-post-thumbnail","6":"product_cat-pojemniki","7":"pa_contentunit-szt","8":"desktop-align-left","9":"tablet-align-left","10":"mobile-align-left","11":"ast-product-gallery-layout-horizontal-slider","12":"ast-product-gallery-with-no-image","13":"ast-product-tabs-layout-accordion","15":"first","16":"instock","17":"taxable","18":"shipping-taxable","19":"purchasable","20":"product-type-simple"},"bundled_by":[],"bundle_stock_status":"instock","bundle_stock_quantity":116,"bundle_virtual":false,"bundle_layout":"","bundle_add_to_cart_form_location":"","bundle_editable_in_cart":false,"bundle_sold_individually_context":"","bundle_item_grouping":"","bundle_min_size":"","bundle_max_size":"","bundle_price":[],"bundled_items":[],"bundle_sell_ids":[],"acf":[],"uagb_featured_image_src":{"full":["https:\/\/wolt-store.com\/content\/uploads\/sites\/25\/2024\/07\/1721210524209274171415.jpg",2000,1333,false],"thumbnail":["https:\/\/wolt-store.com\/content\/uploads\/sites\/25\/2024\/07\/1721210524209274171415-150x150.jpg",150,150,true],"medium":["https:\/\/wolt-store.com\/content\/uploads\/sites\/25\/2024\/07\/1721210524209274171415-300x200.jpg",300,200,true],"medium_large":["https:\/\/wolt-store.com\/content\/uploads\/sites\/25\/2024\/07\/1721210524209274171415-768x512.jpg",768,512,true],"large":["https:\/\/wolt-store.com\/content\/uploads\/sites\/25\/2024\/07\/1721210524209274171415-1024x682.jpg",1024,682,true],"1536x1536":["https:\/\/wolt-store.com\/content\/uploads\/sites\/25\/2024\/07\/1721210524209274171415-1536x1024.jpg",1536,1024,true],"2048x2048":["https:\/\/wolt-store.com\/content\/uploads\/sites\/25\/2024\/07\/1721210524209274171415.jpg",2000,1333,false],"post-thumbnail":["https:\/\/wolt-store.com\/content\/uploads\/sites\/25\/2024\/07\/1721210524209274171415-480x360.jpg",480,360,true],"gform-image-choice-sm":["https:\/\/wolt-store.com\/content\/uploads\/sites\/25\/2024\/07\/1721210524209274171415.jpg",300,200,false],"gform-image-choice-md":["https:\/\/wolt-store.com\/content\/uploads\/sites\/25\/2024\/07\/1721210524209274171415.jpg",400,267,false],"gform-image-choice-lg":["https:\/\/wolt-store.com\/content\/uploads\/sites\/25\/2024\/07\/1721210524209274171415.jpg",600,400,false],"woocommerce_thumbnail":["https:\/\/wolt-store.com\/content\/uploads\/sites\/25\/2024\/07\/1721210524209274171415-300x200.jpg",300,200,true],"woocommerce_single":["https:\/\/wolt-store.com\/content\/uploads\/sites\/25\/2024\/07\/1721210524209274171415-600x400.jpg",600,400,true],"woocommerce_gallery_thumbnail":["https:\/\/wolt-store.com\/content\/uploads\/sites\/25\/2024\/07\/1721210524209274171415-250x250.jpg",250,250,true],"dgwt-wcas-product-suggestion":["https:\/\/wolt-store.com\/content\/uploads\/sites\/25\/2024\/07\/1721210524209274171415-64x43.jpg",64,43,true]},"uagb_author_info":{"display_name":"maksimer","author_link":"https:\/\/wolt-store.com\/pl\/author\/"},"uagb_comment_info":0,"uagb_excerpt":"Paczka 50 sztuk Kod produktu: A3433 \u00a0 \u00a0","_links":{"self":[{"href":"https:\/\/wolt-store.com\/pl\/wp-json\/wp\/v2\/product\/2435","targetHints":{"allow":["GET"]}}],"collection":[{"href":"https:\/\/wolt-store.com\/pl\/wp-json\/wp\/v2\/product"}],"about":[{"href":"https:\/\/wolt-store.com\/pl\/wp-json\/wp\/v2\/types\/product"}],"wp:featuredmedia":[{"embeddable":true,"href":"https:\/\/wolt-store.com\/pl\/wp-json\/wp\/v2\/media\/2470"}],"wp:attachment":[{"href":"https:\/\/wolt-store.com\/pl\/wp-json\/wp\/v2\/media?parent=2435"}],"wp:term":[{"taxonomy":"product_brand","embeddable":true,"href":"https:\/\/wolt-store.com\/pl\/wp-json\/wp\/v2\/product_brand?post=2435"},{"taxonomy":"product_cat","embeddable":true,"href":"https:\/\/wolt-store.com\/pl\/wp-json\/wp\/v2\/product_cat?post=2435"},{"taxonomy":"product_tag","embeddable":true,"href":"https:\/\/wolt-store.com\/pl\/wp-json\/wp\/v2\/product_tag?post=2435"}],"curies":[{"name":"wp","href":"https:\/\/api.w.org\/{rel}","templated":true}]}}