{"id":2501,"date":"2024-07-18T09:41:56","date_gmt":"2024-07-18T07:41:56","guid":{"rendered":"https:\/\/wolt-store.com\/pl\/produkt\/torba-papierowa-wolt-kraft-35-x-17-x-245-cm-paczka-350-szt\/"},"modified":"2026-05-07T15:16:21","modified_gmt":"2026-05-07T13:16:21","slug":"torba-papierowa-wolt-kraft-35-x-17-x-245-cm-paczka-350-szt","status":"publish","type":"product","link":"https:\/\/wolt-store.com\/pl\/produkt\/torba-papierowa-wolt-kraft-35-x-17-x-245-cm-paczka-350-szt\/","title":{"rendered":"Torba papierowa WOLT, kraft &#8211; 35 x 17 x 24,5 cm (paczka 350 szt.)"},"content":{"rendered":"<div class=\"col-sm-9\">\n<div id=\"user_ZH_div_mainpanel\">\n<div id=\"user_dnn_ctr415_Main_ctl00_ctl12_pnlUpdate\">\n<article id=\"user_product-details\">\n<div id=\"user_product-parameters\">\n<div class=\"row\">\n<div class=\"col-md-12\">\n<div class=\"table-responsive\"><span style=\"font-family: arial, helvetica, sans-serif;font-size: 10pt\"><strong>Wytrzyma\u0142a torba<\/strong> z uchwytem wykonana w 100% z papieru z recyklingu w kolorze kraft z czarnym nadrukiem \u201cWolt\u201d, o wymiarach 35 x 17 x 24,5 cm oraz <strong>gramaturze 90 g\/m\u00b2.<\/strong> <\/p>\n<p>Jeste\u015b w\u0142a\u015bcicielem\/menad\u017cerem restauracji i <strong>wsp\u00f3\u0142pracujesz z aplikacj\u0105 Wolt<\/strong>? <strong>Te torby stworzone s\u0105 dla Ciebie<\/strong>! <strong>Posiadaj\u0105 wewn\u0119trzne uchwyty zapewniaj\u0105ce ud\u017awig do 10 kg<\/strong>, dzi\u0119ki swojej wytrzyma\u0142o\u015bci najcz\u0119\u015bciej stosowane przez kurier\u00f3w dowo\u017c\u0105cych dania na wynos i \u015bwie\u017ce zakupy spo\u017cywcze. Jednak \u015bwietnie si\u0119 sprawdz\u0105 do skompletowania w nich produkt\u00f3w i posi\u0142k\u00f3w do odbioru osobistego. Co najwa\u017cniejsze &#8211; <strong>torby s\u0105 wielokrotnego u\u017cytku<\/strong>! \u015amia\u0142o u\u017cyj ich ponownie np. na zakupy, do przechowywania lub na odpadki podczas prac w ogrodzie. <\/p>\n<p>Wszystkie nasze torby posiadaj\u0105 <strong>certyfikat FSC<\/strong>. Zadbajmy wsp\u00f3lnie o \u015brodowisko!<\/p>\n<p>FSC &#8211; Forest Stewardship Council jest mi\u0119dzynarodow\u0105 organizacj\u0105 not-for-profit, promuj\u0105ca odpowiedzialne zarz\u0105dzanie \u015bwiatowymi lasami poprzez certyfikacj\u0119 drewna. <\/p>\n<p>Produkt zwolniony z op\u0142aty SUP (Single Use Plastic).<br \/> <\/span><\/div>\n<div class=\"table-responsive\">\u00a0<\/div>\n<div class=\"table-responsive\">\u00a0<\/div>\n<div>\n<div class=\"table-responsive\">\u00a0<\/div>\n<div class=\"table-responsive\"><\/div>\n<\/div>\n<\/div>\n<\/div>\n<\/div>\n<\/article>\n<\/div>\n<\/div>\n<\/div>\n","protected":false},"excerpt":{"rendered":"<p>Paczka 350 sztuk<br \/>\nKod produktu: T-WOLT<\/p>\n","protected":false},"featured_media":2699,"template":"","meta":{"_acf_changed":false,"_uag_custom_page_level_css":"","_editorskit_title_hidden":false,"_editorskit_reading_time":0,"_editorskit_is_block_options_detached":false,"_editorskit_block_options_position":"{}","site-sidebar-layout":"default","site-content-layout":"","ast-site-content-layout":"default","site-content-style":"default","site-sidebar-style":"default","ast-global-header-display":"","ast-banner-title-visibility":"","ast-main-header-display":"","ast-hfb-above-header-display":"","ast-hfb-below-header-display":"","ast-hfb-mobile-header-display":"","site-post-title":"","ast-breadcrumbs-content":"","ast-featured-img":"","footer-sml-layout":"","ast-disable-related-posts":"","theme-transparent-header-meta":"default","adv-header-id-meta":"","stick-header-meta":"","header-above-stick-meta":"","header-main-stick-meta":"","header-below-stick-meta":"","astra-migrate-meta-layouts":"set","ast-page-background-enabled":"default","ast-page-background-meta":{"desktop":{"background-color":"var(--ast-global-color-4)","background-image":"","background-repeat":"repeat","background-position":"center center","background-size":"auto","background-attachment":"scroll","background-type":"","background-media":"","overlay-type":"","overlay-color":"","overlay-opacity":"","overlay-gradient":""},"tablet":{"background-color":"","background-image":"","background-repeat":"repeat","background-position":"center center","background-size":"auto","background-attachment":"scroll","background-type":"","background-media":"","overlay-type":"","overlay-color":"","overlay-opacity":"","overlay-gradient":""},"mobile":{"background-color":"","background-image":"","background-repeat":"repeat","background-position":"center center","background-size":"auto","background-attachment":"scroll","background-type":"","background-media":"","overlay-type":"","overlay-color":"","overlay-opacity":"","overlay-gradient":""}},"ast-content-background-meta":{"desktop":{"background-color":"var(--ast-global-color-5)","background-image":"","background-repeat":"repeat","background-position":"center center","background-size":"auto","background-attachment":"scroll","background-type":"","background-media":"","overlay-type":"","overlay-color":"","overlay-opacity":"","overlay-gradient":""},"tablet":{"background-color":"var(--ast-global-color-5)","background-image":"","background-repeat":"repeat","background-position":"center center","background-size":"auto","background-attachment":"scroll","background-type":"","background-media":"","overlay-type":"","overlay-color":"","overlay-opacity":"","overlay-gradient":""},"mobile":{"background-color":"var(--ast-global-color-5)","background-image":"","background-repeat":"repeat","background-position":"center center","background-size":"auto","background-attachment":"scroll","background-type":"","background-media":"","overlay-type":"","overlay-color":"","overlay-opacity":"","overlay-gradient":""}}},"product_brand":[],"product_cat":[139],"product_tag":[],"class_list":{"0":"post-2501","1":"product","2":"type-product","3":"status-publish","4":"has-post-thumbnail","6":"product_cat-torby","7":"pa_contentunit-szt","8":"desktop-align-left","9":"tablet-align-left","10":"mobile-align-left","11":"ast-product-gallery-layout-horizontal-slider","12":"ast-product-gallery-with-no-image","13":"ast-product-tabs-layout-accordion","15":"first","16":"instock","17":"taxable","18":"shipping-taxable","19":"purchasable","20":"product-type-simple"},"bundled_by":[],"bundle_stock_status":"instock","bundle_stock_quantity":1145,"bundle_virtual":false,"bundle_layout":"","bundle_add_to_cart_form_location":"","bundle_editable_in_cart":false,"bundle_sold_individually_context":"","bundle_item_grouping":"","bundle_min_size":"","bundle_max_size":"","bundle_price":[],"bundled_items":[],"bundle_sell_ids":[],"acf":[],"uagb_featured_image_src":{"full":["https:\/\/wolt-store.com\/content\/uploads\/sites\/25\/2024\/07\/1721905710530125241131.png",1200,1200,false],"thumbnail":["https:\/\/wolt-store.com\/content\/uploads\/sites\/25\/2024\/07\/1721905710530125241131-150x150.png",150,150,true],"medium":["https:\/\/wolt-store.com\/content\/uploads\/sites\/25\/2024\/07\/1721905710530125241131-300x300.png",300,300,true],"medium_large":["https:\/\/wolt-store.com\/content\/uploads\/sites\/25\/2024\/07\/1721905710530125241131-768x768.png",768,768,true],"large":["https:\/\/wolt-store.com\/content\/uploads\/sites\/25\/2024\/07\/1721905710530125241131-1024x1024.png",1024,1024,true],"1536x1536":["https:\/\/wolt-store.com\/content\/uploads\/sites\/25\/2024\/07\/1721905710530125241131.png",1200,1200,false],"2048x2048":["https:\/\/wolt-store.com\/content\/uploads\/sites\/25\/2024\/07\/1721905710530125241131.png",1200,1200,false],"post-thumbnail":["https:\/\/wolt-store.com\/content\/uploads\/sites\/25\/2024\/07\/1721905710530125241131-480x360.png",480,360,true],"gform-image-choice-sm":["https:\/\/wolt-store.com\/content\/uploads\/sites\/25\/2024\/07\/1721905710530125241131.png",300,300,false],"gform-image-choice-md":["https:\/\/wolt-store.com\/content\/uploads\/sites\/25\/2024\/07\/1721905710530125241131.png",400,400,false],"gform-image-choice-lg":["https:\/\/wolt-store.com\/content\/uploads\/sites\/25\/2024\/07\/1721905710530125241131.png",600,600,false],"woocommerce_thumbnail":["https:\/\/wolt-store.com\/content\/uploads\/sites\/25\/2024\/07\/1721905710530125241131-300x300.png",300,300,true],"woocommerce_single":["https:\/\/wolt-store.com\/content\/uploads\/sites\/25\/2024\/07\/1721905710530125241131-600x600.png",600,600,true],"woocommerce_gallery_thumbnail":["https:\/\/wolt-store.com\/content\/uploads\/sites\/25\/2024\/07\/1721905710530125241131-250x250.png",250,250,true],"dgwt-wcas-product-suggestion":["https:\/\/wolt-store.com\/content\/uploads\/sites\/25\/2024\/07\/1721905710530125241131-64x64.png",64,64,true]},"uagb_author_info":{"display_name":"maksimer","author_link":"https:\/\/wolt-store.com\/pl\/author\/"},"uagb_comment_info":0,"uagb_excerpt":"Paczka 350 sztuk Kod produktu: T-WOLT","_links":{"self":[{"href":"https:\/\/wolt-store.com\/pl\/wp-json\/wp\/v2\/product\/2501","targetHints":{"allow":["GET"]}}],"collection":[{"href":"https:\/\/wolt-store.com\/pl\/wp-json\/wp\/v2\/product"}],"about":[{"href":"https:\/\/wolt-store.com\/pl\/wp-json\/wp\/v2\/types\/product"}],"wp:featuredmedia":[{"embeddable":true,"href":"https:\/\/wolt-store.com\/pl\/wp-json\/wp\/v2\/media\/2699"}],"wp:attachment":[{"href":"https:\/\/wolt-store.com\/pl\/wp-json\/wp\/v2\/media?parent=2501"}],"wp:term":[{"taxonomy":"product_brand","embeddable":true,"href":"https:\/\/wolt-store.com\/pl\/wp-json\/wp\/v2\/product_brand?post=2501"},{"taxonomy":"product_cat","embeddable":true,"href":"https:\/\/wolt-store.com\/pl\/wp-json\/wp\/v2\/product_cat?post=2501"},{"taxonomy":"product_tag","embeddable":true,"href":"https:\/\/wolt-store.com\/pl\/wp-json\/wp\/v2\/product_tag?post=2501"}],"curies":[{"name":"wp","href":"https:\/\/api.w.org\/{rel}","templated":true}]}}