{"id":2559,"date":"2024-07-23T10:48:46","date_gmt":"2024-07-23T08:48:46","guid":{"rendered":"https:\/\/wolt-store.com\/pl\/produkt\/talerz-z-trzciny-cukrowej-bialy-15-x-15-cm-paczka-50-szt\/"},"modified":"2026-05-05T15:41:05","modified_gmt":"2026-05-05T13:41:05","slug":"talerz-z-trzciny-cukrowej-bialy-15-x-15-cm-paczka-50-szt","status":"publish","type":"product","link":"https:\/\/wolt-store.com\/pl\/produkt\/talerz-z-trzciny-cukrowej-bialy-15-x-15-cm-paczka-50-szt\/","title":{"rendered":"Talerz z trzciny cukrowej, bia\u0142y, 15 x 15 cm (paczka 50 szt.)"},"content":{"rendered":"<p><span style=\"font-family: arial, helvetica, sans-serif;font-size: 10pt\"><strong>Kwadratowy, p\u0142aski talerz wykonany z trzciny cukrowej<\/strong> w kolorze bia\u0142ym o wymiarach 15 cm x 15 cm.<\/span><\/p>\n<p><span style=\"font-family: arial, helvetica, sans-serif;font-size: 10pt\">Talerz, kt\u00f3ry idealnie sprawdzi si\u0119 do serwowania deser\u00f3w, przek\u0105sek czy sa\u0142atek. Trzcina cukrowa sprawia, \u017ce talerz jest <strong>bardzo wytrzyma\u0142y i odporny na wysokie temperatury<\/strong>, nie wp\u0142ywa r\u00f3wnie\u017c na smak i zapach serwowanej potrawy. Talerze zabierzesz ze sob\u0105 na imprezy plenerowe, pikniki. To \u015bwietny wyb\u00f3r na przeprowadzenie degustacji podczas eventu. Swoje zastosowanie znajd\u0105 r\u00f3wnie\u017c w Twojej gastronomii!<\/span><\/p>\n<p><span style=\"font-family: arial, helvetica, sans-serif;font-size: 10pt\">Produkt <strong>wykonany w 100% z naturalnego materia\u0142u<\/strong>. Jest <strong>w pe\u0142ni biodegradowalny i ekologiczny<\/strong> &#8211; to <strong>\u015bwietna alternatywa dla \u015brodowiska<\/strong>. \u015amia\u0142o mo\u017cna przechowywa\u0107 potrawy na talerzu w zamra\u017carce, jak i podgrza\u0107 w kuchence mikrofalowej. Talerz\u00a0mo\u017cna wyrzuci\u0107 do br\u0105zowego pojemnika na odpady BIO lub kompostowa\u0107.<\/span><\/p>\n<p><span style=\"font-family: arial, helvetica, sans-serif;font-size: 10pt\">Produkt nie podlega op\u0142acie SUP (Single Use Plastic). Naczynia jednorazowe wykonane z trzciny cukrowej zyskuj\u0105 ogromn\u0105 popularno\u015b\u0107 na ca\u0142ym \u015bwiecie.<\/span><\/p>\n<div class=\"v1table-responsive\"><span style=\"font-family: arial, helvetica, sans-serif;font-size: 10pt\">\u00a0<\/span><\/div>\n<div class=\"table-responsive\">\u00a0<\/div>\n<div class=\"table-responsive\"><\/div>\n","protected":false},"excerpt":{"rendered":"<p>Paczka 50 sztuk<br \/>\nKod produktu: 3221<\/p>\n","protected":false},"featured_media":2577,"template":"","meta":{"_acf_changed":false,"_uag_custom_page_level_css":"","_editorskit_title_hidden":false,"_editorskit_reading_time":0,"_editorskit_is_block_options_detached":false,"_editorskit_block_options_position":"{}","site-sidebar-layout":"default","site-content-layout":"","ast-site-content-layout":"default","site-content-style":"default","site-sidebar-style":"default","ast-global-header-display":"","ast-banner-title-visibility":"","ast-main-header-display":"","ast-hfb-above-header-display":"","ast-hfb-below-header-display":"","ast-hfb-mobile-header-display":"","site-post-title":"","ast-breadcrumbs-content":"","ast-featured-img":"","footer-sml-layout":"","ast-disable-related-posts":"","theme-transparent-header-meta":"","adv-header-id-meta":"","stick-header-meta":"","header-above-stick-meta":"","header-main-stick-meta":"","header-below-stick-meta":"","astra-migrate-meta-layouts":"default","ast-page-background-enabled":"default","ast-page-background-meta":{"desktop":{"background-color":"var(--ast-global-color-4)","background-image":"","background-repeat":"repeat","background-position":"center center","background-size":"auto","background-attachment":"scroll","background-type":"","background-media":"","overlay-type":"","overlay-color":"","overlay-opacity":"","overlay-gradient":""},"tablet":{"background-color":"","background-image":"","background-repeat":"repeat","background-position":"center center","background-size":"auto","background-attachment":"scroll","background-type":"","background-media":"","overlay-type":"","overlay-color":"","overlay-opacity":"","overlay-gradient":""},"mobile":{"background-color":"","background-image":"","background-repeat":"repeat","background-position":"center center","background-size":"auto","background-attachment":"scroll","background-type":"","background-media":"","overlay-type":"","overlay-color":"","overlay-opacity":"","overlay-gradient":""}},"ast-content-background-meta":{"desktop":{"background-color":"var(--ast-global-color-5)","background-image":"","background-repeat":"repeat","background-position":"center center","background-size":"auto","background-attachment":"scroll","background-type":"","background-media":"","overlay-type":"","overlay-color":"","overlay-opacity":"","overlay-gradient":""},"tablet":{"background-color":"var(--ast-global-color-5)","background-image":"","background-repeat":"repeat","background-position":"center center","background-size":"auto","background-attachment":"scroll","background-type":"","background-media":"","overlay-type":"","overlay-color":"","overlay-opacity":"","overlay-gradient":""},"mobile":{"background-color":"var(--ast-global-color-5)","background-image":"","background-repeat":"repeat","background-position":"center center","background-size":"auto","background-attachment":"scroll","background-type":"","background-media":"","overlay-type":"","overlay-color":"","overlay-opacity":"","overlay-gradient":""}}},"product_brand":[],"product_cat":[525],"product_tag":[],"class_list":{"0":"post-2559","1":"product","2":"type-product","3":"status-publish","4":"has-post-thumbnail","6":"product_cat-akcesoria-gastronomiczne","7":"pa_contentunit-szt","8":"desktop-align-left","9":"tablet-align-left","10":"mobile-align-left","11":"ast-product-gallery-layout-horizontal-slider","12":"ast-product-gallery-with-no-image","13":"ast-product-tabs-layout-accordion","15":"first","16":"instock","17":"taxable","18":"shipping-taxable","19":"purchasable","20":"product-type-simple"},"bundled_by":[],"bundle_stock_status":"instock","bundle_stock_quantity":104,"bundle_virtual":false,"bundle_layout":"","bundle_add_to_cart_form_location":"","bundle_editable_in_cart":false,"bundle_sold_individually_context":"","bundle_item_grouping":"","bundle_min_size":"","bundle_max_size":"","bundle_price":[],"bundled_items":[],"bundle_sell_ids":[],"acf":[],"uagb_featured_image_src":{"full":["https:\/\/wolt-store.com\/content\/uploads\/sites\/25\/2024\/07\/1721725734270318145234.jpg",225,225,false],"thumbnail":["https:\/\/wolt-store.com\/content\/uploads\/sites\/25\/2024\/07\/1721725734270318145234-150x150.jpg",150,150,true],"medium":["https:\/\/wolt-store.com\/content\/uploads\/sites\/25\/2024\/07\/1721725734270318145234.jpg",225,225,false],"medium_large":["https:\/\/wolt-store.com\/content\/uploads\/sites\/25\/2024\/07\/1721725734270318145234.jpg",225,225,false],"large":["https:\/\/wolt-store.com\/content\/uploads\/sites\/25\/2024\/07\/1721725734270318145234.jpg",225,225,false],"1536x1536":["https:\/\/wolt-store.com\/content\/uploads\/sites\/25\/2024\/07\/1721725734270318145234.jpg",225,225,false],"2048x2048":["https:\/\/wolt-store.com\/content\/uploads\/sites\/25\/2024\/07\/1721725734270318145234.jpg",225,225,false],"post-thumbnail":["https:\/\/wolt-store.com\/content\/uploads\/sites\/25\/2024\/07\/1721725734270318145234.jpg",225,225,false],"gform-image-choice-sm":["https:\/\/wolt-store.com\/content\/uploads\/sites\/25\/2024\/07\/1721725734270318145234.jpg",225,225,false],"gform-image-choice-md":["https:\/\/wolt-store.com\/content\/uploads\/sites\/25\/2024\/07\/1721725734270318145234.jpg",225,225,false],"gform-image-choice-lg":["https:\/\/wolt-store.com\/content\/uploads\/sites\/25\/2024\/07\/1721725734270318145234.jpg",225,225,false],"woocommerce_thumbnail":["https:\/\/wolt-store.com\/content\/uploads\/sites\/25\/2024\/07\/1721725734270318145234.jpg",225,225,false],"woocommerce_single":["https:\/\/wolt-store.com\/content\/uploads\/sites\/25\/2024\/07\/1721725734270318145234.jpg",225,225,false],"woocommerce_gallery_thumbnail":["https:\/\/wolt-store.com\/content\/uploads\/sites\/25\/2024\/07\/1721725734270318145234.jpg",225,225,false],"dgwt-wcas-product-suggestion":["https:\/\/wolt-store.com\/content\/uploads\/sites\/25\/2024\/07\/1721725734270318145234-64x64.jpg",64,64,true]},"uagb_author_info":{"display_name":"maksimer","author_link":"https:\/\/wolt-store.com\/pl\/author\/"},"uagb_comment_info":0,"uagb_excerpt":"Paczka 50 sztuk Kod produktu: 3221","_links":{"self":[{"href":"https:\/\/wolt-store.com\/pl\/wp-json\/wp\/v2\/product\/2559","targetHints":{"allow":["GET"]}}],"collection":[{"href":"https:\/\/wolt-store.com\/pl\/wp-json\/wp\/v2\/product"}],"about":[{"href":"https:\/\/wolt-store.com\/pl\/wp-json\/wp\/v2\/types\/product"}],"wp:featuredmedia":[{"embeddable":true,"href":"https:\/\/wolt-store.com\/pl\/wp-json\/wp\/v2\/media\/2577"}],"wp:attachment":[{"href":"https:\/\/wolt-store.com\/pl\/wp-json\/wp\/v2\/media?parent=2559"}],"wp:term":[{"taxonomy":"product_brand","embeddable":true,"href":"https:\/\/wolt-store.com\/pl\/wp-json\/wp\/v2\/product_brand?post=2559"},{"taxonomy":"product_cat","embeddable":true,"href":"https:\/\/wolt-store.com\/pl\/wp-json\/wp\/v2\/product_cat?post=2559"},{"taxonomy":"product_tag","embeddable":true,"href":"https:\/\/wolt-store.com\/pl\/wp-json\/wp\/v2\/product_tag?post=2559"}],"curies":[{"name":"wp","href":"https:\/\/api.w.org\/{rel}","templated":true}]}}