{"id":2568,"date":"2024-07-23T10:59:53","date_gmt":"2024-07-23T08:59:53","guid":{"rendered":"https:\/\/wolt-store.com\/pl\/produkt\/pojemnik-papierowy-okragly-fi-184-mm-1300-ml-paczka-50-szt\/"},"modified":"2026-05-07T20:46:18","modified_gmt":"2026-05-07T18:46:18","slug":"pojemnik-papierowy-okragly-fi-184-mm-1300-ml-paczka-50-szt","status":"publish","type":"product","link":"https:\/\/wolt-store.com\/pl\/produkt\/pojemnik-papierowy-okragly-fi-184-mm-1300-ml-paczka-50-szt\/","title":{"rendered":"Pojemnik papierowy, okr\u0105g\u0142y, fi 184 mm, 1300 ml (paczka 50 szt.)"},"content":{"rendered":"<div class=\"table-responsive\">\u00a0<\/div>\n<div class=\"table-responsive\">\n<p><span style=\"font-family: arial, helvetica, sans-serif;font-size: 10pt\"><strong>Papierowa okr\u0105g\u0142a miska<\/strong><span style=\"font-weight: 400\"> w kolorze kraft o pojemno\u015bci 1300 ml oraz o \u015brednicy 184 mm.<\/span><\/span><\/p>\n<p><span style=\"font-family: arial, helvetica, sans-serif;font-size: 10pt\"><strong>Niezwykle uniwersalna<\/strong><span style=\"font-weight: 400\"> miska, kt\u00f3ra jest <\/span><strong>niezb\u0119dna<\/strong><span style=\"font-weight: 400\"> w ka\u017cdym lokalu wydaj\u0105cym jedzenie <\/span><strong>na wynos<\/strong><span style=\"font-weight: 400\"> jak np. w food truckach, a tak\u017ce sprawdzi si\u0119 w ka\u017cdej domowej kuchni np. przy grillu ze znajomymi. Dzi\u0119ki powleczeniu PE (polietylen), miska jest <\/span><strong>bardzo trwa\u0142a<\/strong><span style=\"font-weight: 400\">, <\/span><strong>nie przecieka i jest t\u0142uszczoodporna<\/strong><span style=\"font-weight: 400\">. Z powodzeniem mo\u017cesz serwowa\u0107 w niej sa\u0142atki z sosem, makarony, zupy, mi\u0119sa, r\u00f3\u017cne desery.\u00a0<\/span><\/span><\/p>\n<p><span style=\"font-family: arial, helvetica, sans-serif;font-size: 10pt\"><strong>Nie zapomnij o pokrywce!<\/strong><span style=\"font-weight: 400\"> Znajdziesz j\u0105 w produktach powi\u0105zanych. Dzi\u0119ki swej szczelno\u015bci b\u0119dziesz m\u00f3g\u0142 cieszy\u0107 si\u0119 \u015bwie\u017co\u015bci\u0105 oraz smakiem ulubionej potrawy, u\u0142atwi r\u00f3wnie\u017c transport da\u0144.<\/span><\/span><\/p>\n<p><span style=\"font-weight: 400;font-family: arial, helvetica, sans-serif;font-size: 10pt\">Produkt jest obj\u0119ty dodatkow\u0105 op\u0142at\u0105 SUP (Single Use Plastic).<\/span><\/p>\n<\/div>\n","protected":false},"excerpt":{"rendered":"<p>Paczka 50 sztuk<br \/>\nKod produktu: 37672<br \/>\n\u00a0<br \/>\n\u00a0<\/p>\n","protected":false},"featured_media":2583,"template":"","meta":{"_acf_changed":false,"_uag_custom_page_level_css":"","_editorskit_title_hidden":false,"_editorskit_reading_time":0,"_editorskit_is_block_options_detached":false,"_editorskit_block_options_position":"{}","site-sidebar-layout":"default","site-content-layout":"","ast-site-content-layout":"default","site-content-style":"default","site-sidebar-style":"default","ast-global-header-display":"","ast-banner-title-visibility":"","ast-main-header-display":"","ast-hfb-above-header-display":"","ast-hfb-below-header-display":"","ast-hfb-mobile-header-display":"","site-post-title":"","ast-breadcrumbs-content":"","ast-featured-img":"","footer-sml-layout":"","ast-disable-related-posts":"","theme-transparent-header-meta":"","adv-header-id-meta":"","stick-header-meta":"","header-above-stick-meta":"","header-main-stick-meta":"","header-below-stick-meta":"","astra-migrate-meta-layouts":"default","ast-page-background-enabled":"default","ast-page-background-meta":{"desktop":{"background-color":"var(--ast-global-color-4)","background-image":"","background-repeat":"repeat","background-position":"center center","background-size":"auto","background-attachment":"scroll","background-type":"","background-media":"","overlay-type":"","overlay-color":"","overlay-opacity":"","overlay-gradient":""},"tablet":{"background-color":"","background-image":"","background-repeat":"repeat","background-position":"center center","background-size":"auto","background-attachment":"scroll","background-type":"","background-media":"","overlay-type":"","overlay-color":"","overlay-opacity":"","overlay-gradient":""},"mobile":{"background-color":"","background-image":"","background-repeat":"repeat","background-position":"center center","background-size":"auto","background-attachment":"scroll","background-type":"","background-media":"","overlay-type":"","overlay-color":"","overlay-opacity":"","overlay-gradient":""}},"ast-content-background-meta":{"desktop":{"background-color":"var(--ast-global-color-5)","background-image":"","background-repeat":"repeat","background-position":"center center","background-size":"auto","background-attachment":"scroll","background-type":"","background-media":"","overlay-type":"","overlay-color":"","overlay-opacity":"","overlay-gradient":""},"tablet":{"background-color":"var(--ast-global-color-5)","background-image":"","background-repeat":"repeat","background-position":"center center","background-size":"auto","background-attachment":"scroll","background-type":"","background-media":"","overlay-type":"","overlay-color":"","overlay-opacity":"","overlay-gradient":""},"mobile":{"background-color":"var(--ast-global-color-5)","background-image":"","background-repeat":"repeat","background-position":"center center","background-size":"auto","background-attachment":"scroll","background-type":"","background-media":"","overlay-type":"","overlay-color":"","overlay-opacity":"","overlay-gradient":""}}},"product_brand":[],"product_cat":[140],"product_tag":[],"class_list":{"0":"post-2568","1":"product","2":"type-product","3":"status-publish","4":"has-post-thumbnail","6":"product_cat-pojemniki","7":"pa_contentunit-szt","8":"desktop-align-left","9":"tablet-align-left","10":"mobile-align-left","11":"ast-product-gallery-layout-horizontal-slider","12":"ast-product-gallery-with-no-image","13":"ast-product-tabs-layout-accordion","15":"first","16":"instock","17":"taxable","18":"shipping-taxable","19":"purchasable","20":"product-type-simple"},"bundled_by":[],"bundle_stock_status":"instock","bundle_stock_quantity":173,"bundle_virtual":false,"bundle_layout":"","bundle_add_to_cart_form_location":"","bundle_editable_in_cart":false,"bundle_sold_individually_context":"","bundle_item_grouping":"","bundle_min_size":"","bundle_max_size":"","bundle_price":[],"bundled_items":[],"bundle_sell_ids":[],"acf":[],"uagb_featured_image_src":{"full":["https:\/\/wolt-store.com\/content\/uploads\/sites\/25\/2024\/07\/1721725762376538110322.jpg",800,600,false],"thumbnail":["https:\/\/wolt-store.com\/content\/uploads\/sites\/25\/2024\/07\/1721725762376538110322-150x150.jpg",150,150,true],"medium":["https:\/\/wolt-store.com\/content\/uploads\/sites\/25\/2024\/07\/1721725762376538110322-300x225.jpg",300,225,true],"medium_large":["https:\/\/wolt-store.com\/content\/uploads\/sites\/25\/2024\/07\/1721725762376538110322-768x576.jpg",768,576,true],"large":["https:\/\/wolt-store.com\/content\/uploads\/sites\/25\/2024\/07\/1721725762376538110322.jpg",800,600,false],"1536x1536":["https:\/\/wolt-store.com\/content\/uploads\/sites\/25\/2024\/07\/1721725762376538110322.jpg",800,600,false],"2048x2048":["https:\/\/wolt-store.com\/content\/uploads\/sites\/25\/2024\/07\/1721725762376538110322.jpg",800,600,false],"post-thumbnail":["https:\/\/wolt-store.com\/content\/uploads\/sites\/25\/2024\/07\/1721725762376538110322-480x360.jpg",480,360,true],"gform-image-choice-sm":["https:\/\/wolt-store.com\/content\/uploads\/sites\/25\/2024\/07\/1721725762376538110322.jpg",300,225,false],"gform-image-choice-md":["https:\/\/wolt-store.com\/content\/uploads\/sites\/25\/2024\/07\/1721725762376538110322.jpg",400,300,false],"gform-image-choice-lg":["https:\/\/wolt-store.com\/content\/uploads\/sites\/25\/2024\/07\/1721725762376538110322.jpg",600,450,false],"woocommerce_thumbnail":["https:\/\/wolt-store.com\/content\/uploads\/sites\/25\/2024\/07\/1721725762376538110322-300x225.jpg",300,225,true],"woocommerce_single":["https:\/\/wolt-store.com\/content\/uploads\/sites\/25\/2024\/07\/1721725762376538110322-600x450.jpg",600,450,true],"woocommerce_gallery_thumbnail":["https:\/\/wolt-store.com\/content\/uploads\/sites\/25\/2024\/07\/1721725762376538110322-250x250.jpg",250,250,true],"dgwt-wcas-product-suggestion":["https:\/\/wolt-store.com\/content\/uploads\/sites\/25\/2024\/07\/1721725762376538110322-64x48.jpg",64,48,true]},"uagb_author_info":{"display_name":"maksimer","author_link":"https:\/\/wolt-store.com\/pl\/author\/"},"uagb_comment_info":0,"uagb_excerpt":"Paczka 50 sztuk Kod produktu: 37672 \u00a0 \u00a0","_links":{"self":[{"href":"https:\/\/wolt-store.com\/pl\/wp-json\/wp\/v2\/product\/2568","targetHints":{"allow":["GET"]}}],"collection":[{"href":"https:\/\/wolt-store.com\/pl\/wp-json\/wp\/v2\/product"}],"about":[{"href":"https:\/\/wolt-store.com\/pl\/wp-json\/wp\/v2\/types\/product"}],"wp:featuredmedia":[{"embeddable":true,"href":"https:\/\/wolt-store.com\/pl\/wp-json\/wp\/v2\/media\/2583"}],"wp:attachment":[{"href":"https:\/\/wolt-store.com\/pl\/wp-json\/wp\/v2\/media?parent=2568"}],"wp:term":[{"taxonomy":"product_brand","embeddable":true,"href":"https:\/\/wolt-store.com\/pl\/wp-json\/wp\/v2\/product_brand?post=2568"},{"taxonomy":"product_cat","embeddable":true,"href":"https:\/\/wolt-store.com\/pl\/wp-json\/wp\/v2\/product_cat?post=2568"},{"taxonomy":"product_tag","embeddable":true,"href":"https:\/\/wolt-store.com\/pl\/wp-json\/wp\/v2\/product_tag?post=2568"}],"curies":[{"name":"wp","href":"https:\/\/api.w.org\/{rel}","templated":true}]}}