{"id":2590,"date":"2024-07-23T11:19:26","date_gmt":"2024-07-23T09:19:26","guid":{"rendered":"https:\/\/wolt-store.com\/pl\/produkt\/pokrywka-papierowa-do-pojemnika-kraft-fi-98-mm-paczka-25-szt\/"},"modified":"2026-05-07T15:51:05","modified_gmt":"2026-05-07T13:51:05","slug":"pokrywka-papierowa-do-pojemnika-kraft-fi-98-mm-paczka-25-szt","status":"publish","type":"product","link":"https:\/\/wolt-store.com\/pl\/produkt\/pokrywka-papierowa-do-pojemnika-kraft-fi-98-mm-paczka-25-szt\/","title":{"rendered":"Pokrywka papierowa do pojemnika, kraft, fi 98 mm (paczka 25 szt.)"},"content":{"rendered":"<p><span style=\"font-size: 10pt;font-family: arial, helvetica, sans-serif\"><strong>P\u0142aska, papierowa pokrywka do pojemnik\u00f3w na zupy, desery<\/strong><span style=\"font-weight: 400\"> o \u015brednicy 98 mm w naturalnym, br\u0105zowym kolorze.<\/span><\/span><\/p>\n<p><span style=\"font-size: 10pt;font-family: arial, helvetica, sans-serif\"><span style=\"font-weight: 400\">Idealnie uzupe\u0142ni miski papierowe. Zapewnia doskona\u0142\u0105 <\/span><strong>szczelno\u015b\u0107<\/strong><span style=\"font-weight: 400\">, dzi\u0119ki kt\u00f3rej Twoje ulubione danie pozostanie na swoim miejscu. Niezast\u0105piona na imprezach plenerowych, w kawiarniach i restauracjach! Doskonale sprawdza si\u0119 zar\u00f3wno w<strong> bran\u017cy gastronomicznej<\/strong><span style=\"font-weight: 400\">, jak i<\/span><strong> w u\u017cytku domowym.\u00a0<\/strong><\/span><strong>Mo\u017ce by\u0107 stosowana przy podgrzewaniu w kuchence mikrofalowej (maksymalnie 2 minuty, moc 800 W), jak i mro\u017cona do -5\u00b0C.<\/strong><\/span><\/p>\n<p><span style=\"font-size: 10pt;font-family: arial, helvetica, sans-serif\"><strong>Wykonana z papieru powleczonego m\u0105czk\u0105 kukurydzian\u0105 (PLA), <\/strong><span style=\"font-weight: 400\">co sprawia, \u017ce jest w pe\u0142ni kompostowalna<\/span><strong>. Wytrzyma\u0142a na temperatury do 100\u00b0C.\u00a0<\/strong><\/span><\/p>\n<p><span style=\"font-size: 10pt;font-family: arial, helvetica, sans-serif\"><strong>Nie zapomnij o pasuj\u0105cych pojemnikach <\/strong><span style=\"font-weight: 400\">&#8211; znajdziesz je w produktach powi\u0105zanych!<\/span><\/span><\/p>\n","protected":false},"excerpt":{"rendered":"<p>Paczka 25 sztuk<br \/>\nKod produktu: 87267<\/p>\n","protected":false},"featured_media":2625,"template":"","meta":{"_acf_changed":false,"_uag_custom_page_level_css":"","_editorskit_title_hidden":false,"_editorskit_reading_time":0,"_editorskit_is_block_options_detached":false,"_editorskit_block_options_position":"{}","site-sidebar-layout":"default","site-content-layout":"","ast-site-content-layout":"default","site-content-style":"default","site-sidebar-style":"default","ast-global-header-display":"","ast-banner-title-visibility":"","ast-main-header-display":"","ast-hfb-above-header-display":"","ast-hfb-below-header-display":"","ast-hfb-mobile-header-display":"","site-post-title":"","ast-breadcrumbs-content":"","ast-featured-img":"","footer-sml-layout":"","ast-disable-related-posts":"","theme-transparent-header-meta":"","adv-header-id-meta":"","stick-header-meta":"","header-above-stick-meta":"","header-main-stick-meta":"","header-below-stick-meta":"","astra-migrate-meta-layouts":"default","ast-page-background-enabled":"default","ast-page-background-meta":{"desktop":{"background-color":"var(--ast-global-color-4)","background-image":"","background-repeat":"repeat","background-position":"center center","background-size":"auto","background-attachment":"scroll","background-type":"","background-media":"","overlay-type":"","overlay-color":"","overlay-opacity":"","overlay-gradient":""},"tablet":{"background-color":"","background-image":"","background-repeat":"repeat","background-position":"center center","background-size":"auto","background-attachment":"scroll","background-type":"","background-media":"","overlay-type":"","overlay-color":"","overlay-opacity":"","overlay-gradient":""},"mobile":{"background-color":"","background-image":"","background-repeat":"repeat","background-position":"center center","background-size":"auto","background-attachment":"scroll","background-type":"","background-media":"","overlay-type":"","overlay-color":"","overlay-opacity":"","overlay-gradient":""}},"ast-content-background-meta":{"desktop":{"background-color":"var(--ast-global-color-5)","background-image":"","background-repeat":"repeat","background-position":"center center","background-size":"auto","background-attachment":"scroll","background-type":"","background-media":"","overlay-type":"","overlay-color":"","overlay-opacity":"","overlay-gradient":""},"tablet":{"background-color":"var(--ast-global-color-5)","background-image":"","background-repeat":"repeat","background-position":"center center","background-size":"auto","background-attachment":"scroll","background-type":"","background-media":"","overlay-type":"","overlay-color":"","overlay-opacity":"","overlay-gradient":""},"mobile":{"background-color":"var(--ast-global-color-5)","background-image":"","background-repeat":"repeat","background-position":"center center","background-size":"auto","background-attachment":"scroll","background-type":"","background-media":"","overlay-type":"","overlay-color":"","overlay-opacity":"","overlay-gradient":""}}},"product_brand":[],"product_cat":[140],"product_tag":[],"class_list":{"0":"post-2590","1":"product","2":"type-product","3":"status-publish","4":"has-post-thumbnail","6":"product_cat-pojemniki","7":"pa_contentunit-szt","8":"desktop-align-left","9":"tablet-align-left","10":"mobile-align-left","11":"ast-product-gallery-layout-horizontal-slider","12":"ast-product-gallery-with-no-image","13":"ast-product-tabs-layout-accordion","15":"first","16":"instock","17":"taxable","18":"shipping-taxable","19":"purchasable","20":"product-type-simple"},"bundled_by":[],"bundle_stock_status":"instock","bundle_stock_quantity":307,"bundle_virtual":false,"bundle_layout":"","bundle_add_to_cart_form_location":"","bundle_editable_in_cart":false,"bundle_sold_individually_context":"","bundle_item_grouping":"","bundle_min_size":"","bundle_max_size":"","bundle_price":[],"bundled_items":[],"bundle_sell_ids":[],"acf":[],"uagb_featured_image_src":{"full":["https:\/\/wolt-store.com\/content\/uploads\/sites\/25\/2024\/07\/172172704830987011557.jpg",500,500,false],"thumbnail":["https:\/\/wolt-store.com\/content\/uploads\/sites\/25\/2024\/07\/172172704830987011557-150x150.jpg",150,150,true],"medium":["https:\/\/wolt-store.com\/content\/uploads\/sites\/25\/2024\/07\/172172704830987011557-300x300.jpg",300,300,true],"medium_large":["https:\/\/wolt-store.com\/content\/uploads\/sites\/25\/2024\/07\/172172704830987011557.jpg",500,500,false],"large":["https:\/\/wolt-store.com\/content\/uploads\/sites\/25\/2024\/07\/172172704830987011557.jpg",500,500,false],"1536x1536":["https:\/\/wolt-store.com\/content\/uploads\/sites\/25\/2024\/07\/172172704830987011557.jpg",500,500,false],"2048x2048":["https:\/\/wolt-store.com\/content\/uploads\/sites\/25\/2024\/07\/172172704830987011557.jpg",500,500,false],"post-thumbnail":["https:\/\/wolt-store.com\/content\/uploads\/sites\/25\/2024\/07\/172172704830987011557-480x360.jpg",480,360,true],"gform-image-choice-sm":["https:\/\/wolt-store.com\/content\/uploads\/sites\/25\/2024\/07\/172172704830987011557.jpg",300,300,false],"gform-image-choice-md":["https:\/\/wolt-store.com\/content\/uploads\/sites\/25\/2024\/07\/172172704830987011557.jpg",400,400,false],"gform-image-choice-lg":["https:\/\/wolt-store.com\/content\/uploads\/sites\/25\/2024\/07\/172172704830987011557.jpg",500,500,false],"woocommerce_thumbnail":["https:\/\/wolt-store.com\/content\/uploads\/sites\/25\/2024\/07\/172172704830987011557-300x300.jpg",300,300,true],"woocommerce_single":["https:\/\/wolt-store.com\/content\/uploads\/sites\/25\/2024\/07\/172172704830987011557.jpg",500,500,false],"woocommerce_gallery_thumbnail":["https:\/\/wolt-store.com\/content\/uploads\/sites\/25\/2024\/07\/172172704830987011557-250x250.jpg",250,250,true],"dgwt-wcas-product-suggestion":["https:\/\/wolt-store.com\/content\/uploads\/sites\/25\/2024\/07\/172172704830987011557-64x64.jpg",64,64,true]},"uagb_author_info":{"display_name":"maksimer","author_link":"https:\/\/wolt-store.com\/pl\/author\/"},"uagb_comment_info":0,"uagb_excerpt":"Paczka 25 sztuk Kod produktu: 87267","_links":{"self":[{"href":"https:\/\/wolt-store.com\/pl\/wp-json\/wp\/v2\/product\/2590","targetHints":{"allow":["GET"]}}],"collection":[{"href":"https:\/\/wolt-store.com\/pl\/wp-json\/wp\/v2\/product"}],"about":[{"href":"https:\/\/wolt-store.com\/pl\/wp-json\/wp\/v2\/types\/product"}],"wp:featuredmedia":[{"embeddable":true,"href":"https:\/\/wolt-store.com\/pl\/wp-json\/wp\/v2\/media\/2625"}],"wp:attachment":[{"href":"https:\/\/wolt-store.com\/pl\/wp-json\/wp\/v2\/media?parent=2590"}],"wp:term":[{"taxonomy":"product_brand","embeddable":true,"href":"https:\/\/wolt-store.com\/pl\/wp-json\/wp\/v2\/product_brand?post=2590"},{"taxonomy":"product_cat","embeddable":true,"href":"https:\/\/wolt-store.com\/pl\/wp-json\/wp\/v2\/product_cat?post=2590"},{"taxonomy":"product_tag","embeddable":true,"href":"https:\/\/wolt-store.com\/pl\/wp-json\/wp\/v2\/product_tag?post=2590"}],"curies":[{"name":"wp","href":"https:\/\/api.w.org\/{rel}","templated":true}]}}