{"id":2599,"date":"2024-07-23T11:21:46","date_gmt":"2024-07-23T09:21:46","guid":{"rendered":"https:\/\/wolt-store.com\/pl\/produkt\/kubek-do-napojow-zimnych-z-pla-fi-95-mm-400-ml-paczka-50-szt\/"},"modified":"2026-05-07T10:46:30","modified_gmt":"2026-05-07T08:46:30","slug":"kubek-do-napojow-zimnych-z-pla-fi-95-mm-400-ml-paczka-50-szt","status":"publish","type":"product","link":"https:\/\/wolt-store.com\/pl\/produkt\/kubek-do-napojow-zimnych-z-pla-fi-95-mm-400-ml-paczka-50-szt\/","title":{"rendered":"Kubek do napoj\u00f3w zimnych z PLA, fi 95 mm, 400 ml (paczka 50 szt.)"},"content":{"rendered":"<div class=\"table-responsive\"><span style=\"font-family: arial, helvetica, sans-serif;font-size: 10pt\"><strong>Transparentny kubek z PLA<\/strong> o pojemno\u015bci 400 ml oraz \u015brednicy 95 mm.<\/span><\/div>\n<div class=\"table-responsive\">\u00a0<\/div>\n<div class=\"table-responsive\">\n<div class=\"table-responsive\"><span style=\"font-family: arial, helvetica, sans-serif;font-size: 10pt\">\u015awietnie nada si\u0119 jako <strong>ekologiczny kubek<\/strong> do piwa, lemoniady czy soku.\u00a0<\/span><span style=\"font-family: arial, helvetica, sans-serif;font-size: 10pt\">Idealne rozwi\u0105zanie podczas plenerowych imprez, grill\u00f3w czy spotka\u0144 z przyjaci\u00f3\u0142mi. Niezb\u0119dny w ka\u017cdym domu. Tak\u017ce deser \u015bwietnie zaprezentuje si\u0119 w tym kubku.\u00a0<strong>Przezroczysta forma <\/strong><span style=\"font-weight: 400\">\u015bwietnie eksponuje r\u00f3wnie\u017c kolorowe desery lub warstwowe musy.<\/span><\/span><\/div>\n<div class=\"table-responsive\">\u00a0<\/div>\n<div class=\"table-responsive\"><span style=\"font-family: arial, helvetica, sans-serif;font-size: 10pt\"><strong>Wykonany z biodegradowalnego materia\u0142u ro\u015blinnego PLA<\/strong> (m\u0105czka kukurydziana) &#8211;\u00a0uznana przez Uni\u0119 Europejsk\u0105 jako plastik, cho\u0107 nim nie jest. Po wej\u015bciu w \u017cycie Dyrektywy Plastikowej, produkt podlega dodatkowej op\u0142acie SUP (Single Use Plastic). Kubek wytrzymuje do 40\u00b0C<strong>, <\/strong>co sprawia, \u017ce g\u0142\u00f3wnie przeznaczony jest do zimnych napoj\u00f3w.<\/span><\/div>\n<div class=\"table-responsive\">\u00a0<\/div>\n<div class=\"table-responsive\"><span style=\"font-family: arial, helvetica, sans-serif;font-size: 10pt\"><strong>Nie zapomnij o pokrywce<\/strong> &#8211; znajdziesz je w produktach powi\u0105zanych, pokrywki sprzedajemy osobno.<\/span><\/div>\n<div class=\"table-responsive\">\u00a0<\/div>\n<\/div>\n<div class=\"table-responsive\">\u00a0<\/div>\n","protected":false},"excerpt":{"rendered":"<p>Paczka 50 sztuk<br \/>\nKod produktu: 94870<br \/>\n\u00a0<br \/>\n\u00a0<\/p>\n","protected":false},"featured_media":2626,"template":"","meta":{"_acf_changed":false,"_uag_custom_page_level_css":"","_editorskit_title_hidden":false,"_editorskit_reading_time":0,"_editorskit_is_block_options_detached":false,"_editorskit_block_options_position":"{}","site-sidebar-layout":"default","site-content-layout":"","ast-site-content-layout":"default","site-content-style":"default","site-sidebar-style":"default","ast-global-header-display":"","ast-banner-title-visibility":"","ast-main-header-display":"","ast-hfb-above-header-display":"","ast-hfb-below-header-display":"","ast-hfb-mobile-header-display":"","site-post-title":"","ast-breadcrumbs-content":"","ast-featured-img":"","footer-sml-layout":"","ast-disable-related-posts":"","theme-transparent-header-meta":"","adv-header-id-meta":"","stick-header-meta":"","header-above-stick-meta":"","header-main-stick-meta":"","header-below-stick-meta":"","astra-migrate-meta-layouts":"default","ast-page-background-enabled":"default","ast-page-background-meta":{"desktop":{"background-color":"var(--ast-global-color-4)","background-image":"","background-repeat":"repeat","background-position":"center center","background-size":"auto","background-attachment":"scroll","background-type":"","background-media":"","overlay-type":"","overlay-color":"","overlay-opacity":"","overlay-gradient":""},"tablet":{"background-color":"","background-image":"","background-repeat":"repeat","background-position":"center center","background-size":"auto","background-attachment":"scroll","background-type":"","background-media":"","overlay-type":"","overlay-color":"","overlay-opacity":"","overlay-gradient":""},"mobile":{"background-color":"","background-image":"","background-repeat":"repeat","background-position":"center center","background-size":"auto","background-attachment":"scroll","background-type":"","background-media":"","overlay-type":"","overlay-color":"","overlay-opacity":"","overlay-gradient":""}},"ast-content-background-meta":{"desktop":{"background-color":"var(--ast-global-color-5)","background-image":"","background-repeat":"repeat","background-position":"center center","background-size":"auto","background-attachment":"scroll","background-type":"","background-media":"","overlay-type":"","overlay-color":"","overlay-opacity":"","overlay-gradient":""},"tablet":{"background-color":"var(--ast-global-color-5)","background-image":"","background-repeat":"repeat","background-position":"center center","background-size":"auto","background-attachment":"scroll","background-type":"","background-media":"","overlay-type":"","overlay-color":"","overlay-opacity":"","overlay-gradient":""},"mobile":{"background-color":"var(--ast-global-color-5)","background-image":"","background-repeat":"repeat","background-position":"center center","background-size":"auto","background-attachment":"scroll","background-type":"","background-media":"","overlay-type":"","overlay-color":"","overlay-opacity":"","overlay-gradient":""}}},"product_brand":[],"product_cat":[140],"product_tag":[],"class_list":{"0":"post-2599","1":"product","2":"type-product","3":"status-publish","4":"has-post-thumbnail","6":"product_cat-pojemniki","7":"pa_contentunit-szt","8":"desktop-align-left","9":"tablet-align-left","10":"mobile-align-left","11":"ast-product-gallery-layout-horizontal-slider","12":"ast-product-gallery-with-no-image","13":"ast-product-tabs-layout-accordion","15":"first","16":"instock","17":"taxable","18":"shipping-taxable","19":"purchasable","20":"product-type-simple"},"bundled_by":[],"bundle_stock_status":"instock","bundle_stock_quantity":619,"bundle_virtual":false,"bundle_layout":"","bundle_add_to_cart_form_location":"","bundle_editable_in_cart":false,"bundle_sold_individually_context":"","bundle_item_grouping":"","bundle_min_size":"","bundle_max_size":"","bundle_price":[],"bundled_items":[],"bundle_sell_ids":[],"acf":[],"uagb_featured_image_src":{"full":["https:\/\/wolt-store.com\/content\/uploads\/sites\/25\/2024\/07\/1721727051542331294269.jpg",500,499,false],"thumbnail":["https:\/\/wolt-store.com\/content\/uploads\/sites\/25\/2024\/07\/1721727051542331294269-150x150.jpg",150,150,true],"medium":["https:\/\/wolt-store.com\/content\/uploads\/sites\/25\/2024\/07\/1721727051542331294269-300x300.jpg",300,300,true],"medium_large":["https:\/\/wolt-store.com\/content\/uploads\/sites\/25\/2024\/07\/1721727051542331294269.jpg",500,499,false],"large":["https:\/\/wolt-store.com\/content\/uploads\/sites\/25\/2024\/07\/1721727051542331294269.jpg",500,499,false],"1536x1536":["https:\/\/wolt-store.com\/content\/uploads\/sites\/25\/2024\/07\/1721727051542331294269.jpg",500,499,false],"2048x2048":["https:\/\/wolt-store.com\/content\/uploads\/sites\/25\/2024\/07\/1721727051542331294269.jpg",500,499,false],"post-thumbnail":["https:\/\/wolt-store.com\/content\/uploads\/sites\/25\/2024\/07\/1721727051542331294269-480x360.jpg",480,360,true],"gform-image-choice-sm":["https:\/\/wolt-store.com\/content\/uploads\/sites\/25\/2024\/07\/1721727051542331294269.jpg",300,300,false],"gform-image-choice-md":["https:\/\/wolt-store.com\/content\/uploads\/sites\/25\/2024\/07\/1721727051542331294269.jpg",400,400,false],"gform-image-choice-lg":["https:\/\/wolt-store.com\/content\/uploads\/sites\/25\/2024\/07\/1721727051542331294269.jpg",500,499,false],"woocommerce_thumbnail":["https:\/\/wolt-store.com\/content\/uploads\/sites\/25\/2024\/07\/1721727051542331294269-300x299.jpg",300,299,true],"woocommerce_single":["https:\/\/wolt-store.com\/content\/uploads\/sites\/25\/2024\/07\/1721727051542331294269.jpg",500,499,false],"woocommerce_gallery_thumbnail":["https:\/\/wolt-store.com\/content\/uploads\/sites\/25\/2024\/07\/1721727051542331294269-250x250.jpg",250,250,true],"dgwt-wcas-product-suggestion":["https:\/\/wolt-store.com\/content\/uploads\/sites\/25\/2024\/07\/1721727051542331294269-64x64.jpg",64,64,true]},"uagb_author_info":{"display_name":"maksimer","author_link":"https:\/\/wolt-store.com\/pl\/author\/"},"uagb_comment_info":0,"uagb_excerpt":"Paczka 50 sztuk Kod produktu: 94870 \u00a0 \u00a0","_links":{"self":[{"href":"https:\/\/wolt-store.com\/pl\/wp-json\/wp\/v2\/product\/2599","targetHints":{"allow":["GET"]}}],"collection":[{"href":"https:\/\/wolt-store.com\/pl\/wp-json\/wp\/v2\/product"}],"about":[{"href":"https:\/\/wolt-store.com\/pl\/wp-json\/wp\/v2\/types\/product"}],"wp:featuredmedia":[{"embeddable":true,"href":"https:\/\/wolt-store.com\/pl\/wp-json\/wp\/v2\/media\/2626"}],"wp:attachment":[{"href":"https:\/\/wolt-store.com\/pl\/wp-json\/wp\/v2\/media?parent=2599"}],"wp:term":[{"taxonomy":"product_brand","embeddable":true,"href":"https:\/\/wolt-store.com\/pl\/wp-json\/wp\/v2\/product_brand?post=2599"},{"taxonomy":"product_cat","embeddable":true,"href":"https:\/\/wolt-store.com\/pl\/wp-json\/wp\/v2\/product_cat?post=2599"},{"taxonomy":"product_tag","embeddable":true,"href":"https:\/\/wolt-store.com\/pl\/wp-json\/wp\/v2\/product_tag?post=2599"}],"curies":[{"name":"wp","href":"https:\/\/api.w.org\/{rel}","templated":true}]}}