{"id":2615,"date":"2024-07-23T11:29:37","date_gmt":"2024-07-23T09:29:37","guid":{"rendered":"https:\/\/wolt-store.com\/pl\/produkt\/kubek-dwuwarstwowy-kraft-fi-79-mm-220-ml-paczka-25-szt\/"},"modified":"2026-05-07T15:51:06","modified_gmt":"2026-05-07T13:51:06","slug":"kubek-dwuwarstwowy-kraft-fi-79-mm-220-ml-paczka-25-szt","status":"publish","type":"product","link":"https:\/\/wolt-store.com\/pl\/produkt\/kubek-dwuwarstwowy-kraft-fi-79-mm-220-ml-paczka-25-szt\/","title":{"rendered":"Kubek dwuwarstwowy, kraft, fi 79 mm, 220 ml (paczka 25 szt.)"},"content":{"rendered":"<p><span style=\"font-size: 10pt;font-family: arial, helvetica, sans-serif\"><strong>Kubek dwuwarstwowy<\/strong><span style=\"font-weight: 400\"> o pojemno\u015bci 220 ml i \u015brednicy 79 mm w kolorze br\u0105zowym.<\/span><\/span><\/p>\n<p><span style=\"font-size: 10pt;font-family: arial, helvetica, sans-serif\"><span style=\"font-weight: 400\">Wzmocnione, podw\u00f3jne \u015bcianki zapewniaj\u0105 <strong>wytrzyma\u0142o\u015b\u0107 i komfort u\u017cytkowania<\/strong><\/span><strong>.<\/strong><span style=\"font-weight: 400\"> Posiada doskona\u0142\u0105 izolacj\u0119 termiczn\u0105, <\/span><strong>wytrzyma temperatur\u0119 do 100\u00b0C<\/strong><span style=\"font-weight: 400\">. Produkt cieszy si\u0119 popularno\u015bci\u0105 w\u015br\u00f3d kawiarni, restauracji jak i w codziennym u\u017cytku w biurze! \u015awietnie sprawdzi si\u0119 na kaw\u0119, herbat\u0119 oraz gor\u0105c\u0105 czekolad\u0119.\u00a0<\/span><\/span><\/p>\n<p><span style=\"font-size: 10pt;font-family: arial, helvetica, sans-serif\"><span style=\"font-weight: 400\">Wykonany z wysokiej jako\u015bci papieru powleczonego <\/span><strong>PLA (m\u0105czka kukurydziana)<\/strong><span style=\"font-weight: 400\">, kt\u00f3ry zapewnia <\/span><strong>szczelno\u015b\u0107 oraz nieprzemakalno\u015b\u0107.<\/strong><\/span><\/p>\n<p><span style=\"font-size: 10pt;font-family: arial, helvetica, sans-serif\"><strong>Nie zapomnij o pokrywce \u2013 <\/strong><span style=\"font-weight: 400\">znajdziesz j\u0105 w produktach powi\u0105zanych. Pokrywki do tego kubka sprzedajemy osobno!<\/span><\/span><\/p>\n<p><span style=\"font-size: 10pt;font-family: arial, helvetica, sans-serif\"><span style=\"font-weight: 400\">Zgodnie z Dyrektyw\u0105 Unijn\u0105 dot. produkt\u00f3w plastikowych,\u00a0produkt\u00a0<\/span><strong>podlega op\u0142acie SUP<\/strong> <strong>(Single Use Plastic)<\/strong><span style=\"font-weight: 400\">.<\/span><\/span><\/p>\n","protected":false},"excerpt":{"rendered":"<p>Paczka 25 sztuk<br \/>\nKod produktu: VDW-8-GR<br \/>\n\u00a0<br \/>\n\u00a0<\/p>\n","protected":false},"featured_media":4773,"template":"","meta":{"_acf_changed":false,"_uag_custom_page_level_css":"","_editorskit_title_hidden":false,"_editorskit_reading_time":0,"_editorskit_is_block_options_detached":false,"_editorskit_block_options_position":"{}","site-sidebar-layout":"default","site-content-layout":"","ast-site-content-layout":"default","site-content-style":"default","site-sidebar-style":"default","ast-global-header-display":"","ast-banner-title-visibility":"","ast-main-header-display":"","ast-hfb-above-header-display":"","ast-hfb-below-header-display":"","ast-hfb-mobile-header-display":"","site-post-title":"","ast-breadcrumbs-content":"","ast-featured-img":"","footer-sml-layout":"","ast-disable-related-posts":"","theme-transparent-header-meta":"","adv-header-id-meta":"","stick-header-meta":"","header-above-stick-meta":"","header-main-stick-meta":"","header-below-stick-meta":"","astra-migrate-meta-layouts":"default","ast-page-background-enabled":"default","ast-page-background-meta":{"desktop":{"background-color":"var(--ast-global-color-4)","background-image":"","background-repeat":"repeat","background-position":"center center","background-size":"auto","background-attachment":"scroll","background-type":"","background-media":"","overlay-type":"","overlay-color":"","overlay-opacity":"","overlay-gradient":""},"tablet":{"background-color":"","background-image":"","background-repeat":"repeat","background-position":"center center","background-size":"auto","background-attachment":"scroll","background-type":"","background-media":"","overlay-type":"","overlay-color":"","overlay-opacity":"","overlay-gradient":""},"mobile":{"background-color":"","background-image":"","background-repeat":"repeat","background-position":"center center","background-size":"auto","background-attachment":"scroll","background-type":"","background-media":"","overlay-type":"","overlay-color":"","overlay-opacity":"","overlay-gradient":""}},"ast-content-background-meta":{"desktop":{"background-color":"var(--ast-global-color-5)","background-image":"","background-repeat":"repeat","background-position":"center center","background-size":"auto","background-attachment":"scroll","background-type":"","background-media":"","overlay-type":"","overlay-color":"","overlay-opacity":"","overlay-gradient":""},"tablet":{"background-color":"var(--ast-global-color-5)","background-image":"","background-repeat":"repeat","background-position":"center center","background-size":"auto","background-attachment":"scroll","background-type":"","background-media":"","overlay-type":"","overlay-color":"","overlay-opacity":"","overlay-gradient":""},"mobile":{"background-color":"var(--ast-global-color-5)","background-image":"","background-repeat":"repeat","background-position":"center center","background-size":"auto","background-attachment":"scroll","background-type":"","background-media":"","overlay-type":"","overlay-color":"","overlay-opacity":"","overlay-gradient":""}}},"product_brand":[],"product_cat":[140],"product_tag":[],"class_list":{"0":"post-2615","1":"product","2":"type-product","3":"status-publish","4":"has-post-thumbnail","6":"product_cat-pojemniki","7":"pa_contentunit-szt","8":"desktop-align-left","9":"tablet-align-left","10":"mobile-align-left","11":"ast-product-gallery-layout-horizontal-slider","12":"ast-product-gallery-with-no-image","13":"ast-product-tabs-layout-accordion","15":"first","16":"instock","17":"taxable","18":"shipping-taxable","19":"purchasable","20":"product-type-simple"},"bundled_by":[],"bundle_stock_status":"instock","bundle_stock_quantity":222,"bundle_virtual":false,"bundle_layout":"","bundle_add_to_cart_form_location":"","bundle_editable_in_cart":false,"bundle_sold_individually_context":"","bundle_item_grouping":"","bundle_min_size":"","bundle_max_size":"","bundle_price":[],"bundled_items":[],"bundle_sell_ids":[],"acf":[],"uagb_featured_image_src":{"full":["https:\/\/wolt-store.com\/content\/uploads\/sites\/25\/2025\/07\/175318011088931697821.jpg",480,480,false],"thumbnail":["https:\/\/wolt-store.com\/content\/uploads\/sites\/25\/2025\/07\/175318011088931697821-150x150.jpg",150,150,true],"medium":["https:\/\/wolt-store.com\/content\/uploads\/sites\/25\/2025\/07\/175318011088931697821-300x300.jpg",300,300,true],"medium_large":["https:\/\/wolt-store.com\/content\/uploads\/sites\/25\/2025\/07\/175318011088931697821.jpg",480,480,false],"large":["https:\/\/wolt-store.com\/content\/uploads\/sites\/25\/2025\/07\/175318011088931697821.jpg",480,480,false],"1536x1536":["https:\/\/wolt-store.com\/content\/uploads\/sites\/25\/2025\/07\/175318011088931697821.jpg",480,480,false],"2048x2048":["https:\/\/wolt-store.com\/content\/uploads\/sites\/25\/2025\/07\/175318011088931697821.jpg",480,480,false],"post-thumbnail":["https:\/\/wolt-store.com\/content\/uploads\/sites\/25\/2025\/07\/175318011088931697821-480x360.jpg",480,360,true],"gform-image-choice-sm":["https:\/\/wolt-store.com\/content\/uploads\/sites\/25\/2025\/07\/175318011088931697821.jpg",300,300,false],"gform-image-choice-md":["https:\/\/wolt-store.com\/content\/uploads\/sites\/25\/2025\/07\/175318011088931697821.jpg",400,400,false],"gform-image-choice-lg":["https:\/\/wolt-store.com\/content\/uploads\/sites\/25\/2025\/07\/175318011088931697821.jpg",480,480,false],"woocommerce_thumbnail":["https:\/\/wolt-store.com\/content\/uploads\/sites\/25\/2025\/07\/175318011088931697821-300x300.jpg",300,300,true],"woocommerce_single":["https:\/\/wolt-store.com\/content\/uploads\/sites\/25\/2025\/07\/175318011088931697821.jpg",480,480,false],"woocommerce_gallery_thumbnail":["https:\/\/wolt-store.com\/content\/uploads\/sites\/25\/2025\/07\/175318011088931697821-250x250.jpg",250,250,true],"dgwt-wcas-product-suggestion":["https:\/\/wolt-store.com\/content\/uploads\/sites\/25\/2025\/07\/175318011088931697821-64x64.jpg",64,64,true]},"uagb_author_info":{"display_name":"maksimer","author_link":"https:\/\/wolt-store.com\/pl\/author\/"},"uagb_comment_info":0,"uagb_excerpt":"Paczka 25 sztuk Kod produktu: VDW-8-GR \u00a0 \u00a0","_links":{"self":[{"href":"https:\/\/wolt-store.com\/pl\/wp-json\/wp\/v2\/product\/2615","targetHints":{"allow":["GET"]}}],"collection":[{"href":"https:\/\/wolt-store.com\/pl\/wp-json\/wp\/v2\/product"}],"about":[{"href":"https:\/\/wolt-store.com\/pl\/wp-json\/wp\/v2\/types\/product"}],"wp:featuredmedia":[{"embeddable":true,"href":"https:\/\/wolt-store.com\/pl\/wp-json\/wp\/v2\/media\/4773"}],"wp:attachment":[{"href":"https:\/\/wolt-store.com\/pl\/wp-json\/wp\/v2\/media?parent=2615"}],"wp:term":[{"taxonomy":"product_brand","embeddable":true,"href":"https:\/\/wolt-store.com\/pl\/wp-json\/wp\/v2\/product_brand?post=2615"},{"taxonomy":"product_cat","embeddable":true,"href":"https:\/\/wolt-store.com\/pl\/wp-json\/wp\/v2\/product_cat?post=2615"},{"taxonomy":"product_tag","embeddable":true,"href":"https:\/\/wolt-store.com\/pl\/wp-json\/wp\/v2\/product_tag?post=2615"}],"curies":[{"name":"wp","href":"https:\/\/api.w.org\/{rel}","templated":true}]}}