{"id":2618,"date":"2024-07-23T11:29:47","date_gmt":"2024-07-23T09:29:47","guid":{"rendered":"https:\/\/wolt-store.com\/pl\/produkt\/pokrywka-plaska-do-kubka-fi-79-mm-paczka-50-szt\/"},"modified":"2026-05-06T14:46:16","modified_gmt":"2026-05-06T12:46:16","slug":"pokrywka-plaska-do-kubka-fi-79-mm-paczka-50-szt","status":"publish","type":"product","link":"https:\/\/wolt-store.com\/pl\/produkt\/pokrywka-plaska-do-kubka-fi-79-mm-paczka-50-szt\/","title":{"rendered":"Pokrywka p\u0142aska do kubka, fi 79 mm (paczka 50 szt.)"},"content":{"rendered":"<div class=\"table-responsive\">\n<p id=\"isPasted\" dir=\"ltr\" style=\"line-height: 1.38;margin-top: 0pt;margin-bottom: 0pt\"><span style=\"font-size: 10pt;font-family: arial, helvetica, sans-serif;color: #000000;background-color: transparent;font-weight: bold;font-style: normal;font-variant: normal;text-decoration: none;vertical-align: baseline;white-space: pre-wrap\">Pokrywka p\u0142aska\u00a0<\/span><span style=\"font-size: 10pt;font-family: arial, helvetica, sans-serif;color: #000000;background-color: transparent;font-weight: 400;font-style: normal;font-variant: normal;text-decoration: none;vertical-align: baseline;white-space: pre-wrap\">z C-PLA o \u015brednicy 79 mm w kolorze bia\u0142ym.\u00a0<\/span><\/p>\n<p><span style=\"font-size: 10pt;font-family: arial, helvetica, sans-serif\"><br \/><\/span><\/p>\n<p dir=\"ltr\" style=\"line-height: 1.38;margin-top: 0pt;margin-bottom: 0pt\"><span style=\"font-size: 10pt;font-family: arial, helvetica, sans-serif;color: #000000;background-color: transparent;font-weight: 400;font-style: normal;font-variant: normal;text-decoration: none;vertical-align: baseline;white-space: pre-wrap\">Idealnie pasuje do wszelkiego rodzaju kubk\u00f3w o \u015brednicy 79 mm. Zapewnia\u00a0<\/span><span style=\"font-size: 10pt;font-family: arial, helvetica, sans-serif;color: #000000;background-color: transparent;font-weight: bold;font-style: normal;font-variant: normal;text-decoration: none;vertical-align: baseline;white-space: pre-wrap\">doskona\u0142\u0105 szczelno\u015b\u0107<\/span><span style=\"font-size: 10pt;font-family: arial, helvetica, sans-serif;color: #000000;background-color: transparent;font-weight: 400;font-style: normal;font-variant: normal;text-decoration: none;vertical-align: baseline;white-space: pre-wrap\">, dzi\u0119ki kt\u00f3rej nap\u00f3j nie b\u0119dzie si\u0119 rozlewa\u0142, a Ty mo\u017cesz cieszy\u0107 si\u0119 ulubion\u0105 kaw\u0105 w drodze do pracy, na spacerze czy podczas innych codziennych aktywno\u015bci.\u00a0<\/span><span style=\"font-size: 10pt;font-family: arial, helvetica, sans-serif;color: #000000;background-color: transparent;font-weight: bold;font-style: normal;font-variant: normal;text-decoration: none;vertical-align: baseline;white-space: pre-wrap\">Otw\u00f3r do picia umo\u017cliwia wygodne spo\u017cywanie napoj\u00f3w<\/span><span style=\"font-size: 10pt;font-family: arial, helvetica, sans-serif;color: #000000;background-color: transparent;font-weight: 400;font-style: normal;font-variant: normal;text-decoration: none;vertical-align: baseline;white-space: pre-wrap\">\u00a0w podr\u00f3\u017cy, zapewniaj\u0105c komfort u\u017cytkowania.<\/span><\/p>\n<p><span style=\"font-size: 10pt;font-family: arial, helvetica, sans-serif\"><br \/><\/span><\/p>\n<p dir=\"ltr\" style=\"line-height: 1.38;margin-top: 0pt;margin-bottom: 0pt\"><span style=\"font-size: 10pt;font-family: arial, helvetica, sans-serif;color: #000000;background-color: transparent;font-weight: 400;font-style: normal;font-variant: normal;text-decoration: none;vertical-align: baseline;white-space: pre-wrap\">Wykonana z<\/span><span style=\"font-size: 10pt;font-family: arial, helvetica, sans-serif;color: #000000;background-color: transparent;font-weight: bold;font-style: normal;font-variant: normal;text-decoration: none;vertical-align: baseline;white-space: pre-wrap\">\u00a0C-PLA (m\u0105czka kukurydziana)<\/span><span style=\"font-size: 10pt;font-family: arial, helvetica, sans-serif;color: #000000;background-color: transparent;font-weight: 400;font-style: normal;font-variant: normal;text-decoration: none;vertical-align: baseline;white-space: pre-wrap\">\u00a0w 100%<\/span><span style=\"font-size: 10pt;font-family: arial, helvetica, sans-serif;color: #000000;background-color: transparent;font-weight: bold;font-style: normal;font-variant: normal;text-decoration: none;vertical-align: baseline;white-space: pre-wrap\">\u00a0kompostowalna i ekologiczna<\/span><span style=\"font-size: 10pt;font-family: arial, helvetica, sans-serif;color: #000000;background-color: transparent;font-weight: 400;font-style: normal;font-variant: normal;text-decoration: none;vertical-align: baseline;white-space: pre-wrap\">. Stanowi doskona\u0142\u0105\u00a0<\/span><span style=\"font-size: 10pt;font-family: arial, helvetica, sans-serif;color: #000000;background-color: transparent;font-weight: bold;font-style: normal;font-variant: normal;text-decoration: none;vertical-align: baseline;white-space: pre-wrap\">alternatyw\u0119 dla tradycyjnych plastik\u00f3w<\/span><span style=\"font-size: 10pt;font-family: arial, helvetica, sans-serif;color: #000000;background-color: transparent;font-weight: 400;font-style: normal;font-variant: normal;text-decoration: none;vertical-align: baseline;white-space: pre-wrap\">.\u00a0<\/span><\/p>\n<p><span style=\"font-size: 10pt;font-family: arial, helvetica, sans-serif\"><br \/><\/span><\/p>\n<p dir=\"ltr\" style=\"line-height: 1.38;margin-top: 0pt;margin-bottom: 0pt\"><span style=\"font-size: 10pt;font-family: arial, helvetica, sans-serif;color: #000000;background-color: transparent;font-weight: bold;font-style: normal;font-variant: normal;text-decoration: none;vertical-align: baseline;white-space: pre-wrap\">Nie zapomnij o pasuj\u0105cych kubkach<\/span><span style=\"font-size: 10pt;font-family: arial, helvetica, sans-serif;color: #000000;background-color: transparent;font-weight: 400;font-style: normal;font-variant: normal;text-decoration: none;vertical-align: baseline;white-space: pre-wrap\">\u00a0&#8211; znajdziesz je w produktach powi\u0105zanych!<\/span><\/p>\n<p dir=\"ltr\" style=\"line-height: 1.38;margin-top: 0pt;margin-bottom: 0pt\">\u00a0<\/p>\n<\/div>\n","protected":false},"excerpt":{"rendered":"<p>Paczka 50 sztuk<br \/>\nKod produktu: VLID79S<\/p>\n","protected":false},"featured_media":2684,"template":"","meta":{"_acf_changed":false,"_uag_custom_page_level_css":"","_editorskit_title_hidden":false,"_editorskit_reading_time":0,"_editorskit_is_block_options_detached":false,"_editorskit_block_options_position":"{}","site-sidebar-layout":"default","site-content-layout":"","ast-site-content-layout":"default","site-content-style":"default","site-sidebar-style":"default","ast-global-header-display":"","ast-banner-title-visibility":"","ast-main-header-display":"","ast-hfb-above-header-display":"","ast-hfb-below-header-display":"","ast-hfb-mobile-header-display":"","site-post-title":"","ast-breadcrumbs-content":"","ast-featured-img":"","footer-sml-layout":"","ast-disable-related-posts":"","theme-transparent-header-meta":"","adv-header-id-meta":"","stick-header-meta":"","header-above-stick-meta":"","header-main-stick-meta":"","header-below-stick-meta":"","astra-migrate-meta-layouts":"default","ast-page-background-enabled":"default","ast-page-background-meta":{"desktop":{"background-color":"var(--ast-global-color-4)","background-image":"","background-repeat":"repeat","background-position":"center center","background-size":"auto","background-attachment":"scroll","background-type":"","background-media":"","overlay-type":"","overlay-color":"","overlay-opacity":"","overlay-gradient":""},"tablet":{"background-color":"","background-image":"","background-repeat":"repeat","background-position":"center center","background-size":"auto","background-attachment":"scroll","background-type":"","background-media":"","overlay-type":"","overlay-color":"","overlay-opacity":"","overlay-gradient":""},"mobile":{"background-color":"","background-image":"","background-repeat":"repeat","background-position":"center center","background-size":"auto","background-attachment":"scroll","background-type":"","background-media":"","overlay-type":"","overlay-color":"","overlay-opacity":"","overlay-gradient":""}},"ast-content-background-meta":{"desktop":{"background-color":"var(--ast-global-color-5)","background-image":"","background-repeat":"repeat","background-position":"center center","background-size":"auto","background-attachment":"scroll","background-type":"","background-media":"","overlay-type":"","overlay-color":"","overlay-opacity":"","overlay-gradient":""},"tablet":{"background-color":"var(--ast-global-color-5)","background-image":"","background-repeat":"repeat","background-position":"center center","background-size":"auto","background-attachment":"scroll","background-type":"","background-media":"","overlay-type":"","overlay-color":"","overlay-opacity":"","overlay-gradient":""},"mobile":{"background-color":"var(--ast-global-color-5)","background-image":"","background-repeat":"repeat","background-position":"center center","background-size":"auto","background-attachment":"scroll","background-type":"","background-media":"","overlay-type":"","overlay-color":"","overlay-opacity":"","overlay-gradient":""}}},"product_brand":[],"product_cat":[140],"product_tag":[],"class_list":{"0":"post-2618","1":"product","2":"type-product","3":"status-publish","4":"has-post-thumbnail","6":"product_cat-pojemniki","7":"pa_contentunit-szt","8":"desktop-align-left","9":"tablet-align-left","10":"mobile-align-left","11":"ast-product-gallery-layout-horizontal-slider","12":"ast-product-gallery-with-no-image","13":"ast-product-tabs-layout-accordion","15":"first","16":"instock","17":"taxable","18":"shipping-taxable","19":"purchasable","20":"product-type-simple"},"bundled_by":[],"bundle_stock_status":"instock","bundle_stock_quantity":153,"bundle_virtual":false,"bundle_layout":"","bundle_add_to_cart_form_location":"","bundle_editable_in_cart":false,"bundle_sold_individually_context":"","bundle_item_grouping":"","bundle_min_size":"","bundle_max_size":"","bundle_price":[],"bundled_items":[],"bundle_sell_ids":[],"acf":[],"uagb_featured_image_src":{"full":["https:\/\/wolt-store.com\/content\/uploads\/sites\/25\/2024\/07\/1721728390117237159021.jpg",640,480,false],"thumbnail":["https:\/\/wolt-store.com\/content\/uploads\/sites\/25\/2024\/07\/1721728390117237159021-150x150.jpg",150,150,true],"medium":["https:\/\/wolt-store.com\/content\/uploads\/sites\/25\/2024\/07\/1721728390117237159021-300x225.jpg",300,225,true],"medium_large":["https:\/\/wolt-store.com\/content\/uploads\/sites\/25\/2024\/07\/1721728390117237159021.jpg",640,480,false],"large":["https:\/\/wolt-store.com\/content\/uploads\/sites\/25\/2024\/07\/1721728390117237159021.jpg",640,480,false],"1536x1536":["https:\/\/wolt-store.com\/content\/uploads\/sites\/25\/2024\/07\/1721728390117237159021.jpg",640,480,false],"2048x2048":["https:\/\/wolt-store.com\/content\/uploads\/sites\/25\/2024\/07\/1721728390117237159021.jpg",640,480,false],"post-thumbnail":["https:\/\/wolt-store.com\/content\/uploads\/sites\/25\/2024\/07\/1721728390117237159021-480x360.jpg",480,360,true],"gform-image-choice-sm":["https:\/\/wolt-store.com\/content\/uploads\/sites\/25\/2024\/07\/1721728390117237159021.jpg",300,225,false],"gform-image-choice-md":["https:\/\/wolt-store.com\/content\/uploads\/sites\/25\/2024\/07\/1721728390117237159021.jpg",400,300,false],"gform-image-choice-lg":["https:\/\/wolt-store.com\/content\/uploads\/sites\/25\/2024\/07\/1721728390117237159021.jpg",600,450,false],"woocommerce_thumbnail":["https:\/\/wolt-store.com\/content\/uploads\/sites\/25\/2024\/07\/1721728390117237159021-300x225.jpg",300,225,true],"woocommerce_single":["https:\/\/wolt-store.com\/content\/uploads\/sites\/25\/2024\/07\/1721728390117237159021-600x450.jpg",600,450,true],"woocommerce_gallery_thumbnail":["https:\/\/wolt-store.com\/content\/uploads\/sites\/25\/2024\/07\/1721728390117237159021-250x250.jpg",250,250,true],"dgwt-wcas-product-suggestion":["https:\/\/wolt-store.com\/content\/uploads\/sites\/25\/2024\/07\/1721728390117237159021-64x48.jpg",64,48,true]},"uagb_author_info":{"display_name":"maksimer","author_link":"https:\/\/wolt-store.com\/pl\/author\/"},"uagb_comment_info":0,"uagb_excerpt":"Paczka 50 sztuk Kod produktu: VLID79S","_links":{"self":[{"href":"https:\/\/wolt-store.com\/pl\/wp-json\/wp\/v2\/product\/2618","targetHints":{"allow":["GET"]}}],"collection":[{"href":"https:\/\/wolt-store.com\/pl\/wp-json\/wp\/v2\/product"}],"about":[{"href":"https:\/\/wolt-store.com\/pl\/wp-json\/wp\/v2\/types\/product"}],"wp:featuredmedia":[{"embeddable":true,"href":"https:\/\/wolt-store.com\/pl\/wp-json\/wp\/v2\/media\/2684"}],"wp:attachment":[{"href":"https:\/\/wolt-store.com\/pl\/wp-json\/wp\/v2\/media?parent=2618"}],"wp:term":[{"taxonomy":"product_brand","embeddable":true,"href":"https:\/\/wolt-store.com\/pl\/wp-json\/wp\/v2\/product_brand?post=2618"},{"taxonomy":"product_cat","embeddable":true,"href":"https:\/\/wolt-store.com\/pl\/wp-json\/wp\/v2\/product_cat?post=2618"},{"taxonomy":"product_tag","embeddable":true,"href":"https:\/\/wolt-store.com\/pl\/wp-json\/wp\/v2\/product_tag?post=2618"}],"curies":[{"name":"wp","href":"https:\/\/api.w.org\/{rel}","templated":true}]}}