{"id":2634,"date":"2024-07-23T11:32:01","date_gmt":"2024-07-23T09:32:01","guid":{"rendered":"https:\/\/wolt-store.com\/pl\/produkt\/kubek-papierowy-termiczny-fi-90-mm-400-ml-paczka-20-szt\/"},"modified":"2026-05-04T13:11:21","modified_gmt":"2026-05-04T11:11:21","slug":"kubek-papierowy-termiczny-fi-90-mm-400-ml-paczka-20-szt","status":"publish","type":"product","link":"https:\/\/wolt-store.com\/pl\/produkt\/kubek-papierowy-termiczny-fi-90-mm-400-ml-paczka-20-szt\/","title":{"rendered":"Kubek papierowy termiczny, fi 90 mm, 400 ml (paczka 20 szt.)"},"content":{"rendered":"<p><span style=\"font-size: 10pt;font-family: arial, helvetica, sans-serif\"><strong>Kubek papierowy termiczny<\/strong><span style=\"font-weight: 400\">, wykonany z papieru kraftowego o pojemno\u015bci 400 ml i \u015brednicy 90 mm.<\/span><\/span><\/p>\n<p><span style=\"font-size: 10pt;font-family: arial, helvetica, sans-serif\"><span style=\"font-weight: 400\">Dwuwarstwowa konstrukcja zapewnia wytrzyma\u0142o\u015b\u0107 i komfort u\u017cytkowania.<\/span><span style=\"font-weight: 400\">\u00a0Posiada doskona\u0142\u0105 izolacj\u0119 termiczn\u0105 \u2013 <\/span><strong>wytrzyma temperatur\u0119 do 100\u00b0C<\/strong><span style=\"font-weight: 400\">. Produkt cieszy si\u0119 popularno\u015bci\u0105 w\u015br\u00f3d kawiarni, restauracji jak i w codziennym u\u017cytku w biurze! \u015awietnie si\u0119 sprawdzi na r\u00f3\u017cnego rodzaju kawy i herbaty.\u00a0<\/span><\/span><\/p>\n<p><span style=\"font-size: 10pt;font-family: arial, helvetica, sans-serif\"><span style=\"font-weight: 400\">Wykonany z wysokiej jako\u015bci papieru powleczonego materia\u0142em PE (Polietylen), kt\u00f3ry zapewnia <\/span><strong>szczelno\u015b\u0107 oraz nieprzemakalno\u015b\u0107.<\/strong><\/span><\/p>\n<p><span style=\"font-size: 10pt;font-family: arial, helvetica, sans-serif\"><strong>Nie zapomnij o pokrywce <\/strong><span style=\"font-weight: 400\">\u2013 znajdziesz j\u0105 w produktach powi\u0105zanych. Pokrywki do tego pojemnika sprzedajemy osobno!<\/span><\/span><\/p>\n<p><span style=\"font-size: 10pt;font-family: arial, helvetica, sans-serif\"><span style=\"font-weight: 400\">Produkt <\/span><strong>podlega op\u0142acie SUP<\/strong><span style=\"font-weight: 400\"> (Single Use Plastic).<\/span><\/span><\/p>\n","protected":false},"excerpt":{"rendered":"<p>Paczka\u00a020 sztuk<br \/>\nKod produktu: 41960<\/p>\n","protected":false},"featured_media":2621,"template":"","meta":{"_acf_changed":false,"_uag_custom_page_level_css":"","_editorskit_title_hidden":false,"_editorskit_reading_time":0,"_editorskit_is_block_options_detached":false,"_editorskit_block_options_position":"{}","site-sidebar-layout":"default","site-content-layout":"","ast-site-content-layout":"default","site-content-style":"default","site-sidebar-style":"default","ast-global-header-display":"","ast-banner-title-visibility":"","ast-main-header-display":"","ast-hfb-above-header-display":"","ast-hfb-below-header-display":"","ast-hfb-mobile-header-display":"","site-post-title":"","ast-breadcrumbs-content":"","ast-featured-img":"","footer-sml-layout":"","ast-disable-related-posts":"","theme-transparent-header-meta":"","adv-header-id-meta":"","stick-header-meta":"","header-above-stick-meta":"","header-main-stick-meta":"","header-below-stick-meta":"","astra-migrate-meta-layouts":"default","ast-page-background-enabled":"default","ast-page-background-meta":{"desktop":{"background-color":"var(--ast-global-color-4)","background-image":"","background-repeat":"repeat","background-position":"center center","background-size":"auto","background-attachment":"scroll","background-type":"","background-media":"","overlay-type":"","overlay-color":"","overlay-opacity":"","overlay-gradient":""},"tablet":{"background-color":"","background-image":"","background-repeat":"repeat","background-position":"center center","background-size":"auto","background-attachment":"scroll","background-type":"","background-media":"","overlay-type":"","overlay-color":"","overlay-opacity":"","overlay-gradient":""},"mobile":{"background-color":"","background-image":"","background-repeat":"repeat","background-position":"center center","background-size":"auto","background-attachment":"scroll","background-type":"","background-media":"","overlay-type":"","overlay-color":"","overlay-opacity":"","overlay-gradient":""}},"ast-content-background-meta":{"desktop":{"background-color":"var(--ast-global-color-5)","background-image":"","background-repeat":"repeat","background-position":"center center","background-size":"auto","background-attachment":"scroll","background-type":"","background-media":"","overlay-type":"","overlay-color":"","overlay-opacity":"","overlay-gradient":""},"tablet":{"background-color":"var(--ast-global-color-5)","background-image":"","background-repeat":"repeat","background-position":"center center","background-size":"auto","background-attachment":"scroll","background-type":"","background-media":"","overlay-type":"","overlay-color":"","overlay-opacity":"","overlay-gradient":""},"mobile":{"background-color":"var(--ast-global-color-5)","background-image":"","background-repeat":"repeat","background-position":"center center","background-size":"auto","background-attachment":"scroll","background-type":"","background-media":"","overlay-type":"","overlay-color":"","overlay-opacity":"","overlay-gradient":""}}},"product_brand":[],"product_cat":[140],"product_tag":[],"class_list":{"0":"post-2634","1":"product","2":"type-product","3":"status-publish","4":"has-post-thumbnail","6":"product_cat-pojemniki","7":"pa_contentunit-szt","8":"desktop-align-left","9":"tablet-align-left","10":"mobile-align-left","11":"ast-product-gallery-layout-horizontal-slider","12":"ast-product-gallery-with-no-image","13":"ast-product-tabs-layout-accordion","15":"first","16":"instock","17":"taxable","18":"shipping-taxable","19":"purchasable","20":"product-type-simple"},"bundled_by":[],"bundle_stock_status":"instock","bundle_stock_quantity":94,"bundle_virtual":false,"bundle_layout":"","bundle_add_to_cart_form_location":"","bundle_editable_in_cart":false,"bundle_sold_individually_context":"","bundle_item_grouping":"","bundle_min_size":"","bundle_max_size":"","bundle_price":[],"bundled_items":[],"bundle_sell_ids":[],"acf":[],"uagb_featured_image_src":{"full":["https:\/\/wolt-store.com\/content\/uploads\/sites\/25\/2024\/07\/1721727022181810295842.jpg",800,600,false],"thumbnail":["https:\/\/wolt-store.com\/content\/uploads\/sites\/25\/2024\/07\/1721727022181810295842-150x150.jpg",150,150,true],"medium":["https:\/\/wolt-store.com\/content\/uploads\/sites\/25\/2024\/07\/1721727022181810295842-300x225.jpg",300,225,true],"medium_large":["https:\/\/wolt-store.com\/content\/uploads\/sites\/25\/2024\/07\/1721727022181810295842-768x576.jpg",768,576,true],"large":["https:\/\/wolt-store.com\/content\/uploads\/sites\/25\/2024\/07\/1721727022181810295842.jpg",800,600,false],"1536x1536":["https:\/\/wolt-store.com\/content\/uploads\/sites\/25\/2024\/07\/1721727022181810295842.jpg",800,600,false],"2048x2048":["https:\/\/wolt-store.com\/content\/uploads\/sites\/25\/2024\/07\/1721727022181810295842.jpg",800,600,false],"post-thumbnail":["https:\/\/wolt-store.com\/content\/uploads\/sites\/25\/2024\/07\/1721727022181810295842-480x360.jpg",480,360,true],"gform-image-choice-sm":["https:\/\/wolt-store.com\/content\/uploads\/sites\/25\/2024\/07\/1721727022181810295842.jpg",300,225,false],"gform-image-choice-md":["https:\/\/wolt-store.com\/content\/uploads\/sites\/25\/2024\/07\/1721727022181810295842.jpg",400,300,false],"gform-image-choice-lg":["https:\/\/wolt-store.com\/content\/uploads\/sites\/25\/2024\/07\/1721727022181810295842.jpg",600,450,false],"woocommerce_thumbnail":["https:\/\/wolt-store.com\/content\/uploads\/sites\/25\/2024\/07\/1721727022181810295842-300x225.jpg",300,225,true],"woocommerce_single":["https:\/\/wolt-store.com\/content\/uploads\/sites\/25\/2024\/07\/1721727022181810295842-600x450.jpg",600,450,true],"woocommerce_gallery_thumbnail":["https:\/\/wolt-store.com\/content\/uploads\/sites\/25\/2024\/07\/1721727022181810295842-250x250.jpg",250,250,true],"dgwt-wcas-product-suggestion":["https:\/\/wolt-store.com\/content\/uploads\/sites\/25\/2024\/07\/1721727022181810295842-64x48.jpg",64,48,true]},"uagb_author_info":{"display_name":"maksimer","author_link":"https:\/\/wolt-store.com\/pl\/author\/"},"uagb_comment_info":0,"uagb_excerpt":"Paczka\u00a020 sztuk Kod produktu: 41960","_links":{"self":[{"href":"https:\/\/wolt-store.com\/pl\/wp-json\/wp\/v2\/product\/2634","targetHints":{"allow":["GET"]}}],"collection":[{"href":"https:\/\/wolt-store.com\/pl\/wp-json\/wp\/v2\/product"}],"about":[{"href":"https:\/\/wolt-store.com\/pl\/wp-json\/wp\/v2\/types\/product"}],"wp:featuredmedia":[{"embeddable":true,"href":"https:\/\/wolt-store.com\/pl\/wp-json\/wp\/v2\/media\/2621"}],"wp:attachment":[{"href":"https:\/\/wolt-store.com\/pl\/wp-json\/wp\/v2\/media?parent=2634"}],"wp:term":[{"taxonomy":"product_brand","embeddable":true,"href":"https:\/\/wolt-store.com\/pl\/wp-json\/wp\/v2\/product_brand?post=2634"},{"taxonomy":"product_cat","embeddable":true,"href":"https:\/\/wolt-store.com\/pl\/wp-json\/wp\/v2\/product_cat?post=2634"},{"taxonomy":"product_tag","embeddable":true,"href":"https:\/\/wolt-store.com\/pl\/wp-json\/wp\/v2\/product_tag?post=2634"}],"curies":[{"name":"wp","href":"https:\/\/api.w.org\/{rel}","templated":true}]}}