{"id":2636,"date":"2024-07-23T11:32:47","date_gmt":"2024-07-23T09:32:47","guid":{"rendered":"https:\/\/wolt-store.com\/pl\/produkt\/slomka-papierowa-mix-fi-8-mm-210-mm-paczka-250-szt\/"},"modified":"2026-05-07T16:08:17","modified_gmt":"2026-05-07T14:08:17","slug":"slomka-papierowa-mix-fi-8-mm-210-mm-paczka-250-szt","status":"publish","type":"product","link":"https:\/\/wolt-store.com\/pl\/produkt\/slomka-papierowa-mix-fi-8-mm-210-mm-paczka-250-szt\/","title":{"rendered":"S\u0142omka papierowa mix, pastelowa, fi 8 mm, 210 mm (paczka 250 szt.)"},"content":{"rendered":"<div class=\"table-responsive\"><span style=\"font-family: arial, helvetica, sans-serif;font-size: 10pt\"><strong>S\u0142omka papierowa,\u00a0<\/strong>w r\u00f3\u017cnokolorowe, pastelowe paski o d\u0142ugo\u015bci 21 cm i \u015brednicy 8 mm.\u00a0<\/span><\/div>\n<div class=\"table-responsive\">\n<div class=\"table-responsive\">\n<p><span style=\"font-family: arial, helvetica, sans-serif;font-size: 10pt\">U\u017cyj do\u00a0<strong>zimnej lemoniady<\/strong>\u00a0w ciep\u0142e lato,\u00a0<strong>s\u0142odkich drink\u00f3w<\/strong>\u00a0wieczorow\u0105 por\u0105 lub na co dzie\u0144 do pe\u0142nych witamin\u00a0<strong>smoothie<\/strong>. Idealnie sprawdzi si\u0119 na przyj\u0119ciach plenerowych, w beach barach i restauracjach. S\u0142omki, poprzez swoj\u0105 kolorystyk\u0119 (r\u00f3\u017cnokolorowe paski), sprawi\u0105 ogromn\u0105 rado\u015b\u0107 dzieciom na r\u00f3\u017cnych przyj\u0119ciach np. na urodzinach.<\/span><\/p>\n<p><span style=\"font-family: arial, helvetica, sans-serif;font-size: 10pt\">Rurka dzi\u0119ki specjalnej konstrukcji nie nasi\u0105ka zbyt szybko wod\u0105, wytrzymuje\u00a0<strong>do 3 godzin w napojach zimnych<\/strong>\u00a0i do<strong>\u00a01 godziny w napojach gor\u0105cych<\/strong>.<\/span><\/p>\n<p><span style=\"font-family: arial, helvetica, sans-serif;font-size: 10pt\">S\u0142omki wykonana<strong>\u00a0z papieru<\/strong>\u00a0z certyfikatem<strong>\u00a0FSC<\/strong>\u00a0&#8211; zr\u00f3wnowa\u017conej gospodarki le\u015bnej, \u015bwiadcz\u0105cym o tym, \u017ce papier pochodzi z legalnego i bezpiecznego \u017ar\u00f3d\u0142a. S\u0142omka ekologiczna w 100% biodegradowalna.<\/span><\/p>\n<p><span style=\"font-family: arial, helvetica, sans-serif;font-size: 10pt\">Produkt nie podlega op\u0142acie\u00a0<strong>SUP<\/strong>.<\/span><\/p>\n<\/div>\n<div class=\"v1table-responsive\"><span style=\"font-family: arial, helvetica, sans-serif;font-size: 10pt\">\u00a0<\/span><\/div>\n<\/div>\n<div class=\"table-responsive\">\u00a0<\/div>\n","protected":false},"excerpt":{"rendered":"<p>Paczka 250 sztuk<br \/>\nKod produktu: S8CMIX<\/p>\n","protected":false},"featured_media":5056,"template":"","meta":{"_acf_changed":false,"_uag_custom_page_level_css":"","_editorskit_title_hidden":false,"_editorskit_reading_time":0,"_editorskit_is_block_options_detached":false,"_editorskit_block_options_position":"{}","site-sidebar-layout":"default","site-content-layout":"","ast-site-content-layout":"default","site-content-style":"default","site-sidebar-style":"default","ast-global-header-display":"","ast-banner-title-visibility":"","ast-main-header-display":"","ast-hfb-above-header-display":"","ast-hfb-below-header-display":"","ast-hfb-mobile-header-display":"","site-post-title":"","ast-breadcrumbs-content":"","ast-featured-img":"","footer-sml-layout":"","ast-disable-related-posts":"","theme-transparent-header-meta":"default","adv-header-id-meta":"","stick-header-meta":"","header-above-stick-meta":"","header-main-stick-meta":"","header-below-stick-meta":"","astra-migrate-meta-layouts":"set","ast-page-background-enabled":"default","ast-page-background-meta":{"desktop":{"background-color":"var(--ast-global-color-4)","background-image":"","background-repeat":"repeat","background-position":"center center","background-size":"auto","background-attachment":"scroll","background-type":"","background-media":"","overlay-type":"","overlay-color":"","overlay-opacity":"","overlay-gradient":""},"tablet":{"background-color":"","background-image":"","background-repeat":"repeat","background-position":"center center","background-size":"auto","background-attachment":"scroll","background-type":"","background-media":"","overlay-type":"","overlay-color":"","overlay-opacity":"","overlay-gradient":""},"mobile":{"background-color":"","background-image":"","background-repeat":"repeat","background-position":"center center","background-size":"auto","background-attachment":"scroll","background-type":"","background-media":"","overlay-type":"","overlay-color":"","overlay-opacity":"","overlay-gradient":""}},"ast-content-background-meta":{"desktop":{"background-color":"var(--ast-global-color-5)","background-image":"","background-repeat":"repeat","background-position":"center center","background-size":"auto","background-attachment":"scroll","background-type":"","background-media":"","overlay-type":"","overlay-color":"","overlay-opacity":"","overlay-gradient":""},"tablet":{"background-color":"var(--ast-global-color-5)","background-image":"","background-repeat":"repeat","background-position":"center center","background-size":"auto","background-attachment":"scroll","background-type":"","background-media":"","overlay-type":"","overlay-color":"","overlay-opacity":"","overlay-gradient":""},"mobile":{"background-color":"var(--ast-global-color-5)","background-image":"","background-repeat":"repeat","background-position":"center center","background-size":"auto","background-attachment":"scroll","background-type":"","background-media":"","overlay-type":"","overlay-color":"","overlay-opacity":"","overlay-gradient":""}}},"product_brand":[],"product_cat":[525,528],"product_tag":[],"class_list":{"0":"post-2636","1":"product","2":"type-product","3":"status-publish","4":"has-post-thumbnail","6":"product_cat-akcesoria-gastronomiczne","7":"product_cat-slomki","8":"pa_contentunit-szt","9":"desktop-align-left","10":"tablet-align-left","11":"mobile-align-left","12":"ast-product-gallery-layout-horizontal-slider","13":"ast-product-gallery-with-no-image","14":"ast-product-tabs-layout-accordion","16":"first","17":"instock","18":"taxable","19":"shipping-taxable","20":"purchasable","21":"product-type-simple"},"bundled_by":[],"bundle_stock_status":"instock","bundle_stock_quantity":160,"bundle_virtual":false,"bundle_layout":"","bundle_add_to_cart_form_location":"","bundle_editable_in_cart":false,"bundle_sold_individually_context":"","bundle_item_grouping":"","bundle_min_size":"","bundle_max_size":"","bundle_price":[],"bundled_items":[],"bundle_sell_ids":[],"acf":[],"uagb_featured_image_src":{"full":["https:\/\/wolt-store.com\/content\/uploads\/sites\/25\/2025\/10\/1759756092941451214587.jpg",1280,1280,false],"thumbnail":["https:\/\/wolt-store.com\/content\/uploads\/sites\/25\/2025\/10\/1759756092941451214587-150x150.jpg",150,150,true],"medium":["https:\/\/wolt-store.com\/content\/uploads\/sites\/25\/2025\/10\/1759756092941451214587-300x300.jpg",300,300,true],"medium_large":["https:\/\/wolt-store.com\/content\/uploads\/sites\/25\/2025\/10\/1759756092941451214587-768x768.jpg",768,768,true],"large":["https:\/\/wolt-store.com\/content\/uploads\/sites\/25\/2025\/10\/1759756092941451214587-1024x1024.jpg",1024,1024,true],"1536x1536":["https:\/\/wolt-store.com\/content\/uploads\/sites\/25\/2025\/10\/1759756092941451214587.jpg",1280,1280,false],"2048x2048":["https:\/\/wolt-store.com\/content\/uploads\/sites\/25\/2025\/10\/1759756092941451214587.jpg",1280,1280,false],"post-thumbnail":["https:\/\/wolt-store.com\/content\/uploads\/sites\/25\/2025\/10\/1759756092941451214587-480x360.jpg",480,360,true],"gform-image-choice-sm":["https:\/\/wolt-store.com\/content\/uploads\/sites\/25\/2025\/10\/1759756092941451214587.jpg",300,300,false],"gform-image-choice-md":["https:\/\/wolt-store.com\/content\/uploads\/sites\/25\/2025\/10\/1759756092941451214587.jpg",400,400,false],"gform-image-choice-lg":["https:\/\/wolt-store.com\/content\/uploads\/sites\/25\/2025\/10\/1759756092941451214587.jpg",600,600,false],"woocommerce_thumbnail":["https:\/\/wolt-store.com\/content\/uploads\/sites\/25\/2025\/10\/1759756092941451214587-300x300.jpg",300,300,true],"woocommerce_single":["https:\/\/wolt-store.com\/content\/uploads\/sites\/25\/2025\/10\/1759756092941451214587-600x600.jpg",600,600,true],"woocommerce_gallery_thumbnail":["https:\/\/wolt-store.com\/content\/uploads\/sites\/25\/2025\/10\/1759756092941451214587-250x250.jpg",250,250,true],"dgwt-wcas-product-suggestion":["https:\/\/wolt-store.com\/content\/uploads\/sites\/25\/2025\/10\/1759756092941451214587-64x64.jpg",64,64,true]},"uagb_author_info":{"display_name":"maksimer","author_link":"https:\/\/wolt-store.com\/pl\/author\/"},"uagb_comment_info":0,"uagb_excerpt":"Paczka 250 sztuk Kod produktu: S8CMIX","_links":{"self":[{"href":"https:\/\/wolt-store.com\/pl\/wp-json\/wp\/v2\/product\/2636","targetHints":{"allow":["GET"]}}],"collection":[{"href":"https:\/\/wolt-store.com\/pl\/wp-json\/wp\/v2\/product"}],"about":[{"href":"https:\/\/wolt-store.com\/pl\/wp-json\/wp\/v2\/types\/product"}],"wp:featuredmedia":[{"embeddable":true,"href":"https:\/\/wolt-store.com\/pl\/wp-json\/wp\/v2\/media\/5056"}],"wp:attachment":[{"href":"https:\/\/wolt-store.com\/pl\/wp-json\/wp\/v2\/media?parent=2636"}],"wp:term":[{"taxonomy":"product_brand","embeddable":true,"href":"https:\/\/wolt-store.com\/pl\/wp-json\/wp\/v2\/product_brand?post=2636"},{"taxonomy":"product_cat","embeddable":true,"href":"https:\/\/wolt-store.com\/pl\/wp-json\/wp\/v2\/product_cat?post=2636"},{"taxonomy":"product_tag","embeddable":true,"href":"https:\/\/wolt-store.com\/pl\/wp-json\/wp\/v2\/product_tag?post=2636"}],"curies":[{"name":"wp","href":"https:\/\/api.w.org\/{rel}","templated":true}]}}