{"id":2644,"date":"2024-07-23T11:41:19","date_gmt":"2024-07-23T09:41:19","guid":{"rendered":"https:\/\/wolt-store.com\/pl\/produkt\/2-warstwowa-serwetka-czarna-z-kieszonka-32-cm-x-38-cm-paczka-50-szt\/"},"modified":"2026-04-03T13:48:37","modified_gmt":"2026-04-03T11:48:37","slug":"2-warstwowa-serwetka-czarna-z-kieszonka-32-cm-x-38-cm-paczka-50-szt","status":"publish","type":"product","link":"https:\/\/wolt-store.com\/pl\/produkt\/2-warstwowa-serwetka-czarna-z-kieszonka-32-cm-x-38-cm-paczka-50-szt\/","title":{"rendered":"2-warstwowa serwetka czarna z kieszonk\u0105 32 cm x 38 cm (paczka 50 szt.)"},"content":{"rendered":"<div class=\"table-responsive\">\n<p><span style=\"color: #000000;font-family: arial, helvetica, sans-serif;font-size: 10pt\"><strong>Dwuwarstwowa serwetka z kieszonk\u0105<\/strong>\u00a0tzw. kangurek, w kolorze czarnym o wymiarach 32 cm x 38 cm (po roz\u0142o\u017ceniu).<\/span><\/p>\n<p><span style=\"color: #000000;font-family: arial, helvetica, sans-serif;font-size: 10pt\">Idealnie sprawdzi si\u0119 w ka\u017cdym lokalu \u2013 od eleganckiej restauracji po foodtruck.\u00a0<strong>Sk\u0142adane 1\/4 tworz\u0105c kieszonk\u0119,<\/strong>\u00a0w kt\u00f3rej u\u0142o\u017cymy sztu\u0107ce. Dzi\u0119ki takiemu rozwi\u0105zaniu, oszcz\u0119dzamy czas przy nakrywaniu sto\u0142u.\u00a0Jest\u00a0<strong>bardzo praktyczna<\/strong>\u00a0\u2013 po wyj\u0119ciu sztu\u0107c\u00f3w mo\u017cna u\u017cy\u0107 jej do wycierania ust i d\u0142oni. Czarny kolor serwetek sprawia \u017ce\u00a0<strong>s\u0105 uniwersalne<\/strong>, idealne na r\u00f3\u017cnego rodzaju przyj\u0119cia, imprezy okoliczno\u015bciowe, grille oraz imprezy cateringowe.\u00a0Serwetki\u00a0<strong>wykonane s\u0105 z dw\u00f3ch\u00a0warstw,<\/strong>\u00a0dzi\u0119ki czemu\u00a0<strong>zapewniaj\u0105 odpowiedni\u0105 ch\u0142onno\u015b\u0107 i wysok\u0105 jako\u015b\u0107<\/strong>. S\u0105 niezwykle\u00a0<strong>subtelne i zarazem nowoczesne<\/strong>.<\/span><\/p>\n<p><span style=\"color: #000000;font-family: arial, helvetica, sans-serif;font-size: 10pt\">Wykonane ze\u00a0<strong>100% celulozy bielonej<\/strong>\u00a0bez \u017cadnych chemicznych dodatk\u00f3w.\u00a0<strong>Wytrzyma\u0142e<\/strong>, do jednorazowego u\u017cycia.\u00a0Mog\u0105 mie\u0107 kr\u00f3tkotrwa\u0142y kontakt ze wszystkimi rodzajami \u017cywno\u015bci.\u00a0<strong>Ca\u0142kowicie ekologiczne!<\/strong><\/span><\/p>\n<p>\u00a0<\/p>\n<\/p>\n<p>\u00a0<\/p>\n<p>\u00a0<\/p>\n<\/div>\n","protected":false},"excerpt":{"rendered":"<p>Paczka 50 sztuk<br \/>\nKod produktu: 5738<\/p>\n","protected":false},"featured_media":2673,"template":"","meta":{"_acf_changed":false,"_uag_custom_page_level_css":"","_editorskit_title_hidden":false,"_editorskit_reading_time":0,"_editorskit_is_block_options_detached":false,"_editorskit_block_options_position":"{}","site-sidebar-layout":"default","site-content-layout":"","ast-site-content-layout":"default","site-content-style":"default","site-sidebar-style":"default","ast-global-header-display":"","ast-banner-title-visibility":"","ast-main-header-display":"","ast-hfb-above-header-display":"","ast-hfb-below-header-display":"","ast-hfb-mobile-header-display":"","site-post-title":"","ast-breadcrumbs-content":"","ast-featured-img":"","footer-sml-layout":"","ast-disable-related-posts":"","theme-transparent-header-meta":"","adv-header-id-meta":"","stick-header-meta":"","header-above-stick-meta":"","header-main-stick-meta":"","header-below-stick-meta":"","astra-migrate-meta-layouts":"default","ast-page-background-enabled":"default","ast-page-background-meta":{"desktop":{"background-color":"var(--ast-global-color-4)","background-image":"","background-repeat":"repeat","background-position":"center center","background-size":"auto","background-attachment":"scroll","background-type":"","background-media":"","overlay-type":"","overlay-color":"","overlay-opacity":"","overlay-gradient":""},"tablet":{"background-color":"","background-image":"","background-repeat":"repeat","background-position":"center center","background-size":"auto","background-attachment":"scroll","background-type":"","background-media":"","overlay-type":"","overlay-color":"","overlay-opacity":"","overlay-gradient":""},"mobile":{"background-color":"","background-image":"","background-repeat":"repeat","background-position":"center center","background-size":"auto","background-attachment":"scroll","background-type":"","background-media":"","overlay-type":"","overlay-color":"","overlay-opacity":"","overlay-gradient":""}},"ast-content-background-meta":{"desktop":{"background-color":"var(--ast-global-color-5)","background-image":"","background-repeat":"repeat","background-position":"center center","background-size":"auto","background-attachment":"scroll","background-type":"","background-media":"","overlay-type":"","overlay-color":"","overlay-opacity":"","overlay-gradient":""},"tablet":{"background-color":"var(--ast-global-color-5)","background-image":"","background-repeat":"repeat","background-position":"center center","background-size":"auto","background-attachment":"scroll","background-type":"","background-media":"","overlay-type":"","overlay-color":"","overlay-opacity":"","overlay-gradient":""},"mobile":{"background-color":"var(--ast-global-color-5)","background-image":"","background-repeat":"repeat","background-position":"center center","background-size":"auto","background-attachment":"scroll","background-type":"","background-media":"","overlay-type":"","overlay-color":"","overlay-opacity":"","overlay-gradient":""}}},"product_brand":[],"product_cat":[525,529],"product_tag":[],"class_list":{"0":"post-2644","1":"product","2":"type-product","3":"status-publish","4":"has-post-thumbnail","6":"product_cat-akcesoria-gastronomiczne","7":"product_cat-serwetki","8":"pa_contentunit-szt","9":"desktop-align-left","10":"tablet-align-left","11":"mobile-align-left","12":"ast-product-gallery-layout-horizontal-slider","13":"ast-product-gallery-with-no-image","14":"ast-product-tabs-layout-accordion","16":"first","17":"instock","18":"taxable","19":"shipping-taxable","20":"purchasable","21":"product-type-simple"},"bundled_by":[],"bundle_stock_status":"instock","bundle_stock_quantity":1061,"bundle_virtual":false,"bundle_layout":"","bundle_add_to_cart_form_location":"","bundle_editable_in_cart":false,"bundle_sold_individually_context":"","bundle_item_grouping":"","bundle_min_size":"","bundle_max_size":"","bundle_price":[],"bundled_items":[],"bundle_sell_ids":[],"acf":[],"uagb_featured_image_src":{"full":["https:\/\/wolt-store.com\/content\/uploads\/sites\/25\/2024\/07\/17217282988842924601.jpg",1993,2000,false],"thumbnail":["https:\/\/wolt-store.com\/content\/uploads\/sites\/25\/2024\/07\/17217282988842924601-150x150.jpg",150,150,true],"medium":["https:\/\/wolt-store.com\/content\/uploads\/sites\/25\/2024\/07\/17217282988842924601-300x300.jpg",300,300,true],"medium_large":["https:\/\/wolt-store.com\/content\/uploads\/sites\/25\/2024\/07\/17217282988842924601-768x771.jpg",768,771,true],"large":["https:\/\/wolt-store.com\/content\/uploads\/sites\/25\/2024\/07\/17217282988842924601-1020x1024.jpg",1020,1024,true],"1536x1536":["https:\/\/wolt-store.com\/content\/uploads\/sites\/25\/2024\/07\/17217282988842924601-1531x1536.jpg",1531,1536,true],"2048x2048":["https:\/\/wolt-store.com\/content\/uploads\/sites\/25\/2024\/07\/17217282988842924601.jpg",1993,2000,false],"post-thumbnail":["https:\/\/wolt-store.com\/content\/uploads\/sites\/25\/2024\/07\/17217282988842924601-480x360.jpg",480,360,true],"gform-image-choice-sm":["https:\/\/wolt-store.com\/content\/uploads\/sites\/25\/2024\/07\/17217282988842924601.jpg",300,300,false],"gform-image-choice-md":["https:\/\/wolt-store.com\/content\/uploads\/sites\/25\/2024\/07\/17217282988842924601.jpg",400,400,false],"gform-image-choice-lg":["https:\/\/wolt-store.com\/content\/uploads\/sites\/25\/2024\/07\/17217282988842924601.jpg",598,600,false],"woocommerce_thumbnail":["https:\/\/wolt-store.com\/content\/uploads\/sites\/25\/2024\/07\/17217282988842924601-300x301.jpg",300,301,true],"woocommerce_single":["https:\/\/wolt-store.com\/content\/uploads\/sites\/25\/2024\/07\/17217282988842924601-600x602.jpg",600,602,true],"woocommerce_gallery_thumbnail":["https:\/\/wolt-store.com\/content\/uploads\/sites\/25\/2024\/07\/17217282988842924601-250x250.jpg",250,250,true],"dgwt-wcas-product-suggestion":["https:\/\/wolt-store.com\/content\/uploads\/sites\/25\/2024\/07\/17217282988842924601-64x64.jpg",64,64,true]},"uagb_author_info":{"display_name":"maksimer","author_link":"https:\/\/wolt-store.com\/pl\/author\/"},"uagb_comment_info":0,"uagb_excerpt":"Paczka 50 sztuk Kod produktu: 5738","_links":{"self":[{"href":"https:\/\/wolt-store.com\/pl\/wp-json\/wp\/v2\/product\/2644","targetHints":{"allow":["GET"]}}],"collection":[{"href":"https:\/\/wolt-store.com\/pl\/wp-json\/wp\/v2\/product"}],"about":[{"href":"https:\/\/wolt-store.com\/pl\/wp-json\/wp\/v2\/types\/product"}],"wp:featuredmedia":[{"embeddable":true,"href":"https:\/\/wolt-store.com\/pl\/wp-json\/wp\/v2\/media\/2673"}],"wp:attachment":[{"href":"https:\/\/wolt-store.com\/pl\/wp-json\/wp\/v2\/media?parent=2644"}],"wp:term":[{"taxonomy":"product_brand","embeddable":true,"href":"https:\/\/wolt-store.com\/pl\/wp-json\/wp\/v2\/product_brand?post=2644"},{"taxonomy":"product_cat","embeddable":true,"href":"https:\/\/wolt-store.com\/pl\/wp-json\/wp\/v2\/product_cat?post=2644"},{"taxonomy":"product_tag","embeddable":true,"href":"https:\/\/wolt-store.com\/pl\/wp-json\/wp\/v2\/product_tag?post=2644"}],"curies":[{"name":"wp","href":"https:\/\/api.w.org\/{rel}","templated":true}]}}