{"id":2648,"date":"2024-07-23T11:42:57","date_gmt":"2024-07-23T09:42:57","guid":{"rendered":"https:\/\/wolt-store.com\/pl\/produkt\/lyzka-z-wlokien-drzewnych-18-cm-paczka-100-szt\/"},"modified":"2026-05-07T11:41:21","modified_gmt":"2026-05-07T09:41:21","slug":"lyzka-z-wlokien-drzewnych-18-cm-paczka-100-szt","status":"publish","type":"product","link":"https:\/\/wolt-store.com\/pl\/produkt\/lyzka-z-wlokien-drzewnych-18-cm-paczka-100-szt\/","title":{"rendered":"\u0141y\u017cka z w\u0142\u00f3kien drzewnych, 18 cm, jasny br\u0105z (paczka 100 szt.)"},"content":{"rendered":"<div class=\"table-responsive\">\n<p><span style=\"font-family: arial, helvetica, sans-serif;font-size: 10pt\"><strong>\u0141y\u017cka z WPC<\/strong>\u00a0w kolorze naturalnego br\u0105zu o d\u0142ugo\u015bci 18 cm.<\/span><\/p>\n<p><span style=\"font-family: arial, helvetica, sans-serif;font-size: 10pt\"><strong>Idealna\u00a0do zabrania na wynos.<\/strong> Do zup, sos\u00f3w, sa\u0142atek, sur\u00f3wek, jogurt\u00f3w &#8211; wykorzystasz j\u0105 do spo\u017cywania wielu potraw.\u00a0<strong>Stanowi doskona\u0142\u0105 propozycj\u0119 na wszelkiego rodzaju imprezy<\/strong>\u00a0czy uroczysto\u015bci, a tak\u017ce dla lokali gastronomicznych,\u00a0kt\u00f3re ceni\u0105 sobie\u00a0<strong>wygodne, a tak\u017ce ekologiczne rozwi\u0105zania. Jest odporna na wysokie temperatury.<\/strong><\/span><\/p>\n<p><span style=\"font-family: arial, helvetica, sans-serif;font-size: 10pt\"><strong>WPC &#8211;\u00a0kompozyt w\u0142\u00f3kien drzewnych i mieszanki polimer\u00f3w, co oznacza, \u017ce sztu\u0107ce\u00a0wykonane s\u0105 z certyfikowanego biokompozytu na bazie w\u0142\u00f3kien drzewnych.<\/strong>\u00a0Surowiec ten sprawia, \u017ce\u00a0<strong>sztu\u0107ce maj\u0105 du\u017c\u0105 wytrzyma\u0142o\u015b\u0107 (nawet do 100\u00b0C), s\u0105 wielokrotnego u\u017cytku, mo\u017cna je zmywa\u0107 w zmywarce.<\/strong>\u00a0Cechuj\u0105 si\u0119 wyj\u0105tkowym, naturalnym wygl\u0105dem.\u00a0<strong>S\u0105 \u015bwietn\u0105 alternatyw\u0105 dla sztu\u0107c\u00f3w plastikowych<\/strong>.\u00a0Sztu\u0107ce z w\u0142\u00f3kien drzewnych maj\u0105 do 80% ni\u017cszy \u015blad w\u0119glowy ni\u017c zwyk\u0142e sztu\u0107ce z tworzyw sztucznych,\u00a0nadaj\u0105 si\u0119 do recyklingu i po zako\u0144czeniu ich cyklu \u017cycia mog\u0105 zosta\u0107 usuni\u0119te jako odpady energetyczne.<\/span><\/p>\n<p><span style=\"font-family: arial, helvetica, sans-serif;font-size: 10pt\">Dzi\u0119ki swojej wielokrotno\u015bci u\u017cycia zgodnie z Dyrektyw\u0105 Unijn\u0105 dot. SUP (Single Use Plastic) produkt jest zwolniony z dodatkowej op\u0142aty. Sztu\u0107ce z w\u0142\u00f3kien drzewnych zyskuj\u0105 ogromn\u0105 popularno\u015b\u0107.<\/span><\/p>\n<\/div>\n","protected":false},"excerpt":{"rendered":"<p>Paczka 100 sztuk<br \/>\nKod produktu:\u00a01106-BT<\/p>\n","protected":false},"featured_media":2663,"template":"","meta":{"_acf_changed":false,"_uag_custom_page_level_css":"","_editorskit_title_hidden":false,"_editorskit_reading_time":0,"_editorskit_is_block_options_detached":false,"_editorskit_block_options_position":"{}","site-sidebar-layout":"default","site-content-layout":"","ast-site-content-layout":"default","site-content-style":"default","site-sidebar-style":"default","ast-global-header-display":"","ast-banner-title-visibility":"","ast-main-header-display":"","ast-hfb-above-header-display":"","ast-hfb-below-header-display":"","ast-hfb-mobile-header-display":"","site-post-title":"","ast-breadcrumbs-content":"","ast-featured-img":"","footer-sml-layout":"","ast-disable-related-posts":"","theme-transparent-header-meta":"","adv-header-id-meta":"","stick-header-meta":"","header-above-stick-meta":"","header-main-stick-meta":"","header-below-stick-meta":"","astra-migrate-meta-layouts":"default","ast-page-background-enabled":"default","ast-page-background-meta":{"desktop":{"background-color":"var(--ast-global-color-4)","background-image":"","background-repeat":"repeat","background-position":"center center","background-size":"auto","background-attachment":"scroll","background-type":"","background-media":"","overlay-type":"","overlay-color":"","overlay-opacity":"","overlay-gradient":""},"tablet":{"background-color":"","background-image":"","background-repeat":"repeat","background-position":"center center","background-size":"auto","background-attachment":"scroll","background-type":"","background-media":"","overlay-type":"","overlay-color":"","overlay-opacity":"","overlay-gradient":""},"mobile":{"background-color":"","background-image":"","background-repeat":"repeat","background-position":"center center","background-size":"auto","background-attachment":"scroll","background-type":"","background-media":"","overlay-type":"","overlay-color":"","overlay-opacity":"","overlay-gradient":""}},"ast-content-background-meta":{"desktop":{"background-color":"var(--ast-global-color-5)","background-image":"","background-repeat":"repeat","background-position":"center center","background-size":"auto","background-attachment":"scroll","background-type":"","background-media":"","overlay-type":"","overlay-color":"","overlay-opacity":"","overlay-gradient":""},"tablet":{"background-color":"var(--ast-global-color-5)","background-image":"","background-repeat":"repeat","background-position":"center center","background-size":"auto","background-attachment":"scroll","background-type":"","background-media":"","overlay-type":"","overlay-color":"","overlay-opacity":"","overlay-gradient":""},"mobile":{"background-color":"var(--ast-global-color-5)","background-image":"","background-repeat":"repeat","background-position":"center center","background-size":"auto","background-attachment":"scroll","background-type":"","background-media":"","overlay-type":"","overlay-color":"","overlay-opacity":"","overlay-gradient":""}}},"product_brand":[],"product_cat":[525,530],"product_tag":[],"class_list":{"0":"post-2648","1":"product","2":"type-product","3":"status-publish","4":"has-post-thumbnail","6":"product_cat-akcesoria-gastronomiczne","7":"product_cat-sztucce","8":"pa_contentunit-szt","9":"desktop-align-left","10":"tablet-align-left","11":"mobile-align-left","12":"ast-product-gallery-layout-horizontal-slider","13":"ast-product-gallery-with-no-image","14":"ast-product-tabs-layout-accordion","16":"first","17":"instock","18":"taxable","19":"shipping-taxable","20":"purchasable","21":"product-type-simple"},"bundled_by":[],"bundle_stock_status":"instock","bundle_stock_quantity":485,"bundle_virtual":false,"bundle_layout":"","bundle_add_to_cart_form_location":"","bundle_editable_in_cart":false,"bundle_sold_individually_context":"","bundle_item_grouping":"","bundle_min_size":"","bundle_max_size":"","bundle_price":[],"bundled_items":[],"bundle_sell_ids":[],"acf":[],"uagb_featured_image_src":{"full":["https:\/\/wolt-store.com\/content\/uploads\/sites\/25\/2024\/07\/1721728220813209102784.jpg",800,800,false],"thumbnail":["https:\/\/wolt-store.com\/content\/uploads\/sites\/25\/2024\/07\/1721728220813209102784-150x150.jpg",150,150,true],"medium":["https:\/\/wolt-store.com\/content\/uploads\/sites\/25\/2024\/07\/1721728220813209102784-300x300.jpg",300,300,true],"medium_large":["https:\/\/wolt-store.com\/content\/uploads\/sites\/25\/2024\/07\/1721728220813209102784-768x768.jpg",768,768,true],"large":["https:\/\/wolt-store.com\/content\/uploads\/sites\/25\/2024\/07\/1721728220813209102784.jpg",800,800,false],"1536x1536":["https:\/\/wolt-store.com\/content\/uploads\/sites\/25\/2024\/07\/1721728220813209102784.jpg",800,800,false],"2048x2048":["https:\/\/wolt-store.com\/content\/uploads\/sites\/25\/2024\/07\/1721728220813209102784.jpg",800,800,false],"post-thumbnail":["https:\/\/wolt-store.com\/content\/uploads\/sites\/25\/2024\/07\/1721728220813209102784-480x360.jpg",480,360,true],"gform-image-choice-sm":["https:\/\/wolt-store.com\/content\/uploads\/sites\/25\/2024\/07\/1721728220813209102784.jpg",300,300,false],"gform-image-choice-md":["https:\/\/wolt-store.com\/content\/uploads\/sites\/25\/2024\/07\/1721728220813209102784.jpg",400,400,false],"gform-image-choice-lg":["https:\/\/wolt-store.com\/content\/uploads\/sites\/25\/2024\/07\/1721728220813209102784.jpg",600,600,false],"woocommerce_thumbnail":["https:\/\/wolt-store.com\/content\/uploads\/sites\/25\/2024\/07\/1721728220813209102784-300x300.jpg",300,300,true],"woocommerce_single":["https:\/\/wolt-store.com\/content\/uploads\/sites\/25\/2024\/07\/1721728220813209102784-600x600.jpg",600,600,true],"woocommerce_gallery_thumbnail":["https:\/\/wolt-store.com\/content\/uploads\/sites\/25\/2024\/07\/1721728220813209102784-250x250.jpg",250,250,true],"dgwt-wcas-product-suggestion":["https:\/\/wolt-store.com\/content\/uploads\/sites\/25\/2024\/07\/1721728220813209102784-64x64.jpg",64,64,true]},"uagb_author_info":{"display_name":"maksimer","author_link":"https:\/\/wolt-store.com\/pl\/author\/"},"uagb_comment_info":0,"uagb_excerpt":"Paczka 100 sztuk Kod produktu:\u00a01106-BT","_links":{"self":[{"href":"https:\/\/wolt-store.com\/pl\/wp-json\/wp\/v2\/product\/2648","targetHints":{"allow":["GET"]}}],"collection":[{"href":"https:\/\/wolt-store.com\/pl\/wp-json\/wp\/v2\/product"}],"about":[{"href":"https:\/\/wolt-store.com\/pl\/wp-json\/wp\/v2\/types\/product"}],"wp:featuredmedia":[{"embeddable":true,"href":"https:\/\/wolt-store.com\/pl\/wp-json\/wp\/v2\/media\/2663"}],"wp:attachment":[{"href":"https:\/\/wolt-store.com\/pl\/wp-json\/wp\/v2\/media?parent=2648"}],"wp:term":[{"taxonomy":"product_brand","embeddable":true,"href":"https:\/\/wolt-store.com\/pl\/wp-json\/wp\/v2\/product_brand?post=2648"},{"taxonomy":"product_cat","embeddable":true,"href":"https:\/\/wolt-store.com\/pl\/wp-json\/wp\/v2\/product_cat?post=2648"},{"taxonomy":"product_tag","embeddable":true,"href":"https:\/\/wolt-store.com\/pl\/wp-json\/wp\/v2\/product_tag?post=2648"}],"curies":[{"name":"wp","href":"https:\/\/api.w.org\/{rel}","templated":true}]}}