{"id":2650,"date":"2024-07-23T11:43:54","date_gmt":"2024-07-23T09:43:54","guid":{"rendered":"https:\/\/wolt-store.com\/pl\/produkt\/lopatka-deserowa-z-wlokien-drzewnych-92-cm-paczka-500-szt\/"},"modified":"2026-05-07T11:41:29","modified_gmt":"2026-05-07T09:41:29","slug":"lopatka-deserowa-z-wlokien-drzewnych-92-cm-paczka-500-szt","status":"publish","type":"product","link":"https:\/\/wolt-store.com\/pl\/produkt\/lopatka-deserowa-z-wlokien-drzewnych-92-cm-paczka-500-szt\/","title":{"rendered":"\u0141opatka deserowa z w\u0142\u00f3kien drzewnych, 9,2 cm (paczka 500 szt.)"},"content":{"rendered":"<p><span style=\"font-size: 10pt;font-family: arial, helvetica, sans-serif\"><strong>\u0141opatka deserowa z WPC (Wood-Plastic Composite)<\/strong><span style=\"font-weight: 400\"> o d\u0142ugo\u015bci 9,2 cm w kolorze jasnego br\u0105zu.\u00a0<\/span><\/span><\/p>\n<p><span style=\"font-size: 10pt;font-family: arial, helvetica, sans-serif\"><span style=\"font-weight: 400\">Doskona\u0142y wyb\u00f3r dla lodziarni, kt\u00f3re stawiaj\u0105 na ekologi\u0119 i jako\u015b\u0107. Wyr\u00f3\u017cnia si\u0119 estetycznym wyko\u0144czeniem i funkcjonalno\u015bci\u0105 \u2013 <\/span><strong>odporna na wilgo\u0107, wytrzyma\u0142a<\/strong><span style=\"font-weight: 400\">, idealna do serwowania lod\u00f3w, sorbet\u00f3w i innych zimnych deser\u00f3w. Charakteryzuje si\u0119 <\/span><strong>wysok\u0105 wytrzyma\u0142o\u015bci\u0105<\/strong><span style=\"font-weight: 400\">, mo\u017cna j\u0105 u\u017cywa\u0107 w szerokim zakresie temperatur od <\/span><strong>-5\u00b0C do 100\u00b0C<\/strong><span style=\"font-weight: 400\">. Niezast\u0105piona w kawiarniach, cukierniach i podczas imprez okoliczno\u015bciowych, gdzie istotna jest zar\u00f3wno <\/span><strong>wygoda u\u017cytkowania, jak i dba\u0142o\u015b\u0107 o \u015brodowisko<\/strong><span style=\"font-weight: 400\">.<\/span><\/span><\/p>\n<p><span style=\"font-size: 10pt;font-family: arial, helvetica, sans-serif\"><span style=\"font-weight: 400\">Wykonana z <\/span><strong>biokompozytu WPC z w\u0142\u00f3knami drewnianymi<\/strong><span style=\"font-weight: 400\">, zosta\u0142a zaprojektowana z my\u015bl\u0105 o <\/span><strong>wielokrotnym u\u017cyciu<\/strong><span style=\"font-weight: 400\">, co potwierdzaj\u0105 certyfikaty producenta. Co istotne, \u015bmia\u0142o mo\u017cna j\u0105 <\/span><strong>my\u0107 w zmywarkach <\/strong><span style=\"font-weight: 400\">(nawet do 125 cykli). <\/span><strong>Jest to \u015bwietna alternatywa dla sztu\u0107c\u00f3w plastikowych.<\/strong><\/span><\/p>\n","protected":false},"excerpt":{"rendered":"<p>Paczka 100 sztuk<br \/>\nKod produktu:\u00a01109<\/p>\n","protected":false},"featured_media":2667,"template":"","meta":{"_acf_changed":false,"_uag_custom_page_level_css":"","_editorskit_title_hidden":false,"_editorskit_reading_time":0,"_editorskit_is_block_options_detached":false,"_editorskit_block_options_position":"{}","site-sidebar-layout":"default","site-content-layout":"","ast-site-content-layout":"default","site-content-style":"default","site-sidebar-style":"default","ast-global-header-display":"","ast-banner-title-visibility":"","ast-main-header-display":"","ast-hfb-above-header-display":"","ast-hfb-below-header-display":"","ast-hfb-mobile-header-display":"","site-post-title":"","ast-breadcrumbs-content":"","ast-featured-img":"","footer-sml-layout":"","ast-disable-related-posts":"","theme-transparent-header-meta":"","adv-header-id-meta":"","stick-header-meta":"","header-above-stick-meta":"","header-main-stick-meta":"","header-below-stick-meta":"","astra-migrate-meta-layouts":"default","ast-page-background-enabled":"default","ast-page-background-meta":{"desktop":{"background-color":"var(--ast-global-color-4)","background-image":"","background-repeat":"repeat","background-position":"center center","background-size":"auto","background-attachment":"scroll","background-type":"","background-media":"","overlay-type":"","overlay-color":"","overlay-opacity":"","overlay-gradient":""},"tablet":{"background-color":"","background-image":"","background-repeat":"repeat","background-position":"center center","background-size":"auto","background-attachment":"scroll","background-type":"","background-media":"","overlay-type":"","overlay-color":"","overlay-opacity":"","overlay-gradient":""},"mobile":{"background-color":"","background-image":"","background-repeat":"repeat","background-position":"center center","background-size":"auto","background-attachment":"scroll","background-type":"","background-media":"","overlay-type":"","overlay-color":"","overlay-opacity":"","overlay-gradient":""}},"ast-content-background-meta":{"desktop":{"background-color":"var(--ast-global-color-5)","background-image":"","background-repeat":"repeat","background-position":"center center","background-size":"auto","background-attachment":"scroll","background-type":"","background-media":"","overlay-type":"","overlay-color":"","overlay-opacity":"","overlay-gradient":""},"tablet":{"background-color":"var(--ast-global-color-5)","background-image":"","background-repeat":"repeat","background-position":"center center","background-size":"auto","background-attachment":"scroll","background-type":"","background-media":"","overlay-type":"","overlay-color":"","overlay-opacity":"","overlay-gradient":""},"mobile":{"background-color":"var(--ast-global-color-5)","background-image":"","background-repeat":"repeat","background-position":"center center","background-size":"auto","background-attachment":"scroll","background-type":"","background-media":"","overlay-type":"","overlay-color":"","overlay-opacity":"","overlay-gradient":""}}},"product_brand":[],"product_cat":[525],"product_tag":[],"class_list":{"0":"post-2650","1":"product","2":"type-product","3":"status-publish","4":"has-post-thumbnail","6":"product_cat-akcesoria-gastronomiczne","7":"pa_contentunit-szt","8":"desktop-align-left","9":"tablet-align-left","10":"mobile-align-left","11":"ast-product-gallery-layout-horizontal-slider","12":"ast-product-gallery-with-no-image","13":"ast-product-tabs-layout-accordion","15":"first","16":"instock","17":"taxable","18":"shipping-taxable","19":"purchasable","20":"product-type-simple"},"bundled_by":[],"bundle_stock_status":"instock","bundle_stock_quantity":336,"bundle_virtual":false,"bundle_layout":"","bundle_add_to_cart_form_location":"","bundle_editable_in_cart":false,"bundle_sold_individually_context":"","bundle_item_grouping":"","bundle_min_size":"","bundle_max_size":"","bundle_price":[],"bundled_items":[],"bundle_sell_ids":[],"acf":[],"uagb_featured_image_src":{"full":["https:\/\/wolt-store.com\/content\/uploads\/sites\/25\/2024\/07\/172172823181588594955.jpg",457,917,false],"thumbnail":["https:\/\/wolt-store.com\/content\/uploads\/sites\/25\/2024\/07\/172172823181588594955-150x150.jpg",150,150,true],"medium":["https:\/\/wolt-store.com\/content\/uploads\/sites\/25\/2024\/07\/172172823181588594955-150x300.jpg",150,300,true],"medium_large":["https:\/\/wolt-store.com\/content\/uploads\/sites\/25\/2024\/07\/172172823181588594955.jpg",457,917,false],"large":["https:\/\/wolt-store.com\/content\/uploads\/sites\/25\/2024\/07\/172172823181588594955.jpg",457,917,false],"1536x1536":["https:\/\/wolt-store.com\/content\/uploads\/sites\/25\/2024\/07\/172172823181588594955.jpg",457,917,false],"2048x2048":["https:\/\/wolt-store.com\/content\/uploads\/sites\/25\/2024\/07\/172172823181588594955.jpg",457,917,false],"post-thumbnail":["https:\/\/wolt-store.com\/content\/uploads\/sites\/25\/2024\/07\/172172823181588594955-457x360.jpg",457,360,true],"gform-image-choice-sm":["https:\/\/wolt-store.com\/content\/uploads\/sites\/25\/2024\/07\/172172823181588594955.jpg",150,300,false],"gform-image-choice-md":["https:\/\/wolt-store.com\/content\/uploads\/sites\/25\/2024\/07\/172172823181588594955.jpg",199,400,false],"gform-image-choice-lg":["https:\/\/wolt-store.com\/content\/uploads\/sites\/25\/2024\/07\/172172823181588594955.jpg",299,600,false],"woocommerce_thumbnail":["https:\/\/wolt-store.com\/content\/uploads\/sites\/25\/2024\/07\/172172823181588594955-300x602.jpg",300,602,true],"woocommerce_single":["https:\/\/wolt-store.com\/content\/uploads\/sites\/25\/2024\/07\/172172823181588594955.jpg",457,917,false],"woocommerce_gallery_thumbnail":["https:\/\/wolt-store.com\/content\/uploads\/sites\/25\/2024\/07\/172172823181588594955-250x250.jpg",250,250,true],"dgwt-wcas-product-suggestion":["https:\/\/wolt-store.com\/content\/uploads\/sites\/25\/2024\/07\/172172823181588594955-64x128.jpg",64,128,true]},"uagb_author_info":{"display_name":"maksimer","author_link":"https:\/\/wolt-store.com\/pl\/author\/"},"uagb_comment_info":0,"uagb_excerpt":"Paczka 100 sztuk Kod produktu:\u00a01109","_links":{"self":[{"href":"https:\/\/wolt-store.com\/pl\/wp-json\/wp\/v2\/product\/2650","targetHints":{"allow":["GET"]}}],"collection":[{"href":"https:\/\/wolt-store.com\/pl\/wp-json\/wp\/v2\/product"}],"about":[{"href":"https:\/\/wolt-store.com\/pl\/wp-json\/wp\/v2\/types\/product"}],"wp:featuredmedia":[{"embeddable":true,"href":"https:\/\/wolt-store.com\/pl\/wp-json\/wp\/v2\/media\/2667"}],"wp:attachment":[{"href":"https:\/\/wolt-store.com\/pl\/wp-json\/wp\/v2\/media?parent=2650"}],"wp:term":[{"taxonomy":"product_brand","embeddable":true,"href":"https:\/\/wolt-store.com\/pl\/wp-json\/wp\/v2\/product_brand?post=2650"},{"taxonomy":"product_cat","embeddable":true,"href":"https:\/\/wolt-store.com\/pl\/wp-json\/wp\/v2\/product_cat?post=2650"},{"taxonomy":"product_tag","embeddable":true,"href":"https:\/\/wolt-store.com\/pl\/wp-json\/wp\/v2\/product_tag?post=2650"}],"curies":[{"name":"wp","href":"https:\/\/api.w.org\/{rel}","templated":true}]}}