{"id":2693,"date":"2024-07-23T14:49:09","date_gmt":"2024-07-23T12:49:09","guid":{"rendered":"https:\/\/wolt-store.com\/pl\/produkt\/buteleczka-do-sosow-na-sushi-30-ml-paczka-50-szt\/"},"modified":"2026-05-05T16:46:13","modified_gmt":"2026-05-05T14:46:13","slug":"buteleczka-do-sosow-na-sushi-30-ml-paczka-50-szt","status":"publish","type":"product","link":"https:\/\/wolt-store.com\/pl\/produkt\/buteleczka-do-sosow-na-sushi-30-ml-paczka-50-szt\/","title":{"rendered":"Buteleczka do sos\u00f3w do sushi 30 ml (paczka 50 szt.)"},"content":{"rendered":"<div class=\"table-responsive\">\n<div class=\"table-responsive\"><span style=\"font-family: arial, helvetica, sans-serif;font-size: 10pt\"><strong>Buteleczka transparentna<\/strong>\u00a0do sos\u00f3w o pojemno\u015bci 30 ml.<\/span><\/div>\n<div class=\"table-responsive\"><span style=\"font-family: arial, helvetica, sans-serif;font-size: 10pt\">\u00a0<\/span><\/div>\n<div class=\"table-responsive\"><span style=\"font-family: arial, helvetica, sans-serif;font-size: 10pt\">To\u00a0<strong>niezb\u0119dny gad\u017cet<\/strong>\u00a0na sos sojowy do ulubionego sushi.\u00a0<strong>Posiada zakr\u0119tk\u0119<\/strong>, dzi\u0119ki czemu mo\u017cna ca\u0142y zestaw transportowa\u0107 czy zabra\u0107 ze sob\u0105\u00a0<strong>na wynos<\/strong>\u00a0bez obaw czy co\u015b si\u0119 rozleje.<\/span><\/div>\n<div class=\"table-responsive\"><span style=\"font-family: arial, helvetica, sans-serif;font-size: 10pt\">\u00a0<\/span><\/div>\n<div class=\"table-responsive\"><span style=\"font-family: arial, helvetica, sans-serif;font-size: 10pt\">Buteleczka\u00a0<strong>wykonana z HDPE<\/strong>\u00a0(polietylen). Nie nale\u017cy jej u\u017cywa\u0107 do gor\u0105cych cieczy.<\/span><\/div>\n<div class=\"table-responsive\"><span style=\"font-family: arial, helvetica, sans-serif;font-size: 10pt\">\u00a0<\/span><\/div>\n<div class=\"table-responsive\"><span style=\"font-family: arial, helvetica, sans-serif;font-size: 10pt\">Produkt zwolniony z op\u0142aty SUP.<\/span><\/div>\n<\/div>\n","protected":false},"excerpt":{"rendered":"<p>Paczka 50 sztuk<br \/>\nKod produktu: but30<\/p>\n","protected":false},"featured_media":2491,"template":"","meta":{"_acf_changed":false,"_uag_custom_page_level_css":"","_editorskit_title_hidden":false,"_editorskit_reading_time":0,"_editorskit_is_block_options_detached":false,"_editorskit_block_options_position":"{}","site-sidebar-layout":"default","site-content-layout":"","ast-site-content-layout":"default","site-content-style":"default","site-sidebar-style":"default","ast-global-header-display":"","ast-banner-title-visibility":"","ast-main-header-display":"","ast-hfb-above-header-display":"","ast-hfb-below-header-display":"","ast-hfb-mobile-header-display":"","site-post-title":"","ast-breadcrumbs-content":"","ast-featured-img":"","footer-sml-layout":"","ast-disable-related-posts":"","theme-transparent-header-meta":"","adv-header-id-meta":"","stick-header-meta":"","header-above-stick-meta":"","header-main-stick-meta":"","header-below-stick-meta":"","astra-migrate-meta-layouts":"default","ast-page-background-enabled":"default","ast-page-background-meta":{"desktop":{"background-color":"var(--ast-global-color-4)","background-image":"","background-repeat":"repeat","background-position":"center center","background-size":"auto","background-attachment":"scroll","background-type":"","background-media":"","overlay-type":"","overlay-color":"","overlay-opacity":"","overlay-gradient":""},"tablet":{"background-color":"","background-image":"","background-repeat":"repeat","background-position":"center center","background-size":"auto","background-attachment":"scroll","background-type":"","background-media":"","overlay-type":"","overlay-color":"","overlay-opacity":"","overlay-gradient":""},"mobile":{"background-color":"","background-image":"","background-repeat":"repeat","background-position":"center center","background-size":"auto","background-attachment":"scroll","background-type":"","background-media":"","overlay-type":"","overlay-color":"","overlay-opacity":"","overlay-gradient":""}},"ast-content-background-meta":{"desktop":{"background-color":"var(--ast-global-color-5)","background-image":"","background-repeat":"repeat","background-position":"center center","background-size":"auto","background-attachment":"scroll","background-type":"","background-media":"","overlay-type":"","overlay-color":"","overlay-opacity":"","overlay-gradient":""},"tablet":{"background-color":"var(--ast-global-color-5)","background-image":"","background-repeat":"repeat","background-position":"center center","background-size":"auto","background-attachment":"scroll","background-type":"","background-media":"","overlay-type":"","overlay-color":"","overlay-opacity":"","overlay-gradient":""},"mobile":{"background-color":"var(--ast-global-color-5)","background-image":"","background-repeat":"repeat","background-position":"center center","background-size":"auto","background-attachment":"scroll","background-type":"","background-media":"","overlay-type":"","overlay-color":"","overlay-opacity":"","overlay-gradient":""}}},"product_brand":[],"product_cat":[140,148],"product_tag":[],"class_list":{"0":"post-2693","1":"product","2":"type-product","3":"status-publish","4":"has-post-thumbnail","6":"product_cat-pojemniki","7":"product_cat-sushi","8":"pa_contentunit-szt","9":"desktop-align-left","10":"tablet-align-left","11":"mobile-align-left","12":"ast-product-gallery-layout-horizontal-slider","13":"ast-product-gallery-with-no-image","14":"ast-product-tabs-layout-accordion","16":"first","17":"instock","18":"taxable","19":"shipping-taxable","20":"purchasable","21":"product-type-simple"},"bundled_by":[],"bundle_stock_status":"instock","bundle_stock_quantity":143,"bundle_virtual":false,"bundle_layout":"","bundle_add_to_cart_form_location":"","bundle_editable_in_cart":false,"bundle_sold_individually_context":"","bundle_item_grouping":"","bundle_min_size":"","bundle_max_size":"","bundle_price":[],"bundled_items":[],"bundle_sell_ids":[],"acf":[],"uagb_featured_image_src":{"full":["https:\/\/wolt-store.com\/content\/uploads\/sites\/25\/2024\/07\/172121065615044154031.png",524,477,false],"thumbnail":["https:\/\/wolt-store.com\/content\/uploads\/sites\/25\/2024\/07\/172121065615044154031-150x150.png",150,150,true],"medium":["https:\/\/wolt-store.com\/content\/uploads\/sites\/25\/2024\/07\/172121065615044154031-300x273.png",300,273,true],"medium_large":["https:\/\/wolt-store.com\/content\/uploads\/sites\/25\/2024\/07\/172121065615044154031.png",524,477,false],"large":["https:\/\/wolt-store.com\/content\/uploads\/sites\/25\/2024\/07\/172121065615044154031.png",524,477,false],"1536x1536":["https:\/\/wolt-store.com\/content\/uploads\/sites\/25\/2024\/07\/172121065615044154031.png",524,477,false],"2048x2048":["https:\/\/wolt-store.com\/content\/uploads\/sites\/25\/2024\/07\/172121065615044154031.png",524,477,false],"post-thumbnail":["https:\/\/wolt-store.com\/content\/uploads\/sites\/25\/2024\/07\/172121065615044154031-480x360.png",480,360,true],"gform-image-choice-sm":["https:\/\/wolt-store.com\/content\/uploads\/sites\/25\/2024\/07\/172121065615044154031.png",300,273,false],"gform-image-choice-md":["https:\/\/wolt-store.com\/content\/uploads\/sites\/25\/2024\/07\/172121065615044154031.png",400,364,false],"gform-image-choice-lg":["https:\/\/wolt-store.com\/content\/uploads\/sites\/25\/2024\/07\/172121065615044154031.png",524,477,false],"woocommerce_thumbnail":["https:\/\/wolt-store.com\/content\/uploads\/sites\/25\/2024\/07\/172121065615044154031-300x273.png",300,273,true],"woocommerce_single":["https:\/\/wolt-store.com\/content\/uploads\/sites\/25\/2024\/07\/172121065615044154031.png",524,477,false],"woocommerce_gallery_thumbnail":["https:\/\/wolt-store.com\/content\/uploads\/sites\/25\/2024\/07\/172121065615044154031-250x250.png",250,250,true],"dgwt-wcas-product-suggestion":["https:\/\/wolt-store.com\/content\/uploads\/sites\/25\/2024\/07\/172121065615044154031-64x58.png",64,58,true]},"uagb_author_info":{"display_name":"maksimer","author_link":"https:\/\/wolt-store.com\/pl\/author\/"},"uagb_comment_info":0,"uagb_excerpt":"Paczka 50 sztuk Kod produktu: but30","_links":{"self":[{"href":"https:\/\/wolt-store.com\/pl\/wp-json\/wp\/v2\/product\/2693","targetHints":{"allow":["GET"]}}],"collection":[{"href":"https:\/\/wolt-store.com\/pl\/wp-json\/wp\/v2\/product"}],"about":[{"href":"https:\/\/wolt-store.com\/pl\/wp-json\/wp\/v2\/types\/product"}],"wp:featuredmedia":[{"embeddable":true,"href":"https:\/\/wolt-store.com\/pl\/wp-json\/wp\/v2\/media\/2491"}],"wp:attachment":[{"href":"https:\/\/wolt-store.com\/pl\/wp-json\/wp\/v2\/media?parent=2693"}],"wp:term":[{"taxonomy":"product_brand","embeddable":true,"href":"https:\/\/wolt-store.com\/pl\/wp-json\/wp\/v2\/product_brand?post=2693"},{"taxonomy":"product_cat","embeddable":true,"href":"https:\/\/wolt-store.com\/pl\/wp-json\/wp\/v2\/product_cat?post=2693"},{"taxonomy":"product_tag","embeddable":true,"href":"https:\/\/wolt-store.com\/pl\/wp-json\/wp\/v2\/product_tag?post=2693"}],"curies":[{"name":"wp","href":"https:\/\/api.w.org\/{rel}","templated":true}]}}