{"id":2694,"date":"2024-07-23T14:58:55","date_gmt":"2024-07-23T12:58:55","guid":{"rendered":"https:\/\/wolt-store.com\/pl\/produkt\/torba-papierowa-kraft-35-x-17-x-245-cm-paczka-50-szt\/"},"modified":"2026-05-07T12:28:21","modified_gmt":"2026-05-07T10:28:21","slug":"torba-papierowa-kraft-35-x-17-x-245-cm-paczka-50-szt","status":"publish","type":"product","link":"https:\/\/wolt-store.com\/pl\/produkt\/torba-papierowa-kraft-35-x-17-x-245-cm-paczka-50-szt\/","title":{"rendered":"Torba papierowa, kraft &#8211; 35 x 17 x 24,5 cm (paczka 50 szt.)"},"content":{"rendered":"<div class=\"table-responsive\">\u00a0<\/div>\n<div class=\"table-responsive\">\n<p><span style=\"font-family: arial, helvetica, sans-serif;font-size: 10pt\"><strong>Wytrzyma\u0142a torba<\/strong><span style=\"font-weight: 400\"> wykonana z papieru z recyklingu w kolorze kraft, o wymiarach 35 cm x 17 cm x 24,5 cm.<\/span><\/span><\/p>\n<p><span style=\"font-family: arial, helvetica, sans-serif;font-size: 10pt\"><strong>Popularna torba<\/strong><span style=\"font-weight: 400\"> w bran\u017cy gastronomicznej, spo\u017cywczej czy kosmetycznej. Najcz\u0119\u015bciej u\u017cywana przez kurier\u00f3w dowo\u017c\u0105cych <\/span><strong>jedzenie na wynos<\/strong><span style=\"font-weight: 400\">. Wi\u0119c nie zwlekaj, lecz wyposa\u017c si\u0119 w <\/span><strong>najlepsze torby na rynku<\/strong><span style=\"font-weight: 400\">. Co najwa\u017cniejsze &#8211; <\/span><strong>torby s\u0105 wielokrotnego u\u017cytku<\/strong><span style=\"font-weight: 400\">. S\u0105 bardzo wytrzyma\u0142e, wi\u0119c \u015bmia\u0142o u\u017cywaj ich ponownie np. na zakupy, obierki kuchenne, a nawet no\u015b w niej laptopa! Posiada <\/span><strong>proste, wewn\u0119trzne uchwyty<\/strong><span style=\"font-weight: 400\"> zapewniaj\u0105c torbie <\/span><strong>ud\u017awig do 10 kg<\/strong><span style=\"font-weight: 400\">. Ekologiczna alternatywa dla toreb plastikowych. <\/span><strong>Gramatura papieru: 80 g\/m2<\/strong><span style=\"font-weight: 400\">.<\/span><\/span><\/p>\n<p><span style=\"font-family: arial, helvetica, sans-serif;font-size: 10pt\"><span style=\"font-weight: 400\">Wszystkie nasze torby posiadaj\u0105 <\/span><strong>certyfikat FSC<\/strong><span style=\"font-weight: 400\">. Zadbajmy razem o nasz\u0105 planet\u0119!\u00a0<\/span><\/span><\/p>\n<p><span style=\"font-weight: 400;font-family: arial, helvetica, sans-serif;font-size: 10pt\">FSC &#8211; Forest Stewardship Council AC to mi\u0119dzynarodowa organizacja non-profit, promuj\u0105ca odpowiedzialne zarz\u0105dzanie \u015bwiatowymi lasami poprzez certyfikacj\u0119 drewna.<\/span><\/p>\n<p><span style=\"font-weight: 400;font-family: arial, helvetica, sans-serif;font-size: 10pt\">Produkt zwolniony z op\u0142aty SUP.<\/span><\/p>\n<p>\u00a0<\/p><\/div>\n<div class=\"table-responsive\"><\/div>\n","protected":false},"excerpt":{"rendered":"<p>Paczka 50 sztuk<br \/>\nKod produktu: W16CARR<\/p>\n","protected":false},"featured_media":2696,"template":"","meta":{"_acf_changed":false,"_uag_custom_page_level_css":"","_editorskit_title_hidden":false,"_editorskit_reading_time":0,"_editorskit_is_block_options_detached":false,"_editorskit_block_options_position":"{}","site-sidebar-layout":"default","site-content-layout":"","ast-site-content-layout":"default","site-content-style":"default","site-sidebar-style":"default","ast-global-header-display":"","ast-banner-title-visibility":"","ast-main-header-display":"","ast-hfb-above-header-display":"","ast-hfb-below-header-display":"","ast-hfb-mobile-header-display":"","site-post-title":"","ast-breadcrumbs-content":"","ast-featured-img":"","footer-sml-layout":"","ast-disable-related-posts":"","theme-transparent-header-meta":"default","adv-header-id-meta":"","stick-header-meta":"","header-above-stick-meta":"","header-main-stick-meta":"","header-below-stick-meta":"","astra-migrate-meta-layouts":"set","ast-page-background-enabled":"default","ast-page-background-meta":{"desktop":{"background-color":"var(--ast-global-color-4)","background-image":"","background-repeat":"repeat","background-position":"center center","background-size":"auto","background-attachment":"scroll","background-type":"","background-media":"","overlay-type":"","overlay-color":"","overlay-opacity":"","overlay-gradient":""},"tablet":{"background-color":"","background-image":"","background-repeat":"repeat","background-position":"center center","background-size":"auto","background-attachment":"scroll","background-type":"","background-media":"","overlay-type":"","overlay-color":"","overlay-opacity":"","overlay-gradient":""},"mobile":{"background-color":"","background-image":"","background-repeat":"repeat","background-position":"center center","background-size":"auto","background-attachment":"scroll","background-type":"","background-media":"","overlay-type":"","overlay-color":"","overlay-opacity":"","overlay-gradient":""}},"ast-content-background-meta":{"desktop":{"background-color":"var(--ast-global-color-5)","background-image":"","background-repeat":"repeat","background-position":"center center","background-size":"auto","background-attachment":"scroll","background-type":"","background-media":"","overlay-type":"","overlay-color":"","overlay-opacity":"","overlay-gradient":""},"tablet":{"background-color":"var(--ast-global-color-5)","background-image":"","background-repeat":"repeat","background-position":"center center","background-size":"auto","background-attachment":"scroll","background-type":"","background-media":"","overlay-type":"","overlay-color":"","overlay-opacity":"","overlay-gradient":""},"mobile":{"background-color":"var(--ast-global-color-5)","background-image":"","background-repeat":"repeat","background-position":"center center","background-size":"auto","background-attachment":"scroll","background-type":"","background-media":"","overlay-type":"","overlay-color":"","overlay-opacity":"","overlay-gradient":""}}},"product_brand":[],"product_cat":[105,526,139],"product_tag":[],"class_list":{"0":"post-2694","1":"product","2":"type-product","3":"status-publish","4":"has-post-thumbnail","6":"product_cat-asortyment","7":"product_cat-opakowania","8":"product_cat-torby","9":"pa_contentunit-szt","10":"desktop-align-left","11":"tablet-align-left","12":"mobile-align-left","13":"ast-product-gallery-layout-horizontal-slider","14":"ast-product-gallery-with-no-image","15":"ast-product-tabs-layout-accordion","17":"first","18":"instock","19":"taxable","20":"shipping-taxable","21":"purchasable","22":"product-type-simple"},"bundled_by":[],"bundle_stock_status":"instock","bundle_stock_quantity":734,"bundle_virtual":false,"bundle_layout":"","bundle_add_to_cart_form_location":"","bundle_editable_in_cart":false,"bundle_sold_individually_context":"","bundle_item_grouping":"","bundle_min_size":"","bundle_max_size":"","bundle_price":[],"bundled_items":[],"bundle_sell_ids":[],"acf":[],"uagb_featured_image_src":{"full":["https:\/\/wolt-store.com\/content\/uploads\/sites\/25\/2024\/07\/1721740128634393132928.jpg",734,720,false],"thumbnail":["https:\/\/wolt-store.com\/content\/uploads\/sites\/25\/2024\/07\/1721740128634393132928-150x150.jpg",150,150,true],"medium":["https:\/\/wolt-store.com\/content\/uploads\/sites\/25\/2024\/07\/1721740128634393132928-300x294.jpg",300,294,true],"medium_large":["https:\/\/wolt-store.com\/content\/uploads\/sites\/25\/2024\/07\/1721740128634393132928.jpg",734,720,false],"large":["https:\/\/wolt-store.com\/content\/uploads\/sites\/25\/2024\/07\/1721740128634393132928.jpg",734,720,false],"1536x1536":["https:\/\/wolt-store.com\/content\/uploads\/sites\/25\/2024\/07\/1721740128634393132928.jpg",734,720,false],"2048x2048":["https:\/\/wolt-store.com\/content\/uploads\/sites\/25\/2024\/07\/1721740128634393132928.jpg",734,720,false],"post-thumbnail":["https:\/\/wolt-store.com\/content\/uploads\/sites\/25\/2024\/07\/1721740128634393132928-480x360.jpg",480,360,true],"gform-image-choice-sm":["https:\/\/wolt-store.com\/content\/uploads\/sites\/25\/2024\/07\/1721740128634393132928.jpg",300,294,false],"gform-image-choice-md":["https:\/\/wolt-store.com\/content\/uploads\/sites\/25\/2024\/07\/1721740128634393132928.jpg",400,392,false],"gform-image-choice-lg":["https:\/\/wolt-store.com\/content\/uploads\/sites\/25\/2024\/07\/1721740128634393132928.jpg",600,589,false],"woocommerce_thumbnail":["https:\/\/wolt-store.com\/content\/uploads\/sites\/25\/2024\/07\/1721740128634393132928-300x294.jpg",300,294,true],"woocommerce_single":["https:\/\/wolt-store.com\/content\/uploads\/sites\/25\/2024\/07\/1721740128634393132928-600x589.jpg",600,589,true],"woocommerce_gallery_thumbnail":["https:\/\/wolt-store.com\/content\/uploads\/sites\/25\/2024\/07\/1721740128634393132928-250x250.jpg",250,250,true],"dgwt-wcas-product-suggestion":["https:\/\/wolt-store.com\/content\/uploads\/sites\/25\/2024\/07\/1721740128634393132928-64x63.jpg",64,63,true]},"uagb_author_info":{"display_name":"maksimer","author_link":"https:\/\/wolt-store.com\/pl\/author\/"},"uagb_comment_info":0,"uagb_excerpt":"Paczka 50 sztuk Kod produktu: W16CARR","_links":{"self":[{"href":"https:\/\/wolt-store.com\/pl\/wp-json\/wp\/v2\/product\/2694","targetHints":{"allow":["GET"]}}],"collection":[{"href":"https:\/\/wolt-store.com\/pl\/wp-json\/wp\/v2\/product"}],"about":[{"href":"https:\/\/wolt-store.com\/pl\/wp-json\/wp\/v2\/types\/product"}],"wp:featuredmedia":[{"embeddable":true,"href":"https:\/\/wolt-store.com\/pl\/wp-json\/wp\/v2\/media\/2696"}],"wp:attachment":[{"href":"https:\/\/wolt-store.com\/pl\/wp-json\/wp\/v2\/media?parent=2694"}],"wp:term":[{"taxonomy":"product_brand","embeddable":true,"href":"https:\/\/wolt-store.com\/pl\/wp-json\/wp\/v2\/product_brand?post=2694"},{"taxonomy":"product_cat","embeddable":true,"href":"https:\/\/wolt-store.com\/pl\/wp-json\/wp\/v2\/product_cat?post=2694"},{"taxonomy":"product_tag","embeddable":true,"href":"https:\/\/wolt-store.com\/pl\/wp-json\/wp\/v2\/product_tag?post=2694"}],"curies":[{"name":"wp","href":"https:\/\/api.w.org\/{rel}","templated":true}]}}