{"id":3027,"date":"2024-10-30T15:09:08","date_gmt":"2024-10-30T14:09:08","guid":{"rendered":"https:\/\/wolt-store.com\/pl\/produkt\/torba-papierowa-kraft-20x8x26-cm-paczka-1000-szt\/"},"modified":"2026-05-06T16:06:09","modified_gmt":"2026-05-06T14:06:09","slug":"torba-papierowa-kraft-20x8x26-cm-paczka-1000-szt","status":"publish","type":"product","link":"https:\/\/wolt-store.com\/pl\/produkt\/torba-papierowa-kraft-20x8x26-cm-paczka-1000-szt\/","title":{"rendered":"Torba papierowa kraft 20x8x26 cm (paczka 1000 szt.)"},"content":{"rendered":"<p><span style=\"font-family: arial, helvetica, sans-serif;font-size: 10pt\"><strong>Wytrzyma\u0142a torba wykonana z papieru kraftowego<\/strong><span style=\"font-weight: 400\"> o wymiarach 20x8x26 cm oraz gramaturze 70 g\/m\u00b2.\u00a0<\/span><\/span><\/p>\n<p><span style=\"font-family: arial, helvetica, sans-serif;font-size: 10pt\"><span style=\"font-weight: 400\">Idealnie sprawdzi si\u0119 na \u015bwie\u017ce produkty np. warzywa, owoce czy te\u017c lokalne sery. Mo\u017ce mie\u0107 jednak wi\u0119cej zastosowa\u0144, \u015bwietnie pasuje do wypiek\u00f3w i mro\u017conek &#8211; to Ty decydujesz, do czego j\u0105 wykorzystasz. Co najwa\u017cniejsze &#8211; <\/span><strong>torby s\u0105 wielokrotnego u\u017cytku<\/strong><span style=\"font-weight: 400\">! \u015amia\u0142o u\u017cyj ich ponownie np. do przechowywania, na obierki kuchenne czy te\u017c odpady BIO.\u00a0<\/span><\/span><\/p>\n<p><span style=\"font-family: arial, helvetica, sans-serif;font-size: 10pt\"><span style=\"font-weight: 400\"><strong>Wykonana w 100% z wysokiej jako\u015bci papieru<\/strong>, co sprawia, \u017ce jest ca\u0142kowicie <strong>biodegradowalna<\/strong>.<\/span><\/span><\/p>\n<p><span style=\"font-family: arial, helvetica, sans-serif;font-size: 10pt\"><span style=\"font-weight: 400\">Wszystkie nasze torby posiadaj\u0105 <\/span><strong>certyfikat FSC<\/strong><span style=\"font-weight: 400\">. Zadbajmy wsp\u00f3lnie o \u015brodowisko!<\/span><\/span><\/p>\n<p><span style=\"font-family: arial, helvetica, sans-serif;font-size: 10pt\"><strong>FSC<\/strong><span style=\"font-weight: 400\"> &#8211; Forest Stewardship Council jest mi\u0119dzynarodow\u0105 organizacj\u0105 not-for-profit, promuj\u0105ca odpowiedzialne zarz\u0105dzanie \u015bwiatowymi lasami poprzez certyfikacj\u0119 drewna.\u00a0<\/span><\/span><\/p>\n<p><span style=\"font-family: arial, helvetica, sans-serif;font-size: 10pt\"><span style=\"font-weight: 400\">Produkt <\/span><strong>zwolniony z op\u0142aty SUP<\/strong><span style=\"font-weight: 400\"><strong> (Single Use Plastic)<\/strong>, poniewa\u017c zosta\u0142 wykonany z ekologicznych i naturalnych materia\u0142\u00f3w.<\/span><\/span><\/p>\n","protected":false},"excerpt":{"rendered":"<p>Paczka 1000 sztuk<br \/>\nKod produktu:\u00a048194000<\/p>\n","protected":false},"featured_media":3031,"template":"","meta":{"_acf_changed":false,"_uag_custom_page_level_css":"","_editorskit_title_hidden":false,"_editorskit_reading_time":0,"_editorskit_is_block_options_detached":false,"_editorskit_block_options_position":"{}","site-sidebar-layout":"default","site-content-layout":"","ast-site-content-layout":"default","site-content-style":"default","site-sidebar-style":"default","ast-global-header-display":"","ast-banner-title-visibility":"","ast-main-header-display":"","ast-hfb-above-header-display":"","ast-hfb-below-header-display":"","ast-hfb-mobile-header-display":"","site-post-title":"","ast-breadcrumbs-content":"","ast-featured-img":"","footer-sml-layout":"","ast-disable-related-posts":"","theme-transparent-header-meta":"default","adv-header-id-meta":"","stick-header-meta":"","header-above-stick-meta":"","header-main-stick-meta":"","header-below-stick-meta":"","astra-migrate-meta-layouts":"set","ast-page-background-enabled":"default","ast-page-background-meta":{"desktop":{"background-color":"var(--ast-global-color-4)","background-image":"","background-repeat":"repeat","background-position":"center center","background-size":"auto","background-attachment":"scroll","background-type":"","background-media":"","overlay-type":"","overlay-color":"","overlay-opacity":"","overlay-gradient":""},"tablet":{"background-color":"","background-image":"","background-repeat":"repeat","background-position":"center center","background-size":"auto","background-attachment":"scroll","background-type":"","background-media":"","overlay-type":"","overlay-color":"","overlay-opacity":"","overlay-gradient":""},"mobile":{"background-color":"","background-image":"","background-repeat":"repeat","background-position":"center center","background-size":"auto","background-attachment":"scroll","background-type":"","background-media":"","overlay-type":"","overlay-color":"","overlay-opacity":"","overlay-gradient":""}},"ast-content-background-meta":{"desktop":{"background-color":"var(--ast-global-color-5)","background-image":"","background-repeat":"repeat","background-position":"center center","background-size":"auto","background-attachment":"scroll","background-type":"","background-media":"","overlay-type":"","overlay-color":"","overlay-opacity":"","overlay-gradient":""},"tablet":{"background-color":"var(--ast-global-color-5)","background-image":"","background-repeat":"repeat","background-position":"center center","background-size":"auto","background-attachment":"scroll","background-type":"","background-media":"","overlay-type":"","overlay-color":"","overlay-opacity":"","overlay-gradient":""},"mobile":{"background-color":"var(--ast-global-color-5)","background-image":"","background-repeat":"repeat","background-position":"center center","background-size":"auto","background-attachment":"scroll","background-type":"","background-media":"","overlay-type":"","overlay-color":"","overlay-opacity":"","overlay-gradient":""}}},"product_brand":[],"product_cat":[105,526,139],"product_tag":[],"class_list":{"0":"post-3027","1":"product","2":"type-product","3":"status-publish","4":"has-post-thumbnail","6":"product_cat-asortyment","7":"product_cat-opakowania","8":"product_cat-torby","9":"pa_contentunit-szt","10":"desktop-align-left","11":"tablet-align-left","12":"mobile-align-left","13":"ast-product-gallery-layout-horizontal-slider","14":"ast-product-gallery-with-no-image","15":"ast-product-tabs-layout-accordion","17":"first","18":"instock","19":"taxable","20":"shipping-taxable","21":"purchasable","22":"product-type-simple"},"bundled_by":[],"bundle_stock_status":"instock","bundle_stock_quantity":196,"bundle_virtual":false,"bundle_layout":"","bundle_add_to_cart_form_location":"","bundle_editable_in_cart":false,"bundle_sold_individually_context":"","bundle_item_grouping":"","bundle_min_size":"","bundle_max_size":"","bundle_price":[],"bundled_items":[],"bundle_sell_ids":[],"acf":[],"uagb_featured_image_src":{"full":["https:\/\/wolt-store.com\/content\/uploads\/sites\/25\/2024\/10\/173029970372744169967.jpg",2000,2000,false],"thumbnail":["https:\/\/wolt-store.com\/content\/uploads\/sites\/25\/2024\/10\/173029970372744169967-150x150.jpg",150,150,true],"medium":["https:\/\/wolt-store.com\/content\/uploads\/sites\/25\/2024\/10\/173029970372744169967-300x300.jpg",300,300,true],"medium_large":["https:\/\/wolt-store.com\/content\/uploads\/sites\/25\/2024\/10\/173029970372744169967-768x768.jpg",768,768,true],"large":["https:\/\/wolt-store.com\/content\/uploads\/sites\/25\/2024\/10\/173029970372744169967-1024x1024.jpg",1024,1024,true],"1536x1536":["https:\/\/wolt-store.com\/content\/uploads\/sites\/25\/2024\/10\/173029970372744169967-1536x1536.jpg",1536,1536,true],"2048x2048":["https:\/\/wolt-store.com\/content\/uploads\/sites\/25\/2024\/10\/173029970372744169967.jpg",2000,2000,false],"post-thumbnail":["https:\/\/wolt-store.com\/content\/uploads\/sites\/25\/2024\/10\/173029970372744169967-480x360.jpg",480,360,true],"gform-image-choice-sm":["https:\/\/wolt-store.com\/content\/uploads\/sites\/25\/2024\/10\/173029970372744169967.jpg",300,300,false],"gform-image-choice-md":["https:\/\/wolt-store.com\/content\/uploads\/sites\/25\/2024\/10\/173029970372744169967.jpg",400,400,false],"gform-image-choice-lg":["https:\/\/wolt-store.com\/content\/uploads\/sites\/25\/2024\/10\/173029970372744169967.jpg",600,600,false],"woocommerce_thumbnail":["https:\/\/wolt-store.com\/content\/uploads\/sites\/25\/2024\/10\/173029970372744169967-300x300.jpg",300,300,true],"woocommerce_single":["https:\/\/wolt-store.com\/content\/uploads\/sites\/25\/2024\/10\/173029970372744169967-600x600.jpg",600,600,true],"woocommerce_gallery_thumbnail":["https:\/\/wolt-store.com\/content\/uploads\/sites\/25\/2024\/10\/173029970372744169967-250x250.jpg",250,250,true],"dgwt-wcas-product-suggestion":["https:\/\/wolt-store.com\/content\/uploads\/sites\/25\/2024\/10\/173029970372744169967-64x64.jpg",64,64,true]},"uagb_author_info":{"display_name":"maksimer","author_link":"https:\/\/wolt-store.com\/pl\/author\/"},"uagb_comment_info":0,"uagb_excerpt":"Paczka 1000 sztuk Kod produktu:\u00a048194000","_links":{"self":[{"href":"https:\/\/wolt-store.com\/pl\/wp-json\/wp\/v2\/product\/3027","targetHints":{"allow":["GET"]}}],"collection":[{"href":"https:\/\/wolt-store.com\/pl\/wp-json\/wp\/v2\/product"}],"about":[{"href":"https:\/\/wolt-store.com\/pl\/wp-json\/wp\/v2\/types\/product"}],"wp:featuredmedia":[{"embeddable":true,"href":"https:\/\/wolt-store.com\/pl\/wp-json\/wp\/v2\/media\/3031"}],"wp:attachment":[{"href":"https:\/\/wolt-store.com\/pl\/wp-json\/wp\/v2\/media?parent=3027"}],"wp:term":[{"taxonomy":"product_brand","embeddable":true,"href":"https:\/\/wolt-store.com\/pl\/wp-json\/wp\/v2\/product_brand?post=3027"},{"taxonomy":"product_cat","embeddable":true,"href":"https:\/\/wolt-store.com\/pl\/wp-json\/wp\/v2\/product_cat?post=3027"},{"taxonomy":"product_tag","embeddable":true,"href":"https:\/\/wolt-store.com\/pl\/wp-json\/wp\/v2\/product_tag?post=3027"}],"curies":[{"name":"wp","href":"https:\/\/api.w.org\/{rel}","templated":true}]}}