{"id":4052,"date":"2025-04-02T15:09:02","date_gmt":"2025-04-02T13:09:02","guid":{"rendered":"https:\/\/wolt-store.com\/pl\/produkt\/papier-do-pakowania-tluszczoszczelny-40-x-30-cm-paczka-1000-szt-1\/"},"modified":"2025-11-28T21:43:31","modified_gmt":"2025-11-28T20:43:31","slug":"papier-do-pakowania-tluszczoszczelny-40-x-30-cm-paczka-1000-szt-1","status":"publish","type":"product","link":"https:\/\/wolt-store.com\/pl\/produkt\/papier-do-pakowania-tluszczoszczelny-40-x-30-cm-paczka-1000-szt-1\/","title":{"rendered":"Papier do pakowania t\u0142uszczoszczelny 40 x 30 cm (paczka 1000 szt.)"},"content":{"rendered":"<p><span style=\"font-family: arial, helvetica, sans-serif;font-size: 10pt\">Br\u0105zowy <strong>papier do pakowania<\/strong> o wymiarach 30 x 40 cm. <strong>Wykonany z papieru pokrytego z jednej strony t\u0142uszczo-odporn\u0105 warstw\u0105 polietylenu<\/strong>.<\/span><\/p>\n<p><span style=\"font-family: arial, helvetica, sans-serif;font-size: 10pt\">\u015amia\u0142o u\u017cywaj papier do soczystych burger\u00f3w, frytek, kanapek czy w\u0119dlin. Sprawdzi si\u0119 jako podk\u0142adka na desk\u0119 drewnian\u0105 pod burgery. <strong>Korzystaj z jego wszechstronnego zastosowania<\/strong> i serwuj wszelkiego rodzaju ciep\u0142e i zimne przysmaki. <strong>Dobrze zabezpiecza zawarto\u015b\u0107<\/strong> &#8211; w\u0119dliny i sery spokojnie zachowuj\u0105 \u015bwie\u017co\u015b\u0107 we wn\u0119trzu papieru. Idealny <strong>do wszystkich lokali gastronomicznych<\/strong>. Papier mo\u017cna wykorzysta\u0107 do pakowania upomink\u00f3w, co sprawia, \u017ce jest r\u00f3wnie\u017c <strong>niezb\u0119dny w ka\u017cdym domu<\/strong>!<\/span><\/p>\n<p><span style=\"font-family: arial, helvetica, sans-serif;font-size: 10pt\">Papier do pakowania jest <strong>o gramaturze 43 g\/m2 (35 + 8 PE)<\/strong>. Opakowanie 4,92 kg zawiera ok. 1000 arkuszy. Jest to papier siarczanowy co oznacza, \u017ce jest <strong>bardzo wytrzyma\u0142y &#8211; jest odporny na wilgo\u0107 oraz na t\u0142uszcz.<\/strong><\/span><\/p>\n<p><span style=\"font-family: arial, helvetica, sans-serif;font-size: 10pt\">Produkt ten nie obejmuje dodatkowa op\u0142ata SUP.<\/span><\/p>\n","protected":false},"excerpt":{"rendered":"<p>Paczka 1000 sztuk<br \/>\nKod produktu: 22111<\/p>\n","protected":false},"featured_media":4898,"template":"","meta":{"_acf_changed":false,"_uag_custom_page_level_css":"","_editorskit_title_hidden":false,"_editorskit_reading_time":0,"_editorskit_is_block_options_detached":false,"_editorskit_block_options_position":"{}","site-sidebar-layout":"default","site-content-layout":"","ast-site-content-layout":"default","site-content-style":"default","site-sidebar-style":"default","ast-global-header-display":"","ast-banner-title-visibility":"","ast-main-header-display":"","ast-hfb-above-header-display":"","ast-hfb-below-header-display":"","ast-hfb-mobile-header-display":"","site-post-title":"","ast-breadcrumbs-content":"","ast-featured-img":"","footer-sml-layout":"","ast-disable-related-posts":"","theme-transparent-header-meta":"default","adv-header-id-meta":"","stick-header-meta":"","header-above-stick-meta":"","header-main-stick-meta":"","header-below-stick-meta":"","astra-migrate-meta-layouts":"set","ast-page-background-enabled":"default","ast-page-background-meta":{"desktop":{"background-color":"var(--ast-global-color-4)","background-image":"","background-repeat":"repeat","background-position":"center center","background-size":"auto","background-attachment":"scroll","background-type":"","background-media":"","overlay-type":"","overlay-color":"","overlay-opacity":"","overlay-gradient":""},"tablet":{"background-color":"","background-image":"","background-repeat":"repeat","background-position":"center center","background-size":"auto","background-attachment":"scroll","background-type":"","background-media":"","overlay-type":"","overlay-color":"","overlay-opacity":"","overlay-gradient":""},"mobile":{"background-color":"","background-image":"","background-repeat":"repeat","background-position":"center center","background-size":"auto","background-attachment":"scroll","background-type":"","background-media":"","overlay-type":"","overlay-color":"","overlay-opacity":"","overlay-gradient":""}},"ast-content-background-meta":{"desktop":{"background-color":"var(--ast-global-color-5)","background-image":"","background-repeat":"repeat","background-position":"center center","background-size":"auto","background-attachment":"scroll","background-type":"","background-media":"","overlay-type":"","overlay-color":"","overlay-opacity":"","overlay-gradient":""},"tablet":{"background-color":"var(--ast-global-color-5)","background-image":"","background-repeat":"repeat","background-position":"center center","background-size":"auto","background-attachment":"scroll","background-type":"","background-media":"","overlay-type":"","overlay-color":"","overlay-opacity":"","overlay-gradient":""},"mobile":{"background-color":"var(--ast-global-color-5)","background-image":"","background-repeat":"repeat","background-position":"center center","background-size":"auto","background-attachment":"scroll","background-type":"","background-media":"","overlay-type":"","overlay-color":"","overlay-opacity":"","overlay-gradient":""}}},"product_brand":[],"product_cat":[525,531,105],"product_tag":[],"class_list":{"0":"post-4052","1":"product","2":"type-product","3":"status-publish","4":"has-post-thumbnail","6":"product_cat-akcesoria-gastronomiczne","7":"product_cat-folie","8":"product_cat-asortyment","9":"pa_contentunit-szt","10":"desktop-align-left","11":"tablet-align-left","12":"mobile-align-left","13":"ast-product-gallery-layout-horizontal-slider","14":"ast-product-gallery-with-no-image","15":"ast-product-tabs-layout-accordion","17":"first","18":"instock","19":"taxable","20":"shipping-taxable","21":"purchasable","22":"product-type-simple"},"bundled_by":[],"bundle_stock_status":"instock","bundle_stock_quantity":84,"bundle_virtual":false,"bundle_layout":"","bundle_add_to_cart_form_location":"","bundle_editable_in_cart":false,"bundle_sold_individually_context":"","bundle_item_grouping":"","bundle_min_size":"","bundle_max_size":"","bundle_price":[],"bundled_items":[],"bundle_sell_ids":[],"acf":[],"uagb_featured_image_src":{"full":["https:\/\/wolt-store.com\/content\/uploads\/sites\/25\/2025\/04\/Papier-do-pakowania-tluszczoszczelny-40-x-30-cm.png",500,331,false],"thumbnail":["https:\/\/wolt-store.com\/content\/uploads\/sites\/25\/2025\/04\/Papier-do-pakowania-tluszczoszczelny-40-x-30-cm-150x150.png",150,150,true],"medium":["https:\/\/wolt-store.com\/content\/uploads\/sites\/25\/2025\/04\/Papier-do-pakowania-tluszczoszczelny-40-x-30-cm-300x199.png",300,199,true],"medium_large":["https:\/\/wolt-store.com\/content\/uploads\/sites\/25\/2025\/04\/Papier-do-pakowania-tluszczoszczelny-40-x-30-cm.png",500,331,false],"large":["https:\/\/wolt-store.com\/content\/uploads\/sites\/25\/2025\/04\/Papier-do-pakowania-tluszczoszczelny-40-x-30-cm.png",500,331,false],"1536x1536":["https:\/\/wolt-store.com\/content\/uploads\/sites\/25\/2025\/04\/Papier-do-pakowania-tluszczoszczelny-40-x-30-cm.png",500,331,false],"2048x2048":["https:\/\/wolt-store.com\/content\/uploads\/sites\/25\/2025\/04\/Papier-do-pakowania-tluszczoszczelny-40-x-30-cm.png",500,331,false],"post-thumbnail":["https:\/\/wolt-store.com\/content\/uploads\/sites\/25\/2025\/04\/Papier-do-pakowania-tluszczoszczelny-40-x-30-cm-480x331.png",480,331,true],"gform-image-choice-sm":["https:\/\/wolt-store.com\/content\/uploads\/sites\/25\/2025\/04\/Papier-do-pakowania-tluszczoszczelny-40-x-30-cm.png",300,199,false],"gform-image-choice-md":["https:\/\/wolt-store.com\/content\/uploads\/sites\/25\/2025\/04\/Papier-do-pakowania-tluszczoszczelny-40-x-30-cm.png",400,265,false],"gform-image-choice-lg":["https:\/\/wolt-store.com\/content\/uploads\/sites\/25\/2025\/04\/Papier-do-pakowania-tluszczoszczelny-40-x-30-cm.png",500,331,false],"woocommerce_thumbnail":["https:\/\/wolt-store.com\/content\/uploads\/sites\/25\/2025\/04\/Papier-do-pakowania-tluszczoszczelny-40-x-30-cm-300x199.png",300,199,true],"woocommerce_single":["https:\/\/wolt-store.com\/content\/uploads\/sites\/25\/2025\/04\/Papier-do-pakowania-tluszczoszczelny-40-x-30-cm.png",500,331,false],"woocommerce_gallery_thumbnail":["https:\/\/wolt-store.com\/content\/uploads\/sites\/25\/2025\/04\/Papier-do-pakowania-tluszczoszczelny-40-x-30-cm-250x250.png",250,250,true],"dgwt-wcas-product-suggestion":["https:\/\/wolt-store.com\/content\/uploads\/sites\/25\/2025\/04\/Papier-do-pakowania-tluszczoszczelny-40-x-30-cm-64x42.png",64,42,true]},"uagb_author_info":{"display_name":"maksimer","author_link":"https:\/\/wolt-store.com\/pl\/author\/"},"uagb_comment_info":0,"uagb_excerpt":"Paczka 1000 sztuk Kod produktu: 22111","_links":{"self":[{"href":"https:\/\/wolt-store.com\/pl\/wp-json\/wp\/v2\/product\/4052","targetHints":{"allow":["GET"]}}],"collection":[{"href":"https:\/\/wolt-store.com\/pl\/wp-json\/wp\/v2\/product"}],"about":[{"href":"https:\/\/wolt-store.com\/pl\/wp-json\/wp\/v2\/types\/product"}],"wp:featuredmedia":[{"embeddable":true,"href":"https:\/\/wolt-store.com\/pl\/wp-json\/wp\/v2\/media\/4898"}],"wp:attachment":[{"href":"https:\/\/wolt-store.com\/pl\/wp-json\/wp\/v2\/media?parent=4052"}],"wp:term":[{"taxonomy":"product_brand","embeddable":true,"href":"https:\/\/wolt-store.com\/pl\/wp-json\/wp\/v2\/product_brand?post=4052"},{"taxonomy":"product_cat","embeddable":true,"href":"https:\/\/wolt-store.com\/pl\/wp-json\/wp\/v2\/product_cat?post=4052"},{"taxonomy":"product_tag","embeddable":true,"href":"https:\/\/wolt-store.com\/pl\/wp-json\/wp\/v2\/product_tag?post=4052"}],"curies":[{"name":"wp","href":"https:\/\/api.w.org\/{rel}","templated":true}]}}