{"id":4137,"date":"2025-04-15T13:12:32","date_gmt":"2025-04-15T11:12:32","guid":{"rendered":"https:\/\/wolt-store.com\/pl\/produkt\/uchwyt-na-2-kubki-19-x-11-cm-paczka-50-szt\/"},"modified":"2026-05-07T15:51:18","modified_gmt":"2026-05-07T13:51:18","slug":"uchwyt-na-2-kubki-19-x-11-cm-paczka-50-szt","status":"publish","type":"product","link":"https:\/\/wolt-store.com\/pl\/produkt\/uchwyt-na-2-kubki-19-x-11-cm-paczka-50-szt\/","title":{"rendered":"Uchwyt na 2 kubki, 19 x 11 cm (paczka 50 szt.)"},"content":{"rendered":"<p><span style=\"font-family: arial, helvetica, sans-serif;font-size: 10pt\"><strong>Uchwyt na 2 kubki wykonany z papieru z recyklingu<\/strong><span style=\"font-weight: 400\"> o wymiarach 19&#215;11 cm.\u00a0<\/span><\/span><\/p>\n<p><span style=\"font-family: arial, helvetica, sans-serif;font-size: 10pt\"><span style=\"font-weight: 400\">Wytrzyma\u0142y, sztywny materia\u0142 gwarantuje<\/span><strong> bezproblemowy transport kubk\u00f3w w ka\u017cdych warunkach.<\/strong><span style=\"font-weight: 400\"> Zaprojektowany tak, aby si\u0119 nie przesuwa\u0142y, a nap\u00f3j nie rozla\u0142. <\/span><strong>Uchwyt<\/strong> <strong>pasuje do wi\u0119kszo\u015bci standardowych kubk\u00f3w.<\/strong><span style=\"font-weight: 400\"> Idealnie sprawdzi si\u0119 w sprzeda\u017cy napoj\u00f3w na wynos, podr\u00f3\u017cy oraz imprezach plenerowych. Twoi go\u015bcie z pewno\u015bci\u0105 b\u0119d\u0105 wdzi\u0119czni za funkcjonalne i ekologiczne u\u0142atwienie!<\/span><\/span><\/p>\n<p><span style=\"font-family: arial, helvetica, sans-serif;font-size: 10pt\"><span style=\"font-weight: 400\">Wykonany z papieru z recyklingu, co sprawia, \u017ce jest ca\u0142kowicie ekologiczny. <\/span><strong>Zadbajmy wsp\u00f3lnie o \u015brodowisko!<\/strong><\/span><\/p>\n","protected":false},"excerpt":{"rendered":"<p>Paczka 50 sztuk<br \/>\nKod produktu: 76271<\/p>\n","protected":false},"featured_media":4139,"template":"","meta":{"_acf_changed":false,"_uag_custom_page_level_css":"","_editorskit_title_hidden":false,"_editorskit_reading_time":0,"_editorskit_is_block_options_detached":false,"_editorskit_block_options_position":"{}","site-sidebar-layout":"default","site-content-layout":"","ast-site-content-layout":"default","site-content-style":"default","site-sidebar-style":"default","ast-global-header-display":"","ast-banner-title-visibility":"","ast-main-header-display":"","ast-hfb-above-header-display":"","ast-hfb-below-header-display":"","ast-hfb-mobile-header-display":"","site-post-title":"","ast-breadcrumbs-content":"","ast-featured-img":"","footer-sml-layout":"","ast-disable-related-posts":"","theme-transparent-header-meta":"default","adv-header-id-meta":"","stick-header-meta":"","header-above-stick-meta":"","header-main-stick-meta":"","header-below-stick-meta":"","astra-migrate-meta-layouts":"set","ast-page-background-enabled":"default","ast-page-background-meta":{"desktop":{"background-color":"var(--ast-global-color-4)","background-image":"","background-repeat":"repeat","background-position":"center center","background-size":"auto","background-attachment":"scroll","background-type":"","background-media":"","overlay-type":"","overlay-color":"","overlay-opacity":"","overlay-gradient":""},"tablet":{"background-color":"","background-image":"","background-repeat":"repeat","background-position":"center center","background-size":"auto","background-attachment":"scroll","background-type":"","background-media":"","overlay-type":"","overlay-color":"","overlay-opacity":"","overlay-gradient":""},"mobile":{"background-color":"","background-image":"","background-repeat":"repeat","background-position":"center center","background-size":"auto","background-attachment":"scroll","background-type":"","background-media":"","overlay-type":"","overlay-color":"","overlay-opacity":"","overlay-gradient":""}},"ast-content-background-meta":{"desktop":{"background-color":"var(--ast-global-color-5)","background-image":"","background-repeat":"repeat","background-position":"center center","background-size":"auto","background-attachment":"scroll","background-type":"","background-media":"","overlay-type":"","overlay-color":"","overlay-opacity":"","overlay-gradient":""},"tablet":{"background-color":"var(--ast-global-color-5)","background-image":"","background-repeat":"repeat","background-position":"center center","background-size":"auto","background-attachment":"scroll","background-type":"","background-media":"","overlay-type":"","overlay-color":"","overlay-opacity":"","overlay-gradient":""},"mobile":{"background-color":"var(--ast-global-color-5)","background-image":"","background-repeat":"repeat","background-position":"center center","background-size":"auto","background-attachment":"scroll","background-type":"","background-media":"","overlay-type":"","overlay-color":"","overlay-opacity":"","overlay-gradient":""}}},"product_brand":[],"product_cat":[105,547,526],"product_tag":[],"class_list":{"0":"post-4137","1":"product","2":"type-product","3":"status-publish","4":"has-post-thumbnail","6":"product_cat-asortyment","7":"product_cat-kubki","8":"product_cat-opakowania","9":"pa_contentunit-szt","10":"desktop-align-left","11":"tablet-align-left","12":"mobile-align-left","13":"ast-product-gallery-layout-horizontal-slider","14":"ast-product-gallery-with-no-image","15":"ast-product-tabs-layout-accordion","17":"first","18":"instock","19":"taxable","20":"shipping-taxable","21":"purchasable","22":"product-type-simple"},"bundled_by":[],"bundle_stock_status":"instock","bundle_stock_quantity":19,"bundle_virtual":false,"bundle_layout":"","bundle_add_to_cart_form_location":"","bundle_editable_in_cart":false,"bundle_sold_individually_context":"","bundle_item_grouping":"","bundle_min_size":"","bundle_max_size":"","bundle_price":[],"bundled_items":[],"bundle_sell_ids":[],"acf":[],"uagb_featured_image_src":{"full":["https:\/\/wolt-store.com\/content\/uploads\/sites\/25\/2025\/04\/1744715587203040245331.jpg",1500,1500,false],"thumbnail":["https:\/\/wolt-store.com\/content\/uploads\/sites\/25\/2025\/04\/1744715587203040245331-150x150.jpg",150,150,true],"medium":["https:\/\/wolt-store.com\/content\/uploads\/sites\/25\/2025\/04\/1744715587203040245331-300x300.jpg",300,300,true],"medium_large":["https:\/\/wolt-store.com\/content\/uploads\/sites\/25\/2025\/04\/1744715587203040245331-768x768.jpg",768,768,true],"large":["https:\/\/wolt-store.com\/content\/uploads\/sites\/25\/2025\/04\/1744715587203040245331-1024x1024.jpg",1024,1024,true],"1536x1536":["https:\/\/wolt-store.com\/content\/uploads\/sites\/25\/2025\/04\/1744715587203040245331.jpg",1500,1500,false],"2048x2048":["https:\/\/wolt-store.com\/content\/uploads\/sites\/25\/2025\/04\/1744715587203040245331.jpg",1500,1500,false],"post-thumbnail":["https:\/\/wolt-store.com\/content\/uploads\/sites\/25\/2025\/04\/1744715587203040245331-480x360.jpg",480,360,true],"gform-image-choice-sm":["https:\/\/wolt-store.com\/content\/uploads\/sites\/25\/2025\/04\/1744715587203040245331-300x300.jpg",300,300,true],"gform-image-choice-md":["https:\/\/wolt-store.com\/content\/uploads\/sites\/25\/2025\/04\/1744715587203040245331-400x400.jpg",400,400,true],"gform-image-choice-lg":["https:\/\/wolt-store.com\/content\/uploads\/sites\/25\/2025\/04\/1744715587203040245331-600x600.jpg",600,600,true],"woocommerce_thumbnail":["https:\/\/wolt-store.com\/content\/uploads\/sites\/25\/2025\/04\/1744715587203040245331-300x300.jpg",300,300,true],"woocommerce_single":["https:\/\/wolt-store.com\/content\/uploads\/sites\/25\/2025\/04\/1744715587203040245331-600x600.jpg",600,600,true],"woocommerce_gallery_thumbnail":["https:\/\/wolt-store.com\/content\/uploads\/sites\/25\/2025\/04\/1744715587203040245331-250x250.jpg",250,250,true],"dgwt-wcas-product-suggestion":["https:\/\/wolt-store.com\/content\/uploads\/sites\/25\/2025\/04\/1744715587203040245331-64x64.jpg",64,64,true]},"uagb_author_info":{"display_name":"maksimer","author_link":"https:\/\/wolt-store.com\/pl\/author\/"},"uagb_comment_info":0,"uagb_excerpt":"Paczka 50 sztuk Kod produktu: 76271","_links":{"self":[{"href":"https:\/\/wolt-store.com\/pl\/wp-json\/wp\/v2\/product\/4137","targetHints":{"allow":["GET"]}}],"collection":[{"href":"https:\/\/wolt-store.com\/pl\/wp-json\/wp\/v2\/product"}],"about":[{"href":"https:\/\/wolt-store.com\/pl\/wp-json\/wp\/v2\/types\/product"}],"wp:featuredmedia":[{"embeddable":true,"href":"https:\/\/wolt-store.com\/pl\/wp-json\/wp\/v2\/media\/4139"}],"wp:attachment":[{"href":"https:\/\/wolt-store.com\/pl\/wp-json\/wp\/v2\/media?parent=4137"}],"wp:term":[{"taxonomy":"product_brand","embeddable":true,"href":"https:\/\/wolt-store.com\/pl\/wp-json\/wp\/v2\/product_brand?post=4137"},{"taxonomy":"product_cat","embeddable":true,"href":"https:\/\/wolt-store.com\/pl\/wp-json\/wp\/v2\/product_cat?post=4137"},{"taxonomy":"product_tag","embeddable":true,"href":"https:\/\/wolt-store.com\/pl\/wp-json\/wp\/v2\/product_tag?post=4137"}],"curies":[{"name":"wp","href":"https:\/\/api.w.org\/{rel}","templated":true}]}}