{"id":4158,"date":"2025-04-17T15:28:53","date_gmt":"2025-04-17T13:28:53","guid":{"rendered":"https:\/\/wolt-store.com\/pl\/produkt\/kubek-dwuwarstwowy-kraft-fi-80-mm-250-ml-paczka-25-szt\/"},"modified":"2026-05-06T13:51:34","modified_gmt":"2026-05-06T11:51:34","slug":"kubek-dwuwarstwowy-kraft-fi-80-mm-250-ml-paczka-25-szt","status":"publish","type":"product","link":"https:\/\/wolt-store.com\/pl\/produkt\/kubek-dwuwarstwowy-kraft-fi-80-mm-250-ml-paczka-25-szt\/","title":{"rendered":"Kubek dwuwarstwowy kraft, fi  80 mm, 250 ml (paczka 25 szt.)"},"content":{"rendered":"<div class=\"table-responsive\"><span style=\"font-family: arial, helvetica, sans-serif;font-size: 10pt\" data-sheets-value=\"{&quot;1&quot;:2,&quot;2&quot;:&quot;Papierowy, dwuwarstwowy kubek o pojemno\u015bci 250 ml i \u015brednicy 80 mm.nWykonany z papieru powleczonego PE (polietylen).nKubek \u015bwietnie izoluje ciep\u0142o, poniewa\u017c posiada wzmocnione, podw\u00f3jne \u015bcianki,ndlatego idealnie sprawdzi si\u0119 do gor\u0105cych napoj\u00f3w - kawy, herbaty czy ngor\u0105cej czekolady.nZnajdzie swoje zastosowanie w kawiarni, restauracji, na imprezie plenerowej lub w food trucku.nMo\u017cna go wrzuci\u0107 do czarnego pojemnika na odpady (odpady zmieszane).&quot;}\" data-sheets-userformat=\"{&quot;2&quot;:513,&quot;3&quot;:{&quot;1&quot;:0},&quot;12&quot;:0}\"><strong>Papierowy, dwuwarstwowy kubek<\/strong> w kolorze kraft o pojemno\u015bci 250 ml i \u015brednicy 80 mm.<br \/><\/span><\/div>\n<div class=\"table-responsive\">\u00a0<\/div>\n<div class=\"table-responsive\">\n<div class=\"table-responsive\"><span style=\"font-family: arial, helvetica, sans-serif;font-size: 10pt\"><span data-sheets-value=\"{&quot;1&quot;:2,&quot;2&quot;:&quot;Papierowy, dwuwarstwowy kubek o pojemno\u015bci 250 ml i \u015brednicy 80 mm.nWykonany z papieru powleczonego PE (polietylen).nKubek \u015bwietnie izoluje ciep\u0142o, poniewa\u017c posiada wzmocnione, podw\u00f3jne \u015bcianki,ndlatego idealnie sprawdzi si\u0119 do gor\u0105cych napoj\u00f3w - kawy, herbaty czy ngor\u0105cej czekolady.nZnajdzie swoje zastosowanie w kawiarni, restauracji, na imprezie plenerowej lub w food trucku.nMo\u017cna go wrzuci\u0107 do czarnego pojemnika na odpady (odpady zmieszane).&quot;}\" data-sheets-userformat=\"{&quot;2&quot;:513,&quot;3&quot;:{&quot;1&quot;:0},&quot;12&quot;:0}\">Kubek <strong>\u015bwietnie izoluje ciep\u0142o<\/strong>, poniewa\u017c posiada <strong>wzmocnione, podw\u00f3jne \u015bcianki<\/strong>. Dlatego te\u017c idealnie sprawdzi si\u0119 <strong>do gor\u0105cych napoj\u00f3w<\/strong> &#8211; kawy, herbaty czy gor\u0105cej czekolady.\u00a0<\/span><span data-sheets-value=\"{&quot;1&quot;:2,&quot;2&quot;:&quot;Papierowy, dwuwarstwowy kubek o pojemno\u015bci 250 ml i \u015brednicy 80 mm.nWykonany z papieru powleczonego PE (polietylen).nKubek \u015bwietnie izoluje ciep\u0142o, poniewa\u017c posiada wzmocnione, podw\u00f3jne \u015bcianki,ndlatego idealnie sprawdzi si\u0119 do gor\u0105cych napoj\u00f3w - kawy, herbaty czy ngor\u0105cej czekolady.nZnajdzie swoje zastosowanie w kawiarni, restauracji, na imprezie plenerowej lub w food trucku.nMo\u017cna go wrzuci\u0107 do czarnego pojemnika na odpady (odpady zmieszane).&quot;}\" data-sheets-userformat=\"{&quot;2&quot;:513,&quot;3&quot;:{&quot;1&quot;:0},&quot;12&quot;:0}\">Znajdzie swoje zastosowanie w kawiarni, restauracji, na imprezie plenerowej lub w food trucku. Ciesz si\u0119 ulubionym napojem gdziekolwiek b\u0119dziesz &#8211; kubek stworzony <strong>na wynos<\/strong>.<br \/><\/span><\/span><\/div>\n<div class=\"table-responsive\"><span style=\"font-family: arial, helvetica, sans-serif;font-size: 10pt\">\u00a0<\/span><\/div>\n<\/div>\n<div class=\"table-responsive\"><span style=\"font-family: arial, helvetica, sans-serif;font-size: 10pt\" data-sheets-value=\"{&quot;1&quot;:2,&quot;2&quot;:&quot;Papierowy, dwuwarstwowy kubek o pojemno\u015bci 250 ml i \u015brednicy 80 mm.nWykonany z papieru powleczonego PE (polietylen).nKubek \u015bwietnie izoluje ciep\u0142o, poniewa\u017c posiada wzmocnione, podw\u00f3jne \u015bcianki,ndlatego idealnie sprawdzi si\u0119 do gor\u0105cych napoj\u00f3w - kawy, herbaty czy ngor\u0105cej czekolady.nZnajdzie swoje zastosowanie w kawiarni, restauracji, na imprezie plenerowej lub w food trucku.nMo\u017cna go wrzuci\u0107 do czarnego pojemnika na odpady (odpady zmieszane).&quot;}\" data-sheets-userformat=\"{&quot;2&quot;:513,&quot;3&quot;:{&quot;1&quot;:0},&quot;12&quot;:0}\">Wykonany z papieru wewn\u0105trz powleczonego PE (polietylen). Dzi\u0119ki temu, kubek jest <strong>bardzo wytrzyma\u0142y i nie b\u0119dzie przecieka\u0142<\/strong>.<br \/><\/span><\/div>\n<div class=\"table-responsive\">\u00a0<\/div>\n<div class=\"table-responsive\"><span style=\"font-family: arial, helvetica, sans-serif;font-size: 10pt\">Zgodnie z ustaw\u0105 plastikow\u0105 (SUP) kubek podlega dodatkowej op\u0142acie &#8211; zawiera plastik.<\/span><\/div>\n<div class=\"table-responsive\">\n<p><span style=\"font-family: arial, helvetica, sans-serif;font-size: 10pt\"><strong>Nie zapomnij r\u00f3wnie\u017c o pokrywce!<\/strong> Znajdziesz j\u0105 w produktach powi\u0105zanych.<\/span><\/p>\n<\/div>\n","protected":false},"excerpt":{"rendered":"<p>Paczka 25 sztuk<br \/>\nKod produktu: 47102<br \/>\n\u00a0<br \/>\n\u00a0<\/p>\n","protected":false},"featured_media":2621,"template":"","meta":{"_acf_changed":false,"_uag_custom_page_level_css":"","_editorskit_title_hidden":false,"_editorskit_reading_time":0,"_editorskit_is_block_options_detached":false,"_editorskit_block_options_position":"{}","site-sidebar-layout":"default","site-content-layout":"","ast-site-content-layout":"default","site-content-style":"default","site-sidebar-style":"default","ast-global-header-display":"","ast-banner-title-visibility":"","ast-main-header-display":"","ast-hfb-above-header-display":"","ast-hfb-below-header-display":"","ast-hfb-mobile-header-display":"","site-post-title":"","ast-breadcrumbs-content":"","ast-featured-img":"","footer-sml-layout":"","ast-disable-related-posts":"","theme-transparent-header-meta":"default","adv-header-id-meta":"","stick-header-meta":"","header-above-stick-meta":"","header-main-stick-meta":"","header-below-stick-meta":"","astra-migrate-meta-layouts":"set","ast-page-background-enabled":"default","ast-page-background-meta":{"desktop":{"background-color":"var(--ast-global-color-4)","background-image":"","background-repeat":"repeat","background-position":"center center","background-size":"auto","background-attachment":"scroll","background-type":"","background-media":"","overlay-type":"","overlay-color":"","overlay-opacity":"","overlay-gradient":""},"tablet":{"background-color":"","background-image":"","background-repeat":"repeat","background-position":"center center","background-size":"auto","background-attachment":"scroll","background-type":"","background-media":"","overlay-type":"","overlay-color":"","overlay-opacity":"","overlay-gradient":""},"mobile":{"background-color":"","background-image":"","background-repeat":"repeat","background-position":"center center","background-size":"auto","background-attachment":"scroll","background-type":"","background-media":"","overlay-type":"","overlay-color":"","overlay-opacity":"","overlay-gradient":""}},"ast-content-background-meta":{"desktop":{"background-color":"var(--ast-global-color-5)","background-image":"","background-repeat":"repeat","background-position":"center center","background-size":"auto","background-attachment":"scroll","background-type":"","background-media":"","overlay-type":"","overlay-color":"","overlay-opacity":"","overlay-gradient":""},"tablet":{"background-color":"var(--ast-global-color-5)","background-image":"","background-repeat":"repeat","background-position":"center center","background-size":"auto","background-attachment":"scroll","background-type":"","background-media":"","overlay-type":"","overlay-color":"","overlay-opacity":"","overlay-gradient":""},"mobile":{"background-color":"var(--ast-global-color-5)","background-image":"","background-repeat":"repeat","background-position":"center center","background-size":"auto","background-attachment":"scroll","background-type":"","background-media":"","overlay-type":"","overlay-color":"","overlay-opacity":"","overlay-gradient":""}}},"product_brand":[],"product_cat":[547,526,105],"product_tag":[],"class_list":{"0":"post-4158","1":"product","2":"type-product","3":"status-publish","4":"has-post-thumbnail","6":"product_cat-kubki","7":"product_cat-opakowania","8":"product_cat-asortyment","9":"pa_contentunit-szt","10":"desktop-align-left","11":"tablet-align-left","12":"mobile-align-left","13":"ast-product-gallery-layout-horizontal-slider","14":"ast-product-gallery-with-no-image","15":"ast-product-tabs-layout-accordion","17":"first","18":"instock","19":"taxable","20":"shipping-taxable","21":"purchasable","22":"product-type-simple"},"bundled_by":[],"bundle_stock_status":"instock","bundle_stock_quantity":373,"bundle_virtual":false,"bundle_layout":"","bundle_add_to_cart_form_location":"","bundle_editable_in_cart":false,"bundle_sold_individually_context":"","bundle_item_grouping":"","bundle_min_size":"","bundle_max_size":"","bundle_price":[],"bundled_items":[],"bundle_sell_ids":[],"acf":[],"uagb_featured_image_src":{"full":["https:\/\/wolt-store.com\/content\/uploads\/sites\/25\/2024\/07\/1721727022181810295842.jpg",800,600,false],"thumbnail":["https:\/\/wolt-store.com\/content\/uploads\/sites\/25\/2024\/07\/1721727022181810295842-150x150.jpg",150,150,true],"medium":["https:\/\/wolt-store.com\/content\/uploads\/sites\/25\/2024\/07\/1721727022181810295842-300x225.jpg",300,225,true],"medium_large":["https:\/\/wolt-store.com\/content\/uploads\/sites\/25\/2024\/07\/1721727022181810295842-768x576.jpg",768,576,true],"large":["https:\/\/wolt-store.com\/content\/uploads\/sites\/25\/2024\/07\/1721727022181810295842.jpg",800,600,false],"1536x1536":["https:\/\/wolt-store.com\/content\/uploads\/sites\/25\/2024\/07\/1721727022181810295842.jpg",800,600,false],"2048x2048":["https:\/\/wolt-store.com\/content\/uploads\/sites\/25\/2024\/07\/1721727022181810295842.jpg",800,600,false],"post-thumbnail":["https:\/\/wolt-store.com\/content\/uploads\/sites\/25\/2024\/07\/1721727022181810295842-480x360.jpg",480,360,true],"gform-image-choice-sm":["https:\/\/wolt-store.com\/content\/uploads\/sites\/25\/2024\/07\/1721727022181810295842.jpg",300,225,false],"gform-image-choice-md":["https:\/\/wolt-store.com\/content\/uploads\/sites\/25\/2024\/07\/1721727022181810295842.jpg",400,300,false],"gform-image-choice-lg":["https:\/\/wolt-store.com\/content\/uploads\/sites\/25\/2024\/07\/1721727022181810295842.jpg",600,450,false],"woocommerce_thumbnail":["https:\/\/wolt-store.com\/content\/uploads\/sites\/25\/2024\/07\/1721727022181810295842-300x225.jpg",300,225,true],"woocommerce_single":["https:\/\/wolt-store.com\/content\/uploads\/sites\/25\/2024\/07\/1721727022181810295842-600x450.jpg",600,450,true],"woocommerce_gallery_thumbnail":["https:\/\/wolt-store.com\/content\/uploads\/sites\/25\/2024\/07\/1721727022181810295842-250x250.jpg",250,250,true],"dgwt-wcas-product-suggestion":["https:\/\/wolt-store.com\/content\/uploads\/sites\/25\/2024\/07\/1721727022181810295842-64x48.jpg",64,48,true]},"uagb_author_info":{"display_name":"maksimer","author_link":"https:\/\/wolt-store.com\/pl\/author\/"},"uagb_comment_info":0,"uagb_excerpt":"Paczka 25 sztuk Kod produktu: 47102 \u00a0 \u00a0","_links":{"self":[{"href":"https:\/\/wolt-store.com\/pl\/wp-json\/wp\/v2\/product\/4158","targetHints":{"allow":["GET"]}}],"collection":[{"href":"https:\/\/wolt-store.com\/pl\/wp-json\/wp\/v2\/product"}],"about":[{"href":"https:\/\/wolt-store.com\/pl\/wp-json\/wp\/v2\/types\/product"}],"wp:featuredmedia":[{"embeddable":true,"href":"https:\/\/wolt-store.com\/pl\/wp-json\/wp\/v2\/media\/2621"}],"wp:attachment":[{"href":"https:\/\/wolt-store.com\/pl\/wp-json\/wp\/v2\/media?parent=4158"}],"wp:term":[{"taxonomy":"product_brand","embeddable":true,"href":"https:\/\/wolt-store.com\/pl\/wp-json\/wp\/v2\/product_brand?post=4158"},{"taxonomy":"product_cat","embeddable":true,"href":"https:\/\/wolt-store.com\/pl\/wp-json\/wp\/v2\/product_cat?post=4158"},{"taxonomy":"product_tag","embeddable":true,"href":"https:\/\/wolt-store.com\/pl\/wp-json\/wp\/v2\/product_tag?post=4158"}],"curies":[{"name":"wp","href":"https:\/\/api.w.org\/{rel}","templated":true}]}}