{"id":4705,"date":"2025-07-10T12:59:11","date_gmt":"2025-07-10T10:59:11","guid":{"rendered":"https:\/\/wolt-store.com\/pl\/produkt\/torebka-w-kolorze-naturalnym-na-sztucce-z-serwetka-235-x-73-cm-paczka-500-szt\/"},"modified":"2026-04-29T11:56:07","modified_gmt":"2026-04-29T09:56:07","slug":"torebka-w-kolorze-naturalnym-na-sztucce-z-serwetka-235-x-73-cm-paczka-500-szt","status":"publish","type":"product","link":"https:\/\/wolt-store.com\/pl\/produkt\/torebka-w-kolorze-naturalnym-na-sztucce-z-serwetka-235-x-73-cm-paczka-500-szt\/","title":{"rendered":"Torebka w kolorze naturalnym na sztu\u0107ce z serwetk\u0105 23,5 x 7,3 cm (paczka 500 szt.)"},"content":{"rendered":"<p><span style=\"font-size: 10pt;font-family: arial, helvetica, sans-serif\"><strong>Torebka na sztu\u0107ce o wymiarach 23,5&#215;7,3 cm <\/strong><span style=\"font-weight: 400\">w naturalnym, jasnobr\u0105zowym kolorze<\/span><strong> z bia\u0142\u0105 serwetk\u0105 dwuwarstwow\u0105 40&#215;40 cm.<\/strong><\/span><\/p>\n<p><span style=\"font-size: 10pt;font-family: arial, helvetica, sans-serif\"><span style=\"font-weight: 400\">Niezast\u0105piona w <\/span><strong>restauracjach, na bankietach<\/strong><span style=\"font-weight: 400\">, a tak\u017ce <\/span><strong>podczas<\/strong> <strong>wesel<\/strong><span style=\"font-weight: 400\">. Dodatkowo b\u0119dzie idealnym rozwi\u0105zaniem przy <\/span><strong>serwowaniu da\u0144 na wynos<\/strong><span style=\"font-weight: 400\">. <\/span><strong>Tworzy \u015bwietny komplet ze sztu\u0107cami wielokrotnego u\u017cytku<\/strong><span style=\"font-weight: 400\">, a tak\u017ce tymi jednorazowymi. <\/span><strong>Serwetka znajduj\u0105ca si\u0119 w zestawie<\/strong><span style=\"font-weight: 400\"> z pewno\u015bci\u0105 poprawi komfort Twoich klient\u00f3w podczas jedzenia potraw w plenerze.\u00a0<strong>Posiada wbudowane zamkni\u0119cie<\/strong><span style=\"font-weight: 400\">, dzi\u0119ki kt\u00f3remu sztu\u0107ce pozostaj\u0105 na swoim miejscu w trakcie transportu.<\/span>\u00a0Jest to\u00a0niezwykle funkcjonalny dodatek, kt\u00f3ry\u00a0pozwoli nam wsp\u00f3lnie zadba\u0107 o \u015brodowisko!<\/span><\/span><\/p>\n<p><span style=\"font-size: 10pt;font-family: arial, helvetica, sans-serif\"><strong>Torebka, jak i serwetka wykonana jest z wysokiej jako\u015bci papieru<\/strong><span style=\"font-weight: 400\">, co sprawia, \u017ce ca\u0142y komplet jest ca\u0142kowicie <\/span><strong>biodegradowalny<\/strong><span style=\"font-weight: 400\">. Roz\u0142o\u017cy si\u0119 nawet w przydomowym kompostowniku!<\/span><\/span><\/p>\n","protected":false},"excerpt":{"rendered":"<p>Paczka 500 sztuk<br \/>\nKod produktu: 88486<\/p>\n","protected":false},"featured_media":4707,"template":"","meta":{"_acf_changed":false,"_uag_custom_page_level_css":"","_editorskit_title_hidden":false,"_editorskit_reading_time":0,"_editorskit_is_block_options_detached":false,"_editorskit_block_options_position":"{}","site-sidebar-layout":"default","site-content-layout":"","ast-site-content-layout":"default","site-content-style":"default","site-sidebar-style":"default","ast-global-header-display":"","ast-banner-title-visibility":"","ast-main-header-display":"","ast-hfb-above-header-display":"","ast-hfb-below-header-display":"","ast-hfb-mobile-header-display":"","site-post-title":"","ast-breadcrumbs-content":"","ast-featured-img":"","footer-sml-layout":"","ast-disable-related-posts":"","theme-transparent-header-meta":"default","adv-header-id-meta":"","stick-header-meta":"","header-above-stick-meta":"","header-main-stick-meta":"","header-below-stick-meta":"","astra-migrate-meta-layouts":"set","ast-page-background-enabled":"default","ast-page-background-meta":{"desktop":{"background-color":"var(--ast-global-color-4)","background-image":"","background-repeat":"repeat","background-position":"center center","background-size":"auto","background-attachment":"scroll","background-type":"","background-media":"","overlay-type":"","overlay-color":"","overlay-opacity":"","overlay-gradient":""},"tablet":{"background-color":"","background-image":"","background-repeat":"repeat","background-position":"center center","background-size":"auto","background-attachment":"scroll","background-type":"","background-media":"","overlay-type":"","overlay-color":"","overlay-opacity":"","overlay-gradient":""},"mobile":{"background-color":"","background-image":"","background-repeat":"repeat","background-position":"center center","background-size":"auto","background-attachment":"scroll","background-type":"","background-media":"","overlay-type":"","overlay-color":"","overlay-opacity":"","overlay-gradient":""}},"ast-content-background-meta":{"desktop":{"background-color":"var(--ast-global-color-5)","background-image":"","background-repeat":"repeat","background-position":"center center","background-size":"auto","background-attachment":"scroll","background-type":"","background-media":"","overlay-type":"","overlay-color":"","overlay-opacity":"","overlay-gradient":""},"tablet":{"background-color":"var(--ast-global-color-5)","background-image":"","background-repeat":"repeat","background-position":"center center","background-size":"auto","background-attachment":"scroll","background-type":"","background-media":"","overlay-type":"","overlay-color":"","overlay-opacity":"","overlay-gradient":""},"mobile":{"background-color":"var(--ast-global-color-5)","background-image":"","background-repeat":"repeat","background-position":"center center","background-size":"auto","background-attachment":"scroll","background-type":"","background-media":"","overlay-type":"","overlay-color":"","overlay-opacity":"","overlay-gradient":""}}},"product_brand":[],"product_cat":[525,105,529],"product_tag":[],"class_list":{"0":"post-4705","1":"product","2":"type-product","3":"status-publish","4":"has-post-thumbnail","6":"product_cat-akcesoria-gastronomiczne","7":"product_cat-asortyment","8":"product_cat-serwetki","9":"pa_contentunit-szt","10":"desktop-align-left","11":"tablet-align-left","12":"mobile-align-left","13":"ast-product-gallery-layout-horizontal-slider","14":"ast-product-gallery-with-no-image","15":"ast-product-tabs-layout-accordion","17":"first","18":"instock","19":"taxable","20":"shipping-taxable","21":"purchasable","22":"product-type-simple"},"bundled_by":[],"bundle_stock_status":"instock","bundle_stock_quantity":2,"bundle_virtual":false,"bundle_layout":"","bundle_add_to_cart_form_location":"","bundle_editable_in_cart":false,"bundle_sold_individually_context":"","bundle_item_grouping":"","bundle_min_size":"","bundle_max_size":"","bundle_price":[],"bundled_items":[],"bundle_sell_ids":[],"acf":[],"uagb_featured_image_src":{"full":["https:\/\/wolt-store.com\/content\/uploads\/sites\/25\/2025\/07\/1752145734740217140952.jpg",500,499,false],"thumbnail":["https:\/\/wolt-store.com\/content\/uploads\/sites\/25\/2025\/07\/1752145734740217140952-150x150.jpg",150,150,true],"medium":["https:\/\/wolt-store.com\/content\/uploads\/sites\/25\/2025\/07\/1752145734740217140952-300x300.jpg",300,300,true],"medium_large":["https:\/\/wolt-store.com\/content\/uploads\/sites\/25\/2025\/07\/1752145734740217140952.jpg",500,499,false],"large":["https:\/\/wolt-store.com\/content\/uploads\/sites\/25\/2025\/07\/1752145734740217140952.jpg",500,499,false],"1536x1536":["https:\/\/wolt-store.com\/content\/uploads\/sites\/25\/2025\/07\/1752145734740217140952.jpg",500,499,false],"2048x2048":["https:\/\/wolt-store.com\/content\/uploads\/sites\/25\/2025\/07\/1752145734740217140952.jpg",500,499,false],"post-thumbnail":["https:\/\/wolt-store.com\/content\/uploads\/sites\/25\/2025\/07\/1752145734740217140952-480x360.jpg",480,360,true],"gform-image-choice-sm":["https:\/\/wolt-store.com\/content\/uploads\/sites\/25\/2025\/07\/1752145734740217140952-300x300.jpg",300,300,true],"gform-image-choice-md":["https:\/\/wolt-store.com\/content\/uploads\/sites\/25\/2025\/07\/1752145734740217140952-400x400.jpg",400,400,true],"gform-image-choice-lg":["https:\/\/wolt-store.com\/content\/uploads\/sites\/25\/2025\/07\/1752145734740217140952.jpg",500,499,false],"woocommerce_thumbnail":["https:\/\/wolt-store.com\/content\/uploads\/sites\/25\/2025\/07\/1752145734740217140952-300x299.jpg",300,299,true],"woocommerce_single":["https:\/\/wolt-store.com\/content\/uploads\/sites\/25\/2025\/07\/1752145734740217140952.jpg",500,499,false],"woocommerce_gallery_thumbnail":["https:\/\/wolt-store.com\/content\/uploads\/sites\/25\/2025\/07\/1752145734740217140952-250x250.jpg",250,250,true],"dgwt-wcas-product-suggestion":["https:\/\/wolt-store.com\/content\/uploads\/sites\/25\/2025\/07\/1752145734740217140952-64x64.jpg",64,64,true]},"uagb_author_info":{"display_name":"maksimer","author_link":"https:\/\/wolt-store.com\/pl\/author\/"},"uagb_comment_info":0,"uagb_excerpt":"Paczka 500 sztuk Kod produktu: 88486","_links":{"self":[{"href":"https:\/\/wolt-store.com\/pl\/wp-json\/wp\/v2\/product\/4705","targetHints":{"allow":["GET"]}}],"collection":[{"href":"https:\/\/wolt-store.com\/pl\/wp-json\/wp\/v2\/product"}],"about":[{"href":"https:\/\/wolt-store.com\/pl\/wp-json\/wp\/v2\/types\/product"}],"wp:featuredmedia":[{"embeddable":true,"href":"https:\/\/wolt-store.com\/pl\/wp-json\/wp\/v2\/media\/4707"}],"wp:attachment":[{"href":"https:\/\/wolt-store.com\/pl\/wp-json\/wp\/v2\/media?parent=4705"}],"wp:term":[{"taxonomy":"product_brand","embeddable":true,"href":"https:\/\/wolt-store.com\/pl\/wp-json\/wp\/v2\/product_brand?post=4705"},{"taxonomy":"product_cat","embeddable":true,"href":"https:\/\/wolt-store.com\/pl\/wp-json\/wp\/v2\/product_cat?post=4705"},{"taxonomy":"product_tag","embeddable":true,"href":"https:\/\/wolt-store.com\/pl\/wp-json\/wp\/v2\/product_tag?post=4705"}],"curies":[{"name":"wp","href":"https:\/\/api.w.org\/{rel}","templated":true}]}}