{"id":4709,"date":"2025-07-10T14:09:11","date_gmt":"2025-07-10T12:09:11","guid":{"rendered":"https:\/\/wolt-store.com\/pl\/produkt\/torebka-faldowa-kraft-z-okienkiem-papierowym-16-x-8-x-35-paczka-1000-szt\/"},"modified":"2026-04-17T11:48:30","modified_gmt":"2026-04-17T09:48:30","slug":"torebka-faldowa-kraft-z-okienkiem-papierowym-16-x-8-x-35-paczka-1000-szt","status":"publish","type":"product","link":"https:\/\/wolt-store.com\/pl\/produkt\/torebka-faldowa-kraft-z-okienkiem-papierowym-16-x-8-x-35-paczka-1000-szt\/","title":{"rendered":"Torebka fa\u0142dowa kraft z okienkiem papierowym 16 x 8 x 35 (paczka 1000 szt.)"},"content":{"rendered":"<div class=\"table-responsive\">\n<p><span style=\"font-size: 10pt;font-family: arial, helvetica, sans-serif\"><strong>Papierowa torebka fa\u0142dowa z okienkiem<\/strong><span style=\"font-weight: 400\"> o wymiarach 16x8x35 cm w naturalnym, br\u0105zowym kolorze.<\/span><\/span><\/p>\n<p><span style=\"font-size: 10pt;font-family: arial, helvetica, sans-serif\"><span style=\"font-weight: 400\">Tworzy idealny komplet z wszelkiego rodzaju <\/span><strong>wypiekami<\/strong><span style=\"font-weight: 400\">. Bez problemu <\/span><strong>spakujesz w niej ulubiony chleb wieloziarnisty, bu\u0142ki razowe czy dro\u017cd\u017c\u00f3wki z truskawkami<\/strong><span style=\"font-weight: 400\">! A <\/span><strong>transparentne okienko<\/strong><span style=\"font-weight: 400\">, pozwala na szybkie zidentyfikowanie produkt\u00f3w. Niezast\u0105piona w <\/span><strong>piekarniach<\/strong><span style=\"font-weight: 400\">, <\/span><strong>kawiarniach<\/strong><span style=\"font-weight: 400\"> i wszystkich innych gastronomiach serwuj\u0105cych pieczywo na wynos.\u00a0<\/span><\/span><\/p>\n<p><span style=\"font-family: arial, helvetica, sans-serif;font-size: 10pt\"><strong>Wykonana w 100% z papieru<\/strong><span style=\"font-weight: 400\">, co sprawia, \u017ce jest ca\u0142kowicie <\/span><strong>biodegradowalna<\/strong><span style=\"font-weight: 400\">. Papier, z kt\u00f3rego wykonane jest okienko (tzw. <\/span><strong>pelur<\/strong><span style=\"font-weight: 400\">), to niskogramaturowy materia\u0142 o du\u017cej przejrzysto\u015bci, kt\u00f3ry z powodzeniem <\/span><strong>zast\u0119puje okienka foliowe<\/strong><span style=\"font-weight: 400\">. Zadbaj wsp\u00f3lnie z nami o \u015brodowisko!<\/span><br \/><\/span><\/div>\n","protected":false},"excerpt":{"rendered":"<p>Paczka 1000 sztuk<br \/>\nKod produktu: 42210<\/p>\n","protected":false},"featured_media":4716,"template":"","meta":{"_acf_changed":false,"_uag_custom_page_level_css":"","_editorskit_title_hidden":false,"_editorskit_reading_time":0,"_editorskit_is_block_options_detached":false,"_editorskit_block_options_position":"{}","site-sidebar-layout":"default","site-content-layout":"","ast-site-content-layout":"default","site-content-style":"default","site-sidebar-style":"default","ast-global-header-display":"","ast-banner-title-visibility":"","ast-main-header-display":"","ast-hfb-above-header-display":"","ast-hfb-below-header-display":"","ast-hfb-mobile-header-display":"","site-post-title":"","ast-breadcrumbs-content":"","ast-featured-img":"","footer-sml-layout":"","ast-disable-related-posts":"","theme-transparent-header-meta":"default","adv-header-id-meta":"","stick-header-meta":"","header-above-stick-meta":"","header-main-stick-meta":"","header-below-stick-meta":"","astra-migrate-meta-layouts":"set","ast-page-background-enabled":"default","ast-page-background-meta":{"desktop":{"background-color":"var(--ast-global-color-4)","background-image":"","background-repeat":"repeat","background-position":"center center","background-size":"auto","background-attachment":"scroll","background-type":"","background-media":"","overlay-type":"","overlay-color":"","overlay-opacity":"","overlay-gradient":""},"tablet":{"background-color":"","background-image":"","background-repeat":"repeat","background-position":"center center","background-size":"auto","background-attachment":"scroll","background-type":"","background-media":"","overlay-type":"","overlay-color":"","overlay-opacity":"","overlay-gradient":""},"mobile":{"background-color":"","background-image":"","background-repeat":"repeat","background-position":"center center","background-size":"auto","background-attachment":"scroll","background-type":"","background-media":"","overlay-type":"","overlay-color":"","overlay-opacity":"","overlay-gradient":""}},"ast-content-background-meta":{"desktop":{"background-color":"var(--ast-global-color-5)","background-image":"","background-repeat":"repeat","background-position":"center center","background-size":"auto","background-attachment":"scroll","background-type":"","background-media":"","overlay-type":"","overlay-color":"","overlay-opacity":"","overlay-gradient":""},"tablet":{"background-color":"var(--ast-global-color-5)","background-image":"","background-repeat":"repeat","background-position":"center center","background-size":"auto","background-attachment":"scroll","background-type":"","background-media":"","overlay-type":"","overlay-color":"","overlay-opacity":"","overlay-gradient":""},"mobile":{"background-color":"var(--ast-global-color-5)","background-image":"","background-repeat":"repeat","background-position":"center center","background-size":"auto","background-attachment":"scroll","background-type":"","background-media":"","overlay-type":"","overlay-color":"","overlay-opacity":"","overlay-gradient":""}}},"product_brand":[],"product_cat":[105,526,140],"product_tag":[],"class_list":{"0":"post-4709","1":"product","2":"type-product","3":"status-publish","4":"has-post-thumbnail","6":"product_cat-asortyment","7":"product_cat-opakowania","8":"product_cat-pojemniki","9":"pa_contentunit-szt","10":"desktop-align-left","11":"tablet-align-left","12":"mobile-align-left","13":"ast-product-gallery-layout-horizontal-slider","14":"ast-product-gallery-with-no-image","15":"ast-product-tabs-layout-accordion","17":"first","18":"instock","19":"taxable","20":"shipping-taxable","21":"purchasable","22":"product-type-simple"},"bundled_by":[],"bundle_stock_status":"instock","bundle_stock_quantity":82,"bundle_virtual":false,"bundle_layout":"","bundle_add_to_cart_form_location":"","bundle_editable_in_cart":false,"bundle_sold_individually_context":"","bundle_item_grouping":"","bundle_min_size":"","bundle_max_size":"","bundle_price":[],"bundled_items":[],"bundle_sell_ids":[],"acf":[],"uagb_featured_image_src":{"full":["https:\/\/wolt-store.com\/content\/uploads\/sites\/25\/2025\/07\/1752150520934312171694.jpg",800,600,false],"thumbnail":["https:\/\/wolt-store.com\/content\/uploads\/sites\/25\/2025\/07\/1752150520934312171694-150x150.jpg",150,150,true],"medium":["https:\/\/wolt-store.com\/content\/uploads\/sites\/25\/2025\/07\/1752150520934312171694-300x225.jpg",300,225,true],"medium_large":["https:\/\/wolt-store.com\/content\/uploads\/sites\/25\/2025\/07\/1752150520934312171694-768x576.jpg",768,576,true],"large":["https:\/\/wolt-store.com\/content\/uploads\/sites\/25\/2025\/07\/1752150520934312171694.jpg",800,600,false],"1536x1536":["https:\/\/wolt-store.com\/content\/uploads\/sites\/25\/2025\/07\/1752150520934312171694.jpg",800,600,false],"2048x2048":["https:\/\/wolt-store.com\/content\/uploads\/sites\/25\/2025\/07\/1752150520934312171694.jpg",800,600,false],"post-thumbnail":["https:\/\/wolt-store.com\/content\/uploads\/sites\/25\/2025\/07\/1752150520934312171694-480x360.jpg",480,360,true],"gform-image-choice-sm":["https:\/\/wolt-store.com\/content\/uploads\/sites\/25\/2025\/07\/1752150520934312171694-300x300.jpg",300,300,true],"gform-image-choice-md":["https:\/\/wolt-store.com\/content\/uploads\/sites\/25\/2025\/07\/1752150520934312171694-400x400.jpg",400,400,true],"gform-image-choice-lg":["https:\/\/wolt-store.com\/content\/uploads\/sites\/25\/2025\/07\/1752150520934312171694-600x600.jpg",600,600,true],"woocommerce_thumbnail":["https:\/\/wolt-store.com\/content\/uploads\/sites\/25\/2025\/07\/1752150520934312171694-300x225.jpg",300,225,true],"woocommerce_single":["https:\/\/wolt-store.com\/content\/uploads\/sites\/25\/2025\/07\/1752150520934312171694-600x450.jpg",600,450,true],"woocommerce_gallery_thumbnail":["https:\/\/wolt-store.com\/content\/uploads\/sites\/25\/2025\/07\/1752150520934312171694-250x250.jpg",250,250,true],"dgwt-wcas-product-suggestion":["https:\/\/wolt-store.com\/content\/uploads\/sites\/25\/2025\/07\/1752150520934312171694-64x48.jpg",64,48,true]},"uagb_author_info":{"display_name":"maksimer","author_link":"https:\/\/wolt-store.com\/pl\/author\/"},"uagb_comment_info":0,"uagb_excerpt":"Paczka 1000 sztuk Kod produktu: 42210","_links":{"self":[{"href":"https:\/\/wolt-store.com\/pl\/wp-json\/wp\/v2\/product\/4709","targetHints":{"allow":["GET"]}}],"collection":[{"href":"https:\/\/wolt-store.com\/pl\/wp-json\/wp\/v2\/product"}],"about":[{"href":"https:\/\/wolt-store.com\/pl\/wp-json\/wp\/v2\/types\/product"}],"wp:featuredmedia":[{"embeddable":true,"href":"https:\/\/wolt-store.com\/pl\/wp-json\/wp\/v2\/media\/4716"}],"wp:attachment":[{"href":"https:\/\/wolt-store.com\/pl\/wp-json\/wp\/v2\/media?parent=4709"}],"wp:term":[{"taxonomy":"product_brand","embeddable":true,"href":"https:\/\/wolt-store.com\/pl\/wp-json\/wp\/v2\/product_brand?post=4709"},{"taxonomy":"product_cat","embeddable":true,"href":"https:\/\/wolt-store.com\/pl\/wp-json\/wp\/v2\/product_cat?post=4709"},{"taxonomy":"product_tag","embeddable":true,"href":"https:\/\/wolt-store.com\/pl\/wp-json\/wp\/v2\/product_tag?post=4709"}],"curies":[{"name":"wp","href":"https:\/\/api.w.org\/{rel}","templated":true}]}}