{"id":5597,"date":"2026-05-04T13:19:18","date_gmt":"2026-05-04T11:19:18","guid":{"rendered":"https:\/\/wolt-store.com\/pl\/produkt\/torba-papierowa-wolt-kraft-32x17x40-cm-paczka-250-szt-2\/"},"modified":"2026-05-07T16:06:26","modified_gmt":"2026-05-07T14:06:26","slug":"torba-papierowa-wolt-kraft-32x17x40-cm-paczka-250-szt-2","status":"publish","type":"product","link":"https:\/\/wolt-store.com\/pl\/produkt\/torba-papierowa-wolt-kraft-32x17x40-cm-paczka-250-szt-2\/","title":{"rendered":"Torba papierowa WOLT, kraft 32x17x40 cm (paczka 250 szt.)"},"content":{"rendered":"<p><span style=\"font-family: arial, helvetica, sans-serif;font-size: 10pt\"><strong>Wytrzyma\u0142a torba<\/strong>\u00a0<strong>z uchwytem<\/strong>\u00a0<strong>wykonana z<\/strong>\u00a0<strong>papieru kraftowego<\/strong><span style=\"font-weight: 400\">\u00a0z kolorowym nadrukiem \u201cWolt Market\u201d, o wymiarach 32x17x40 cm oraz gramaturze 90 g\/m\u00b2.\u00a0<\/span><\/span><\/p>\n<p><span style=\"font-family: arial, helvetica, sans-serif;font-size: 10pt\"><span style=\"font-weight: 400\">Wsp\u00f3\u0142pracujesz z aplikacj\u0105 Wolt Market? Te torby stworzone s\u0105 dla Ciebie! Posiadaj\u0105 wewn\u0119trzne uchwyty zapewniaj\u0105ce\u00a0<\/span><strong>ud\u017awig do 10 kg<\/strong><span style=\"font-weight: 400\">, dzi\u0119ki swojej wytrzyma\u0142o\u015bci najcz\u0119\u015bciej\u00a0<\/span><strong>stosowane przez kurier\u00f3w\u00a0<\/strong><span style=\"font-weight: 400\">dowo\u017c\u0105cych \u015bwie\u017ce zakupy spo\u017cywcze. Jednak \u015bwietnie si\u0119 sprawdz\u0105 do skompletowania w nich produkt\u00f3w do odbioru osobistego. Co najwa\u017cniejsze &#8211;\u00a0<\/span><strong>torby s\u0105 wielokrotnego u\u017cytku<\/strong><span style=\"font-weight: 400\">! \u015amia\u0142o u\u017cyj ich ponownie np. na zakupy, do przechowywania lub na odpadki podczas prac w ogrodzie.\u00a0<\/span><\/span><\/p>\n<p><span style=\"font-family: arial, helvetica, sans-serif;font-size: 10pt\"><span style=\"font-weight: 400\">Wszystkie nasze torby posiadaj\u0105\u00a0<\/span><strong>certyfikat FSC<\/strong><span style=\"font-weight: 400\">. Zadbajmy wsp\u00f3lnie o \u015brodowisko!<\/span><\/span><\/p>\n<p><span style=\"font-family: arial, helvetica, sans-serif;font-size: 10pt\"><strong>FSC<\/strong><span style=\"font-weight: 400\">\u00a0&#8211; Forest Stewardship Council jest mi\u0119dzynarodow\u0105 organizacj\u0105 not-for-profit, promuj\u0105ca odpowiedzialne zarz\u0105dzanie \u015bwiatowymi lasami poprzez certyfikacj\u0119 drewna.\u00a0<\/span><\/span><\/p>\n<p><span style=\"font-family: arial, helvetica, sans-serif;font-size: 10pt\"><span style=\"font-weight: 400\">Produkt\u00a0<\/span><strong>zwolniony z op\u0142aty SUP<\/strong><span style=\"font-weight: 400\">\u00a0(Single Use Plastic).<\/span><\/span><\/p>\n<p><span style=\"font-family: arial, helvetica, sans-serif;font-size: 10pt\"><span style=\"font-weight: 400\">1 karton zawiera 250 szt. toreb.<\/span><\/span><\/p>\n","protected":false},"excerpt":{"rendered":"<p>Paczka 250 sztuk<\/p>\n","protected":false},"featured_media":5604,"template":"","meta":{"_acf_changed":false,"_uag_custom_page_level_css":"","_editorskit_title_hidden":false,"_editorskit_reading_time":0,"_editorskit_is_block_options_detached":false,"_editorskit_block_options_position":"{}","site-sidebar-layout":"default","site-content-layout":"","ast-site-content-layout":"default","site-content-style":"default","site-sidebar-style":"default","ast-global-header-display":"","ast-banner-title-visibility":"","ast-main-header-display":"","ast-hfb-above-header-display":"","ast-hfb-below-header-display":"","ast-hfb-mobile-header-display":"","site-post-title":"","ast-breadcrumbs-content":"","ast-featured-img":"","footer-sml-layout":"","ast-disable-related-posts":"","theme-transparent-header-meta":"","adv-header-id-meta":"","stick-header-meta":"","header-above-stick-meta":"","header-main-stick-meta":"","header-below-stick-meta":"","astra-migrate-meta-layouts":"default","ast-page-background-enabled":"default","ast-page-background-meta":{"desktop":{"background-color":"var(--ast-global-color-4)","background-image":"","background-repeat":"repeat","background-position":"center center","background-size":"auto","background-attachment":"scroll","background-type":"","background-media":"","overlay-type":"","overlay-color":"","overlay-opacity":"","overlay-gradient":""},"tablet":{"background-color":"","background-image":"","background-repeat":"repeat","background-position":"center center","background-size":"auto","background-attachment":"scroll","background-type":"","background-media":"","overlay-type":"","overlay-color":"","overlay-opacity":"","overlay-gradient":""},"mobile":{"background-color":"","background-image":"","background-repeat":"repeat","background-position":"center center","background-size":"auto","background-attachment":"scroll","background-type":"","background-media":"","overlay-type":"","overlay-color":"","overlay-opacity":"","overlay-gradient":""}},"ast-content-background-meta":{"desktop":{"background-color":"var(--ast-global-color-5)","background-image":"","background-repeat":"repeat","background-position":"center center","background-size":"auto","background-attachment":"scroll","background-type":"","background-media":"","overlay-type":"","overlay-color":"","overlay-opacity":"","overlay-gradient":""},"tablet":{"background-color":"var(--ast-global-color-5)","background-image":"","background-repeat":"repeat","background-position":"center center","background-size":"auto","background-attachment":"scroll","background-type":"","background-media":"","overlay-type":"","overlay-color":"","overlay-opacity":"","overlay-gradient":""},"mobile":{"background-color":"var(--ast-global-color-5)","background-image":"","background-repeat":"repeat","background-position":"center center","background-size":"auto","background-attachment":"scroll","background-type":"","background-media":"","overlay-type":"","overlay-color":"","overlay-opacity":"","overlay-gradient":""}}},"product_brand":[],"product_cat":[105,526,139],"product_tag":[],"class_list":{"0":"post-5597","1":"product","2":"type-product","3":"status-publish","4":"has-post-thumbnail","6":"product_cat-asortyment","7":"product_cat-opakowania","8":"product_cat-torby","9":"pa_contentunit-szt","10":"desktop-align-left","11":"tablet-align-left","12":"mobile-align-left","13":"ast-product-gallery-layout-horizontal-slider","14":"ast-product-gallery-with-no-image","15":"ast-product-tabs-layout-accordion","17":"first","18":"instock","19":"taxable","20":"shipping-taxable","21":"purchasable","22":"product-type-simple"},"bundled_by":[],"bundle_stock_status":"instock","bundle_stock_quantity":57,"bundle_virtual":false,"bundle_layout":"","bundle_add_to_cart_form_location":"","bundle_editable_in_cart":false,"bundle_sold_individually_context":"","bundle_item_grouping":"","bundle_min_size":"","bundle_max_size":"","bundle_price":[],"bundled_items":[],"bundle_sell_ids":[],"acf":[],"uagb_featured_image_src":{"full":["https:\/\/wolt-store.com\/content\/uploads\/sites\/25\/2026\/05\/1777982926525791150800.png",2000,2000,false],"thumbnail":["https:\/\/wolt-store.com\/content\/uploads\/sites\/25\/2026\/05\/1777982926525791150800-150x150.png",150,150,true],"medium":["https:\/\/wolt-store.com\/content\/uploads\/sites\/25\/2026\/05\/1777982926525791150800-300x300.png",300,300,true],"medium_large":["https:\/\/wolt-store.com\/content\/uploads\/sites\/25\/2026\/05\/1777982926525791150800-768x768.png",768,768,true],"large":["https:\/\/wolt-store.com\/content\/uploads\/sites\/25\/2026\/05\/1777982926525791150800-1024x1024.png",1024,1024,true],"1536x1536":["https:\/\/wolt-store.com\/content\/uploads\/sites\/25\/2026\/05\/1777982926525791150800-1536x1536.png",1536,1536,true],"2048x2048":["https:\/\/wolt-store.com\/content\/uploads\/sites\/25\/2026\/05\/1777982926525791150800.png",2000,2000,false],"post-thumbnail":["https:\/\/wolt-store.com\/content\/uploads\/sites\/25\/2026\/05\/1777982926525791150800-480x360.png",480,360,true],"gform-image-choice-sm":["https:\/\/wolt-store.com\/content\/uploads\/sites\/25\/2026\/05\/1777982926525791150800.png",300,300,false],"gform-image-choice-md":["https:\/\/wolt-store.com\/content\/uploads\/sites\/25\/2026\/05\/1777982926525791150800.png",400,400,false],"gform-image-choice-lg":["https:\/\/wolt-store.com\/content\/uploads\/sites\/25\/2026\/05\/1777982926525791150800.png",600,600,false],"woocommerce_thumbnail":["https:\/\/wolt-store.com\/content\/uploads\/sites\/25\/2026\/05\/1777982926525791150800-300x300.png",300,300,true],"woocommerce_single":["https:\/\/wolt-store.com\/content\/uploads\/sites\/25\/2026\/05\/1777982926525791150800-600x600.png",600,600,true],"woocommerce_gallery_thumbnail":["https:\/\/wolt-store.com\/content\/uploads\/sites\/25\/2026\/05\/1777982926525791150800-250x250.png",250,250,true],"dgwt-wcas-product-suggestion":["https:\/\/wolt-store.com\/content\/uploads\/sites\/25\/2026\/05\/1777982926525791150800-64x64.png",64,64,true]},"uagb_author_info":{"display_name":"maksimer","author_link":"https:\/\/wolt-store.com\/pl\/author\/"},"uagb_comment_info":0,"uagb_excerpt":"Paczka 250 sztuk","_links":{"self":[{"href":"https:\/\/wolt-store.com\/pl\/wp-json\/wp\/v2\/product\/5597","targetHints":{"allow":["GET"]}}],"collection":[{"href":"https:\/\/wolt-store.com\/pl\/wp-json\/wp\/v2\/product"}],"about":[{"href":"https:\/\/wolt-store.com\/pl\/wp-json\/wp\/v2\/types\/product"}],"wp:featuredmedia":[{"embeddable":true,"href":"https:\/\/wolt-store.com\/pl\/wp-json\/wp\/v2\/media\/5604"}],"wp:attachment":[{"href":"https:\/\/wolt-store.com\/pl\/wp-json\/wp\/v2\/media?parent=5597"}],"wp:term":[{"taxonomy":"product_brand","embeddable":true,"href":"https:\/\/wolt-store.com\/pl\/wp-json\/wp\/v2\/product_brand?post=5597"},{"taxonomy":"product_cat","embeddable":true,"href":"https:\/\/wolt-store.com\/pl\/wp-json\/wp\/v2\/product_cat?post=5597"},{"taxonomy":"product_tag","embeddable":true,"href":"https:\/\/wolt-store.com\/pl\/wp-json\/wp\/v2\/product_tag?post=5597"}],"curies":[{"name":"wp","href":"https:\/\/api.w.org\/{rel}","templated":true}]}}