{"id":550,"date":"2023-02-17T14:13:31","date_gmt":"2023-02-17T13:13:31","guid":{"rendered":"https:\/\/wolt-store.com\/pol\/?page_id=550"},"modified":"2025-02-05T18:19:52","modified_gmt":"2025-02-05T17:19:52","slug":"packaging","status":"publish","type":"page","link":"https:\/\/wolt-store.com\/pol\/","title":{"rendered":"Sprz\u0119t"},"content":{"rendered":"\n<div class=\"wp-block-cover alignfull is-light has-custom-content-position is-position-center-right is-style-banner\"><span aria-hidden=\"true\" class=\"wp-block-cover__background has-background-dim-0 has-background-dim\"><\/span><video class=\"wp-block-cover__video-background intrinsic-ignore\" autoplay muted loop playsinline src=\"https:\/\/wolt-store.com\/pl\/wp-content\/uploads\/sites\/25\/2023\/02\/4a-PizzaDeliveryOutside.mp4\" data-object-fit=\"cover\"><\/video><div class=\"wp-block-cover__inner-container is-layout-flow wp-block-cover-is-layout-flow\">\n<h1 class=\"wp-block-heading has-text-align-left has-white-color has-text-color has-link-color has-huge-font-size wp-elements-83cc8ff4777a8a40a52eca357bdf8d40\">KUP sw\u00f3j sprz\u0119t WOLT<\/h1>\n\n\n\n<div class=\"wp-block-buttons is-layout-flex wp-block-buttons-is-layout-flex\">\n<div class=\"wp-block-button\"><a class=\"wp-block-button__link has-white-color has-primary-background-color has-text-color has-background wp-element-button\" href=\"https:\/\/wolt-store.com\/pl\/produkt-kategori\/courier-gear\/\">Id\u017a do sklepu<\/a><\/div>\n\n\n\n<div class=\"wp-block-button\"><a class=\"wp-block-button__link has-white-color has-black-background-color has-text-color has-background wp-element-button\" href=\"https:\/\/wolt-store.com\/pl\/contact\/\">Skontaktuj si\u0119 z nami<\/a><\/div>\n<\/div>\n<\/div><\/div>\n\n\n\n<div class=\"wp-block-uagb-container uagb-block-429c0098 alignwide uagb-is-root-container\">\n<div class=\"wp-block-uagb-container uagb-block-0e14a45f\">\n<div class=\"wp-block-uagb-info-box uagb-block-fd47cc11 uagb-infobox__content-wrap  uagb-infobox-icon-left uagb-infobox-left uagb-infobox-stacked-tablet uagb-infobox-image-valign-middle usp\"><div class=\"uagb-ifb-image-content\"><img decoding=\"async\" src=\"https:\/\/wolt-store.com\/pl\/wp-content\/uploads\/sites\/25\/2023\/02\/Frame-3.svg\" alt=\"\" width=\"42\" height=\"45\" loading=\"lazy\"\/><\/div><div class=\"uagb-ifb-content\"><div class=\"uagb-ifb-title-wrap\"><h3 class=\"uagb-ifb-title\">Darmowa dostawa<\/h3><\/div><p class=\"uagb-ifb-desc\">Nic nie musisz p\u0142aci\u0107<\/p><\/div><\/div>\n<\/div>\n\n\n\n<div class=\"wp-block-uagb-container uagb-block-0094b8e9\">\n<div class=\"wp-block-uagb-info-box uagb-block-15744d35 uagb-infobox__content-wrap  uagb-infobox-icon-left uagb-infobox-left uagb-infobox-stacked-tablet uagb-infobox-image-valign-middle usp\"><div class=\"uagb-ifb-image-content\"><img decoding=\"async\" src=\"https:\/\/wolt-store.com\/pl\/wp-content\/uploads\/sites\/25\/2023\/02\/affordability-icon.svg\" alt=\"\" width=\"42\" height=\"42\" loading=\"lazy\"\/><\/div><div class=\"uagb-ifb-content\"><div class=\"uagb-ifb-title-wrap\"><h3 class=\"uagb-ifb-title\">Przyst\u0119pne ceny<\/h3><\/div><p class=\"uagb-ifb-desc\">Najlepsze ceny<\/p><\/div><\/div>\n<\/div>\n\n\n\n<div class=\"wp-block-uagb-container uagb-block-a9aee812\">\n<div class=\"wp-block-uagb-info-box uagb-block-1648c5b3 uagb-infobox__content-wrap  uagb-infobox-icon-left uagb-infobox-left uagb-infobox-stacked-tablet uagb-infobox-image-valign-middle usp\"><div class=\"uagb-ifb-image-content\"><img decoding=\"async\" src=\"https:\/\/wolt-store.com\/pl\/wp-content\/uploads\/sites\/25\/2023\/02\/Frame-2.svg\" alt=\"\" width=\"42\" height=\"44\" loading=\"lazy\"\/><\/div><div class=\"uagb-ifb-content\"><div class=\"uagb-ifb-title-wrap\"><h3 class=\"uagb-ifb-title\">Zr\u00f3wnowa\u017cony wyb\u00f3r<\/h3><\/div><p class=\"uagb-ifb-desc\">Dobry wyb\u00f3r dla \u015brodowiska<\/p><\/div><\/div>\n<\/div>\n\n\n\n<div class=\"wp-block-uagb-container uagb-block-c51e5362\">\n<div class=\"wp-block-uagb-info-box uagb-block-4ee785d3 uagb-infobox__content-wrap  uagb-infobox-icon-left uagb-infobox-left uagb-infobox-stacked-tablet uagb-infobox-image-valign-middle usp\"><div class=\"uagb-ifb-image-content\"><img decoding=\"async\" src=\"https:\/\/wolt-store.com\/pl\/wp-content\/uploads\/sites\/25\/2023\/02\/Frame.svg\" alt=\"\" width=\"42\" height=\"48\" loading=\"lazy\"\/><\/div><div class=\"uagb-ifb-content\"><div class=\"uagb-ifb-title-wrap\"><h3 class=\"uagb-ifb-title\">Zaufana marka<\/h3><\/div><p class=\"uagb-ifb-desc\">Gwarancja jako\u015bci<\/p><\/div><\/div>\n<\/div>\n<\/div>\n\n\n\n<div class=\"wp-block-uagb-container uagb-block-d414b2d3 alignfull uagb-is-root-container\"><div class=\"uagb-container-inner-blocks-wrap\">\n<div class=\"wp-block-uagb-container uagb-block-d7841284\">\n<h2 class=\"wp-block-heading has-text-align-center\">zestawy startowe<\/h2>\n<\/div>\n\n\n\n<div class=\"wp-block-uagb-container uagb-block-9ecdbc6e\">\n<div class=\"wp-block-media-text alignwide is-stacked-on-mobile is-style-stack-content\"><figure class=\"wp-block-media-text__media\"><img loading=\"lazy\" decoding=\"async\" width=\"1024\" height=\"683\" src=\"https:\/\/wolt-store.com\/pl\/wp-content\/uploads\/sites\/25\/2023\/12\/Courier-partner-061-2-2048x1365-1-1024x683.jpg\" alt=\"\" class=\"wp-image-2104 size-large\" srcset=\"https:\/\/wolt-store.com\/content\/uploads\/sites\/43\/2023\/12\/Courier-partner-061-2-2048x1365-1-1024x683.jpg 1024w, https:\/\/wolt-store.com\/content\/uploads\/sites\/43\/2023\/12\/Courier-partner-061-2-2048x1365-1-300x200.jpg 300w, https:\/\/wolt-store.com\/content\/uploads\/sites\/43\/2023\/12\/Courier-partner-061-2-2048x1365-1-768x512.jpg 768w, https:\/\/wolt-store.com\/content\/uploads\/sites\/43\/2023\/12\/Courier-partner-061-2-2048x1365-1-1536x1024.jpg 1536w, https:\/\/wolt-store.com\/content\/uploads\/sites\/43\/2023\/12\/Courier-partner-061-2-2048x1365-1-600x400.jpg 600w, https:\/\/wolt-store.com\/content\/uploads\/sites\/43\/2023\/12\/Courier-partner-061-2-2048x1365-1-64x43.jpg 64w, https:\/\/wolt-store.com\/content\/uploads\/sites\/43\/2023\/12\/Courier-partner-061-2-2048x1365-1.jpg 2048w\" sizes=\"auto, (max-width: 1024px) 100vw, 1024px\" \/><\/figure><div class=\"wp-block-media-text__content\">\n<h3 class=\"wp-block-heading\">Samochodowy zestaw startowy<\/h3>\n\n\n\n<p><\/p>\n\n\n\n<div class=\"wp-block-buttons is-layout-flex wp-block-buttons-is-layout-flex\">\n<div class=\"wp-block-button\"><a class=\"wp-block-button__link wp-element-button\" href=\"https:\/\/wolt-store.com\/pl\/produkt\/starter-kit-auto-copy\/\">Zobacz wi\u0119cej<\/a><\/div>\n<\/div>\n<\/div><\/div>\n<\/div>\n\n\n\n<div class=\"wp-block-uagb-container uagb-block-00689b00\">\n<div class=\"wp-block-media-text alignwide is-stacked-on-mobile is-style-stack-content\"><figure class=\"wp-block-media-text__media\"><img loading=\"lazy\" decoding=\"async\" width=\"1024\" height=\"683\" src=\"https:\/\/wolt-store.com\/pl\/wp-content\/uploads\/sites\/25\/2023\/12\/Courier-partner-032-2048x1365-1-1024x683.jpg\" alt=\"\" class=\"wp-image-2105 size-large\" srcset=\"https:\/\/wolt-store.com\/content\/uploads\/sites\/43\/2023\/12\/Courier-partner-032-2048x1365-1-1024x683.jpg 1024w, https:\/\/wolt-store.com\/content\/uploads\/sites\/43\/2023\/12\/Courier-partner-032-2048x1365-1-300x200.jpg 300w, https:\/\/wolt-store.com\/content\/uploads\/sites\/43\/2023\/12\/Courier-partner-032-2048x1365-1-768x512.jpg 768w, https:\/\/wolt-store.com\/content\/uploads\/sites\/43\/2023\/12\/Courier-partner-032-2048x1365-1-1536x1024.jpg 1536w, https:\/\/wolt-store.com\/content\/uploads\/sites\/43\/2023\/12\/Courier-partner-032-2048x1365-1-600x400.jpg 600w, https:\/\/wolt-store.com\/content\/uploads\/sites\/43\/2023\/12\/Courier-partner-032-2048x1365-1-64x43.jpg 64w, https:\/\/wolt-store.com\/content\/uploads\/sites\/43\/2023\/12\/Courier-partner-032-2048x1365-1.jpg 2048w\" sizes=\"auto, (max-width: 1024px) 100vw, 1024px\" \/><\/figure><div class=\"wp-block-media-text__content\">\n<h3 class=\"wp-block-heading\">Rowerowy zestaw startowy<\/h3>\n\n\n\n<p><\/p>\n\n\n\n<div class=\"wp-block-buttons is-layout-flex wp-block-buttons-is-layout-flex\">\n<div class=\"wp-block-button\"><a class=\"wp-block-button__link wp-element-button\" href=\"https:\/\/wolt-store.com\/pl\/produkt\/starter-kit-fahrrad\/\">Zobacz wi\u0119cej<\/a><\/div>\n<\/div>\n<\/div><\/div>\n<\/div>\n\n\n\n<div class=\"wp-block-uagb-container uagb-block-89876a06\">\n<div class=\"wp-block-media-text alignwide is-stacked-on-mobile is-style-stack-content\"><figure class=\"wp-block-media-text__media\"><img loading=\"lazy\" decoding=\"async\" width=\"1024\" height=\"683\" src=\"https:\/\/wolt-store.com\/pl\/wp-content\/uploads\/sites\/25\/2023\/12\/Courier-partner-061-2-2048x1365-1-1024x683.jpg\" alt=\"\" class=\"wp-image-2104 size-large\" srcset=\"https:\/\/wolt-store.com\/content\/uploads\/sites\/43\/2023\/12\/Courier-partner-061-2-2048x1365-1-1024x683.jpg 1024w, https:\/\/wolt-store.com\/content\/uploads\/sites\/43\/2023\/12\/Courier-partner-061-2-2048x1365-1-300x200.jpg 300w, https:\/\/wolt-store.com\/content\/uploads\/sites\/43\/2023\/12\/Courier-partner-061-2-2048x1365-1-768x512.jpg 768w, https:\/\/wolt-store.com\/content\/uploads\/sites\/43\/2023\/12\/Courier-partner-061-2-2048x1365-1-1536x1024.jpg 1536w, https:\/\/wolt-store.com\/content\/uploads\/sites\/43\/2023\/12\/Courier-partner-061-2-2048x1365-1-600x400.jpg 600w, https:\/\/wolt-store.com\/content\/uploads\/sites\/43\/2023\/12\/Courier-partner-061-2-2048x1365-1-64x43.jpg 64w, https:\/\/wolt-store.com\/content\/uploads\/sites\/43\/2023\/12\/Courier-partner-061-2-2048x1365-1.jpg 2048w\" sizes=\"auto, (max-width: 1024px) 100vw, 1024px\" \/><\/figure><div class=\"wp-block-media-text__content\">\n<h3 class=\"wp-block-heading\">PREMIUM ZESTAW STARTOWY \u2013 SAMOCH\u00d3D<\/h3>\n\n\n\n<p><\/p>\n\n\n\n<p><\/p>\n\n\n\n<div class=\"wp-block-buttons is-layout-flex wp-block-buttons-is-layout-flex\">\n<div class=\"wp-block-button\"><a class=\"wp-block-button__link wp-element-button\" href=\"https:\/\/wolt-store.com\/pl\/produkt\/starter-kit-auto\/\">Zobacz wi\u0119cej<\/a><\/div>\n<\/div>\n<\/div><\/div>\n<\/div>\n\n\n\n<div class=\"wp-block-uagb-container uagb-block-c71f09d4\">\n<div class=\"wp-block-media-text alignwide is-stacked-on-mobile is-style-stack-content\"><figure class=\"wp-block-media-text__media\"><img loading=\"lazy\" decoding=\"async\" width=\"1024\" height=\"683\" src=\"https:\/\/wolt-store.com\/pl\/wp-content\/uploads\/sites\/25\/2023\/12\/Courier-partner-032-2048x1365-1-1024x683.jpg\" alt=\"\" class=\"wp-image-2105 size-large\" srcset=\"https:\/\/wolt-store.com\/content\/uploads\/sites\/43\/2023\/12\/Courier-partner-032-2048x1365-1-1024x683.jpg 1024w, https:\/\/wolt-store.com\/content\/uploads\/sites\/43\/2023\/12\/Courier-partner-032-2048x1365-1-300x200.jpg 300w, https:\/\/wolt-store.com\/content\/uploads\/sites\/43\/2023\/12\/Courier-partner-032-2048x1365-1-768x512.jpg 768w, https:\/\/wolt-store.com\/content\/uploads\/sites\/43\/2023\/12\/Courier-partner-032-2048x1365-1-1536x1024.jpg 1536w, https:\/\/wolt-store.com\/content\/uploads\/sites\/43\/2023\/12\/Courier-partner-032-2048x1365-1-600x400.jpg 600w, https:\/\/wolt-store.com\/content\/uploads\/sites\/43\/2023\/12\/Courier-partner-032-2048x1365-1-64x43.jpg 64w, https:\/\/wolt-store.com\/content\/uploads\/sites\/43\/2023\/12\/Courier-partner-032-2048x1365-1.jpg 2048w\" sizes=\"auto, (max-width: 1024px) 100vw, 1024px\" \/><\/figure><div class=\"wp-block-media-text__content\">\n<h3 class=\"wp-block-heading\">PREMIUM ZESTAW STARTOWY \u2013 ROWER\/SKUTER<\/h3>\n\n\n\n<p><\/p>\n\n\n\n<div class=\"wp-block-buttons is-layout-flex wp-block-buttons-is-layout-flex\">\n<div class=\"wp-block-button\"><a class=\"wp-block-button__link wp-element-button\" href=\"https:\/\/wolt-store.com\/pl\/produkt\/starter-kit-fahrrad-copy\/\">Zobacz wi\u0119cej<\/a><\/div>\n<\/div>\n<\/div><\/div>\n<\/div>\n<\/div><\/div>\n\n\n\n<div class=\"wp-block-media-text alignwide has-media-on-the-right is-stacked-on-mobile\" style=\"margin-top:0;margin-right:0;margin-bottom:0;margin-left:0;grid-template-columns:auto 60%\"><div class=\"wp-block-media-text__content\">\n<h2 class=\"wp-block-heading\">Kup sw\u00f3j sprz\u0119t WOLT<\/h2>\n\n\n\n<p class=\"has-lead-paragraph-font-size\">Wolt oferuje r\u00f3\u017cnorodn\u0105 gam\u0119 produkt\u00f3w maj\u0105cych na celu popraw\u0119 jako\u015bci us\u0142ug kurierskich. Od ergonomicznych plecak\u00f3w i trwa\u0142ych toreb dostawczych po wszelkie akcesoria. Zapewniamy kurierom niezawodne i wydajne narz\u0119dzia, dzi\u0119ki kt\u00f3rym dostawy b\u0119d\u0105 bezproblemowe.<\/p>\n\n\n\n<div class=\"wp-block-buttons is-layout-flex wp-block-buttons-is-layout-flex\">\n<div class=\"wp-block-button\"><a class=\"wp-block-button__link wp-element-button\" href=\"https:\/\/wolt-store.com\/pl\/produkt-kategori\/courier-gear\/\">Zobacz ca\u0142y sprz\u0119t<\/a><\/div>\n<\/div>\n<\/div><figure class=\"wp-block-media-text__media\"><a href=\"https:\/\/wolt-store.com\/pl\/produkt-kategori\/courier-gears\/\"><img loading=\"lazy\" decoding=\"async\" width=\"1024\" height=\"683\" src=\"https:\/\/wolt-store.com\/pl\/wp-content\/uploads\/sites\/25\/2023\/02\/wolt-gear-1024x683.jpg\" alt=\"\" class=\"wp-image-825 size-full\" srcset=\"https:\/\/wolt-store.com\/content\/uploads\/sites\/43\/2023\/02\/wolt-gear-1024x683.jpg 1024w, https:\/\/wolt-store.com\/content\/uploads\/sites\/43\/2023\/02\/wolt-gear-300x200.jpg 300w, https:\/\/wolt-store.com\/content\/uploads\/sites\/43\/2023\/02\/wolt-gear-768x512.jpg 768w, https:\/\/wolt-store.com\/content\/uploads\/sites\/43\/2023\/02\/wolt-gear-1536x1024.jpg 1536w, https:\/\/wolt-store.com\/content\/uploads\/sites\/43\/2023\/02\/wolt-gear-2048x1366.jpg 2048w, https:\/\/wolt-store.com\/content\/uploads\/sites\/43\/2023\/02\/wolt-gear-600x400.jpg 600w, https:\/\/wolt-store.com\/content\/uploads\/sites\/43\/2023\/02\/wolt-gear-64x43.jpg 64w\" sizes=\"auto, (max-width: 1024px) 100vw, 1024px\" \/><\/a><\/figure><\/div>\n\n\n\n<h2 class=\"wp-block-heading has-text-align-center\">Nasze bestsellery<\/h2>\n\n\n\n\n\n<h2 class=\"wp-block-heading has-text-align-center\">Aktualno\u015bci<\/h2>\n\n\n\n\t\t\t<div class=\"wp-block-uagb-post-grid uagb-post-grid  uagb-post__image-position-top uagb-post__image-enabled uagb-block-7a0cbedc     uagb-post__items uagb-post__columns-3 is-grid uagb-post__columns-tablet-2 uagb-post__columns-mobile-1 uagb-post__equal-height\" data-total=\"1\" style=\"\">\n\n\t\t\t\t\t\t\t\t\t\t\t\t<article class=\"uagb-post__inner-wrap\">\t\t\t\t\t\t\t\t<div class='uagb-post__image'>\n\t\t\t\t\t\t\t\t\t<a href=\"https:\/\/wolt-store.com\/pol\/news-post-3\/\" target=\"_self\" rel=\"bookmark noopener noreferrer\" class='uagb-image-ratio-inherit'><img loading=\"lazy\" decoding=\"async\" width=\"684\" height=\"563\" src=\"https:\/\/wolt-store.com\/content\/uploads\/sites\/43\/2023\/02\/Sustainability-at-Wolt.png\" class=\"attachment-large size-large\" alt=\"\" srcset=\"https:\/\/wolt-store.com\/content\/uploads\/sites\/43\/2023\/02\/Sustainability-at-Wolt.png 684w, https:\/\/wolt-store.com\/content\/uploads\/sites\/43\/2023\/02\/Sustainability-at-Wolt-300x247.png 300w, https:\/\/wolt-store.com\/content\/uploads\/sites\/43\/2023\/02\/Sustainability-at-Wolt-600x494.png 600w, https:\/\/wolt-store.com\/content\/uploads\/sites\/43\/2023\/02\/Sustainability-at-Wolt-64x53.png 64w\" sizes=\"auto, (max-width: 684px) 100vw, 684px\" \/>\t\t\t\t\t<\/a>\n\t\t\t\t\t\t\t<\/div>\n\t\t\t\t\t\t<h4 class=\"uagb-post__title uagb-post__text\">\n\t\t\t\t<a href=\"https:\/\/wolt-store.com\/pol\/news-post-3\/\" target=\"_self\" rel=\"bookmark noopener noreferrer\">Zr\u00f3wnowa\u017cony rozw\u00f3j w Wolt<\/a>\n\t\t\t<\/h4>\n\t\t\t\t\t\t<div class='uagb-post__text uagb-post-grid-byline'>\n\t\t\t\t\t\t\t\t<time datetime=\"2023-04-19T10:22:13+02:00\" class=\"uagb-post__date\">\n\t\t\t\t<span class=\"dashicons-calendar dashicons\"><\/span>\t\t\t\t\t19. kwietnia 2023\t\t\t\t<\/time>\n\t\t\t\t\t\t\t<span class=\"uagb-post__comment\">\n\t\t\t\t<span class=\"dashicons-admin-comments dashicons\"><\/span>\t\t\t\t\tBrak komentarzy\t\t\t\t<\/span>\n\t\t\t\t\t\t<\/div>\n\t\t\t\t\t\t\t<div class='uagb-post__text uagb-post__excerpt'>\n\t\t\t\t\tJako firma o skandynawskich korzeniach, zr\u00f3wnowa\u017cony rozw\u00f3j jest cz\u0119\u015bci\u0105 naszego DNA od samego pocz\u0105tku. Firma&#8230;\t\t\t\t<\/div>\n\t\t\t\t\t\t<div class=\"uagb-post__text uagb-post__cta wp-block-button\">\n\t\t\t\t<a class=\"wp-block-button__link uagb-text-link\" style=\"\" href=\"https:\/\/wolt-store.com\/pol\/news-post-3\/\" target=\"_self\" rel=\"bookmark noopener noreferrer\">WI\u0118CEJ INFORMACJI<\/a>\n\t\t\t<\/div>\n\t\t\t\n\t\t\t\t\t\t\t\t\t<\/article>\n\t\t\t\t\t\t\t\t\t\t\t\t\t\t\t\t<article class=\"uagb-post__inner-wrap\">\t\t\t\t\t\t\t\t<div class='uagb-post__image'>\n\t\t\t\t\t\t\t\t\t<a href=\"https:\/\/wolt-store.com\/pol\/news-post-2\/\" target=\"_self\" rel=\"bookmark noopener noreferrer\" class='uagb-image-ratio-inherit'><img loading=\"lazy\" decoding=\"async\" width=\"684\" height=\"513\" src=\"https:\/\/wolt-store.com\/content\/uploads\/sites\/43\/2023\/04\/EN_Aug22_woltconcept3_image_na_1200x628_1_zerodelivery-courier-edited.png\" class=\"attachment-large size-large\" alt=\"\" srcset=\"https:\/\/wolt-store.com\/content\/uploads\/sites\/43\/2023\/04\/EN_Aug22_woltconcept3_image_na_1200x628_1_zerodelivery-courier-edited.png 684w, https:\/\/wolt-store.com\/content\/uploads\/sites\/43\/2023\/04\/EN_Aug22_woltconcept3_image_na_1200x628_1_zerodelivery-courier-edited-300x225.png 300w, https:\/\/wolt-store.com\/content\/uploads\/sites\/43\/2023\/04\/EN_Aug22_woltconcept3_image_na_1200x628_1_zerodelivery-courier-edited-480x360.png 480w, https:\/\/wolt-store.com\/content\/uploads\/sites\/43\/2023\/04\/EN_Aug22_woltconcept3_image_na_1200x628_1_zerodelivery-courier-edited-600x450.png 600w, https:\/\/wolt-store.com\/content\/uploads\/sites\/43\/2023\/04\/EN_Aug22_woltconcept3_image_na_1200x628_1_zerodelivery-courier-edited-64x48.png 64w\" sizes=\"auto, (max-width: 684px) 100vw, 684px\" \/>\t\t\t\t\t<\/a>\n\t\t\t\t\t\t\t<\/div>\n\t\t\t\t\t\t<h4 class=\"uagb-post__title uagb-post__text\">\n\t\t\t\t<a href=\"https:\/\/wolt-store.com\/pol\/news-post-2\/\" target=\"_self\" rel=\"bookmark noopener noreferrer\">Wi\u0119cej zam\u00f3wie\u0144 dzi\u0119ki Wolt+<\/a>\n\t\t\t<\/h4>\n\t\t\t\t\t\t<div class='uagb-post__text uagb-post-grid-byline'>\n\t\t\t\t\t\t\t\t<time datetime=\"2023-04-19T10:21:25+02:00\" class=\"uagb-post__date\">\n\t\t\t\t<span class=\"dashicons-calendar dashicons\"><\/span>\t\t\t\t\t19. kwietnia 2023\t\t\t\t<\/time>\n\t\t\t\t\t\t\t<span class=\"uagb-post__comment\">\n\t\t\t\t<span class=\"dashicons-admin-comments dashicons\"><\/span>\t\t\t\t\tBrak komentarzy\t\t\t\t<\/span>\n\t\t\t\t\t\t<\/div>\n\t\t\t\t\t\t\t<div class='uagb-post__text uagb-post__excerpt'>\n\t\t\t\t\tWolt+ to nasze nowe rozwi\u0105zanie subskrypcyjne, kt\u00f3re zapewnia dost\u0119p do atrakcyjnego segmentu u\u017cytkownik\u00f3w Wolt o&#8230;\t\t\t\t<\/div>\n\t\t\t\t\t\t<div class=\"uagb-post__text uagb-post__cta wp-block-button\">\n\t\t\t\t<a class=\"wp-block-button__link uagb-text-link\" style=\"\" href=\"https:\/\/wolt-store.com\/pol\/news-post-2\/\" target=\"_self\" rel=\"bookmark noopener noreferrer\">WI\u0118CEJ INFORMACJI<\/a>\n\t\t\t<\/div>\n\t\t\t\n\t\t\t\t\t\t\t\t\t<\/article>\n\t\t\t\t\t\t\t\t\t\t\t\t\t\t\t\t<article class=\"uagb-post__inner-wrap\">\t\t\t\t\t\t\t\t<div class='uagb-post__image'>\n\t\t\t\t\t\t\t\t\t<a href=\"https:\/\/wolt-store.com\/pol\/news-post-1\/\" target=\"_self\" rel=\"bookmark noopener noreferrer\" class='uagb-image-ratio-inherit'><img loading=\"lazy\" decoding=\"async\" width=\"684\" height=\"563\" src=\"https:\/\/wolt-store.com\/content\/uploads\/sites\/43\/2023\/02\/Wolt-Drive.png\" class=\"attachment-large size-large\" alt=\"\" srcset=\"https:\/\/wolt-store.com\/content\/uploads\/sites\/43\/2023\/02\/Wolt-Drive.png 684w, https:\/\/wolt-store.com\/content\/uploads\/sites\/43\/2023\/02\/Wolt-Drive-300x247.png 300w, https:\/\/wolt-store.com\/content\/uploads\/sites\/43\/2023\/02\/Wolt-Drive-600x494.png 600w, https:\/\/wolt-store.com\/content\/uploads\/sites\/43\/2023\/02\/Wolt-Drive-64x53.png 64w\" sizes=\"auto, (max-width: 684px) 100vw, 684px\" \/>\t\t\t\t\t<\/a>\n\t\t\t\t\t\t\t<\/div>\n\t\t\t\t\t\t<h4 class=\"uagb-post__title uagb-post__text\">\n\t\t\t\t<a href=\"https:\/\/wolt-store.com\/pol\/news-post-1\/\" target=\"_self\" rel=\"bookmark noopener noreferrer\">Wolt Drive<\/a>\n\t\t\t<\/h4>\n\t\t\t\t\t\t<div class='uagb-post__text uagb-post-grid-byline'>\n\t\t\t\t\t\t\t\t<time datetime=\"2023-04-19T10:19:36+02:00\" class=\"uagb-post__date\">\n\t\t\t\t<span class=\"dashicons-calendar dashicons\"><\/span>\t\t\t\t\t19. kwietnia 2023\t\t\t\t<\/time>\n\t\t\t\t\t\t\t<span class=\"uagb-post__comment\">\n\t\t\t\t<span class=\"dashicons-admin-comments dashicons\"><\/span>\t\t\t\t\tBrak komentarzy\t\t\t\t<\/span>\n\t\t\t\t\t\t<\/div>\n\t\t\t\t\t\t\t<div class='uagb-post__text uagb-post__excerpt'>\n\t\t\t\t\tWolt Drive to zaufany partner w zakresie szybkich i niezawodnych dostaw na ostatnim odcinku. Twoi&#8230;\t\t\t\t<\/div>\n\t\t\t\t\t\t<div class=\"uagb-post__text uagb-post__cta wp-block-button\">\n\t\t\t\t<a class=\"wp-block-button__link uagb-text-link\" style=\"\" href=\"https:\/\/wolt-store.com\/pol\/news-post-1\/\" target=\"_self\" rel=\"bookmark noopener noreferrer\">WI\u0118CEJ INFORMACJI<\/a>\n\t\t\t<\/div>\n\t\t\t\n\t\t\t\t\t\t\t\t\t<\/article>\n\t\t\t\t\t\t\t\t\t\t\t<\/div>\n\t\t\t\n\n\n<ul class=\"wp-block-list\">\n<li><\/li>\n<\/ul>\n","protected":false},"excerpt":{"rendered":"<p>zestawy startowe Samochodowy zestaw startowy Rowerowy zestaw startowy PREMIUM ZESTAW STARTOWY \u2013 SAMOCH\u00d3D PREMIUM ZESTAW STARTOWY \u2013 ROWER\/SKUTER Nasze bestsellery Aktualno\u015bci<\/p>\n","protected":false},"author":1,"featured_media":0,"parent":0,"menu_order":0,"comment_status":"closed","ping_status":"closed","template":"","meta":{"_acf_changed":false,"_uag_custom_page_level_css":"","_editorskit_title_hidden":false,"_editorskit_reading_time":1,"_editorskit_is_block_options_detached":false,"_editorskit_block_options_position":"{}","site-sidebar-layout":"default","site-content-layout":"","ast-site-content-layout":"default","site-content-style":"default","site-sidebar-style":"default","ast-global-header-display":"","ast-banner-title-visibility":"","ast-main-header-display":"","ast-hfb-above-header-display":"","ast-hfb-below-header-display":"","ast-hfb-mobile-header-display":"","site-post-title":"disabled","ast-breadcrumbs-content":"","ast-featured-img":"","footer-sml-layout":"","ast-disable-related-posts":"","theme-transparent-header-meta":"","adv-header-id-meta":"","stick-header-meta":"","header-above-stick-meta":"","header-main-stick-meta":"","header-below-stick-meta":"","astra-migrate-meta-layouts":"set","ast-page-background-enabled":"default","ast-page-background-meta":{"desktop":{"background-color":"var(--ast-global-color-4)","background-image":"","background-repeat":"repeat","background-position":"center center","background-size":"auto","background-attachment":"scroll","background-type":"","background-media":"","overlay-type":"","overlay-color":"","overlay-opacity":"","overlay-gradient":""},"tablet":{"background-color":"","background-image":"","background-repeat":"repeat","background-position":"center center","background-size":"auto","background-attachment":"scroll","background-type":"","background-media":"","overlay-type":"","overlay-color":"","overlay-opacity":"","overlay-gradient":""},"mobile":{"background-color":"","background-image":"","background-repeat":"repeat","background-position":"center center","background-size":"auto","background-attachment":"scroll","background-type":"","background-media":"","overlay-type":"","overlay-color":"","overlay-opacity":"","overlay-gradient":""}},"ast-content-background-meta":{"desktop":{"background-color":"var(--ast-global-color-5)","background-image":"","background-repeat":"repeat","background-position":"center center","background-size":"auto","background-attachment":"scroll","background-type":"","background-media":"","overlay-type":"","overlay-color":"","overlay-opacity":"","overlay-gradient":""},"tablet":{"background-color":"var(--ast-global-color-5)","background-image":"","background-repeat":"repeat","background-position":"center center","background-size":"auto","background-attachment":"scroll","background-type":"","background-media":"","overlay-type":"","overlay-color":"","overlay-opacity":"","overlay-gradient":""},"mobile":{"background-color":"var(--ast-global-color-5)","background-image":"","background-repeat":"repeat","background-position":"center center","background-size":"auto","background-attachment":"scroll","background-type":"","background-media":"","overlay-type":"","overlay-color":"","overlay-opacity":"","overlay-gradient":""}},"footnotes":""},"class_list":["post-550","page","type-page","status-publish","hentry"],"acf":[],"uagb_featured_image_src":{"full":false,"thumbnail":false,"medium":false,"medium_large":false,"large":false,"1536x1536":false,"2048x2048":false,"post-thumbnail":false,"gform-image-choice-sm":false,"gform-image-choice-md":false,"gform-image-choice-lg":false,"woocommerce_thumbnail":false,"woocommerce_single":false,"woocommerce_gallery_thumbnail":false,"dgwt-wcas-product-suggestion":false},"uagb_author_info":{"display_name":"maksimer","author_link":"https:\/\/wolt-store.com\/pol\/author\/maksimer\/"},"uagb_comment_info":0,"uagb_excerpt":"zestawy startowe Samochodowy zestaw startowy Rowerowy zestaw startowy PREMIUM ZESTAW STARTOWY \u2013 SAMOCH\u00d3D PREMIUM ZESTAW STARTOWY \u2013 ROWER\/SKUTER Nasze bestsellery Aktualno\u015bci","_links":{"self":[{"href":"https:\/\/wolt-store.com\/pol\/wp-json\/wp\/v2\/pages\/550","targetHints":{"allow":["GET"]}}],"collection":[{"href":"https:\/\/wolt-store.com\/pol\/wp-json\/wp\/v2\/pages"}],"about":[{"href":"https:\/\/wolt-store.com\/pol\/wp-json\/wp\/v2\/types\/page"}],"author":[{"embeddable":true,"href":"https:\/\/wolt-store.com\/pol\/wp-json\/wp\/v2\/users\/1"}],"replies":[{"embeddable":true,"href":"https:\/\/wolt-store.com\/pol\/wp-json\/wp\/v2\/comments?post=550"}],"version-history":[{"count":4,"href":"https:\/\/wolt-store.com\/pol\/wp-json\/wp\/v2\/pages\/550\/revisions"}],"predecessor-version":[{"id":3680,"href":"https:\/\/wolt-store.com\/pol\/wp-json\/wp\/v2\/pages\/550\/revisions\/3680"}],"wp:attachment":[{"href":"https:\/\/wolt-store.com\/pol\/wp-json\/wp\/v2\/media?parent=550"}],"curies":[{"name":"wp","href":"https:\/\/api.w.org\/{rel}","templated":true}]}}