{"id":2393,"date":"2024-04-25T15:42:15","date_gmt":"2024-04-25T13:42:15","guid":{"rendered":"https:\/\/wolt-store.com\/rs\/?page_id=2393"},"modified":"2024-07-22T16:51:31","modified_gmt":"2024-07-22T14:51:31","slug":"impressum","status":"publish","type":"page","link":"https:\/\/wolt-store.com\/rs\/impressum\/","title":{"rendered":"Impressum"},"content":{"rendered":"\n<p>Wolt&nbsp;Enterprises Deutschland GmbH<\/p>\n\n\n\n<p><strong>Post- und Gesch\u00e4ftsanschrift<\/strong>: <\/p>\n\n\n\n<p>Wolt&nbsp;Enterprises Deutschland GmbH <\/p>\n\n\n\n<p>Stralauer Allee 6 <\/p>\n\n\n\n<p>10245 Berlin Deutschland<\/p>\n\n\n\n<p><\/p>\n\n\n\n<p> <strong>Email<\/strong>:&nbsp;<a href=\"mailto:support@wolt.com\">support@wolt.com<\/a> <\/p>\n\n\n\n<p><\/p>\n\n\n\n<p><strong>Nur f\u00fcr deutsche Beh\u00f6rden:<\/strong> <\/p>\n\n\n\n<p>Email:&nbsp;<a href=\"mailto:behoerdenanfragen@wolt.com\">behoerdenanfragen@wolt.com<\/a> <\/p>\n\n\n\n<p><\/p>\n\n\n\n<p><strong>Gesch\u00e4ftsf\u00fchrer<\/strong>: Bassel Soukar<\/p>\n\n\n\n<p><strong>Prokuristen<\/strong>: Henrik Riedl, Aksana Lukyanenko-Sarac<\/p>\n\n\n\n<p><strong>Registergericht<\/strong>: Amtsgericht Berlin Charlottenburg<\/p>\n\n\n\n<p><strong>Handelsregisternummer<\/strong>: HRB 217122 B <\/p>\n\n\n\n<p><strong>Umsatzsteuer-Identifikationsnummer<\/strong>: DE331661023<\/p>\n\n\n\n<p>Link zur Plattform f\u00fcr die Online-Streitbeilegung der Europ\u00e4ischen Kommission:&nbsp;<a href=\"http:\/\/ec.europa.eu\/consumers\/odr\/\">http:\/\/ec.europa.eu\/consumers\/odr\/<\/a> Wolt&nbsp;Enterprises Deutschland GmbH ist nicht bereit oder verpflichtet, an Streitbeilegungsverfahren vor einer Verbraucherschlichtungsstelle teilzunehmen.<\/p>\n\n\n\n<p>Die Wolt Enterprises Deutschland GmbH ist bio-zertifiziert. Unsere \u00d6ko-Kontrollstellennummer lautet: DE-\u00d6KO-007.<\/p>\n","protected":false},"excerpt":{"rendered":"<p>Wolt&nbsp;Enterprises Deutschland GmbH Post- und Gesch\u00e4ftsanschrift: Wolt&nbsp;Enterprises Deutschland GmbH Stralauer Allee 6 10245 Berlin Deutschland Email:&nbsp;support@wolt.com Nur f\u00fcr deutsche Beh\u00f6rden: Email:&nbsp;behoerdenanfragen@wolt.com Gesch\u00e4ftsf\u00fchrer: Bassel Soukar Prokuristen: Henrik Riedl, Aksana Lukyanenko-Sarac Registergericht: Amtsgericht Berlin Charlottenburg Handelsregisternummer: HRB 217122 B Umsatzsteuer-Identifikationsnummer: DE331661023 Link zur Plattform f\u00fcr die Online-Streitbeilegung der Europ\u00e4ischen Kommission:&nbsp;http:\/\/ec.europa.eu\/consumers\/odr\/ Wolt&nbsp;Enterprises Deutschland GmbH ist nicht bereit oder [&hellip;]<\/p>\n","protected":false},"author":10001905,"featured_media":0,"parent":0,"menu_order":0,"comment_status":"closed","ping_status":"closed","template":"","meta":{"_acf_changed":false,"_uag_custom_page_level_css":"","_editorskit_title_hidden":false,"_editorskit_reading_time":0,"_editorskit_is_block_options_detached":false,"_editorskit_block_options_position":"{}","site-sidebar-layout":"default","site-content-layout":"","ast-site-content-layout":"default","site-content-style":"default","site-sidebar-style":"default","ast-global-header-display":"","ast-banner-title-visibility":"","ast-main-header-display":"","ast-hfb-above-header-display":"","ast-hfb-below-header-display":"","ast-hfb-mobile-header-display":"","site-post-title":"","ast-breadcrumbs-content":"","ast-featured-img":"","footer-sml-layout":"","ast-disable-related-posts":"","theme-transparent-header-meta":"","adv-header-id-meta":"","stick-header-meta":"","header-above-stick-meta":"","header-main-stick-meta":"","header-below-stick-meta":"","astra-migrate-meta-layouts":"set","ast-page-background-enabled":"default","ast-page-background-meta":{"desktop":{"background-color":"var(--ast-global-color-4)","background-image":"","background-repeat":"repeat","background-position":"center center","background-size":"auto","background-attachment":"scroll","background-type":"","background-media":"","overlay-type":"","overlay-color":"","overlay-opacity":"","overlay-gradient":""},"tablet":{"background-color":"","background-image":"","background-repeat":"repeat","background-position":"center center","background-size":"auto","background-attachment":"scroll","background-type":"","background-media":"","overlay-type":"","overlay-color":"","overlay-opacity":"","overlay-gradient":""},"mobile":{"background-color":"","background-image":"","background-repeat":"repeat","background-position":"center center","background-size":"auto","background-attachment":"scroll","background-type":"","background-media":"","overlay-type":"","overlay-color":"","overlay-opacity":"","overlay-gradient":""}},"ast-content-background-meta":{"desktop":{"background-color":"var(--ast-global-color-5)","background-image":"","background-repeat":"repeat","background-position":"center center","background-size":"auto","background-attachment":"scroll","background-type":"","background-media":"","overlay-type":"","overlay-color":"","overlay-opacity":"","overlay-gradient":""},"tablet":{"background-color":"var(--ast-global-color-5)","background-image":"","background-repeat":"repeat","background-position":"center center","background-size":"auto","background-attachment":"scroll","background-type":"","background-media":"","overlay-type":"","overlay-color":"","overlay-opacity":"","overlay-gradient":""},"mobile":{"background-color":"var(--ast-global-color-5)","background-image":"","background-repeat":"repeat","background-position":"center center","background-size":"auto","background-attachment":"scroll","background-type":"","background-media":"","overlay-type":"","overlay-color":"","overlay-opacity":"","overlay-gradient":""}},"footnotes":""},"class_list":["post-2393","page","type-page","status-publish","hentry"],"acf":[],"uagb_featured_image_src":{"full":false,"thumbnail":false,"medium":false,"medium_large":false,"large":false,"1536x1536":false,"2048x2048":false,"post-thumbnail":false,"gform-image-choice-sm":false,"gform-image-choice-md":false,"gform-image-choice-lg":false,"woocommerce_thumbnail":false,"woocommerce_single":false,"woocommerce_gallery_thumbnail":false,"dgwt-wcas-product-suggestion":false},"uagb_author_info":{"display_name":"alina","author_link":"https:\/\/wolt-store.com\/rs\/author\/alina\/"},"uagb_comment_info":0,"uagb_excerpt":"Wolt&nbsp;Enterprises Deutschland GmbH Post- und Gesch\u00e4ftsanschrift: Wolt&nbsp;Enterprises Deutschland GmbH Stralauer Allee 6 10245 Berlin Deutschland Email:&nbsp;support@wolt.com Nur f\u00fcr deutsche Beh\u00f6rden: Email:&nbsp;behoerdenanfragen@wolt.com Gesch\u00e4ftsf\u00fchrer: Bassel Soukar Prokuristen: Henrik Riedl, Aksana Lukyanenko-Sarac Registergericht: Amtsgericht Berlin Charlottenburg Handelsregisternummer: HRB 217122 B Umsatzsteuer-Identifikationsnummer: DE331661023 Link zur Plattform f\u00fcr die Online-Streitbeilegung der Europ\u00e4ischen Kommission:&nbsp;http:\/\/ec.europa.eu\/consumers\/odr\/ Wolt&nbsp;Enterprises Deutschland GmbH ist nicht bereit oder&hellip;","_links":{"self":[{"href":"https:\/\/wolt-store.com\/rs\/wp-json\/wp\/v2\/pages\/2393","targetHints":{"allow":["GET"]}}],"collection":[{"href":"https:\/\/wolt-store.com\/rs\/wp-json\/wp\/v2\/pages"}],"about":[{"href":"https:\/\/wolt-store.com\/rs\/wp-json\/wp\/v2\/types\/page"}],"author":[{"embeddable":true,"href":"https:\/\/wolt-store.com\/rs\/wp-json\/wp\/v2\/users\/10001905"}],"replies":[{"embeddable":true,"href":"https:\/\/wolt-store.com\/rs\/wp-json\/wp\/v2\/comments?post=2393"}],"version-history":[{"count":2,"href":"https:\/\/wolt-store.com\/rs\/wp-json\/wp\/v2\/pages\/2393\/revisions"}],"predecessor-version":[{"id":2782,"href":"https:\/\/wolt-store.com\/rs\/wp-json\/wp\/v2\/pages\/2393\/revisions\/2782"}],"wp:attachment":[{"href":"https:\/\/wolt-store.com\/rs\/wp-json\/wp\/v2\/media?parent=2393"}],"curies":[{"name":"wp","href":"https:\/\/api.w.org\/{rel}","templated":true}]}}