{"id":345,"date":"2023-02-15T07:55:33","date_gmt":"2023-02-15T07:55:33","guid":{"rendered":"https:\/\/wolt-store.com\/rs\/?page_id=345"},"modified":"2026-02-25T16:28:15","modified_gmt":"2026-02-25T15:28:15","slug":"privacy-policy","status":"publish","type":"page","link":"https:\/\/wolt-store.com\/rs\/privacy-policy\/","title":{"rendered":"Privacy Policy"},"content":{"rendered":"\n<p><strong>Wolt Store Online Privacy Statement&nbsp;<\/strong><\/p>\n\n\n\n<p><br>1. About this Privacy<br>Statement<br>At Wolt, we take data protection seriously. Privacy and information<br>security are at the heart of Wolt. This Wolt Store Online Privacy<br>Statement (hereinafter the \u201cPrivacy Statement\u201d) describes the key<br>principles and practices we abide in order to ensure your privacy is<br>respected while visiting website www.wolt-store.com\/cz and ordering<br>goods on Wolt Store Online (hereinafter collectively \u201cwebsite\u201d) with us<br>directly as a courier partner, service provider or other partner<br>(collectively also as \u201cyou\u201d or \u201ccustomer\u201d). Website and this online<br>store is meant for existing merchants and courier partners of Wolt.<br>Wolt Enterprises Oy, local country-specific Wolt companies and<br>DoorDash Inc. belonging to the same group of companies (hereinafter<br>jointly \u201cWolt\u201d or \u201cwe) process your personal data as a customer and<br>visitor of this website.<br>This Privacy Statement outlines the types of personal data we collect<br>and how we process that data on this website and your rights as a data<br>subject.<br>We may update this Privacy Statement from time to time to reflect<br>changes in our data processing practices or for other reasons. The<br>most current version of the Privacy Statement can be found on our<br>website, www.wolt-store.com\/cz. We will not make substantial<br>changes to the Privacy Statement or reduce the rights of our website<br>visitors without providing notice thereof.<br>Please note that this Privacy Statement applies only to our website and<br>not to any other services provided by Wolt. If you use other Wolt<br>services, please refer to the applicable privacy policy or statement for<br>information about how we process your personal data in connection<br>with those services.<\/p>\n\n\n\n<p><\/p>\n\n\n\n<p>2. DATA CONTROLLERS<br>In relation to the processing of personal data in context in this website Wolt<br>Enterprises Oy and the local Wolt group company are acting as joint<br>controllers. This means that Wolt Enterprises Oy and the local Wolt group<br>company together determine the purposes for and means by which personal<br>data is processed. Wolt is part of DoorDash, Inc., a technology company with<br>an official address at 303 2nd St, Suite 800, San Francisco, CA 94107, USA.<br>We form one team and sometimes we can decide together on processing of<br>personal data.<br>The country-specific joint controllers are listed below and is determined<br>according to which company you have a valid service or partner agreement<br>with:<br>Country Group Legal entities<br>Austria WOLT AUSTRIA GMBH<br>Business ID: FN 596406 v<br>Sterngasse 13<br>1010, Wien, Austria<br>Azerbaijan WOLT AZERBAIJAN LIMITED LIABILITY COMPANY<br>(In Azerbaijani: VOLT AZ\u018fRBAYCAN M\u018fHDUD M\u018fSUL\u0130YY\u018fTL\u0130<br>C\u018fM\u0130YY\u018fT\u0130)<br>Business ID: 1404631321<br>Hyatt Tower 2, 4th floor, 8 Izmir street, Yasamal district<br>AZ 1065, Baku, Azerbaijan<br>Croatia Wolt Zagreb d.o.o.<br>Business ID: OIB: 25531986377 \/ MBS: 081193190<br>Kuzmine\u010dka ulica 10A<br>10000, Zagreb, Croatia<br>Cyprus Wolt Cyprus Limited<br>Business ID: HE 404490<br>Digeni Akrita 26<br>1055, Nicosia, Cyprus<\/p>\n\n\n\n<p><\/p>\n\n\n\n<p>Czech<br>Republic<br>Wolt \u010cesko s.r.o.<br>Business ID: 070 30 550<br>Hole\u0161ovice, Bubensk\u00e1 1477\/1, PS\u010c<br>170 00, Prague 7, Czech Republic<br>Denmark Wolt Danmark ApS<br>Business ID: 37 54 04 47<br>Borgergade 10, 2 sal.<br>1300, Copenhagen K, Denmark<br>Estonia Wolt Eesti O\u00fc<br>Business ID: 14044231<br>Aia tn 10 a<br>10111, Tallinn, Estonia<br>Finland Wolt Enterprises Oy<br>Business ID: 2646674-9<br>Arkadiankatu 6,<br>00100, Helsinki, Finland<br>Georgia Wolt Georgia LLC<br>Business ID: 405260042<br>Chugureti District, D. Agmashenebeli ave., N 61<br>0102, Tbilisi, Georgia<br>Germany Wolt Enterprises Deutschland GmbH<br>Business ID: HRB 229535 B<br>Stralauer allee 6,<br>10245 Berlin, Germany<br>Greece Wolt Technologies Greece Provision of Food Services S.A.<br>Business ID: 147811001000<br>80 Mihalakopoulou Street, P.O.<br>11528, Athens, Greece<br>Hungary Wolt Magyarorsz\u00e1g Kft<br>Business ID: 01-09-322693<br>Sal\u00e9trom utca 4. F\u00f6ldszint,<br>1085, Budapest, Hungary<br>Wolt Delivery Hungary<br>Wolt Delivery Magyarorsz\u00e1g Kft<br>Business ID: 01-09-390993<br>Sal\u00e9trom utca 4. F\u00f6ldszint,<\/p>\n\n\n\n<p><\/p>\n\n\n\n<p>1085, Budapest, Hungary<br>Iceland Wolt Iceland ehf.<br>Business ID: 640123-1170<br>Wolt Enterprises Iceland ehf.<br>Bjargargata 1<br>102 Reykjavik<br>Israel Wolt Enterprises Israel Ltd<br>Business ID: 515887156<br>Hamelacha 8 street Tel Aviv<br>6721508, Tel Aviv, Israel<br>Japan Wolt Japan K.K.<br>Business ID: 0100-01-204751<br>Shibuya City, 4-ch\u014dme-3-14 Ebisu,<br>150-0013, Tokyo, Japan<br>Kazakhstan Wolt Technologies Kazakhstan LLP<br>Business ID: 190540026305<br>Adi Sharipov street 92, 5th floor.<br>050012, Almaty, Kazakhstan<br>Latvia Wolt Latvija SIA<br>Business ID: 40203027461<br>Elizabetes iela 45\/47,<br>LV-1010, Riga, Latvia<br>Lithuania UAB Wolt LT<br>Number in the Chamber of Commerce: 304573947<br>Go\u0161tauto g. 12A,<br>LT-01108, Vilnius, Lithuania<br>Malta Wolt Malta Limited<br>Reg. Number: C 94616<br>171, Old Bakery Street,<br>VLT 1455, Valletta, Malta<br>Norway Wolt Norway AS<br>Business ID: 920 464 254<br>Kongens gate 4,<br>0153 Oslo, Norway<\/p>\n\n\n\n<p><\/p>\n\n\n\n<p>Poland Wolt Polska Sp. z o. o.<br>Business ID: 0000745637<br>Ul. Zlota 59. Budynek Lumen, 8 pietro,<br>00-120, Warsaw, Poland<br>Serbia Wolt d.o.o. Beograd-Stari Grad<br>Business ID: 21408930<br>Bulevar Vojvode Bojovica 8,<br>11000, Stari Grad Beograd, Serbia<br>Slovakia Wolt Slovensko s. r. o.<br>Business ID: 52 396 771<br>Nivy Tower, Mlynske Nivy 18890\/5,,<br>811 09, Bratislava, Slovak Republic<br>Slovenia Wolt, tehnologije d.o.o. Ljubljana<br>Business ID: 8273006000<br>Parmova ulica 53,<br>1000, Ljubljana, Slovenia<br>Sweden Wolt Sverige AB<br>Business ID: 559049-2335<br>H\u00e4lsingegatan 47,<br>11331, Stockholm, Sweden<br>Wolt Enterprises Oy has been appointed responsible for handling all data<br>subject requests and questions relating to the personal data processing of<br>the Wolt group on behalf of the local joint controllers.<br>3. How can you contact<br>us?<br>For any questions that relate to personal data in existing, past or future<br>courier partnership or other cooperation with Wolt, contact Support through<br>application or email: support@wolt.com.<br>Data Protection Officer: Wolt Enterprises Oy has appointed a data protection<br>officer who you can reach through the above contact details or by sending e-<br>mail to: privacy@wolt.com.<\/p>\n\n\n\n<p><\/p>\n\n\n\n<p>4. What data we collect<br>and why?<br>4.1 Why do we process personal data?<br>We process personal data only to the extent necessary and<br>appropriate for the specific processing purposes. Please note that one<br>or more of the following purposes and legal grounds may apply<br>simultaneously.<br>Firstly, we process your personal data in order to comply with our<br>contractual obligations, for example to the extent necessary to:<br>\uf0b7 perform the contract between you and Wolt and for purposes of<br>managing and delivering your orders as well as communicating<br>with you about changes to terms and conditions, privacy policies,<br>or other important changes related to the contract;<br>\uf0b7 handle your payments or any refunds (where applicable) and to<br>provide our partners with the information necessary for the<br>preparation or delivery of your order; and<br>\uf0b7 to answer your questions or solve your support cases if you<br>contact us.<br>Secondly, we may process your personal data if there is an appropriate<br>and justifiable interest (that is, a legitimate interest) to run, maintain<br>and develop our business or to create and maintain customer<br>relationships. When choosing to use your data on the basis of our<br>legitimate interests, we weigh our own interests against your right to<br>privacy and, for example, provide you with easy to use opt-out from<br>our marketing communications and use pseudonymized or non-<br>personally identifiable data when possible. You have the right to object<br>processing of your data on the basis of legitimate interest. However,<br>Wolt can refuse such an objection in accordance with applicable<\/p>\n\n\n\n<p><\/p>\n\n\n\n<p>legislation, for example, if the processing is necessary for preparing,<br>exercising or defending legal claims.<br>We process your personal data to the extent necessary and based on<br>legitimate interest, for example, to:<br>\uf0b7 claims handling, debt collection and legal processes. We may<br>also process data for the prevention of fraud, misuse of our<br>services and for information, system and network security and<br>safety.<br>\uf0b7 contact you regarding the Wolt\u2019 services and to inform you of<br>changes relating to them or asking for your review or feedback<br>on Wolt\u2019s services.<br>\uf0b7 market the Wolt services to you or show you targeted or<br>personalized advertisements through Wolt services or send you<br>otherwise targeted marketing of services or products that may be<br>of your interest. Please note that if required by applicable law<br>processing of personal data for marketing purposes will be based<br>on your consent (see also section \u201cDirect Marketing\u201d below).<br>\uf0b7 improve the quality of the Wolt services and develop our<br>business, for example, by analyzing any trends in the use of the<br>Wolt services by processing data related to your use of Wolt<br>services.<br>\uf0b7 ensure that our services are in line with your needs, personal<br>data can be used for things like customer satisfaction surveys.<br>When possible, we will do this using only aggregated, non-<br>personally identifiable data.<br>\uf0b7 process your data within the Wolt group of companies<br>Further, we may process your personal data to administer and fulfill<br>our legal obligations. This includes data processed for complying with<br>our bookkeeping obligations and providing information to relevant<br>authorities such as tax authorities or law enforcement authorities in<br>accordance with mandatory legal provisions.<br>We may also request you to grant your consent for the processing of<br>personal data for a specific purpose. For example, use of non-essential<br>cookies is subject to such a consent. If processing of your personal<br>data is based on your consent, you may withdraw it at any time by<br>contacting us or amending the respective consent setting.<br>4.2 Personal data processed<\/p>\n\n\n\n<p><\/p>\n\n\n\n<p>We process personal data only to the extent necessary and appropriate for<br>the specific processing purpose in accordance with this Privacy Statement.<br>When you visit the website and order goods from Wolt Store Online, we<br>may collect and process the following information about you if necessary<br>and required for the purposes described above:<br>Identification and<br>account information \uf0b7 Full name<br>\uf0b7 Email address<br>\uf0b7 Phone number<br>\uf0b7 Unique courier ID<br>\uf0b7 Billing and shipping address<br>\uf0b7 Country<br>Order information and<br>contractual obligations \uf0b7 Payment information (including credit card<br>numbers via our payment provider)<br>\uf0b7 VAT or tax ID<br>\uf0b7 Vehicle type (if necessary to provide the<br>vehicle-specific kit)<br>Communication \uf0b7 Communication (incl. emails and phone<br>recordings) between you and Wolt<br>Information related to<br>the provision and usage<br>of website &amp; online store<br>\uf0b7 Access and usage data of the website (incl.<br>what sites or products you view and how you<br>interact with the website). For further<br>information see also section \u201cCookies\u201d<br>below.<br>\uf0b7 Customer credentials<br>\uf0b7 Log information and associated data<br>Cookies<br>A cookie is a small amount of information that\u2019s downloaded to your computer<br>or device when you visit our Site. We use a number of different cookies,<\/p>\n\n\n\n<p><\/p>\n\n\n\n<p>including functional, performance, advertising, and social media or content<br>cookies. Cookies make your browsing experience better by allowing the website<br>to remember your actions and preferences (such as login and region selection).<br>This means you don\u2019t have to re-enter this information each time you return to<br>the site or browse from one page to another. Cookies also provide information<br>on how people use the website, for instance, whether it\u2019s their first time visiting<br>or if they are a frequent visitor. For further information on our use of cookies or<br>if you would like to adjust your cookies settings please click here.<br>5. TRANSFER TO<br>COUNTRIES OUTSIDE<br>EUROPE<br>Wolt stores your personal data primarily within the European Economic Area.<br>However, we have service providers, operations and group companies in<br>several geographical locations. As such, we and our service providers may<br>transfer your personal data to, or process it in, jurisdictions outside the<br>European Economic Area (for example in the USA).<br>We will take steps to ensure that your personal data receives an adequate<br>level of protection in the jurisdictions in which they are processed. We<br>provide appropriate and adequate protection for the transfers of personal<br>data to countries outside of the European Economic Area through a series of<br>agreements with our service providers based on the Standard Contractual<br>Clauses or through other appropriate safeguards.<br>More information regarding the transfers of personal data may be obtained<br>by contacting us on any of the addresses indicated above.<br>6. Whom we share<br>your personal data with<br>We only share your personal data within the organization of Wolt if and as far<br>as reasonably necessary for the purposes of this Privacy Statement.<\/p>\n\n\n\n<p><\/p>\n\n\n\n<p>We do not share your personal data with third parties outside of Wolt\u2019s<br>organization unless one of the following circumstances applies:<br>For the purposes set out in this Privacy Statement and to authorized service<br>providers<br>We may share your personal data to comply with applicable laws and<br>regulations, to respond to a subpoena, search warrant or other lawful<br>requests for information we receive, or to otherwise protect our rights.<br>Furthermore, we may provide your personal data to our group companies or<br>to authorized service providers who perform services for us (including data<br>storage, accounting, sales and marketing and payment fraud prevention) to<br>process it for us and to payment service providers to process your payments<br>to us.<br>When data is processed by third parties on behalf of Wolt, Wolt has taken the<br>appropriate contractual and organizational measures to ensure that your<br>data are processed exclusively for the purposes specified in this Privacy<br>Statement and in accordance with all applicable laws and regulations and<br>subject to our instructions and appropriate obligations of confidentiality and<br>security measures.<br>For legal reasons and legal processes<br>We may share your personal data with third parties outside Wolt if we have a<br>good-faith belief that access to and use of the personal data is reasonably<br>necessary to: (i) meet any applicable law, regulation, and\/or court order; (ii)<br>detect, prevent, or otherwise address fraud, crime, security or technical<br>issues; and\/or (iii) protect the interests, properties or safety of Wolt, the<br>Customers or the public as far as in accordance with the law. When possible,<br>we will inform you about such processing.<br>For other legitimate reasons<br>If Wolt is involved in a merger, acquisition or asset sale, we may transfer<br>your personal data to the third party involved. However, we will continue to<br>ensure the confidentiality of all personal data. We will give notice to all the<br>customers concerned when the personal data are transferred or become<br>subject to a different privacy statement.<br>With your explicit consent<br>We may share your personal data with third parties outside Wolt when we<br>have your explicit consent to do so. You have the right to withdraw this<br>consent at all times free of charge, for example, by contacting us.<\/p>\n\n\n\n<p><\/p>\n\n\n\n<p>7. How long we store<br>your data?<br>Wolt does not store your personal data longer than is legally permitted and<br>necessary for the purposes of providing the services or the relevant parts<br>thereof. The storage period depends on the nature of the information and on<br>the purposes of processing. The maximum period may therefore vary per<br>use.<br>You have always right to request us to delete your personal data. In such<br>case your personal data may be stored only as long as such processing is<br>required by law or is reasonably necessary for our legal obligations or<br>legitimate interests such as claims handling, bookkeeping, internal reporting<br>and reconciliation purposes. These legal obligations and legitimate interests<br>have different legal retention periods which we must observe. Therefore the<br>retention periods vary according to local legal requirements. When the<br>retention period has expired, the stored data will be deleted accordingly.<br>We assess regularly the storage period for personal data to ensure the data<br>is stored only for the necessary time period.<br>8. YOUR RIGHTS<br>Right of access<br>You have the right to access and be informed about your personal data<br>processed by us. We give you the possibility to view certain data through<br>your customer account with the Wolt Services or request a copy of your<br>personal data by contacting us.<br>Right to withdraw consent<br>In case the processing is based on a consent granted by the Customer, the<br>Customer may withdraw the consent at any time free of charge. Withdrawing<br>a consent may lead to fewer possibilities to use the Wolt Services. The<br>withdrawal of consent does not affect the lawfulness of processing based on<br>consent before its withdrawal.<br>Right to rectify<\/p>\n\n\n\n<p><\/p>\n\n\n\n<p>You have the right to have incorrect or incomplete personal data we have<br>stored about you corrected or completed by contacting us. You can correct<br>or update some of your personal data through your Customer account in the<br>Wolt Services.<br>Right to erasure<br>You may also ask us to delete your personal data from our systems. We will<br>comply with such a request unless we have a legitimate ground to not delete<br>the data.<br>Right to object<br>You may have the right to object to certain use of your personal data if such<br>data are processed for other purposes than necessary for the performance of<br>the Wolt Services or for compliance with a legal obligation. If you object to<br>the further processing of your personal data, this may lead to fewer<br>possibilities to use the Wolt Services.<br>Right to restriction of processing<br>You may request us to restrict processing of personal data for example when<br>your data erasure, rectification or objection requests are pending and\/or<br>when we do not have legitimate grounds to process your data. This may<br>however lead to fewer possibilities to use the Wolt Services.<br>Right to data portability<br>You have the right to receive the personal data you have provided to us<br>yourself in a structured and commonly used format and to independently<br>transmit those data to a third party.<br>How to use your rights<br>The abovementioned rights may be used by contacting Wolt support or<br>sending a letter or an e-mail to us on the addresses set out above, including<br>the following information: the full name, address, e-mail address and a<br>phone number. If you have Wolt account we recommend you contacting us<br>through Wolt support as that allows us to identify you more easily. We may<br>request the provision of additional information necessary to confirm the<br>identity of the Customer. We may reject or charge requests that are<br>unreasonably repetitive, excessive or manifestly unfounded.<br>9. DIRECT MARKETING<\/p>\n\n\n\n<p><\/p>\n\n\n\n<p>The Customer has the right to prohibit us from using the Customer\u2019s<br>personal data for direct marketing purposes, market research and profiling<br>made for direct marketing purposes by contacting us on the addresses<br>indicated above or by using the functionalities of the Wolt Services or the<br>unsubscribe possibility offered in connection with any direct marketing<br>messages.<br>10. LODGING A<br>COMPLAINT<br>In case you consider our processing of personal data to be inconsistent with<br>the applicable data protection laws, you may lodge a complaint to the local<br>supervisory data protection authority.<br>11. INFORMATION<br>SECURITY<br>We use administrative, organizational, technical, and physical safeguards to<br>protect the personal data we collect and process. Measures include for<br>example, where appropriate, encryption, pseudonymization, firewalls, secure<br>facilities and access right systems. Our security controls are designed to<br>maintain an appropriate level of data confidentiality, integrity, availability,<br>resilience and ability to restore the data. We regularly test the Wolt Services,<br>systems, and other assets for security vulnerabilities. Furthermore, access to<br>personal data by employees of Wolt is restricted and access is subject to<br>what is necessary for purposes of the employee\u2019s work assignments.<\/p>\n\n\n\n<p><\/p>\n","protected":false},"excerpt":{"rendered":"<p>Wolt Store Online Privacy Statement&nbsp; 1. About this PrivacyStatementAt Wolt, we take data protection seriously. Privacy and informationsecurity are at the heart of Wolt. This Wolt Store Online PrivacyStatement (hereinafter the \u201cPrivacy Statement\u201d) describes the keyprinciples and practices we abide in order to ensure your privacy isrespected while visiting website www.wolt-store.com\/cz and orderinggoods on Wolt [&hellip;]<\/p>\n","protected":false},"author":4,"featured_media":0,"parent":0,"menu_order":0,"comment_status":"closed","ping_status":"closed","template":"","meta":{"_acf_changed":false,"_uag_custom_page_level_css":"","_editorskit_title_hidden":false,"_editorskit_reading_time":0,"_editorskit_is_block_options_detached":false,"_editorskit_block_options_position":"{}","site-sidebar-layout":"no-sidebar","site-content-layout":"narrow-container","ast-site-content-layout":"narrow-width-container","site-content-style":"unboxed","site-sidebar-style":"unboxed","ast-global-header-display":"","ast-banner-title-visibility":"","ast-main-header-display":"","ast-hfb-above-header-display":"","ast-hfb-below-header-display":"","ast-hfb-mobile-header-display":"","site-post-title":"","ast-breadcrumbs-content":"","ast-featured-img":"","footer-sml-layout":"","ast-disable-related-posts":"","theme-transparent-header-meta":"","adv-header-id-meta":"","stick-header-meta":"","header-above-stick-meta":"","header-main-stick-meta":"","header-below-stick-meta":"","astra-migrate-meta-layouts":"set","ast-page-background-enabled":"default","ast-page-background-meta":{"desktop":{"background-color":"var(--ast-global-color-4)","background-image":"","background-repeat":"repeat","background-position":"center center","background-size":"auto","background-attachment":"scroll","background-type":"","background-media":"","overlay-type":"","overlay-color":"","overlay-opacity":"","overlay-gradient":""},"tablet":{"background-color":"","background-image":"","background-repeat":"repeat","background-position":"center center","background-size":"auto","background-attachment":"scroll","background-type":"","background-media":"","overlay-type":"","overlay-color":"","overlay-opacity":"","overlay-gradient":""},"mobile":{"background-color":"","background-image":"","background-repeat":"repeat","background-position":"center center","background-size":"auto","background-attachment":"scroll","background-type":"","background-media":"","overlay-type":"","overlay-color":"","overlay-opacity":"","overlay-gradient":""}},"ast-content-background-meta":{"desktop":{"background-color":"var(--ast-global-color-5)","background-image":"","background-repeat":"repeat","background-position":"center center","background-size":"auto","background-attachment":"scroll","background-type":"","background-media":"","overlay-type":"","overlay-color":"","overlay-opacity":"","overlay-gradient":""},"tablet":{"background-color":"var(--ast-global-color-5)","background-image":"","background-repeat":"repeat","background-position":"center center","background-size":"auto","background-attachment":"scroll","background-type":"","background-media":"","overlay-type":"","overlay-color":"","overlay-opacity":"","overlay-gradient":""},"mobile":{"background-color":"var(--ast-global-color-5)","background-image":"","background-repeat":"repeat","background-position":"center center","background-size":"auto","background-attachment":"scroll","background-type":"","background-media":"","overlay-type":"","overlay-color":"","overlay-opacity":"","overlay-gradient":""}},"footnotes":""},"class_list":["post-345","page","type-page","status-publish","hentry"],"acf":[],"uagb_featured_image_src":{"full":false,"thumbnail":false,"medium":false,"medium_large":false,"large":false,"1536x1536":false,"2048x2048":false,"post-thumbnail":false,"gform-image-choice-sm":false,"gform-image-choice-md":false,"gform-image-choice-lg":false,"woocommerce_thumbnail":false,"woocommerce_single":false,"woocommerce_gallery_thumbnail":false,"dgwt-wcas-product-suggestion":false},"uagb_author_info":{"display_name":"christianmathy","author_link":"https:\/\/wolt-store.com\/rs\/author\/christianmathy\/"},"uagb_comment_info":0,"uagb_excerpt":"Wolt Store Online Privacy Statement&nbsp; 1. About this PrivacyStatementAt Wolt, we take data protection seriously. Privacy and informationsecurity are at the heart of Wolt. This Wolt Store Online PrivacyStatement (hereinafter the \u201cPrivacy Statement\u201d) describes the keyprinciples and practices we abide in order to ensure your privacy isrespected while visiting website www.wolt-store.com\/cz and orderinggoods on Wolt&hellip;","_links":{"self":[{"href":"https:\/\/wolt-store.com\/rs\/wp-json\/wp\/v2\/pages\/345","targetHints":{"allow":["GET"]}}],"collection":[{"href":"https:\/\/wolt-store.com\/rs\/wp-json\/wp\/v2\/pages"}],"about":[{"href":"https:\/\/wolt-store.com\/rs\/wp-json\/wp\/v2\/types\/page"}],"author":[{"embeddable":true,"href":"https:\/\/wolt-store.com\/rs\/wp-json\/wp\/v2\/users\/4"}],"replies":[{"embeddable":true,"href":"https:\/\/wolt-store.com\/rs\/wp-json\/wp\/v2\/comments?post=345"}],"version-history":[{"count":3,"href":"https:\/\/wolt-store.com\/rs\/wp-json\/wp\/v2\/pages\/345\/revisions"}],"predecessor-version":[{"id":3191,"href":"https:\/\/wolt-store.com\/rs\/wp-json\/wp\/v2\/pages\/345\/revisions\/3191"}],"wp:attachment":[{"href":"https:\/\/wolt-store.com\/rs\/wp-json\/wp\/v2\/media?parent=345"}],"curies":[{"name":"wp","href":"https:\/\/api.w.org\/{rel}","templated":true}]}}