{"id":339,"date":"2023-02-15T07:54:56","date_gmt":"2023-02-15T07:54:56","guid":{"rendered":"https:\/\/wolt-store.com\/se\/?page_id=339"},"modified":"2024-03-14T12:47:47","modified_gmt":"2024-03-14T11:47:47","slug":"contact","status":"publish","type":"page","link":"https:\/\/wolt-store.com\/se\/contact\/","title":{"rendered":"Kontakta oss"},"content":{"rendered":"\n<p><\/p>\n\n\n\n<p>Tack f\u00f6r att du v\u00e4ljer oss. Vi \u00e4r h\u00e4r f\u00f6r att hj\u00e4lpa dig p\u00e5 alla s\u00e4tt vi kan. Oavsett om du har fr\u00e5gor om v\u00e5ra produkter, beh\u00f6ver hj\u00e4lp med en best\u00e4llning eller har f\u00f6rslag f\u00f6r att f\u00f6rb\u00e4ttra din shoppingupplevelse, \u00e4r v\u00e5rt dedikerade team redo att hj\u00e4lpa dig.<\/p>\n\n\n\n<p>Kundsupport<\/p>\n\n\n\n<p>V\u00e5r kundsupport finns tillg\u00e4nglig f\u00f6r att hj\u00e4lpa dig med alla fr\u00e5gor eller problem du kan ha. Du kan n\u00e5 oss via f\u00f6ljande kanaler:<\/p>\n\n\n\n<p>E-post: partnerssweden@wolt.com<\/p>\n\n\n\n<p>Feedback och f\u00f6rslag<\/p>\n\n\n\n<p>Vi v\u00e4rdes\u00e4tter din feedback och str\u00e4var st\u00e4ndigt efter att f\u00f6rb\u00e4ttra v\u00e5ra tj\u00e4nster. Om du har n\u00e5gra f\u00f6rslag eller kommentarer om hur vi kan f\u00f6rb\u00e4ttra din upplevelse, skicka dem till feedback@woltgearwebshop.com.<\/p>\n\n\n\n<p>Hos Wolt \u00e4r din tillfredsst\u00e4llelse v\u00e5r prioritet. Vi str\u00e4var efter att svara p\u00e5 alla f\u00f6rfr\u00e5gningar inom 24 timmar under vardagar. Tack f\u00f6r att du valde oss som din p\u00e5litliga k\u00e4lla f\u00f6r Wolt kurirutrustning. Vi ser fram emot att hj\u00e4lpa dig!<\/p>\n","protected":false},"excerpt":{"rendered":"<p>Tack f\u00f6r att du v\u00e4ljer oss. Vi \u00e4r h\u00e4r f\u00f6r att hj\u00e4lpa dig p\u00e5 alla s\u00e4tt vi kan. Oavsett om du har fr\u00e5gor om v\u00e5ra produkter, beh\u00f6ver hj\u00e4lp med en best\u00e4llning eller har f\u00f6rslag f\u00f6r att f\u00f6rb\u00e4ttra din shoppingupplevelse, \u00e4r v\u00e5rt dedikerade team redo att hj\u00e4lpa dig. Kundsupport V\u00e5r kundsupport finns tillg\u00e4nglig f\u00f6r att hj\u00e4lpa [&hellip;]<\/p>\n","protected":false},"author":1,"featured_media":0,"parent":0,"menu_order":0,"comment_status":"closed","ping_status":"closed","template":"","meta":{"_acf_changed":false,"_uag_custom_page_level_css":"","_editorskit_title_hidden":false,"_editorskit_reading_time":0,"_editorskit_is_block_options_detached":false,"_editorskit_block_options_position":"{}","site-sidebar-layout":"default","site-content-layout":"","ast-site-content-layout":"default","site-content-style":"default","site-sidebar-style":"default","ast-global-header-display":"","ast-banner-title-visibility":"","ast-main-header-display":"","ast-hfb-above-header-display":"","ast-hfb-below-header-display":"","ast-hfb-mobile-header-display":"","site-post-title":"","ast-breadcrumbs-content":"","ast-featured-img":"","footer-sml-layout":"","ast-disable-related-posts":"","theme-transparent-header-meta":"","adv-header-id-meta":"","stick-header-meta":"","header-above-stick-meta":"","header-main-stick-meta":"","header-below-stick-meta":"","astra-migrate-meta-layouts":"set","ast-page-background-enabled":"default","ast-page-background-meta":{"desktop":{"background-color":"var(--ast-global-color-4)","background-image":"","background-repeat":"repeat","background-position":"center center","background-size":"auto","background-attachment":"scroll","background-type":"","background-media":"","overlay-type":"","overlay-color":"","overlay-opacity":"","overlay-gradient":""},"tablet":{"background-color":"","background-image":"","background-repeat":"repeat","background-position":"center center","background-size":"auto","background-attachment":"scroll","background-type":"","background-media":"","overlay-type":"","overlay-color":"","overlay-opacity":"","overlay-gradient":""},"mobile":{"background-color":"","background-image":"","background-repeat":"repeat","background-position":"center center","background-size":"auto","background-attachment":"scroll","background-type":"","background-media":"","overlay-type":"","overlay-color":"","overlay-opacity":"","overlay-gradient":""}},"ast-content-background-meta":{"desktop":{"background-color":"var(--ast-global-color-5)","background-image":"","background-repeat":"repeat","background-position":"center center","background-size":"auto","background-attachment":"scroll","background-type":"","background-media":"","overlay-type":"","overlay-color":"","overlay-opacity":"","overlay-gradient":""},"tablet":{"background-color":"var(--ast-global-color-5)","background-image":"","background-repeat":"repeat","background-position":"center center","background-size":"auto","background-attachment":"scroll","background-type":"","background-media":"","overlay-type":"","overlay-color":"","overlay-opacity":"","overlay-gradient":""},"mobile":{"background-color":"var(--ast-global-color-5)","background-image":"","background-repeat":"repeat","background-position":"center center","background-size":"auto","background-attachment":"scroll","background-type":"","background-media":"","overlay-type":"","overlay-color":"","overlay-opacity":"","overlay-gradient":""}},"footnotes":""},"class_list":["post-339","page","type-page","status-publish","hentry"],"acf":[],"uagb_featured_image_src":{"full":false,"thumbnail":false,"medium":false,"medium_large":false,"large":false,"1536x1536":false,"2048x2048":false,"post-thumbnail":false,"gform-image-choice-sm":false,"gform-image-choice-md":false,"gform-image-choice-lg":false,"woocommerce_thumbnail":false,"woocommerce_single":false,"woocommerce_gallery_thumbnail":false,"dgwt-wcas-product-suggestion":false},"uagb_author_info":{"display_name":"maksimer","author_link":"https:\/\/wolt-store.com\/se\/author\/maksimer\/"},"uagb_comment_info":0,"uagb_excerpt":"Tack f\u00f6r att du v\u00e4ljer oss. Vi \u00e4r h\u00e4r f\u00f6r att hj\u00e4lpa dig p\u00e5 alla s\u00e4tt vi kan. Oavsett om du har fr\u00e5gor om v\u00e5ra produkter, beh\u00f6ver hj\u00e4lp med en best\u00e4llning eller har f\u00f6rslag f\u00f6r att f\u00f6rb\u00e4ttra din shoppingupplevelse, \u00e4r v\u00e5rt dedikerade team redo att hj\u00e4lpa dig. Kundsupport V\u00e5r kundsupport finns tillg\u00e4nglig f\u00f6r att hj\u00e4lpa&hellip;","_links":{"self":[{"href":"https:\/\/wolt-store.com\/se\/wp-json\/wp\/v2\/pages\/339","targetHints":{"allow":["GET"]}}],"collection":[{"href":"https:\/\/wolt-store.com\/se\/wp-json\/wp\/v2\/pages"}],"about":[{"href":"https:\/\/wolt-store.com\/se\/wp-json\/wp\/v2\/types\/page"}],"author":[{"embeddable":true,"href":"https:\/\/wolt-store.com\/se\/wp-json\/wp\/v2\/users\/1"}],"replies":[{"embeddable":true,"href":"https:\/\/wolt-store.com\/se\/wp-json\/wp\/v2\/comments?post=339"}],"version-history":[{"count":3,"href":"https:\/\/wolt-store.com\/se\/wp-json\/wp\/v2\/pages\/339\/revisions"}],"predecessor-version":[{"id":5900,"href":"https:\/\/wolt-store.com\/se\/wp-json\/wp\/v2\/pages\/339\/revisions\/5900"}],"wp:attachment":[{"href":"https:\/\/wolt-store.com\/se\/wp-json\/wp\/v2\/media?parent=339"}],"curies":[{"name":"wp","href":"https:\/\/api.w.org\/{rel}","templated":true}]}}